{"id":1080,"date":"2020-04-24T11:37:34","date_gmt":"2020-04-24T11:37:34","guid":{"rendered":"https:\/\/goloka.de\/?page_id=1080"},"modified":"2020-06-06T11:39:11","modified_gmt":"2020-06-06T11:39:11","slug":"elektrosmog-und-der-ojas-ocobionizer","status":"publish","type":"page","link":"https:\/\/ojas.de\/en\/elektrosmog-und-der-ojas-ocobionizer\/","title":{"rendered":"Elektrosmog und der Ojas EcoBionizer"},"content":{"rendered":"<div data-elementor-type=\"wp-page\" data-elementor-id=\"1080\" class=\"elementor elementor-1080\" data-elementor-post-type=\"page\">\n\t\t\t\t\t\t<section class=\"elementor-section elementor-top-section elementor-element elementor-element-6cd913c elementor-section-height-min-height elementor-section-boxed elementor-section-height-default elementor-section-items-middle\" data-id=\"6cd913c\" data-element_type=\"section\" data-settings=\"{&quot;background_background&quot;:&quot;classic&quot;}\">\n\t\t\t\t\t\t<div class=\"elementor-container elementor-column-gap-default\">\n\t\t\t\t\t<div class=\"elementor-column elementor-col-100 elementor-top-column elementor-element elementor-element-06a43d8\" data-id=\"06a43d8\" data-element_type=\"column\">\n\t\t\t<div class=\"elementor-widget-wrap elementor-element-populated\">\n\t\t\t\t\t\t<div class=\"elementor-element elementor-element-7f1d5b9 elementor-widget elementor-widget-heading\" data-id=\"7f1d5b9\" data-element_type=\"widget\" data-widget_type=\"heading.default\">\n\t\t\t\t<div class=\"elementor-widget-container\">\n\t\t\t\t\t<h1 class=\"elementor-heading-title elementor-size-default\">Elektrosmog und der Ojas EcoBionizer<\/h1>\t\t\t\t<\/div>\n\t\t\t\t<\/div>\n\t\t\t\t\t<\/div>\n\t\t<\/div>\n\t\t\t\t\t<\/div>\n\t\t<\/section>\n\t\t\t\t<section class=\"elementor-section elementor-top-section elementor-element elementor-element-b40eb39 elementor-section-boxed elementor-section-height-default elementor-section-height-default\" data-id=\"b40eb39\" data-element_type=\"section\">\n\t\t\t\t\t\t<div class=\"elementor-container elementor-column-gap-default\">\n\t\t\t\t\t<div class=\"elementor-column elementor-col-100 elementor-top-column elementor-element elementor-element-0315872\" data-id=\"0315872\" data-element_type=\"column\">\n\t\t\t<div class=\"elementor-widget-wrap elementor-element-populated\">\n\t\t\t\t\t\t<div class=\"elementor-element elementor-element-835348f elementor-widget elementor-widget-text-editor\" data-id=\"835348f\" data-element_type=\"widget\" data-widget_type=\"text-editor.default\">\n\t\t\t\t<div class=\"elementor-widget-container\">\n\t\t\t\t\t\t\t\t\t<p><strong>Der Ojas EcoBionizer reinigt-entfernt einen bestimmten Teil vom Elektrosmog.<\/strong><\/p>\t\t\t\t\t\t\t\t<\/div>\n\t\t\t\t<\/div>\n\t\t\t\t<div class=\"elementor-element elementor-element-30133d6 elementor-widget elementor-widget-text-editor\" data-id=\"30133d6\" data-element_type=\"widget\" data-widget_type=\"text-editor.default\">\n\t\t\t\t<div class=\"elementor-widget-container\">\n\t\t\t\t\t\t\t\t\t<p><strong>Grundlagenwiesen:<\/strong> Elektrosmog ist ein \u00dcberbegriff z.B. Gew\u00fcrze, dazu geh\u00f6ren Salz, Pfeffer, Paprika \u2026. beim Elektrosmog ist es genau so. Elektrosmog besteht z.B. Elektrischen-Felder, Elektromagnetische-Felder, Ladungspotenzial in der Luft, Dirty Elektrizit\u00e4t, \u2026 genauso wie elektrisch geladener Feinstaub.<\/p><p><strong><em>Die WHO ver\u00f6ffentlichte im Juli 2002 ein Dokument zu elektromagnetischen Feldern, in dem festgestellt wurde:<\/em> <\/strong><br \/>\u201eNiederfrequente elektrische Felder beeinflussen den menschlichen K\u00f6rper genauso, wie sie jedes andere aus geladenen Teilchen bestehende Material beeinflussen. Wenn elektrische Felder auf leitf\u00e4hige Materialien treffen, beeinflussen sie die r\u00e4umliche Verteilung von elektrischen Ladungen auf der Materialoberfl\u00e4che. Sie bewirken einen Stromfluss durch den K\u00f6rper hindurch zur Erde. Niederfrequente magnetische Felder induzieren im menschlichen K\u00f6rper Str\u00f6me, die auf geschlossenen Kreiswegen flie\u00dfen. Die St\u00e4rke dieser Str\u00f6me h\u00e4ngt von der St\u00e4rke des \u00e4u\u00dferen Magnetfeldes ab. Sind diese Str\u00f6me stark genug, dann k\u00f6nnen sie Nerven und Muskeln stimulieren oder andere biologische Vorg\u00e4nge beeinflussen.<br \/><em>Quelle: de.wikipedia.org<\/em><\/p><p>Back to Ojas EcoBionizer<br \/><strong>Without the Ojas EcoBionizer:<\/strong> <br \/>Wenn der Feinstab endlang der Elektrischen-Leitungen an der Wand schwebt, wird er durch die Elektrischen-Felder und Elektromagnetische-Felder aufgeladen und schwebt dann weiter in den Raum. Wenn dieser elektrisch geladener Feinstaub mit VOC\u2019s (Fl\u00fcchtig organische Verbindungen &#8211; Ausgasungen) in Ber\u00fchrung kommt, kann es zu sogenannten elektro-chemischen Reaktionen kommen. <strong>These are held responsible for a large part of the new allergies.<\/strong><\/p>\t\t\t\t\t\t\t\t<\/div>\n\t\t\t\t<\/div>\n\t\t\t\t<div class=\"elementor-element elementor-element-814f122 elementor-widget elementor-widget-text-editor\" data-id=\"814f122\" data-element_type=\"widget\" data-widget_type=\"text-editor.default\">\n\t\t\t\t<div class=\"elementor-widget-container\">\n\t\t\t\t\t\t\t\t\t<p><strong>With the Ojas EcoBionizer: <br \/><\/strong>The fine dust is filtered out and the VOC's are neutralized or filtered away. <strong><br \/>This solves this whole problem.<\/strong><\/p>\t\t\t\t\t\t\t\t<\/div>\n\t\t\t\t<\/div>\n\t\t\t\t\t<\/div>\n\t\t<\/div>\n\t\t\t\t\t<\/div>\n\t\t<\/section>\n\t\t\t\t<\/div>","protected":false},"excerpt":{"rendered":"<p>Elektrosmog und der Ojas EcoBionizer Der Ojas EcoBionizer reinigt-entfernt einen bestimmten Teil vom Elektrosmog. Grundlagenwiesen: Elektrosmog ist ein \u00dcberbegriff z.B. Gew\u00fcrze, dazu geh\u00f6ren Salz, Pfeffer, Paprika \u2026. beim Elektrosmog ist es genau so. Elektrosmog besteht z.B. Elektrischen-Felder, Elektromagnetische-Felder, Ladungspotenzial in der Luft, Dirty Elektrizit\u00e4t, \u2026 genauso wie elektrisch geladener Feinstaub. Die WHO ver\u00f6ffentlichte im Juli [&hellip;]<\/p>\n","protected":false},"author":1,"featured_media":0,"parent":0,"menu_order":0,"comment_status":"closed","ping_status":"closed","template":"","meta":{"footnotes":""},"yoast_head":"<!-- This site is optimized with the Yoast SEO plugin v24.5 - https:\/\/yoast.com\/wordpress\/plugins\/seo\/ -->\n<title>Elektrosmog und der Ojas EcoBionizer - Ojas Energie f\u00fcs Leben<\/title>\n<meta name=\"robots\" content=\"index, follow, max-snippet:-1, max-image-preview:large, max-video-preview:-1\" \/>\n<link rel=\"canonical\" href=\"https:\/\/ojas.de\/en\/elektrosmog-und-der-ojas-ocobionizer\/\" \/>\n<meta property=\"og:locale\" content=\"en_GB\" \/>\n<meta property=\"og:type\" content=\"article\" \/>\n<meta property=\"og:title\" content=\"Elektrosmog und der Ojas EcoBionizer - Ojas Energie f\u00fcs Leben\" \/>\n<meta property=\"og:description\" content=\"Elektrosmog und der Ojas EcoBionizer Der Ojas EcoBionizer reinigt-entfernt einen bestimmten Teil vom Elektrosmog. Grundlagenwiesen: Elektrosmog ist ein \u00dcberbegriff z.B. Gew\u00fcrze, dazu geh\u00f6ren Salz, Pfeffer, Paprika \u2026. beim Elektrosmog ist es genau so. Elektrosmog besteht z.B. Elektrischen-Felder, Elektromagnetische-Felder, Ladungspotenzial in der Luft, Dirty Elektrizit\u00e4t, \u2026 genauso wie elektrisch geladener Feinstaub. Die WHO ver\u00f6ffentlichte im Juli [&hellip;]\" \/>\n<meta property=\"og:url\" content=\"https:\/\/ojas.de\/en\/elektrosmog-und-der-ojas-ocobionizer\/\" \/>\n<meta property=\"og:site_name\" content=\"Ojas Energie f\u00fcs Leben\" \/>\n<meta property=\"article:modified_time\" content=\"2020-06-06T11:39:11+00:00\" \/>\n<meta name=\"twitter:card\" content=\"summary_large_image\" \/>\n<meta name=\"twitter:label1\" content=\"Estimated reading time\" \/>\n\t<meta name=\"twitter:data1\" content=\"1 minute\" \/>\n<script type=\"application\/ld+json\" class=\"yoast-schema-graph\">{\"@context\":\"https:\/\/schema.org\",\"@graph\":[{\"@type\":\"WebPage\",\"@id\":\"https:\/\/ojas.de\/elektrosmog-und-der-ojas-ocobionizer\/\",\"url\":\"https:\/\/ojas.de\/elektrosmog-und-der-ojas-ocobionizer\/\",\"name\":\"Elektrosmog und der Ojas EcoBionizer - Ojas Energie f\u00fcs Leben\",\"isPartOf\":{\"@id\":\"https:\/\/ojas.de\/#website\"},\"datePublished\":\"2020-04-24T11:37:34+00:00\",\"dateModified\":\"2020-06-06T11:39:11+00:00\",\"breadcrumb\":{\"@id\":\"https:\/\/ojas.de\/elektrosmog-und-der-ojas-ocobionizer\/#breadcrumb\"},\"inLanguage\":\"en-GB\",\"potentialAction\":[{\"@type\":\"ReadAction\",\"target\":[\"https:\/\/ojas.de\/elektrosmog-und-der-ojas-ocobionizer\/\"]}]},{\"@type\":\"BreadcrumbList\",\"@id\":\"https:\/\/ojas.de\/elektrosmog-und-der-ojas-ocobionizer\/#breadcrumb\",\"itemListElement\":[{\"@type\":\"ListItem\",\"position\":1,\"name\":\"Home\",\"item\":\"https:\/\/ojas.de\/\"},{\"@type\":\"ListItem\",\"position\":2,\"name\":\"Elektrosmog und der Ojas EcoBionizer\"}]},{\"@type\":\"WebSite\",\"@id\":\"https:\/\/ojas.de\/#website\",\"url\":\"https:\/\/ojas.de\/\",\"name\":\"Ojas Energie f\u00fcs Leben\",\"description\":\"Luftreinigung, Bipolare ionisierte, saubere und gesunde Luft, reinigen von Elektrosmog, Groundig, energetische Belebung des Wohnraumes.\",\"publisher\":{\"@id\":\"https:\/\/ojas.de\/#organization\"},\"potentialAction\":[{\"@type\":\"SearchAction\",\"target\":{\"@type\":\"EntryPoint\",\"urlTemplate\":\"https:\/\/ojas.de\/?s={search_term_string}\"},\"query-input\":{\"@type\":\"PropertyValueSpecification\",\"valueRequired\":true,\"valueName\":\"search_term_string\"}}],\"inLanguage\":\"en-GB\"},{\"@type\":\"Organization\",\"@id\":\"https:\/\/ojas.de\/#organization\",\"name\":\"Ojas\",\"url\":\"https:\/\/ojas.de\/\",\"logo\":{\"@type\":\"ImageObject\",\"inLanguage\":\"en-GB\",\"@id\":\"https:\/\/ojas.de\/#\/schema\/logo\/image\/\",\"url\":\"https:\/\/ojas.de\/wp-content\/uploads\/2020\/04\/Ojas-logo_2.png\",\"contentUrl\":\"https:\/\/ojas.de\/wp-content\/uploads\/2020\/04\/Ojas-logo_2.png\",\"width\":375,\"height\":227,\"caption\":\"Ojas\"},\"image\":{\"@id\":\"https:\/\/ojas.de\/#\/schema\/logo\/image\/\"},\"sameAs\":[\"https:\/\/www.youtube.com\/watch?time_continue=2&amp;amp;amp;amp;v=UayAo5Fb_l0&amp;amp;amp;amp;feature=emb_logo\"]}]}<\/script>\n<!-- \/ Yoast SEO plugin. -->","yoast_head_json":{"title":"Elektrosmog und der Ojas EcoBionizer - Ojas Energie f\u00fcs Leben","robots":{"index":"index","follow":"follow","max-snippet":"max-snippet:-1","max-image-preview":"max-image-preview:large","max-video-preview":"max-video-preview:-1"},"canonical":"https:\/\/ojas.de\/en\/elektrosmog-und-der-ojas-ocobionizer\/","og_locale":"en_GB","og_type":"article","og_title":"Elektrosmog und der Ojas EcoBionizer - Ojas Energie f\u00fcs Leben","og_description":"Elektrosmog und der Ojas EcoBionizer Der Ojas EcoBionizer reinigt-entfernt einen bestimmten Teil vom Elektrosmog. Grundlagenwiesen: Elektrosmog ist ein \u00dcberbegriff z.B. Gew\u00fcrze, dazu geh\u00f6ren Salz, Pfeffer, Paprika \u2026. beim Elektrosmog ist es genau so. Elektrosmog besteht z.B. Elektrischen-Felder, Elektromagnetische-Felder, Ladungspotenzial in der Luft, Dirty Elektrizit\u00e4t, \u2026 genauso wie elektrisch geladener Feinstaub. Die WHO ver\u00f6ffentlichte im Juli [&hellip;]","og_url":"https:\/\/ojas.de\/en\/elektrosmog-und-der-ojas-ocobionizer\/","og_site_name":"Ojas Energie f\u00fcs Leben","article_modified_time":"2020-06-06T11:39:11+00:00","twitter_card":"summary_large_image","twitter_misc":{"Estimated reading time":"1 minute"},"schema":{"@context":"https:\/\/schema.org","@graph":[{"@type":"WebPage","@id":"https:\/\/ojas.de\/elektrosmog-und-der-ojas-ocobionizer\/","url":"https:\/\/ojas.de\/elektrosmog-und-der-ojas-ocobionizer\/","name":"Elektrosmog und der Ojas EcoBionizer - Ojas Energie f\u00fcs Leben","isPartOf":{"@id":"https:\/\/ojas.de\/#website"},"datePublished":"2020-04-24T11:37:34+00:00","dateModified":"2020-06-06T11:39:11+00:00","breadcrumb":{"@id":"https:\/\/ojas.de\/elektrosmog-und-der-ojas-ocobionizer\/#breadcrumb"},"inLanguage":"en-GB","potentialAction":[{"@type":"ReadAction","target":["https:\/\/ojas.de\/elektrosmog-und-der-ojas-ocobionizer\/"]}]},{"@type":"BreadcrumbList","@id":"https:\/\/ojas.de\/elektrosmog-und-der-ojas-ocobionizer\/#breadcrumb","itemListElement":[{"@type":"ListItem","position":1,"name":"Home","item":"https:\/\/ojas.de\/"},{"@type":"ListItem","position":2,"name":"Elektrosmog und der Ojas EcoBionizer"}]},{"@type":"WebSite","@id":"https:\/\/ojas.de\/#website","url":"https:\/\/ojas.de\/","name":"Ojas Energie f\u00fcs Leben","description":"Luftreinigung, Bipolare ionisierte, saubere und gesunde Luft, reinigen von Elektrosmog, Groundig, energetische Belebung des Wohnraumes.","publisher":{"@id":"https:\/\/ojas.de\/#organization"},"potentialAction":[{"@type":"SearchAction","target":{"@type":"EntryPoint","urlTemplate":"https:\/\/ojas.de\/?s={search_term_string}"},"query-input":{"@type":"PropertyValueSpecification","valueRequired":true,"valueName":"search_term_string"}}],"inLanguage":"en-GB"},{"@type":"Organization","@id":"https:\/\/ojas.de\/#organization","name":"Ojas","url":"https:\/\/ojas.de\/","logo":{"@type":"ImageObject","inLanguage":"en-GB","@id":"https:\/\/ojas.de\/#\/schema\/logo\/image\/","url":"https:\/\/ojas.de\/wp-content\/uploads\/2020\/04\/Ojas-logo_2.png","contentUrl":"https:\/\/ojas.de\/wp-content\/uploads\/2020\/04\/Ojas-logo_2.png","width":375,"height":227,"caption":"Ojas"},"image":{"@id":"https:\/\/ojas.de\/#\/schema\/logo\/image\/"},"sameAs":["https:\/\/www.youtube.com\/watch?time_continue=2&amp;amp;amp;amp;v=UayAo5Fb_l0&amp;amp;amp;amp;feature=emb_logo"]}]}},"_links":{"self":[{"href":"https:\/\/ojas.de\/en\/wp-json\/wp\/v2\/pages\/1080"}],"collection":[{"href":"https:\/\/ojas.de\/en\/wp-json\/wp\/v2\/pages"}],"about":[{"href":"https:\/\/ojas.de\/en\/wp-json\/wp\/v2\/types\/page"}],"author":[{"embeddable":true,"href":"https:\/\/ojas.de\/en\/wp-json\/wp\/v2\/users\/1"}],"replies":[{"embeddable":true,"href":"https:\/\/ojas.de\/en\/wp-json\/wp\/v2\/comments?post=1080"}],"version-history":[{"count":11,"href":"https:\/\/ojas.de\/en\/wp-json\/wp\/v2\/pages\/1080\/revisions"}],"predecessor-version":[{"id":1926,"href":"https:\/\/ojas.de\/en\/wp-json\/wp\/v2\/pages\/1080\/revisions\/1926"}],"wp:attachment":[{"href":"https:\/\/ojas.de\/en\/wp-json\/wp\/v2\/media?parent=1080"}],"curies":[{"name":"wp","href":"https:\/\/api.w.org\/{rel}","templated":true}]}}