{"id":1234,"date":"2020-05-02T21:54:59","date_gmt":"2020-05-02T21:54:59","guid":{"rendered":"https:\/\/ojas.de\/?page_id=1234"},"modified":"2021-08-21T09:22:25","modified_gmt":"2021-08-21T09:22:25","slug":"subtile-energie-1","status":"publish","type":"page","link":"https:\/\/ojas.de\/en\/subtile-energie-1\/","title":{"rendered":"Subtile Energie 1"},"content":{"rendered":"<div data-elementor-type=\"wp-page\" data-elementor-id=\"1234\" class=\"elementor elementor-1234\" data-elementor-post-type=\"page\">\n\t\t\t\t\t\t<section class=\"elementor-section elementor-top-section elementor-element elementor-element-7227693 elementor-section-height-min-height elementor-section-boxed elementor-section-height-default elementor-section-items-middle\" data-id=\"7227693\" data-element_type=\"section\" data-settings=\"{&quot;background_background&quot;:&quot;classic&quot;}\">\n\t\t\t\t\t\t<div class=\"elementor-container elementor-column-gap-default\">\n\t\t\t\t\t<div class=\"elementor-column elementor-col-100 elementor-top-column elementor-element elementor-element-ebd79f8\" data-id=\"ebd79f8\" data-element_type=\"column\">\n\t\t\t<div class=\"elementor-widget-wrap elementor-element-populated\">\n\t\t\t\t\t\t<div class=\"elementor-element elementor-element-8039e7a elementor-widget elementor-widget-heading\" data-id=\"8039e7a\" data-element_type=\"widget\" data-widget_type=\"heading.default\">\n\t\t\t\t<div class=\"elementor-widget-container\">\n\t\t\t\t\t<h2 class=\"elementor-heading-title elementor-size-default\">Subtile Energie<\/h2>\t\t\t\t<\/div>\n\t\t\t\t<\/div>\n\t\t\t\t\t<\/div>\n\t\t<\/div>\n\t\t\t\t\t<\/div>\n\t\t<\/section>\n\t\t\t\t<section class=\"elementor-section elementor-top-section elementor-element elementor-element-7e8f3f9 elementor-section-boxed elementor-section-height-default elementor-section-height-default\" data-id=\"7e8f3f9\" data-element_type=\"section\">\n\t\t\t\t\t\t<div class=\"elementor-container elementor-column-gap-default\">\n\t\t\t\t\t<div class=\"elementor-column elementor-col-100 elementor-top-column elementor-element elementor-element-19c1801\" data-id=\"19c1801\" data-element_type=\"column\">\n\t\t\t<div class=\"elementor-widget-wrap elementor-element-populated\">\n\t\t\t\t\t\t<div class=\"elementor-element elementor-element-251b4c1 elementor-widget elementor-widget-text-editor\" data-id=\"251b4c1\" data-element_type=\"widget\" data-widget_type=\"text-editor.default\">\n\t\t\t\t<div class=\"elementor-widget-container\">\n\t\t\t\t\t\t\t\t\t<p>Die klassischen wissenschaftlichen Studien der elektromagnetischen Felder begannen vor mehr als 160 Jahren als Maxwell zeigte, dass elektrische und magnetische Kr\u00e4fte zwei sich erg\u00e4nzende Erscheinungen des Elektromagnetismus sind und dass das Licht eine Form von elektromagnetischer Strahlung ist.<br \/>Jetzt wissen wir praktisch alles \u00fcber die physikalische Natur von <br \/>elektromagnetischen Feldern. Wir k\u00f6nnen sie herstellen, ver\u00e4ndern und wir k\u00f6nnen diese Felder in einer Vielzahl von\u00a0 Anwendungen nutzen, zum Beispiel f\u00fcr die Kommunikation auf Distanz, f\u00fcr Computer uvm.<\/p><p>Auf der anderen Seite w\u00e4chst das Wissen \u00fcber die feinstofflichen Energien nur langsam. Es wird sich aber vielleicht fr\u00fcher als wir denken, eine neue wissenschaftliche Revolution daraus entwickeln.<\/p><p>Die Theorien und die Gesetze der subtilen Energien, die in der Materie und in den Elementen arbeiten, sind gesammelt in zahlreichen wissenschaftlichen Studien. Tesla, Schauberger, Reich, Russel um nur einige zu nennen haben Grundsteine gelegt eines wertvollen, jedoch noch zu unbekannten Wissens.<\/p><p>Wir definieren heute Energie als das, was messbar ist und von Natur aus elektromagnetisch, Ton, Schwerkraft oder W\u00e4rme ist.<br \/>Existieren aber nicht noch andere Ebenen von Energie, die ganz einfach noch nicht gemessen werden k\u00f6nnen mit Instrumenten, die noch nicht gen\u00fcgend entwickelt sind?<\/p><p>Ist es nicht jedesmal so gewesen, wenn sich die Welt vorbereitet hat, auf eine neue wissenschaftliche Entdeckung. War es vielleicht nicht auch so bevor Madame Curie 1903 die nat\u00fcrliche Radioaktivit\u00e4t entdeckt hat, was ihr den Nobelpreis f\u00fcr Physik eingebracht hat. Vorher hat diese Energie ganz einfach nicht existiert und war nicht \u201ewissenschaftlich\u201c.<br \/>Willhelm Reich zum Beispiel, wie viele andere Forscher, war \u00fcberzeugt, dass die feinstofflichen Energien universal pr\u00e4sent sind, die alle Materie durchdringen und mit ihr in einer Wechselwirkung stehen.<br \/>Tats\u00e4chlich sagt uns die Quantenphysik heute, dass was wir in der physischen Welt sehen, nichts zu tun hat mit der \u201erealen\u201c subatomaren Welt.<br \/>Jedes Objekt, jedes Lebewesen, selbst das Leere ist in Wirklichkeit durchdrungen von Quanten, die einen grossen Gehalt an subtiler oder potentieller Energie aufweisen.<\/p>\t\t\t\t\t\t\t\t<\/div>\n\t\t\t\t<\/div>\n\t\t\t\t\t<\/div>\n\t\t<\/div>\n\t\t\t\t\t<\/div>\n\t\t<\/section>\n\t\t\t\t<section class=\"elementor-section elementor-top-section elementor-element elementor-element-f5828e1 elementor-section-boxed elementor-section-height-default elementor-section-height-default\" data-id=\"f5828e1\" data-element_type=\"section\">\n\t\t\t\t\t\t<div class=\"elementor-container elementor-column-gap-default\">\n\t\t\t\t\t<div class=\"elementor-column elementor-col-50 elementor-top-column elementor-element elementor-element-d200b7b\" data-id=\"d200b7b\" data-element_type=\"column\">\n\t\t\t<div class=\"elementor-widget-wrap elementor-element-populated\">\n\t\t\t\t\t\t<div class=\"elementor-element elementor-element-743eeaf elementor-widget elementor-widget-image\" data-id=\"743eeaf\" data-element_type=\"widget\" data-widget_type=\"image.default\">\n\t\t\t\t<div class=\"elementor-widget-container\">\n\t\t\t\t\t\t\t\t\t\t\t\t\t\t\t<img decoding=\"async\" src=\"https:\/\/ojas.de\/wp-content\/uploads\/elementor\/thumbs\/subtile_enerie_3-p9ny5r4kybixp18m1lnsxj4b1quix0y1ldewwhjxgg.jpg\" title=\"subtile_enerie_3\" alt=\"subtile_enerie_3\" loading=\"lazy\" \/>\t\t\t\t\t\t\t\t\t\t\t\t\t\t\t<\/div>\n\t\t\t\t<\/div>\n\t\t\t\t\t<\/div>\n\t\t<\/div>\n\t\t\t\t<div class=\"elementor-column elementor-col-50 elementor-top-column elementor-element elementor-element-e74aba2\" data-id=\"e74aba2\" data-element_type=\"column\">\n\t\t\t<div class=\"elementor-widget-wrap elementor-element-populated\">\n\t\t\t\t\t\t<div class=\"elementor-element elementor-element-06bb741 elementor-widget elementor-widget-text-editor\" data-id=\"06bb741\" data-element_type=\"widget\" data-widget_type=\"text-editor.default\">\n\t\t\t\t<div class=\"elementor-widget-container\">\n\t\t\t\t\t\t\t\t\t<p>Das Feld der feinstofflichen Energie ist im Unterschied zu dem grobstofflichen viel interessanter, aus dem ganz einfachen Grund, weil es unersch\u00f6pflich ist. Darum arbeiten und arbeiteten grosse Geister im Bereich der \u201efreien Energie\u201c, das bedeutet in dem Versuch eines Tages grobstoffliche Energie zum Beispiel Elektrizit\u00e4t aus der feinstofflichen Matrix holen. Die Doktoren Reich und Reichenbach haben gezeigt, dass sich die feinstoffliche Energie im Universum dank ihrer Strahlungsnatur verbreitet. Jeder lebende Organismus nimmt sie aus der \u00e4usseren Umgebung auf und strahlt sie kontinuierlich aus. Deswegen kann sie von einem Objekt ausgestrahlt werden und von einem anderen aufgenommen werden. Die Wirkung der feinstofflichen Energien, die heute viele Forscher studieren, sind vergleichbar mit der konzentrischen Wellenbildung verursacht von einem Stein, der auf die Wasseroberfl\u00e4che f\u00e4llt.<\/p>\n<p>Die grobstoffliche Energie ist messbar in der reinen Bewegung der Materie, w\u00e4hrend die&nbsp; Seitenwellen Ph\u00e4nomene der Resonanz sind, die im energetischen Feld des Wassers aktiv sind. Die moderne Quantenphysik bietet uns neue und eindr\u00fcckliche Definitionen \u00fcber diese Energie. Zum Beispiel kommt sie bei der mathematischen Berechnung auf eine geeinte Energie, die dem transversalen elektromagnetischen Verlauf vorausgeht, einer Energie mit \u00e4therischem Charakter. (Die Professoren David Bohm und Aharanov, Aharov-Bohm\u201c Theorie)<\/p>\t\t\t\t\t\t\t\t<\/div>\n\t\t\t\t<\/div>\n\t\t\t\t\t<\/div>\n\t\t<\/div>\n\t\t\t\t\t<\/div>\n\t\t<\/section>\n\t\t\t\t<section class=\"elementor-section elementor-top-section elementor-element elementor-element-6bb69e2 elementor-section-boxed elementor-section-height-default elementor-section-height-default\" data-id=\"6bb69e2\" data-element_type=\"section\">\n\t\t\t\t\t\t<div class=\"elementor-container elementor-column-gap-default\">\n\t\t\t\t\t<div class=\"elementor-column elementor-col-100 elementor-top-column elementor-element elementor-element-88788a3\" data-id=\"88788a3\" data-element_type=\"column\">\n\t\t\t<div class=\"elementor-widget-wrap elementor-element-populated\">\n\t\t\t\t\t\t<div class=\"elementor-element elementor-element-1a699d0 elementor-widget elementor-widget-text-editor\" data-id=\"1a699d0\" data-element_type=\"widget\" data-widget_type=\"text-editor.default\">\n\t\t\t\t<div class=\"elementor-widget-container\">\n\t\t\t\t\t\t\t\t\t<p>Die magnetischen und elektrischen\u00a0 Felder, die Ionenstrahlung, jede Strahlung, auch Licht und Ton, bewirken tiefe Ver\u00e4nderungen in unserem physischen und energetischen System. Diese Effekte entziehen sich noch der direkten Messung mit Instrumenten, sind aber real durch ihre sp\u00fcrbaren und nicht verneinbaren Auswirkungen. Das wirksamste Instrument diese Auswirkungen zu identifizieren ist die Schulung unserer eigenen psychosomatischen Wahrnehmung.<\/p><p>Die Feststellung, dass in der Bergluft produzierte, negative Ionen, sich positiv auf den Stoffwechsel und die Sauerstoffaufnahme auswirken, ist weniger als 50 Jahre alt. Aber schon seit tausenden von Jahren weiss man empirisch, aus Erfahrung, dass es gut tut, sich in den Bergen zu bewegen und die Luft einzuatmen oder am sauberen Meer sich zu erholen oder in einem Termalbad zu baden. Wir f\u00fchlen uns besser, erholter. Ganz einfach, weil unser energetischer K\u00f6rper sich von Verunreinigungen reinigt und sich mit wohltuenden Energien anreichert. In den verunreinigten St\u00e4dten, im B\u00fcro voll elektronischer Ger\u00e4te und Computer, in H\u00e4usern mit geopathischen Belastungen ist der Ausgleich von grobstofflichen und feinstofflichen Energien stark gest\u00f6rt, dies kann ein Grund f\u00fcr Unwohlsein, Stress, \u00c4ngste, Energieverlust sein. Deshalb sollte eine Wissenschaft des Habitat, des Lebens in Geb\u00e4uden, eine echte Pr\u00e4ventivmedizin sein, f\u00e4hig vollkommene Bedingungen zu schaffen f\u00fcr Ausgeglichenheit und harmonisch gesundes Leben.<br \/>Jeder lebende Organismus wird kontrolliert und aktiviert von einem komplexen energetischen System. Alle energetischen Systeme werden kontrolliert und charakterisiert von einem Band von Informationen. Das energetische Feld, von welchem Typ es auch immer sein mag, hat immer eine ganze Serie biophysischer, spezifischer und programmierten Informationen.<\/p>\t\t\t\t\t\t\t\t<\/div>\n\t\t\t\t<\/div>\n\t\t\t\t\t<\/div>\n\t\t<\/div>\n\t\t\t\t\t<\/div>\n\t\t<\/section>\n\t\t\t\t<section class=\"elementor-section elementor-top-section elementor-element elementor-element-abd86a4 elementor-section-boxed elementor-section-height-default elementor-section-height-default\" data-id=\"abd86a4\" data-element_type=\"section\">\n\t\t\t\t\t\t<div class=\"elementor-container elementor-column-gap-default\">\n\t\t\t\t\t<div class=\"elementor-column elementor-col-50 elementor-top-column elementor-element elementor-element-65d2de4\" data-id=\"65d2de4\" data-element_type=\"column\">\n\t\t\t<div class=\"elementor-widget-wrap elementor-element-populated\">\n\t\t\t\t\t\t<div class=\"elementor-element elementor-element-169167f elementor-widget elementor-widget-text-editor\" data-id=\"169167f\" data-element_type=\"widget\" data-widget_type=\"text-editor.default\">\n\t\t\t\t<div class=\"elementor-widget-container\">\n\t\t\t\t\t\t\t\t\t<p>Die Abfolge von Informationen existiert im Innern jeder Substanz, es ist eine Aura gebildet aus Plasma, subatomaren Teilchen, Elektronen, Ionen, elektromagnetischer Strahlung, Feldern von grobstofflicher und feinstofflicher Energie, alles in Verbindung mit der fraglichen Substanz. <br \/><br \/>Das Informationsband ist eine Form von Aufnahmesystem, das die energetischen Ereignisse registriert. Diesem wiederum ist ein selbstanalysierendes System untergeordnet. Dr. W. A. Tiller von der Stanford Universit\u00e4t beschreibt die Sequenz von Informationen als energetisches Feld, charakterisiert von einer bestimmten Frequenz und von Feldern, die dazu in Resonanz stehen. Dank diesem Feld sendet und empf\u00e4ngt jeder lebende Organismus und jede Form von Materie Energie an und von der Umgebung. Eine interessante Analogie ist das Atom, das kontinuierlich elektromagnetische Energie in Wellenform ausstrahlt, auf der Basis seiner oszillierenden Struktur und seiner Schwingung. Dann kommt noch die DNA, der Speicher genetischer Information in den Zellen. Die DNA scheint eine \u00e4usserst wichtige Rolle zu spielen im Bezug auf den Code der feinstofflichen energetischen Informationen. Die DNA hat eine doppelte Spiralstruktur und sie ist ein wunderbarer Speicher feinstofflicher Energie. Nach Dr. Oliver Reisen, von der Pittsburg Universit\u00e4t, w\u00e4re die doppelte Spirale tats\u00e4chlich Ausdruck des kosmischen Energiefeldes und seine Funktion, neben dem Sammeln des genetischen Codes, die biologische Evolution zu steuern. Seine \u00c4hnlichkeit mit dem oszillierenden Kreislauf in jedem Empf\u00e4nger oder Sender (es ist der oszillierende Kreislauf, der es einem Radioempf\u00e4nger erlaubt, sich auf einen bestimmten Sender einzustimmen), ist sicherlich nicht einfach ein Zufall.<\/p>\t\t\t\t\t\t\t\t<\/div>\n\t\t\t\t<\/div>\n\t\t\t\t\t<\/div>\n\t\t<\/div>\n\t\t\t\t<div class=\"elementor-column elementor-col-50 elementor-top-column elementor-element elementor-element-6e1454f\" data-id=\"6e1454f\" data-element_type=\"column\">\n\t\t\t<div class=\"elementor-widget-wrap elementor-element-populated\">\n\t\t\t\t\t\t<div class=\"elementor-element elementor-element-5933a60 elementor-widget elementor-widget-image\" data-id=\"5933a60\" data-element_type=\"widget\" data-widget_type=\"image.default\">\n\t\t\t\t<div class=\"elementor-widget-container\">\n\t\t\t\t\t\t\t\t\t\t\t\t\t\t\t<img fetchpriority=\"high\" decoding=\"async\" width=\"266\" height=\"630\" src=\"https:\/\/ojas.de\/wp-content\/uploads\/subtile_enerie_1.jpg\" class=\"attachment-medium_large size-medium_large wp-image-3891\" alt=\"\" srcset=\"https:\/\/ojas.de\/wp-content\/uploads\/subtile_enerie_1.jpg 266w, https:\/\/ojas.de\/wp-content\/uploads\/subtile_enerie_1-127x300.jpg 127w, https:\/\/ojas.de\/wp-content\/uploads\/subtile_enerie_1-5x12.jpg 5w\" sizes=\"(max-width: 266px) 100vw, 266px\" \/>\t\t\t\t\t\t\t\t\t\t\t\t\t\t\t<\/div>\n\t\t\t\t<\/div>\n\t\t\t\t\t<\/div>\n\t\t<\/div>\n\t\t\t\t\t<\/div>\n\t\t<\/section>\n\t\t\t\t<section class=\"elementor-section elementor-top-section elementor-element elementor-element-5154f84 elementor-section-boxed elementor-section-height-default elementor-section-height-default\" data-id=\"5154f84\" data-element_type=\"section\">\n\t\t\t\t\t\t<div class=\"elementor-container elementor-column-gap-default\">\n\t\t\t\t\t<div class=\"elementor-column elementor-col-100 elementor-top-column elementor-element elementor-element-acd46c1\" data-id=\"acd46c1\" data-element_type=\"column\">\n\t\t\t<div class=\"elementor-widget-wrap elementor-element-populated\">\n\t\t\t\t\t\t<div class=\"elementor-element elementor-element-134ec33 elementor-widget elementor-widget-text-editor\" data-id=\"134ec33\" data-element_type=\"widget\" data-widget_type=\"text-editor.default\">\n\t\t\t\t<div class=\"elementor-widget-container\">\n\t\t\t\t\t\t\t\t\t<p>Folglich, wenn die DNA ein oszillierender Kreislauf ist und ein Energiekollektor, dann bilden die Zellen, welche die DNA enthalten ein ausserordentlich komplexes Netzwerk von Sende- und Empfangstationen feinstofflicher Energie. Es ist ein Netz von Resonanzfeldern,<br \/>die zusammen mit dem energetischen K\u00f6rper die charakteristische Schwingung unseres Vitalk\u00f6rpers bestimmen.<br \/>Dies zeigt uns, dass die Reprogrammierung und die Harmonisierung der Felder feinstofflicher Information und ihrer konzentrischen Schwingung, eine grosse Bedeutung hat in der delikaten und wertvollen Arbeit, sei es in der Gesundheitspr\u00e4vention oder in der energetischen Qualit\u00e4t der Umgebung. <\/p>\t\t\t\t\t\t\t\t<\/div>\n\t\t\t\t<\/div>\n\t\t\t\t\t<\/div>\n\t\t<\/div>\n\t\t\t\t\t<\/div>\n\t\t<\/section>\n\t\t\t\t<\/div>","protected":false},"excerpt":{"rendered":"<p>Subtile Energie Die klassischen wissenschaftlichen Studien der elektromagnetischen Felder begannen vor mehr als 160 Jahren als Maxwell zeigte, dass elektrische und magnetische Kr\u00e4fte zwei sich erg\u00e4nzende Erscheinungen des Elektromagnetismus sind und dass das Licht eine Form von elektromagnetischer Strahlung ist. Jetzt wissen wir praktisch alles \u00fcber die physikalische Natur von elektromagnetischen Feldern. Wir k\u00f6nnen sie [&hellip;]<\/p>\n","protected":false},"author":1,"featured_media":0,"parent":0,"menu_order":0,"comment_status":"closed","ping_status":"closed","template":"","meta":{"footnotes":""},"yoast_head":"<!-- This site is optimized with the Yoast SEO plugin v24.5 - https:\/\/yoast.com\/wordpress\/plugins\/seo\/ -->\n<title>Subtile Energie 1 - Ojas Energie f\u00fcs Leben<\/title>\n<meta name=\"robots\" content=\"index, follow, max-snippet:-1, max-image-preview:large, max-video-preview:-1\" \/>\n<link rel=\"canonical\" href=\"https:\/\/ojas.de\/en\/subtile-energie-1\/\" \/>\n<meta property=\"og:locale\" content=\"en_GB\" \/>\n<meta property=\"og:type\" content=\"article\" \/>\n<meta property=\"og:title\" content=\"Subtile Energie 1 - Ojas Energie f\u00fcs Leben\" \/>\n<meta property=\"og:description\" content=\"Subtile Energie Die klassischen wissenschaftlichen Studien der elektromagnetischen Felder begannen vor mehr als 160 Jahren als Maxwell zeigte, dass elektrische und magnetische Kr\u00e4fte zwei sich erg\u00e4nzende Erscheinungen des Elektromagnetismus sind und dass das Licht eine Form von elektromagnetischer Strahlung ist. Jetzt wissen wir praktisch alles \u00fcber die physikalische Natur von elektromagnetischen Feldern. Wir k\u00f6nnen sie [&hellip;]\" \/>\n<meta property=\"og:url\" content=\"https:\/\/ojas.de\/en\/subtile-energie-1\/\" \/>\n<meta property=\"og:site_name\" content=\"Ojas Energie f\u00fcs Leben\" \/>\n<meta property=\"article:modified_time\" content=\"2021-08-21T09:22:25+00:00\" \/>\n<meta property=\"og:image\" content=\"https:\/\/ojas.de\/wp-content\/uploads\/elementor\/thumbs\/subtile_enerie_3-p9ny5r4kybixp18m1lnsxj4b1quix0y1ldewwhjxgg.jpg\" \/>\n<meta name=\"twitter:card\" content=\"summary_large_image\" \/>\n<meta name=\"twitter:label1\" content=\"Estimated reading time\" \/>\n\t<meta name=\"twitter:data1\" content=\"6 minutes\" \/>\n<script type=\"application\/ld+json\" class=\"yoast-schema-graph\">{\"@context\":\"https:\/\/schema.org\",\"@graph\":[{\"@type\":\"WebPage\",\"@id\":\"https:\/\/ojas.de\/subtile-energie-1\/\",\"url\":\"https:\/\/ojas.de\/subtile-energie-1\/\",\"name\":\"Subtile Energie 1 - Ojas Energie f\u00fcs Leben\",\"isPartOf\":{\"@id\":\"https:\/\/ojas.de\/#website\"},\"primaryImageOfPage\":{\"@id\":\"https:\/\/ojas.de\/subtile-energie-1\/#primaryimage\"},\"image\":{\"@id\":\"https:\/\/ojas.de\/subtile-energie-1\/#primaryimage\"},\"thumbnailUrl\":\"https:\/\/ojas.de\/wp-content\/uploads\/elementor\/thumbs\/subtile_enerie_3-p9ny5r4kybixp18m1lnsxj4b1quix0y1ldewwhjxgg.jpg\",\"datePublished\":\"2020-05-02T21:54:59+00:00\",\"dateModified\":\"2021-08-21T09:22:25+00:00\",\"breadcrumb\":{\"@id\":\"https:\/\/ojas.de\/subtile-energie-1\/#breadcrumb\"},\"inLanguage\":\"en-GB\",\"potentialAction\":[{\"@type\":\"ReadAction\",\"target\":[\"https:\/\/ojas.de\/subtile-energie-1\/\"]}]},{\"@type\":\"ImageObject\",\"inLanguage\":\"en-GB\",\"@id\":\"https:\/\/ojas.de\/subtile-energie-1\/#primaryimage\",\"url\":\"https:\/\/ojas.de\/wp-content\/uploads\/elementor\/thumbs\/subtile_enerie_3-p9ny5r4kybixp18m1lnsxj4b1quix0y1ldewwhjxgg.jpg\",\"contentUrl\":\"https:\/\/ojas.de\/wp-content\/uploads\/elementor\/thumbs\/subtile_enerie_3-p9ny5r4kybixp18m1lnsxj4b1quix0y1ldewwhjxgg.jpg\"},{\"@type\":\"BreadcrumbList\",\"@id\":\"https:\/\/ojas.de\/subtile-energie-1\/#breadcrumb\",\"itemListElement\":[{\"@type\":\"ListItem\",\"position\":1,\"name\":\"Home\",\"item\":\"https:\/\/ojas.de\/\"},{\"@type\":\"ListItem\",\"position\":2,\"name\":\"Subtile Energie 1\"}]},{\"@type\":\"WebSite\",\"@id\":\"https:\/\/ojas.de\/#website\",\"url\":\"https:\/\/ojas.de\/\",\"name\":\"Ojas Energie f\u00fcs Leben\",\"description\":\"Luftreinigung, Bipolare ionisierte, saubere und gesunde Luft, reinigen von Elektrosmog, Groundig, energetische Belebung des Wohnraumes.\",\"publisher\":{\"@id\":\"https:\/\/ojas.de\/#organization\"},\"potentialAction\":[{\"@type\":\"SearchAction\",\"target\":{\"@type\":\"EntryPoint\",\"urlTemplate\":\"https:\/\/ojas.de\/?s={search_term_string}\"},\"query-input\":{\"@type\":\"PropertyValueSpecification\",\"valueRequired\":true,\"valueName\":\"search_term_string\"}}],\"inLanguage\":\"en-GB\"},{\"@type\":\"Organization\",\"@id\":\"https:\/\/ojas.de\/#organization\",\"name\":\"Ojas\",\"url\":\"https:\/\/ojas.de\/\",\"logo\":{\"@type\":\"ImageObject\",\"inLanguage\":\"en-GB\",\"@id\":\"https:\/\/ojas.de\/#\/schema\/logo\/image\/\",\"url\":\"https:\/\/ojas.de\/wp-content\/uploads\/2020\/04\/Ojas-logo_2.png\",\"contentUrl\":\"https:\/\/ojas.de\/wp-content\/uploads\/2020\/04\/Ojas-logo_2.png\",\"width\":375,\"height\":227,\"caption\":\"Ojas\"},\"image\":{\"@id\":\"https:\/\/ojas.de\/#\/schema\/logo\/image\/\"},\"sameAs\":[\"https:\/\/www.youtube.com\/watch?time_continue=2&amp;amp;amp;amp;v=UayAo5Fb_l0&amp;amp;amp;amp;feature=emb_logo\"]}]}<\/script>\n<!-- \/ Yoast SEO plugin. -->","yoast_head_json":{"title":"Subtile Energie 1 - Ojas Energie f\u00fcs Leben","robots":{"index":"index","follow":"follow","max-snippet":"max-snippet:-1","max-image-preview":"max-image-preview:large","max-video-preview":"max-video-preview:-1"},"canonical":"https:\/\/ojas.de\/en\/subtile-energie-1\/","og_locale":"en_GB","og_type":"article","og_title":"Subtile Energie 1 - Ojas Energie f\u00fcs Leben","og_description":"Subtile Energie Die klassischen wissenschaftlichen Studien der elektromagnetischen Felder begannen vor mehr als 160 Jahren als Maxwell zeigte, dass elektrische und magnetische Kr\u00e4fte zwei sich erg\u00e4nzende Erscheinungen des Elektromagnetismus sind und dass das Licht eine Form von elektromagnetischer Strahlung ist. Jetzt wissen wir praktisch alles \u00fcber die physikalische Natur von elektromagnetischen Feldern. Wir k\u00f6nnen sie [&hellip;]","og_url":"https:\/\/ojas.de\/en\/subtile-energie-1\/","og_site_name":"Ojas Energie f\u00fcs Leben","article_modified_time":"2021-08-21T09:22:25+00:00","og_image":[{"url":"https:\/\/ojas.de\/wp-content\/uploads\/elementor\/thumbs\/subtile_enerie_3-p9ny5r4kybixp18m1lnsxj4b1quix0y1ldewwhjxgg.jpg","type":"","width":"","height":""}],"twitter_card":"summary_large_image","twitter_misc":{"Estimated reading time":"6 minutes"},"schema":{"@context":"https:\/\/schema.org","@graph":[{"@type":"WebPage","@id":"https:\/\/ojas.de\/subtile-energie-1\/","url":"https:\/\/ojas.de\/subtile-energie-1\/","name":"Subtile Energie 1 - Ojas Energie f\u00fcs Leben","isPartOf":{"@id":"https:\/\/ojas.de\/#website"},"primaryImageOfPage":{"@id":"https:\/\/ojas.de\/subtile-energie-1\/#primaryimage"},"image":{"@id":"https:\/\/ojas.de\/subtile-energie-1\/#primaryimage"},"thumbnailUrl":"https:\/\/ojas.de\/wp-content\/uploads\/elementor\/thumbs\/subtile_enerie_3-p9ny5r4kybixp18m1lnsxj4b1quix0y1ldewwhjxgg.jpg","datePublished":"2020-05-02T21:54:59+00:00","dateModified":"2021-08-21T09:22:25+00:00","breadcrumb":{"@id":"https:\/\/ojas.de\/subtile-energie-1\/#breadcrumb"},"inLanguage":"en-GB","potentialAction":[{"@type":"ReadAction","target":["https:\/\/ojas.de\/subtile-energie-1\/"]}]},{"@type":"ImageObject","inLanguage":"en-GB","@id":"https:\/\/ojas.de\/subtile-energie-1\/#primaryimage","url":"https:\/\/ojas.de\/wp-content\/uploads\/elementor\/thumbs\/subtile_enerie_3-p9ny5r4kybixp18m1lnsxj4b1quix0y1ldewwhjxgg.jpg","contentUrl":"https:\/\/ojas.de\/wp-content\/uploads\/elementor\/thumbs\/subtile_enerie_3-p9ny5r4kybixp18m1lnsxj4b1quix0y1ldewwhjxgg.jpg"},{"@type":"BreadcrumbList","@id":"https:\/\/ojas.de\/subtile-energie-1\/#breadcrumb","itemListElement":[{"@type":"ListItem","position":1,"name":"Home","item":"https:\/\/ojas.de\/"},{"@type":"ListItem","position":2,"name":"Subtile Energie 1"}]},{"@type":"WebSite","@id":"https:\/\/ojas.de\/#website","url":"https:\/\/ojas.de\/","name":"Ojas Energie f\u00fcs Leben","description":"Luftreinigung, Bipolare ionisierte, saubere und gesunde Luft, reinigen von Elektrosmog, Groundig, energetische Belebung des Wohnraumes.","publisher":{"@id":"https:\/\/ojas.de\/#organization"},"potentialAction":[{"@type":"SearchAction","target":{"@type":"EntryPoint","urlTemplate":"https:\/\/ojas.de\/?s={search_term_string}"},"query-input":{"@type":"PropertyValueSpecification","valueRequired":true,"valueName":"search_term_string"}}],"inLanguage":"en-GB"},{"@type":"Organization","@id":"https:\/\/ojas.de\/#organization","name":"Ojas","url":"https:\/\/ojas.de\/","logo":{"@type":"ImageObject","inLanguage":"en-GB","@id":"https:\/\/ojas.de\/#\/schema\/logo\/image\/","url":"https:\/\/ojas.de\/wp-content\/uploads\/2020\/04\/Ojas-logo_2.png","contentUrl":"https:\/\/ojas.de\/wp-content\/uploads\/2020\/04\/Ojas-logo_2.png","width":375,"height":227,"caption":"Ojas"},"image":{"@id":"https:\/\/ojas.de\/#\/schema\/logo\/image\/"},"sameAs":["https:\/\/www.youtube.com\/watch?time_continue=2&amp;amp;amp;amp;v=UayAo5Fb_l0&amp;amp;amp;amp;feature=emb_logo"]}]}},"_links":{"self":[{"href":"https:\/\/ojas.de\/en\/wp-json\/wp\/v2\/pages\/1234"}],"collection":[{"href":"https:\/\/ojas.de\/en\/wp-json\/wp\/v2\/pages"}],"about":[{"href":"https:\/\/ojas.de\/en\/wp-json\/wp\/v2\/types\/page"}],"author":[{"embeddable":true,"href":"https:\/\/ojas.de\/en\/wp-json\/wp\/v2\/users\/1"}],"replies":[{"embeddable":true,"href":"https:\/\/ojas.de\/en\/wp-json\/wp\/v2\/comments?post=1234"}],"version-history":[{"count":24,"href":"https:\/\/ojas.de\/en\/wp-json\/wp\/v2\/pages\/1234\/revisions"}],"predecessor-version":[{"id":5002,"href":"https:\/\/ojas.de\/en\/wp-json\/wp\/v2\/pages\/1234\/revisions\/5002"}],"wp:attachment":[{"href":"https:\/\/ojas.de\/en\/wp-json\/wp\/v2\/media?parent=1234"}],"curies":[{"name":"wp","href":"https:\/\/api.w.org\/{rel}","templated":true}]}}