{"id":1255,"date":"2020-05-02T22:55:55","date_gmt":"2020-05-02T22:55:55","guid":{"rendered":"https:\/\/ojas.de\/?page_id=1255"},"modified":"2021-07-08T21:44:12","modified_gmt":"2021-07-08T21:44:12","slug":"ojas-erdungsmatte","status":"publish","type":"page","link":"https:\/\/ojas.de\/en\/ojas-erdungsmatte\/","title":{"rendered":"Ojas-Erdungsmatte"},"content":{"rendered":"<div data-elementor-type=\"wp-page\" data-elementor-id=\"1255\" class=\"elementor elementor-1255\" data-elementor-post-type=\"page\">\n\t\t\t\t\t\t<section class=\"elementor-section elementor-top-section elementor-element elementor-element-96f1c46 elementor-section-height-min-height elementor-section-boxed elementor-section-height-default elementor-section-items-middle\" data-id=\"96f1c46\" data-element_type=\"section\" data-settings=\"{&quot;background_background&quot;:&quot;classic&quot;}\">\n\t\t\t\t\t\t<div class=\"elementor-container elementor-column-gap-default\">\n\t\t\t\t\t<div class=\"elementor-column elementor-col-100 elementor-top-column elementor-element elementor-element-29ba30b\" data-id=\"29ba30b\" data-element_type=\"column\">\n\t\t\t<div class=\"elementor-widget-wrap elementor-element-populated\">\n\t\t\t\t\t\t<div class=\"elementor-element elementor-element-d8effbd elementor-widget elementor-widget-heading\" data-id=\"d8effbd\" data-element_type=\"widget\" data-widget_type=\"heading.default\">\n\t\t\t\t<div class=\"elementor-widget-container\">\n\t\t\t\t\t<h2 class=\"elementor-heading-title elementor-size-default\">Ojas Grounding mat<\/h2>\t\t\t\t<\/div>\n\t\t\t\t<\/div>\n\t\t\t\t\t<\/div>\n\t\t<\/div>\n\t\t\t\t\t<\/div>\n\t\t<\/section>\n\t\t\t\t<section class=\"elementor-section elementor-top-section elementor-element elementor-element-c5c1ec3 elementor-section-boxed elementor-section-height-default elementor-section-height-default\" data-id=\"c5c1ec3\" data-element_type=\"section\">\n\t\t\t\t\t\t<div class=\"elementor-container elementor-column-gap-default\">\n\t\t\t\t\t<div class=\"elementor-column elementor-col-100 elementor-top-column elementor-element elementor-element-bf59036\" data-id=\"bf59036\" data-element_type=\"column\">\n\t\t\t<div class=\"elementor-widget-wrap elementor-element-populated\">\n\t\t\t\t\t\t<div class=\"elementor-element elementor-element-653c364 elementor-widget elementor-widget-heading\" data-id=\"653c364\" data-element_type=\"widget\" data-widget_type=\"heading.default\">\n\t\t\t\t<div class=\"elementor-widget-container\">\n\t\t\t\t\t<h2 class=\"elementor-heading-title elementor-size-default\">Ojas Grounding mat<\/h2>\t\t\t\t<\/div>\n\t\t\t\t<\/div>\n\t\t\t\t<div class=\"elementor-element elementor-element-dc6175c elementor-widget elementor-widget-text-editor\" data-id=\"dc6175c\" data-element_type=\"widget\" data-widget_type=\"text-editor.default\">\n\t\t\t\t<div class=\"elementor-widget-container\">\n\t\t\t\t\t\t\t\t\t<p>It helps to neutralize the electrical voltage of the human body by simply coming into contact with the material.<\/p><p>Italian certified material designed in Switzerland that reduces body electrical voltage levels by more than 90%!<\/p><p>Reduces dangerous artificial voltages and currents in the human body transmitted from the environment.<\/p>\t\t\t\t\t\t\t\t<\/div>\n\t\t\t\t<\/div>\n\t\t\t\t\t<\/div>\n\t\t<\/div>\n\t\t\t\t\t<\/div>\n\t\t<\/section>\n\t\t\t\t<section class=\"elementor-section elementor-top-section elementor-element elementor-element-cc5539a elementor-section-boxed elementor-section-height-default elementor-section-height-default\" data-id=\"cc5539a\" data-element_type=\"section\">\n\t\t\t\t\t\t<div class=\"elementor-container elementor-column-gap-default\">\n\t\t\t\t\t<div class=\"elementor-column elementor-col-50 elementor-top-column elementor-element elementor-element-4a3277a\" data-id=\"4a3277a\" data-element_type=\"column\">\n\t\t\t<div class=\"elementor-widget-wrap elementor-element-populated\">\n\t\t\t\t\t\t<div class=\"elementor-element elementor-element-46de8be elementor-widget elementor-widget-image\" data-id=\"46de8be\" data-element_type=\"widget\" data-widget_type=\"image.default\">\n\t\t\t\t<div class=\"elementor-widget-container\">\n\t\t\t\t\t\t\t\t\t\t\t\t\t\t\t<img fetchpriority=\"high\" decoding=\"async\" width=\"768\" height=\"768\" src=\"https:\/\/ojas.de\/wp-content\/uploads\/2020\/05\/erdungs-Corbon_mate-768x768.jpg\" class=\"attachment-medium_large size-medium_large wp-image-1260\" alt=\"\" srcset=\"https:\/\/ojas.de\/wp-content\/uploads\/2020\/05\/erdungs-Corbon_mate-768x768.jpg 768w, https:\/\/ojas.de\/wp-content\/uploads\/2020\/05\/erdungs-Corbon_mate-300x300.jpg 300w, https:\/\/ojas.de\/wp-content\/uploads\/2020\/05\/erdungs-Corbon_mate-150x150.jpg 150w, https:\/\/ojas.de\/wp-content\/uploads\/2020\/05\/erdungs-Corbon_mate.jpg 850w\" sizes=\"(max-width: 768px) 100vw, 768px\" \/>\t\t\t\t\t\t\t\t\t\t\t\t\t\t\t<\/div>\n\t\t\t\t<\/div>\n\t\t\t\t<div class=\"elementor-element elementor-element-4223d01 elementor-align-center elementor-widget elementor-widget-button\" data-id=\"4223d01\" data-element_type=\"widget\" data-widget_type=\"button.default\">\n\t\t\t\t<div class=\"elementor-widget-container\">\n\t\t\t\t\t\t\t\t\t<div class=\"elementor-button-wrapper\">\n\t\t\t\t\t<a class=\"elementor-button elementor-button-link elementor-size-md\" href=\"https:\/\/ojas.de\/en\/grounding-buero\/\" target=\"_blank\">\n\t\t\t\t\t\t<span class=\"elementor-button-content-wrapper\">\n\t\t\t\t\t\t\t\t\t<span class=\"elementor-button-text\">office desk<\/span>\n\t\t\t\t\t<\/span>\n\t\t\t\t\t<\/a>\n\t\t\t\t<\/div>\n\t\t\t\t\t\t\t\t<\/div>\n\t\t\t\t<\/div>\n\t\t\t\t\t<\/div>\n\t\t<\/div>\n\t\t\t\t<div class=\"elementor-column elementor-col-50 elementor-top-column elementor-element elementor-element-8618284\" data-id=\"8618284\" data-element_type=\"column\">\n\t\t\t<div class=\"elementor-widget-wrap elementor-element-populated\">\n\t\t\t\t\t\t<div class=\"elementor-element elementor-element-586221c elementor-align-center elementor-widget elementor-widget-button\" data-id=\"586221c\" data-element_type=\"widget\" data-widget_type=\"button.default\">\n\t\t\t\t<div class=\"elementor-widget-container\">\n\t\t\t\t\t\t\t\t\t<div class=\"elementor-button-wrapper\">\n\t\t\t\t\t<a class=\"elementor-button elementor-button-link elementor-size-sm\" href=\"https:\/\/ojas.de\/en\/grounding-schlafplatz\/\" target=\"_blank\">\n\t\t\t\t\t\t<span class=\"elementor-button-content-wrapper\">\n\t\t\t\t\t\t\t\t\t<span class=\"elementor-button-text\">Sleeping Area<\/span>\n\t\t\t\t\t<\/span>\n\t\t\t\t\t<\/a>\n\t\t\t\t<\/div>\n\t\t\t\t\t\t\t\t<\/div>\n\t\t\t\t<\/div>\n\t\t\t\t<div class=\"elementor-element elementor-element-7c7302e elementor-widget elementor-widget-image\" data-id=\"7c7302e\" data-element_type=\"widget\" data-widget_type=\"image.default\">\n\t\t\t\t<div class=\"elementor-widget-container\">\n\t\t\t\t\t\t\t\t\t\t\t\t\t\t\t<img decoding=\"async\" width=\"567\" height=\"579\" src=\"https:\/\/ojas.de\/wp-content\/uploads\/2020\/05\/grounding-erdung-schlafz_5.jpg\" class=\"attachment-medium_large size-medium_large wp-image-1681\" alt=\"\" srcset=\"https:\/\/ojas.de\/wp-content\/uploads\/2020\/05\/grounding-erdung-schlafz_5.jpg 567w, https:\/\/ojas.de\/wp-content\/uploads\/2020\/05\/grounding-erdung-schlafz_5-294x300.jpg 294w\" sizes=\"(max-width: 567px) 100vw, 567px\" \/>\t\t\t\t\t\t\t\t\t\t\t\t\t\t\t<\/div>\n\t\t\t\t<\/div>\n\t\t\t\t\t<\/div>\n\t\t<\/div>\n\t\t\t\t\t<\/div>\n\t\t<\/section>\n\t\t\t\t<section class=\"elementor-section elementor-top-section elementor-element elementor-element-117dd0b elementor-section-boxed elementor-section-height-default elementor-section-height-default\" data-id=\"117dd0b\" data-element_type=\"section\">\n\t\t\t\t\t\t<div class=\"elementor-container elementor-column-gap-default\">\n\t\t\t\t\t<div class=\"elementor-column elementor-col-100 elementor-top-column elementor-element elementor-element-3894b2a\" data-id=\"3894b2a\" data-element_type=\"column\">\n\t\t\t<div class=\"elementor-widget-wrap elementor-element-populated\">\n\t\t\t\t\t\t<div class=\"elementor-element elementor-element-0dabeeb elementor-widget elementor-widget-text-editor\" data-id=\"0dabeeb\" data-element_type=\"widget\" data-widget_type=\"text-editor.default\">\n\t\t\t\t<div class=\"elementor-widget-container\">\n\t\t\t\t\t\t\t\t\t<p style=\"text-align: center;\">geobionomic mat, geobionomic cable and geobionomic plug for ground connection<\/p>\t\t\t\t\t\t\t\t<\/div>\n\t\t\t\t<\/div>\n\t\t\t\t\t<\/div>\n\t\t<\/div>\n\t\t\t\t\t<\/div>\n\t\t<\/section>\n\t\t\t\t<section class=\"elementor-section elementor-top-section elementor-element elementor-element-f28bec1 elementor-section-boxed elementor-section-height-default elementor-section-height-default\" data-id=\"f28bec1\" data-element_type=\"section\">\n\t\t\t\t\t\t<div class=\"elementor-container elementor-column-gap-default\">\n\t\t\t\t\t<div class=\"elementor-column elementor-col-33 elementor-top-column elementor-element elementor-element-f799ac7\" data-id=\"f799ac7\" data-element_type=\"column\">\n\t\t\t<div class=\"elementor-widget-wrap elementor-element-populated\">\n\t\t\t\t\t\t<div class=\"elementor-element elementor-element-1af62c7 elementor-widget elementor-widget-image\" data-id=\"1af62c7\" data-element_type=\"widget\" data-widget_type=\"image.default\">\n\t\t\t\t<div class=\"elementor-widget-container\">\n\t\t\t\t\t\t\t\t\t\t\t\t\t\t\t<img decoding=\"async\" width=\"300\" height=\"125\" src=\"https:\/\/ojas.de\/wp-content\/uploads\/2020\/05\/Corbon-Erdungsmate_Schlafplatz-300x125.jpg\" class=\"attachment-medium size-medium wp-image-1659\" alt=\"\" srcset=\"https:\/\/ojas.de\/wp-content\/uploads\/2020\/05\/Corbon-Erdungsmate_Schlafplatz-300x125.jpg 300w, https:\/\/ojas.de\/wp-content\/uploads\/2020\/05\/Corbon-Erdungsmate_Schlafplatz-1024x428.jpg 1024w, https:\/\/ojas.de\/wp-content\/uploads\/2020\/05\/Corbon-Erdungsmate_Schlafplatz-768x321.jpg 768w, https:\/\/ojas.de\/wp-content\/uploads\/2020\/05\/Corbon-Erdungsmate_Schlafplatz.jpg 1100w\" sizes=\"(max-width: 300px) 100vw, 300px\" \/>\t\t\t\t\t\t\t\t\t\t\t\t\t\t\t<\/div>\n\t\t\t\t<\/div>\n\t\t\t\t\t<\/div>\n\t\t<\/div>\n\t\t\t\t<div class=\"elementor-column elementor-col-33 elementor-top-column elementor-element elementor-element-188f438\" data-id=\"188f438\" data-element_type=\"column\">\n\t\t\t<div class=\"elementor-widget-wrap elementor-element-populated\">\n\t\t\t\t\t\t<div class=\"elementor-element elementor-element-f61f38d elementor-widget elementor-widget-text-editor\" data-id=\"f61f38d\" data-element_type=\"widget\" data-widget_type=\"text-editor.default\">\n\t\t\t\t<div class=\"elementor-widget-container\">\n\t\t\t\t\t\t\t\t\t<p>Ojas Grounding mat ca.62cm x 38,3 cm  x ca 3 mm <br \/>incl. 3 m cable and grounding plug<\/p>\t\t\t\t\t\t\t\t<\/div>\n\t\t\t\t<\/div>\n\t\t\t\t\t<\/div>\n\t\t<\/div>\n\t\t\t\t<div class=\"elementor-column elementor-col-33 elementor-top-column elementor-element elementor-element-a7768e8\" data-id=\"a7768e8\" data-element_type=\"column\">\n\t\t\t<div class=\"elementor-widget-wrap elementor-element-populated\">\n\t\t\t\t\t\t<div class=\"elementor-element elementor-element-94ec06a elementor-widget elementor-widget-text-editor\" data-id=\"94ec06a\" data-element_type=\"widget\" data-widget_type=\"text-editor.default\">\n\t\t\t\t<div class=\"elementor-widget-container\">\n\t\t\t\t\t\t\t\t\t<p style=\"text-align: right;\">Preis: \u20ac 118,-<\/p>\t\t\t\t\t\t\t\t<\/div>\n\t\t\t\t<\/div>\n\t\t\t\t<div class=\"elementor-element elementor-element-b1e599a elementor-widget elementor-widget-text-editor\" data-id=\"b1e599a\" data-element_type=\"widget\" data-widget_type=\"text-editor.default\">\n\t\t\t\t<div class=\"elementor-widget-container\">\n\t\t\t\t\t\t\t\t\t<p>incl. 19% MwSt<\/p>\t\t\t\t\t\t\t\t<\/div>\n\t\t\t\t<\/div>\n\t\t\t\t<div class=\"elementor-element elementor-element-902ea56 elementor-align-right elementor-widget elementor-widget-button\" data-id=\"902ea56\" data-element_type=\"widget\" data-widget_type=\"button.default\">\n\t\t\t\t<div class=\"elementor-widget-container\">\n\t\t\t\t\t\t\t\t\t<div class=\"elementor-button-wrapper\">\n\t\t\t\t\t<a class=\"elementor-button elementor-button-link elementor-size-sm\" href=\"http:\/\/\/en\/shop.ojas.de\/\" target=\"_blank\">\n\t\t\t\t\t\t<span class=\"elementor-button-content-wrapper\">\n\t\t\t\t\t\t\t\t\t<span class=\"elementor-button-text\">Shop<\/span>\n\t\t\t\t\t<\/span>\n\t\t\t\t\t<\/a>\n\t\t\t\t<\/div>\n\t\t\t\t\t\t\t\t<\/div>\n\t\t\t\t<\/div>\n\t\t\t\t\t<\/div>\n\t\t<\/div>\n\t\t\t\t\t<\/div>\n\t\t<\/section>\n\t\t\t\t<\/div>","protected":false},"excerpt":{"rendered":"<p>Ojas Corbon Erdungsmatte Ojas Carbon Erdungsmatte Die Ojas Carbon Erdungsmatte hilft, um die elektrische Spannung des menschlichen K\u00f6rpers abzuleiten, indem der K\u00f6rpers einfach mit der Ojas Carbon Erdungsmatte in Kontakt kommt. Das in der Schweiz entwickeltes italienisches zertifiziertes Material, reduziert die elektrische Spannung des K\u00f6rpers um mehr als 90%! So werden gef\u00e4hrliche k\u00fcnstliche Spannungen und [&hellip;]<\/p>\n","protected":false},"author":1,"featured_media":0,"parent":0,"menu_order":0,"comment_status":"closed","ping_status":"closed","template":"","meta":{"footnotes":""},"yoast_head":"<!-- This site is optimized with the Yoast SEO plugin v24.5 - https:\/\/yoast.com\/wordpress\/plugins\/seo\/ -->\n<title>Ojas-Erdungsmatte - Ojas Energie f\u00fcs Leben<\/title>\n<meta name=\"robots\" content=\"index, follow, max-snippet:-1, max-image-preview:large, max-video-preview:-1\" \/>\n<link rel=\"canonical\" href=\"https:\/\/ojas.de\/en\/ojas-erdungsmatte\/\" \/>\n<meta property=\"og:locale\" content=\"en_GB\" \/>\n<meta property=\"og:type\" content=\"article\" \/>\n<meta property=\"og:title\" content=\"Ojas-Erdungsmatte - Ojas Energie f\u00fcs Leben\" \/>\n<meta property=\"og:description\" content=\"Ojas Corbon Erdungsmatte Ojas Carbon Erdungsmatte Die Ojas Carbon Erdungsmatte hilft, um die elektrische Spannung des menschlichen K\u00f6rpers abzuleiten, indem der K\u00f6rpers einfach mit der Ojas Carbon Erdungsmatte in Kontakt kommt. Das in der Schweiz entwickeltes italienisches zertifiziertes Material, reduziert die elektrische Spannung des K\u00f6rpers um mehr als 90%! So werden gef\u00e4hrliche k\u00fcnstliche Spannungen und [&hellip;]\" \/>\n<meta property=\"og:url\" content=\"https:\/\/ojas.de\/en\/ojas-erdungsmatte\/\" \/>\n<meta property=\"og:site_name\" content=\"Ojas Energie f\u00fcs Leben\" \/>\n<meta property=\"article:modified_time\" content=\"2021-07-08T21:44:12+00:00\" \/>\n<meta property=\"og:image\" content=\"https:\/\/ojas.de\/wp-content\/uploads\/2020\/05\/erdungs-Corbon_mate-768x768.jpg\" \/>\n<meta name=\"twitter:card\" content=\"summary_large_image\" \/>\n<meta name=\"twitter:label1\" content=\"Estimated reading time\" \/>\n\t<meta name=\"twitter:data1\" content=\"2 minutes\" \/>\n<script type=\"application\/ld+json\" class=\"yoast-schema-graph\">{\"@context\":\"https:\/\/schema.org\",\"@graph\":[{\"@type\":\"WebPage\",\"@id\":\"https:\/\/ojas.de\/ojas-erdungsmatte\/\",\"url\":\"https:\/\/ojas.de\/ojas-erdungsmatte\/\",\"name\":\"Ojas-Erdungsmatte - Ojas Energie f\u00fcs Leben\",\"isPartOf\":{\"@id\":\"https:\/\/ojas.de\/#website\"},\"primaryImageOfPage\":{\"@id\":\"https:\/\/ojas.de\/ojas-erdungsmatte\/#primaryimage\"},\"image\":{\"@id\":\"https:\/\/ojas.de\/ojas-erdungsmatte\/#primaryimage\"},\"thumbnailUrl\":\"https:\/\/ojas.de\/wp-content\/uploads\/2020\/05\/erdungs-Corbon_mate-768x768.jpg\",\"datePublished\":\"2020-05-02T22:55:55+00:00\",\"dateModified\":\"2021-07-08T21:44:12+00:00\",\"breadcrumb\":{\"@id\":\"https:\/\/ojas.de\/ojas-erdungsmatte\/#breadcrumb\"},\"inLanguage\":\"en-GB\",\"potentialAction\":[{\"@type\":\"ReadAction\",\"target\":[\"https:\/\/ojas.de\/ojas-erdungsmatte\/\"]}]},{\"@type\":\"ImageObject\",\"inLanguage\":\"en-GB\",\"@id\":\"https:\/\/ojas.de\/ojas-erdungsmatte\/#primaryimage\",\"url\":\"https:\/\/ojas.de\/wp-content\/uploads\/2020\/05\/erdungs-Corbon_mate-768x768.jpg\",\"contentUrl\":\"https:\/\/ojas.de\/wp-content\/uploads\/2020\/05\/erdungs-Corbon_mate-768x768.jpg\"},{\"@type\":\"BreadcrumbList\",\"@id\":\"https:\/\/ojas.de\/ojas-erdungsmatte\/#breadcrumb\",\"itemListElement\":[{\"@type\":\"ListItem\",\"position\":1,\"name\":\"Home\",\"item\":\"https:\/\/ojas.de\/\"},{\"@type\":\"ListItem\",\"position\":2,\"name\":\"Ojas-Erdungsmatte\"}]},{\"@type\":\"WebSite\",\"@id\":\"https:\/\/ojas.de\/#website\",\"url\":\"https:\/\/ojas.de\/\",\"name\":\"Ojas Energie f\u00fcs Leben\",\"description\":\"Luftreinigung, Bipolare ionisierte, saubere und gesunde Luft, reinigen von Elektrosmog, Groundig, energetische Belebung des Wohnraumes.\",\"publisher\":{\"@id\":\"https:\/\/ojas.de\/#organization\"},\"potentialAction\":[{\"@type\":\"SearchAction\",\"target\":{\"@type\":\"EntryPoint\",\"urlTemplate\":\"https:\/\/ojas.de\/?s={search_term_string}\"},\"query-input\":{\"@type\":\"PropertyValueSpecification\",\"valueRequired\":true,\"valueName\":\"search_term_string\"}}],\"inLanguage\":\"en-GB\"},{\"@type\":\"Organization\",\"@id\":\"https:\/\/ojas.de\/#organization\",\"name\":\"Ojas\",\"url\":\"https:\/\/ojas.de\/\",\"logo\":{\"@type\":\"ImageObject\",\"inLanguage\":\"en-GB\",\"@id\":\"https:\/\/ojas.de\/#\/schema\/logo\/image\/\",\"url\":\"https:\/\/ojas.de\/wp-content\/uploads\/2020\/04\/Ojas-logo_2.png\",\"contentUrl\":\"https:\/\/ojas.de\/wp-content\/uploads\/2020\/04\/Ojas-logo_2.png\",\"width\":375,\"height\":227,\"caption\":\"Ojas\"},\"image\":{\"@id\":\"https:\/\/ojas.de\/#\/schema\/logo\/image\/\"},\"sameAs\":[\"https:\/\/www.youtube.com\/watch?time_continue=2&amp;amp;amp;amp;v=UayAo5Fb_l0&amp;amp;amp;amp;feature=emb_logo\"]}]}<\/script>\n<!-- \/ Yoast SEO plugin. -->","yoast_head_json":{"title":"Ojas-Erdungsmatte - Ojas Energie f\u00fcs Leben","robots":{"index":"index","follow":"follow","max-snippet":"max-snippet:-1","max-image-preview":"max-image-preview:large","max-video-preview":"max-video-preview:-1"},"canonical":"https:\/\/ojas.de\/en\/ojas-erdungsmatte\/","og_locale":"en_GB","og_type":"article","og_title":"Ojas-Erdungsmatte - Ojas Energie f\u00fcs Leben","og_description":"Ojas Corbon Erdungsmatte Ojas Carbon Erdungsmatte Die Ojas Carbon Erdungsmatte hilft, um die elektrische Spannung des menschlichen K\u00f6rpers abzuleiten, indem der K\u00f6rpers einfach mit der Ojas Carbon Erdungsmatte in Kontakt kommt. Das in der Schweiz entwickeltes italienisches zertifiziertes Material, reduziert die elektrische Spannung des K\u00f6rpers um mehr als 90%! So werden gef\u00e4hrliche k\u00fcnstliche Spannungen und [&hellip;]","og_url":"https:\/\/ojas.de\/en\/ojas-erdungsmatte\/","og_site_name":"Ojas Energie f\u00fcs Leben","article_modified_time":"2021-07-08T21:44:12+00:00","og_image":[{"url":"https:\/\/ojas.de\/wp-content\/uploads\/2020\/05\/erdungs-Corbon_mate-768x768.jpg","type":"","width":"","height":""}],"twitter_card":"summary_large_image","twitter_misc":{"Estimated reading time":"2 minutes"},"schema":{"@context":"https:\/\/schema.org","@graph":[{"@type":"WebPage","@id":"https:\/\/ojas.de\/ojas-erdungsmatte\/","url":"https:\/\/ojas.de\/ojas-erdungsmatte\/","name":"Ojas-Erdungsmatte - Ojas Energie f\u00fcs Leben","isPartOf":{"@id":"https:\/\/ojas.de\/#website"},"primaryImageOfPage":{"@id":"https:\/\/ojas.de\/ojas-erdungsmatte\/#primaryimage"},"image":{"@id":"https:\/\/ojas.de\/ojas-erdungsmatte\/#primaryimage"},"thumbnailUrl":"https:\/\/ojas.de\/wp-content\/uploads\/2020\/05\/erdungs-Corbon_mate-768x768.jpg","datePublished":"2020-05-02T22:55:55+00:00","dateModified":"2021-07-08T21:44:12+00:00","breadcrumb":{"@id":"https:\/\/ojas.de\/ojas-erdungsmatte\/#breadcrumb"},"inLanguage":"en-GB","potentialAction":[{"@type":"ReadAction","target":["https:\/\/ojas.de\/ojas-erdungsmatte\/"]}]},{"@type":"ImageObject","inLanguage":"en-GB","@id":"https:\/\/ojas.de\/ojas-erdungsmatte\/#primaryimage","url":"https:\/\/ojas.de\/wp-content\/uploads\/2020\/05\/erdungs-Corbon_mate-768x768.jpg","contentUrl":"https:\/\/ojas.de\/wp-content\/uploads\/2020\/05\/erdungs-Corbon_mate-768x768.jpg"},{"@type":"BreadcrumbList","@id":"https:\/\/ojas.de\/ojas-erdungsmatte\/#breadcrumb","itemListElement":[{"@type":"ListItem","position":1,"name":"Home","item":"https:\/\/ojas.de\/"},{"@type":"ListItem","position":2,"name":"Ojas-Erdungsmatte"}]},{"@type":"WebSite","@id":"https:\/\/ojas.de\/#website","url":"https:\/\/ojas.de\/","name":"Ojas Energie f\u00fcs Leben","description":"Luftreinigung, Bipolare ionisierte, saubere und gesunde Luft, reinigen von Elektrosmog, Groundig, energetische Belebung des Wohnraumes.","publisher":{"@id":"https:\/\/ojas.de\/#organization"},"potentialAction":[{"@type":"SearchAction","target":{"@type":"EntryPoint","urlTemplate":"https:\/\/ojas.de\/?s={search_term_string}"},"query-input":{"@type":"PropertyValueSpecification","valueRequired":true,"valueName":"search_term_string"}}],"inLanguage":"en-GB"},{"@type":"Organization","@id":"https:\/\/ojas.de\/#organization","name":"Ojas","url":"https:\/\/ojas.de\/","logo":{"@type":"ImageObject","inLanguage":"en-GB","@id":"https:\/\/ojas.de\/#\/schema\/logo\/image\/","url":"https:\/\/ojas.de\/wp-content\/uploads\/2020\/04\/Ojas-logo_2.png","contentUrl":"https:\/\/ojas.de\/wp-content\/uploads\/2020\/04\/Ojas-logo_2.png","width":375,"height":227,"caption":"Ojas"},"image":{"@id":"https:\/\/ojas.de\/#\/schema\/logo\/image\/"},"sameAs":["https:\/\/www.youtube.com\/watch?time_continue=2&amp;amp;amp;amp;v=UayAo5Fb_l0&amp;amp;amp;amp;feature=emb_logo"]}]}},"_links":{"self":[{"href":"https:\/\/ojas.de\/en\/wp-json\/wp\/v2\/pages\/1255"}],"collection":[{"href":"https:\/\/ojas.de\/en\/wp-json\/wp\/v2\/pages"}],"about":[{"href":"https:\/\/ojas.de\/en\/wp-json\/wp\/v2\/types\/page"}],"author":[{"embeddable":true,"href":"https:\/\/ojas.de\/en\/wp-json\/wp\/v2\/users\/1"}],"replies":[{"embeddable":true,"href":"https:\/\/ojas.de\/en\/wp-json\/wp\/v2\/comments?post=1255"}],"version-history":[{"count":34,"href":"https:\/\/ojas.de\/en\/wp-json\/wp\/v2\/pages\/1255\/revisions"}],"predecessor-version":[{"id":3812,"href":"https:\/\/ojas.de\/en\/wp-json\/wp\/v2\/pages\/1255\/revisions\/3812"}],"wp:attachment":[{"href":"https:\/\/ojas.de\/en\/wp-json\/wp\/v2\/media?parent=1255"}],"curies":[{"name":"wp","href":"https:\/\/api.w.org\/{rel}","templated":true}]}}