{"id":1300,"date":"2020-05-04T17:06:10","date_gmt":"2020-05-04T17:06:10","guid":{"rendered":"https:\/\/ojas.de\/?page_id=1300"},"modified":"2021-07-08T17:47:23","modified_gmt":"2021-07-08T17:47:23","slug":"geopathische-belastung","status":"publish","type":"page","link":"https:\/\/ojas.de\/en\/geopathische-belastung\/","title":{"rendered":"Geopathische Belastung"},"content":{"rendered":"<div data-elementor-type=\"wp-page\" data-elementor-id=\"1300\" class=\"elementor elementor-1300\" data-elementor-post-type=\"page\">\n\t\t\t\t\t\t<section class=\"elementor-section elementor-top-section elementor-element elementor-element-5c3a52c elementor-section-height-min-height elementor-section-boxed elementor-section-height-default elementor-section-items-middle\" data-id=\"5c3a52c\" data-element_type=\"section\" data-settings=\"{&quot;background_background&quot;:&quot;classic&quot;}\">\n\t\t\t\t\t\t<div class=\"elementor-container elementor-column-gap-default\">\n\t\t\t\t\t<div class=\"elementor-column elementor-col-100 elementor-top-column elementor-element elementor-element-ba2cb99\" data-id=\"ba2cb99\" data-element_type=\"column\">\n\t\t\t<div class=\"elementor-widget-wrap elementor-element-populated\">\n\t\t\t\t\t\t<div class=\"elementor-element elementor-element-013f4e0 elementor-widget elementor-widget-heading\" data-id=\"013f4e0\" data-element_type=\"widget\" data-widget_type=\"heading.default\">\n\t\t\t\t<div class=\"elementor-widget-container\">\n\t\t\t\t\t<h2 class=\"elementor-heading-title elementor-size-default\">Geopathic Pollution<\/h2>\t\t\t\t<\/div>\n\t\t\t\t<\/div>\n\t\t\t\t\t<\/div>\n\t\t<\/div>\n\t\t\t\t\t<\/div>\n\t\t<\/section>\n\t\t\t\t<section class=\"elementor-section elementor-top-section elementor-element elementor-element-5423de0 elementor-section-boxed elementor-section-height-default elementor-section-height-default\" data-id=\"5423de0\" data-element_type=\"section\">\n\t\t\t\t\t\t<div class=\"elementor-container elementor-column-gap-default\">\n\t\t\t\t\t<div class=\"elementor-column elementor-col-100 elementor-top-column elementor-element elementor-element-18aa441\" data-id=\"18aa441\" data-element_type=\"column\">\n\t\t\t<div class=\"elementor-widget-wrap elementor-element-populated\">\n\t\t\t\t\t\t<div class=\"elementor-element elementor-element-9ff4c4a elementor-widget elementor-widget-heading\" data-id=\"9ff4c4a\" data-element_type=\"widget\" data-widget_type=\"heading.default\">\n\t\t\t\t<div class=\"elementor-widget-container\">\n\t\t\t\t\t<h2 class=\"elementor-heading-title elementor-size-default\">Geopathic Pollution<\/h2>\t\t\t\t<\/div>\n\t\t\t\t<\/div>\n\t\t\t\t<div class=\"elementor-element elementor-element-fe2f39b elementor-widget elementor-widget-text-editor\" data-id=\"fe2f39b\" data-element_type=\"widget\" data-widget_type=\"text-editor.default\">\n\t\t\t\t<div class=\"elementor-widget-container\">\n\t\t\t\t\t\t\t\t\t<p>Geopathic stress is understood to be all radiation and vibrations coming from the earth, so-called earth rays, which can lead to various illnesses if they have a longer influence in the organism, depending on the disposition. These are not new and artificial radiations, but completely natural energies. Earth radiation is everywhere. Geological disturbances are zones of changed earth radiation and the consequences of e.g. underground flowing water, the so-called water veins or other geological conspicuous features, such as faults, crevices or fractures.<\/p><p>Movements in the earth's crust cause friction and tension. As a result, fractures, cracks, fissures as well as up- and downthrows, which are called faults, form within the rock layers. As far as clefts are concerned, these can also carry water and have a similar pathogenic effect as water veins. In addition, increased radioactive radiation and the escape of the gas radon may be present.<\/p><p><strong>The influence of earth radiation on the biological system:<\/strong><br \/>The organism's reaction to radiation probably consists in a disturbance of the control of natural life processes. The functional mechanisms in the ordered biological system are disturbed by electrical impulses right down to each individual cell. As a rule, the pathogenic effect of earth radiation initially manifests itself as a functional disturbance. As soon as this can no longer be compensated by the body's own regulatory system, complaints or damage occurs. These, in turn, can be temporary or disappear when the stimulus is no longer effective; but also, despite the absence of the stimulus, can persist or even worsen. Long-term effects can even lead to chronic diseases. \"Of course, this depends on various factors, such as the type of radiation, its intensity, the time spent in the irritated area and the constitution of the person affected.<\/p><p><strong>What are the symptoms of geopathic and electrical stress?<\/strong><br \/>In order to be able to identify possible stress in advance, the following list of questions has proven to be useful for the patient's medical history, which can be ticked off point by point. The first symptoms that may indicate stress due to geopathic and electrical stress are:<br \/>Nervousness, agitation, irritability and aggressiveness. Signs of irritation zones in the sleeping area may be: <br \/>\u2022 reluctance to go to bed<br \/>\u2022 not being able to fall asleep for hours, insomnia<br \/>\u2022 restless sleep and anxious dreams<br \/>\u2022  night sweat<br \/>\u2022 dodge in bed, fall out of bed<br \/>\u2022 escape from bed, sleepwalk<br \/>\u2022 freezing in bed, gnashing your teeth<br \/>\u2022 nocturnal cramps<br \/>\u2022 palpitations in bed<br \/>\u2022 tiredness and exhaustion in the morning<\/p><p><strong>Signs of irritated zones at the workplace may be<\/strong><br \/>\u2022 Discomfort and disorientation<br \/>\u2022 lack of concentration and weakness of memory<br \/>\u2022 headaches, nervousness<br \/>\u2022  Lack of energy and rapid loss of power<br \/>\u2022 moodiness and depression<br \/>\u2022 Heart palpitations and sweating<br \/>\u2022 Unwillingness to work and dislike of the workplace<br \/>\u2022 Loss of appetite and discomfort<br \/>\u2022 increased infection susceptibility<br \/>\u2022 increased accident risk<br \/>For longer and strong influences by irritant zones and interference fields i.e. if the sleeping and working place (with children also the school place) is located in this area, it can lead to various diseases such as: Exhaustion and tiredness, asthma, anxiety, bladder problems, blood diseases, intestinal diseases, depression, glandular complaints, diabetes mellitus, developmental disorders, inflammations, miscarriages, fever, biliary and gout problems, tissue decomposition, heart diseases, skin diseases, sciatica, headaches, lack of concentration, Cancer, paralysis, lung diseases, reduced performance, anorexia, menstrual disorders, migraine, nerve and kidney diseases, period disorders, rheumatism, back problems, thyroid gland diseases, motor and consciousness disorders, thromboses, infertility, abdominal diseases, dental diseases, etc. u.u.....This list, which can be extended at will, makes it clear that exposure to earth radiation and electrosmog should not be underestimated and can be the cause of a variety of diseases. Therefore, at each initial consultation the patient should be checked for this exposure, especially in the case of therapy-resistant diseases.<\/p><p><strong>Source:<\/strong> Kinesiologie Journal Nr. 9<\/p><p><strong>Source list:<\/strong><\/p><p><strong>Dietl, Karl<\/strong>: Krank durch Erdstrahlen? 1. Auflage GoldmannVerlag, M\u00fcnchen 2001 <\/p><p><strong>Dobler, G\u00fcnter<\/strong>: Kinesiologie, Grundlagen Praxis Therapieschemata. 1. Auflage Urban und Fischer, M\u00fcnchen 1999\u2028<\/p><p><strong>Hellemann, Silvio<\/strong>: St\u00e4ndig unter Strom, Handbuch f\u00fcr Elektrosensible.\u2028Verlag intern(a)ktuell 2002\u2028<\/p><p><strong>Maes, Wolfgang<\/strong>: Stress durch Strom und Strahlung. 4. Auflage Institut f\u00fcr Baubiologie und \u00d6kologie, Neubeuern 2000<\/p><p><strong>\u2028Prei\u00df, Horst<\/strong>: Krank \u2013 warum?, kleines ABC der Geobiologen f\u00fcr \u00c4rzte und Heilpraktiker.\u2028Verlag Geobionic,Waldbrunn 2000<\/p>\t\t\t\t\t\t\t\t<\/div>\n\t\t\t\t<\/div>\n\t\t\t\t<div class=\"elementor-element elementor-element-c4be844 elementor-widget elementor-widget-text-editor\" data-id=\"c4be844\" data-element_type=\"widget\" data-widget_type=\"text-editor.default\">\n\t\t\t\t<div class=\"elementor-widget-container\">\n\t\t\t\t\t\t\t\t\t<p style=\"text-align: right;\">Source: :  Kinesiologie Journal Nr. 9<\/p>\t\t\t\t\t\t\t\t<\/div>\n\t\t\t\t<\/div>\n\t\t\t\t<div class=\"elementor-element elementor-element-573bf14 elementor-widget elementor-widget-text-editor\" data-id=\"573bf14\" data-element_type=\"widget\" data-widget_type=\"text-editor.default\">\n\t\t\t\t<div class=\"elementor-widget-container\">\n\t\t\t\t\t\t\t\t\t<p style=\"text-align: center;\"><strong>We - Ojas can help you there!<\/strong><\/p>\t\t\t\t\t\t\t\t<\/div>\n\t\t\t\t<\/div>\n\t\t\t\t\t<\/div>\n\t\t<\/div>\n\t\t\t\t\t<\/div>\n\t\t<\/section>\n\t\t\t\t<\/div>","protected":false},"excerpt":{"rendered":"<p>Geopathische-Belastung Geopathische-Belastung: Unter geopathischen Belastungen versteht man alle aus der Erde kommenden Strahlungen und Schwingungen, sogenannte Erdstrahlen, die bei l\u00e4ngerem Einfluss im Organismus, je nach Disposition zu verschiedenen Erkrankungen f\u00fchren k\u00f6nnen. Es handelt sich um keine neuartigen und k\u00fcnstlichen Strahlungen, sondern um ganz nat\u00fcrliche Energien. Erdstrahlung ist \u00fcberall. Geologische St\u00f6rungen sind Zonen ver\u00e4nderter Erdstrahlung und [&hellip;]<\/p>\n","protected":false},"author":1,"featured_media":0,"parent":0,"menu_order":0,"comment_status":"closed","ping_status":"closed","template":"","meta":{"footnotes":""},"yoast_head":"<!-- This site is optimized with the Yoast SEO plugin v24.5 - https:\/\/yoast.com\/wordpress\/plugins\/seo\/ -->\n<title>Geopathische Belastung - Ojas Energie f\u00fcs Leben<\/title>\n<meta name=\"robots\" content=\"index, follow, max-snippet:-1, max-image-preview:large, max-video-preview:-1\" \/>\n<link rel=\"canonical\" href=\"https:\/\/ojas.de\/en\/geopathische-belastung\/\" \/>\n<meta property=\"og:locale\" content=\"en_GB\" \/>\n<meta property=\"og:type\" content=\"article\" \/>\n<meta property=\"og:title\" content=\"Geopathische Belastung - Ojas Energie f\u00fcs Leben\" \/>\n<meta property=\"og:description\" content=\"Geopathische-Belastung Geopathische-Belastung: Unter geopathischen Belastungen versteht man alle aus der Erde kommenden Strahlungen und Schwingungen, sogenannte Erdstrahlen, die bei l\u00e4ngerem Einfluss im Organismus, je nach Disposition zu verschiedenen Erkrankungen f\u00fchren k\u00f6nnen. Es handelt sich um keine neuartigen und k\u00fcnstlichen Strahlungen, sondern um ganz nat\u00fcrliche Energien. Erdstrahlung ist \u00fcberall. Geologische St\u00f6rungen sind Zonen ver\u00e4nderter Erdstrahlung und [&hellip;]\" \/>\n<meta property=\"og:url\" content=\"https:\/\/ojas.de\/en\/geopathische-belastung\/\" \/>\n<meta property=\"og:site_name\" content=\"Ojas Energie f\u00fcs Leben\" \/>\n<meta property=\"article:modified_time\" content=\"2021-07-08T17:47:23+00:00\" \/>\n<meta name=\"twitter:card\" content=\"summary_large_image\" \/>\n<meta name=\"twitter:label1\" content=\"Estimated reading time\" \/>\n\t<meta name=\"twitter:data1\" content=\"3 minutes\" \/>\n<script type=\"application\/ld+json\" class=\"yoast-schema-graph\">{\"@context\":\"https:\/\/schema.org\",\"@graph\":[{\"@type\":\"WebPage\",\"@id\":\"https:\/\/ojas.de\/geopathische-belastung\/\",\"url\":\"https:\/\/ojas.de\/geopathische-belastung\/\",\"name\":\"Geopathische Belastung - Ojas Energie f\u00fcs Leben\",\"isPartOf\":{\"@id\":\"https:\/\/ojas.de\/#website\"},\"datePublished\":\"2020-05-04T17:06:10+00:00\",\"dateModified\":\"2021-07-08T17:47:23+00:00\",\"breadcrumb\":{\"@id\":\"https:\/\/ojas.de\/geopathische-belastung\/#breadcrumb\"},\"inLanguage\":\"en-GB\",\"potentialAction\":[{\"@type\":\"ReadAction\",\"target\":[\"https:\/\/ojas.de\/geopathische-belastung\/\"]}]},{\"@type\":\"BreadcrumbList\",\"@id\":\"https:\/\/ojas.de\/geopathische-belastung\/#breadcrumb\",\"itemListElement\":[{\"@type\":\"ListItem\",\"position\":1,\"name\":\"Home\",\"item\":\"https:\/\/ojas.de\/\"},{\"@type\":\"ListItem\",\"position\":2,\"name\":\"Geopathische Belastung\"}]},{\"@type\":\"WebSite\",\"@id\":\"https:\/\/ojas.de\/#website\",\"url\":\"https:\/\/ojas.de\/\",\"name\":\"Ojas Energie f\u00fcs Leben\",\"description\":\"Luftreinigung, Bipolare ionisierte, saubere und gesunde Luft, reinigen von Elektrosmog, Groundig, energetische Belebung des Wohnraumes.\",\"publisher\":{\"@id\":\"https:\/\/ojas.de\/#organization\"},\"potentialAction\":[{\"@type\":\"SearchAction\",\"target\":{\"@type\":\"EntryPoint\",\"urlTemplate\":\"https:\/\/ojas.de\/?s={search_term_string}\"},\"query-input\":{\"@type\":\"PropertyValueSpecification\",\"valueRequired\":true,\"valueName\":\"search_term_string\"}}],\"inLanguage\":\"en-GB\"},{\"@type\":\"Organization\",\"@id\":\"https:\/\/ojas.de\/#organization\",\"name\":\"Ojas\",\"url\":\"https:\/\/ojas.de\/\",\"logo\":{\"@type\":\"ImageObject\",\"inLanguage\":\"en-GB\",\"@id\":\"https:\/\/ojas.de\/#\/schema\/logo\/image\/\",\"url\":\"https:\/\/ojas.de\/wp-content\/uploads\/2020\/04\/Ojas-logo_2.png\",\"contentUrl\":\"https:\/\/ojas.de\/wp-content\/uploads\/2020\/04\/Ojas-logo_2.png\",\"width\":375,\"height\":227,\"caption\":\"Ojas\"},\"image\":{\"@id\":\"https:\/\/ojas.de\/#\/schema\/logo\/image\/\"},\"sameAs\":[\"https:\/\/www.youtube.com\/watch?time_continue=2&amp;amp;amp;amp;v=UayAo5Fb_l0&amp;amp;amp;amp;feature=emb_logo\"]}]}<\/script>\n<!-- \/ Yoast SEO plugin. -->","yoast_head_json":{"title":"Geopathische Belastung - Ojas Energie f\u00fcs Leben","robots":{"index":"index","follow":"follow","max-snippet":"max-snippet:-1","max-image-preview":"max-image-preview:large","max-video-preview":"max-video-preview:-1"},"canonical":"https:\/\/ojas.de\/en\/geopathische-belastung\/","og_locale":"en_GB","og_type":"article","og_title":"Geopathische Belastung - Ojas Energie f\u00fcs Leben","og_description":"Geopathische-Belastung Geopathische-Belastung: Unter geopathischen Belastungen versteht man alle aus der Erde kommenden Strahlungen und Schwingungen, sogenannte Erdstrahlen, die bei l\u00e4ngerem Einfluss im Organismus, je nach Disposition zu verschiedenen Erkrankungen f\u00fchren k\u00f6nnen. Es handelt sich um keine neuartigen und k\u00fcnstlichen Strahlungen, sondern um ganz nat\u00fcrliche Energien. Erdstrahlung ist \u00fcberall. Geologische St\u00f6rungen sind Zonen ver\u00e4nderter Erdstrahlung und [&hellip;]","og_url":"https:\/\/ojas.de\/en\/geopathische-belastung\/","og_site_name":"Ojas Energie f\u00fcs Leben","article_modified_time":"2021-07-08T17:47:23+00:00","twitter_card":"summary_large_image","twitter_misc":{"Estimated reading time":"3 minutes"},"schema":{"@context":"https:\/\/schema.org","@graph":[{"@type":"WebPage","@id":"https:\/\/ojas.de\/geopathische-belastung\/","url":"https:\/\/ojas.de\/geopathische-belastung\/","name":"Geopathische Belastung - Ojas Energie f\u00fcs Leben","isPartOf":{"@id":"https:\/\/ojas.de\/#website"},"datePublished":"2020-05-04T17:06:10+00:00","dateModified":"2021-07-08T17:47:23+00:00","breadcrumb":{"@id":"https:\/\/ojas.de\/geopathische-belastung\/#breadcrumb"},"inLanguage":"en-GB","potentialAction":[{"@type":"ReadAction","target":["https:\/\/ojas.de\/geopathische-belastung\/"]}]},{"@type":"BreadcrumbList","@id":"https:\/\/ojas.de\/geopathische-belastung\/#breadcrumb","itemListElement":[{"@type":"ListItem","position":1,"name":"Home","item":"https:\/\/ojas.de\/"},{"@type":"ListItem","position":2,"name":"Geopathische Belastung"}]},{"@type":"WebSite","@id":"https:\/\/ojas.de\/#website","url":"https:\/\/ojas.de\/","name":"Ojas Energie f\u00fcs Leben","description":"Luftreinigung, Bipolare ionisierte, saubere und gesunde Luft, reinigen von Elektrosmog, Groundig, energetische Belebung des Wohnraumes.","publisher":{"@id":"https:\/\/ojas.de\/#organization"},"potentialAction":[{"@type":"SearchAction","target":{"@type":"EntryPoint","urlTemplate":"https:\/\/ojas.de\/?s={search_term_string}"},"query-input":{"@type":"PropertyValueSpecification","valueRequired":true,"valueName":"search_term_string"}}],"inLanguage":"en-GB"},{"@type":"Organization","@id":"https:\/\/ojas.de\/#organization","name":"Ojas","url":"https:\/\/ojas.de\/","logo":{"@type":"ImageObject","inLanguage":"en-GB","@id":"https:\/\/ojas.de\/#\/schema\/logo\/image\/","url":"https:\/\/ojas.de\/wp-content\/uploads\/2020\/04\/Ojas-logo_2.png","contentUrl":"https:\/\/ojas.de\/wp-content\/uploads\/2020\/04\/Ojas-logo_2.png","width":375,"height":227,"caption":"Ojas"},"image":{"@id":"https:\/\/ojas.de\/#\/schema\/logo\/image\/"},"sameAs":["https:\/\/www.youtube.com\/watch?time_continue=2&amp;amp;amp;amp;v=UayAo5Fb_l0&amp;amp;amp;amp;feature=emb_logo"]}]}},"_links":{"self":[{"href":"https:\/\/ojas.de\/en\/wp-json\/wp\/v2\/pages\/1300"}],"collection":[{"href":"https:\/\/ojas.de\/en\/wp-json\/wp\/v2\/pages"}],"about":[{"href":"https:\/\/ojas.de\/en\/wp-json\/wp\/v2\/types\/page"}],"author":[{"embeddable":true,"href":"https:\/\/ojas.de\/en\/wp-json\/wp\/v2\/users\/1"}],"replies":[{"embeddable":true,"href":"https:\/\/ojas.de\/en\/wp-json\/wp\/v2\/comments?post=1300"}],"version-history":[{"count":16,"href":"https:\/\/ojas.de\/en\/wp-json\/wp\/v2\/pages\/1300\/revisions"}],"predecessor-version":[{"id":3709,"href":"https:\/\/ojas.de\/en\/wp-json\/wp\/v2\/pages\/1300\/revisions\/3709"}],"wp:attachment":[{"href":"https:\/\/ojas.de\/en\/wp-json\/wp\/v2\/media?parent=1300"}],"curies":[{"name":"wp","href":"https:\/\/api.w.org\/{rel}","templated":true}]}}