{"id":1553,"date":"2020-05-12T13:35:00","date_gmt":"2020-05-12T13:35:00","guid":{"rendered":"https:\/\/ojas.de\/?page_id=1553"},"modified":"2021-07-08T11:19:20","modified_gmt":"2021-07-08T11:19:20","slug":"bedienungsanleitungen","status":"publish","type":"page","link":"https:\/\/ojas.de\/en\/bedienungsanleitungen\/","title":{"rendered":"Bedienungsanleitungen f\u00fcr Ojas EcoBionizer"},"content":{"rendered":"<div data-elementor-type=\"wp-page\" data-elementor-id=\"1553\" class=\"elementor elementor-1553\" data-elementor-post-type=\"page\">\n\t\t\t\t\t\t<section class=\"elementor-section elementor-top-section elementor-element elementor-element-382f521 elementor-section-boxed elementor-section-height-default elementor-section-height-default\" data-id=\"382f521\" data-element_type=\"section\">\n\t\t\t\t\t\t<div class=\"elementor-container elementor-column-gap-default\">\n\t\t\t\t\t<div class=\"elementor-column elementor-col-100 elementor-top-column elementor-element elementor-element-668d5f4\" data-id=\"668d5f4\" data-element_type=\"column\">\n\t\t\t<div class=\"elementor-widget-wrap\">\n\t\t\t\t\t\t\t<\/div>\n\t\t<\/div>\n\t\t\t\t\t<\/div>\n\t\t<\/section>\n\t\t\t\t<section class=\"elementor-section elementor-top-section elementor-element elementor-element-5bdae8c elementor-section-height-min-height elementor-section-boxed elementor-section-height-default elementor-section-items-middle\" data-id=\"5bdae8c\" data-element_type=\"section\" data-settings=\"{&quot;background_background&quot;:&quot;classic&quot;}\">\n\t\t\t\t\t\t<div class=\"elementor-container elementor-column-gap-default\">\n\t\t\t\t\t<div class=\"elementor-column elementor-col-100 elementor-top-column elementor-element elementor-element-a780fc9\" data-id=\"a780fc9\" data-element_type=\"column\">\n\t\t\t<div class=\"elementor-widget-wrap elementor-element-populated\">\n\t\t\t\t\t\t<div class=\"elementor-element elementor-element-b773b4e elementor-widget elementor-widget-heading\" data-id=\"b773b4e\" data-element_type=\"widget\" data-widget_type=\"heading.default\">\n\t\t\t\t<div class=\"elementor-widget-container\">\n\t\t\t\t\t<h2 class=\"elementor-heading-title elementor-size-default\">Bedienungsanleitungen - User Manual\u200b<\/h2>\t\t\t\t<\/div>\n\t\t\t\t<\/div>\n\t\t\t\t\t<\/div>\n\t\t<\/div>\n\t\t\t\t\t<\/div>\n\t\t<\/section>\n\t\t\t\t<section class=\"elementor-section elementor-top-section elementor-element elementor-element-c02b423 elementor-section-boxed elementor-section-height-default elementor-section-height-default\" data-id=\"c02b423\" data-element_type=\"section\" data-settings=\"{&quot;background_background&quot;:&quot;classic&quot;}\">\n\t\t\t\t\t\t<div class=\"elementor-container elementor-column-gap-default\">\n\t\t\t\t\t<div class=\"elementor-column elementor-col-50 elementor-top-column elementor-element elementor-element-90ed351\" data-id=\"90ed351\" data-element_type=\"column\" data-settings=\"{&quot;background_background&quot;:&quot;classic&quot;}\">\n\t\t\t<div class=\"elementor-widget-wrap elementor-element-populated\">\n\t\t\t\t\t\t<div class=\"elementor-element elementor-element-aa4273f elementor-widget elementor-widget-heading\" data-id=\"aa4273f\" data-element_type=\"widget\" data-widget_type=\"heading.default\">\n\t\t\t\t<div class=\"elementor-widget-container\">\n\t\t\t\t\t<h2 class=\"elementor-heading-title elementor-size-default\">Instruction manuals<\/h2>\t\t\t\t<\/div>\n\t\t\t\t<\/div>\n\t\t\t\t<div class=\"elementor-element elementor-element-f48007b elementor-widget elementor-widget-image\" data-id=\"f48007b\" data-element_type=\"widget\" data-widget_type=\"image.default\">\n\t\t\t\t<div class=\"elementor-widget-container\">\n\t\t\t\t\t\t\t\t\t\t\t\t\t\t\t<img fetchpriority=\"high\" decoding=\"async\" width=\"300\" height=\"200\" src=\"https:\/\/ojas.de\/wp-content\/uploads\/2020\/04\/Bionizer-Blue-mittel-300x200.png\" class=\"attachment-medium size-medium wp-image-412\" alt=\"\" srcset=\"https:\/\/ojas.de\/wp-content\/uploads\/2020\/04\/Bionizer-Blue-mittel-300x200.png 300w, https:\/\/ojas.de\/wp-content\/uploads\/2020\/04\/Bionizer-Blue-mittel.png 600w\" sizes=\"(max-width: 300px) 100vw, 300px\" \/>\t\t\t\t\t\t\t\t\t\t\t\t\t\t\t<\/div>\n\t\t\t\t<\/div>\n\t\t\t\t<div class=\"elementor-element elementor-element-355b6a0 elementor-widget elementor-widget-text-editor\" data-id=\"355b6a0\" data-element_type=\"widget\" data-widget_type=\"text-editor.default\">\n\t\t\t\t<div class=\"elementor-widget-container\">\n\t\t\t\t\t\t\t\t\t<p><a href=\"http:\/\/www.ojas.de\/datentransfer\/anleitungBlue_DE.PDF\" target=\"_blank\" rel=\"noopener\">Ojas EcoBionizer Blue deutsch<\/a><\/p>\t\t\t\t\t\t\t\t<\/div>\n\t\t\t\t<\/div>\n\t\t\t\t<div class=\"elementor-element elementor-element-59a1db9 elementor-widget elementor-widget-image\" data-id=\"59a1db9\" data-element_type=\"widget\" data-widget_type=\"image.default\">\n\t\t\t\t<div class=\"elementor-widget-container\">\n\t\t\t\t\t\t\t\t\t\t\t\t\t\t\t<img decoding=\"async\" width=\"300\" height=\"200\" src=\"https:\/\/ojas.de\/wp-content\/uploads\/2020\/04\/Bionizer_gold-300x200.png\" class=\"attachment-medium size-medium wp-image-385\" alt=\"\" srcset=\"https:\/\/ojas.de\/wp-content\/uploads\/2020\/04\/Bionizer_gold-300x200.png 300w, https:\/\/ojas.de\/wp-content\/uploads\/2020\/04\/Bionizer_gold-768x512.png 768w, https:\/\/ojas.de\/wp-content\/uploads\/2020\/04\/Bionizer_gold.png 879w\" sizes=\"(max-width: 300px) 100vw, 300px\" \/>\t\t\t\t\t\t\t\t\t\t\t\t\t\t\t<\/div>\n\t\t\t\t<\/div>\n\t\t\t\t<div class=\"elementor-element elementor-element-11e2dda elementor-widget elementor-widget-text-editor\" data-id=\"11e2dda\" data-element_type=\"widget\" data-widget_type=\"text-editor.default\">\n\t\t\t\t<div class=\"elementor-widget-container\">\n\t\t\t\t\t\t\t\t\t<p><a href=\"http:\/\/www.ojas.de\/datentransfer\/anleitungGold_DE.PDF\">Ojas EcoBionizer Gold deutsch<\/a><\/p>\t\t\t\t\t\t\t\t<\/div>\n\t\t\t\t<\/div>\n\t\t\t\t\t<\/div>\n\t\t<\/div>\n\t\t\t\t<div class=\"elementor-column elementor-col-50 elementor-top-column elementor-element elementor-element-85311af\" data-id=\"85311af\" data-element_type=\"column\" data-settings=\"{&quot;background_background&quot;:&quot;classic&quot;}\">\n\t\t\t<div class=\"elementor-widget-wrap elementor-element-populated\">\n\t\t\t\t\t\t<div class=\"elementor-element elementor-element-8e94707 elementor-widget elementor-widget-heading\" data-id=\"8e94707\" data-element_type=\"widget\" data-widget_type=\"heading.default\">\n\t\t\t\t<div class=\"elementor-widget-container\">\n\t\t\t\t\t<h2 class=\"elementor-heading-title elementor-size-default\">User Manual<\/h2>\t\t\t\t<\/div>\n\t\t\t\t<\/div>\n\t\t\t\t<div class=\"elementor-element elementor-element-28409ad elementor-widget elementor-widget-image\" data-id=\"28409ad\" data-element_type=\"widget\" data-widget_type=\"image.default\">\n\t\t\t\t<div class=\"elementor-widget-container\">\n\t\t\t\t\t\t\t\t\t\t\t\t\t\t\t<img fetchpriority=\"high\" decoding=\"async\" width=\"300\" height=\"200\" src=\"https:\/\/ojas.de\/wp-content\/uploads\/2020\/04\/Bionizer-Blue-mittel-300x200.png\" class=\"attachment-medium size-medium wp-image-412\" alt=\"\" srcset=\"https:\/\/ojas.de\/wp-content\/uploads\/2020\/04\/Bionizer-Blue-mittel-300x200.png 300w, https:\/\/ojas.de\/wp-content\/uploads\/2020\/04\/Bionizer-Blue-mittel.png 600w\" sizes=\"(max-width: 300px) 100vw, 300px\" \/>\t\t\t\t\t\t\t\t\t\t\t\t\t\t\t<\/div>\n\t\t\t\t<\/div>\n\t\t\t\t<div class=\"elementor-element elementor-element-e7da809 elementor-widget elementor-widget-text-editor\" data-id=\"e7da809\" data-element_type=\"widget\" data-widget_type=\"text-editor.default\">\n\t\t\t\t<div class=\"elementor-widget-container\">\n\t\t\t\t\t\t\t\t\t<p><a href=\"http:\/\/www.ojas.de\/datentransfer\/anleitungBlue_EN.PDF\">Ojas EcoBionizer Blue english<\/a><\/p>\t\t\t\t\t\t\t\t<\/div>\n\t\t\t\t<\/div>\n\t\t\t\t<div class=\"elementor-element elementor-element-d4c9596 elementor-widget elementor-widget-image\" data-id=\"d4c9596\" data-element_type=\"widget\" data-widget_type=\"image.default\">\n\t\t\t\t<div class=\"elementor-widget-container\">\n\t\t\t\t\t\t\t\t\t\t\t\t\t\t\t<img decoding=\"async\" width=\"300\" height=\"200\" src=\"https:\/\/ojas.de\/wp-content\/uploads\/2020\/04\/Bionizer_gold-300x200.png\" class=\"attachment-medium size-medium wp-image-385\" alt=\"\" srcset=\"https:\/\/ojas.de\/wp-content\/uploads\/2020\/04\/Bionizer_gold-300x200.png 300w, https:\/\/ojas.de\/wp-content\/uploads\/2020\/04\/Bionizer_gold-768x512.png 768w, https:\/\/ojas.de\/wp-content\/uploads\/2020\/04\/Bionizer_gold.png 879w\" sizes=\"(max-width: 300px) 100vw, 300px\" \/>\t\t\t\t\t\t\t\t\t\t\t\t\t\t\t<\/div>\n\t\t\t\t<\/div>\n\t\t\t\t<div class=\"elementor-element elementor-element-e3a9bb8 elementor-widget elementor-widget-text-editor\" data-id=\"e3a9bb8\" data-element_type=\"widget\" data-widget_type=\"text-editor.default\">\n\t\t\t\t<div class=\"elementor-widget-container\">\n\t\t\t\t\t\t\t\t\t<p><a href=\"http:\/\/www.ojas.de\/datentransfer\/anleitungGold_EN.PDF\">Ojas EcoBionizer Gold english<\/a><\/p>\t\t\t\t\t\t\t\t<\/div>\n\t\t\t\t<\/div>\n\t\t\t\t\t<\/div>\n\t\t<\/div>\n\t\t\t\t\t<\/div>\n\t\t<\/section>\n\t\t\t\t<\/div>","protected":false},"excerpt":{"rendered":"<p>Bedienungsanleitungen &#8211; User Manual\u200b Bedienungsanleitungen Ojas EcoBionizer Blue deutsch Ojas EcoBionizer Gold deutsch User Manual Ojas EcoBionizer Blue english Ojas EcoBionizer Gold english<\/p>","protected":false},"author":1,"featured_media":0,"parent":0,"menu_order":0,"comment_status":"closed","ping_status":"closed","template":"","meta":{"footnotes":""},"yoast_head":"<!-- This site is optimized with the Yoast SEO plugin v24.5 - https:\/\/yoast.com\/wordpress\/plugins\/seo\/ -->\n<title>Ojas Energie f\u00fcs Leben Bedienungsanleitungen f\u00fcr Ojas EcoBionizer<\/title>\n<meta name=\"description\" content=\"Hier finden Sie die Bedienungsanleitungen f\u00fcr Ojas EcoBionizer Blue und den Ojas EcoBionizer Gold als pdf in deutsch und english\" \/>\n<meta name=\"robots\" content=\"index, follow, max-snippet:-1, max-image-preview:large, max-video-preview:-1\" \/>\n<link rel=\"canonical\" href=\"https:\/\/ojas.de\/en\/bedienungsanleitungen\/\" \/>\n<meta property=\"og:locale\" content=\"en_GB\" \/>\n<meta property=\"og:type\" content=\"article\" \/>\n<meta property=\"og:title\" content=\"Ojas Energie f\u00fcs Leben Bedienungsanleitungen f\u00fcr Ojas EcoBionizer\" \/>\n<meta property=\"og:description\" content=\"Hier finden Sie die Bedienungsanleitungen f\u00fcr Ojas EcoBionizer Blue und den Ojas EcoBionizer Gold als pdf in deutsch und english\" \/>\n<meta property=\"og:url\" content=\"https:\/\/ojas.de\/en\/bedienungsanleitungen\/\" \/>\n<meta property=\"og:site_name\" content=\"Ojas Energie f\u00fcs Leben\" \/>\n<meta property=\"article:modified_time\" content=\"2021-07-08T11:19:20+00:00\" \/>\n<meta property=\"og:image\" content=\"https:\/\/ojas.de\/wp-content\/uploads\/2020\/04\/Bionizer-Blue-mittel-300x200.png\" \/>\n<meta name=\"twitter:card\" content=\"summary_large_image\" \/>\n<meta name=\"twitter:label1\" content=\"Estimated reading time\" \/>\n\t<meta name=\"twitter:data1\" content=\"1 minute\" \/>\n<script type=\"application\/ld+json\" class=\"yoast-schema-graph\">{\"@context\":\"https:\/\/schema.org\",\"@graph\":[{\"@type\":\"WebPage\",\"@id\":\"https:\/\/ojas.de\/bedienungsanleitungen\/\",\"url\":\"https:\/\/ojas.de\/bedienungsanleitungen\/\",\"name\":\"Ojas Energie f\u00fcs Leben Bedienungsanleitungen f\u00fcr Ojas EcoBionizer\",\"isPartOf\":{\"@id\":\"https:\/\/ojas.de\/#website\"},\"primaryImageOfPage\":{\"@id\":\"https:\/\/ojas.de\/bedienungsanleitungen\/#primaryimage\"},\"image\":{\"@id\":\"https:\/\/ojas.de\/bedienungsanleitungen\/#primaryimage\"},\"thumbnailUrl\":\"https:\/\/ojas.de\/wp-content\/uploads\/2020\/04\/Bionizer-Blue-mittel-300x200.png\",\"datePublished\":\"2020-05-12T13:35:00+00:00\",\"dateModified\":\"2021-07-08T11:19:20+00:00\",\"description\":\"Hier finden Sie die Bedienungsanleitungen f\u00fcr Ojas EcoBionizer Blue und den Ojas EcoBionizer Gold als pdf in deutsch und english\",\"breadcrumb\":{\"@id\":\"https:\/\/ojas.de\/bedienungsanleitungen\/#breadcrumb\"},\"inLanguage\":\"en-GB\",\"potentialAction\":[{\"@type\":\"ReadAction\",\"target\":[\"https:\/\/ojas.de\/bedienungsanleitungen\/\"]}]},{\"@type\":\"ImageObject\",\"inLanguage\":\"en-GB\",\"@id\":\"https:\/\/ojas.de\/bedienungsanleitungen\/#primaryimage\",\"url\":\"https:\/\/ojas.de\/wp-content\/uploads\/2020\/04\/Bionizer-Blue-mittel-300x200.png\",\"contentUrl\":\"https:\/\/ojas.de\/wp-content\/uploads\/2020\/04\/Bionizer-Blue-mittel-300x200.png\"},{\"@type\":\"BreadcrumbList\",\"@id\":\"https:\/\/ojas.de\/bedienungsanleitungen\/#breadcrumb\",\"itemListElement\":[{\"@type\":\"ListItem\",\"position\":1,\"name\":\"Home\",\"item\":\"https:\/\/ojas.de\/\"},{\"@type\":\"ListItem\",\"position\":2,\"name\":\"Bedienungsanleitungen f\u00fcr Ojas EcoBionizer\"}]},{\"@type\":\"WebSite\",\"@id\":\"https:\/\/ojas.de\/#website\",\"url\":\"https:\/\/ojas.de\/\",\"name\":\"Ojas Energie f\u00fcs Leben\",\"description\":\"Luftreinigung, Bipolare ionisierte, saubere und gesunde Luft, reinigen von Elektrosmog, Groundig, energetische Belebung des Wohnraumes.\",\"publisher\":{\"@id\":\"https:\/\/ojas.de\/#organization\"},\"potentialAction\":[{\"@type\":\"SearchAction\",\"target\":{\"@type\":\"EntryPoint\",\"urlTemplate\":\"https:\/\/ojas.de\/?s={search_term_string}\"},\"query-input\":{\"@type\":\"PropertyValueSpecification\",\"valueRequired\":true,\"valueName\":\"search_term_string\"}}],\"inLanguage\":\"en-GB\"},{\"@type\":\"Organization\",\"@id\":\"https:\/\/ojas.de\/#organization\",\"name\":\"Ojas\",\"url\":\"https:\/\/ojas.de\/\",\"logo\":{\"@type\":\"ImageObject\",\"inLanguage\":\"en-GB\",\"@id\":\"https:\/\/ojas.de\/#\/schema\/logo\/image\/\",\"url\":\"https:\/\/ojas.de\/wp-content\/uploads\/2020\/04\/Ojas-logo_2.png\",\"contentUrl\":\"https:\/\/ojas.de\/wp-content\/uploads\/2020\/04\/Ojas-logo_2.png\",\"width\":375,\"height\":227,\"caption\":\"Ojas\"},\"image\":{\"@id\":\"https:\/\/ojas.de\/#\/schema\/logo\/image\/\"},\"sameAs\":[\"https:\/\/www.youtube.com\/watch?time_continue=2&amp;amp;amp;amp;v=UayAo5Fb_l0&amp;amp;amp;amp;feature=emb_logo\"]}]}<\/script>\n<!-- \/ Yoast SEO plugin. -->","yoast_head_json":{"title":"Ojas Energie f\u00fcs Leben Bedienungsanleitungen f\u00fcr Ojas EcoBionizer","description":"Hier finden Sie die Bedienungsanleitungen f\u00fcr Ojas EcoBionizer Blue und den Ojas EcoBionizer Gold als pdf in deutsch und english","robots":{"index":"index","follow":"follow","max-snippet":"max-snippet:-1","max-image-preview":"max-image-preview:large","max-video-preview":"max-video-preview:-1"},"canonical":"https:\/\/ojas.de\/en\/bedienungsanleitungen\/","og_locale":"en_GB","og_type":"article","og_title":"Ojas Energie f\u00fcs Leben Bedienungsanleitungen f\u00fcr Ojas EcoBionizer","og_description":"Hier finden Sie die Bedienungsanleitungen f\u00fcr Ojas EcoBionizer Blue und den Ojas EcoBionizer Gold als pdf in deutsch und english","og_url":"https:\/\/ojas.de\/en\/bedienungsanleitungen\/","og_site_name":"Ojas Energie f\u00fcs Leben","article_modified_time":"2021-07-08T11:19:20+00:00","og_image":[{"url":"https:\/\/ojas.de\/wp-content\/uploads\/2020\/04\/Bionizer-Blue-mittel-300x200.png","type":"","width":"","height":""}],"twitter_card":"summary_large_image","twitter_misc":{"Estimated reading time":"1 minute"},"schema":{"@context":"https:\/\/schema.org","@graph":[{"@type":"WebPage","@id":"https:\/\/ojas.de\/bedienungsanleitungen\/","url":"https:\/\/ojas.de\/bedienungsanleitungen\/","name":"Ojas Energie f\u00fcs Leben Bedienungsanleitungen f\u00fcr Ojas EcoBionizer","isPartOf":{"@id":"https:\/\/ojas.de\/#website"},"primaryImageOfPage":{"@id":"https:\/\/ojas.de\/bedienungsanleitungen\/#primaryimage"},"image":{"@id":"https:\/\/ojas.de\/bedienungsanleitungen\/#primaryimage"},"thumbnailUrl":"https:\/\/ojas.de\/wp-content\/uploads\/2020\/04\/Bionizer-Blue-mittel-300x200.png","datePublished":"2020-05-12T13:35:00+00:00","dateModified":"2021-07-08T11:19:20+00:00","description":"Hier finden Sie die Bedienungsanleitungen f\u00fcr Ojas EcoBionizer Blue und den Ojas EcoBionizer Gold als pdf in deutsch und english","breadcrumb":{"@id":"https:\/\/ojas.de\/bedienungsanleitungen\/#breadcrumb"},"inLanguage":"en-GB","potentialAction":[{"@type":"ReadAction","target":["https:\/\/ojas.de\/bedienungsanleitungen\/"]}]},{"@type":"ImageObject","inLanguage":"en-GB","@id":"https:\/\/ojas.de\/bedienungsanleitungen\/#primaryimage","url":"https:\/\/ojas.de\/wp-content\/uploads\/2020\/04\/Bionizer-Blue-mittel-300x200.png","contentUrl":"https:\/\/ojas.de\/wp-content\/uploads\/2020\/04\/Bionizer-Blue-mittel-300x200.png"},{"@type":"BreadcrumbList","@id":"https:\/\/ojas.de\/bedienungsanleitungen\/#breadcrumb","itemListElement":[{"@type":"ListItem","position":1,"name":"Home","item":"https:\/\/ojas.de\/"},{"@type":"ListItem","position":2,"name":"Bedienungsanleitungen f\u00fcr Ojas EcoBionizer"}]},{"@type":"WebSite","@id":"https:\/\/ojas.de\/#website","url":"https:\/\/ojas.de\/","name":"Ojas Energie f\u00fcs Leben","description":"Luftreinigung, Bipolare ionisierte, saubere und gesunde Luft, reinigen von Elektrosmog, Groundig, energetische Belebung des Wohnraumes.","publisher":{"@id":"https:\/\/ojas.de\/#organization"},"potentialAction":[{"@type":"SearchAction","target":{"@type":"EntryPoint","urlTemplate":"https:\/\/ojas.de\/?s={search_term_string}"},"query-input":{"@type":"PropertyValueSpecification","valueRequired":true,"valueName":"search_term_string"}}],"inLanguage":"en-GB"},{"@type":"Organization","@id":"https:\/\/ojas.de\/#organization","name":"Ojas","url":"https:\/\/ojas.de\/","logo":{"@type":"ImageObject","inLanguage":"en-GB","@id":"https:\/\/ojas.de\/#\/schema\/logo\/image\/","url":"https:\/\/ojas.de\/wp-content\/uploads\/2020\/04\/Ojas-logo_2.png","contentUrl":"https:\/\/ojas.de\/wp-content\/uploads\/2020\/04\/Ojas-logo_2.png","width":375,"height":227,"caption":"Ojas"},"image":{"@id":"https:\/\/ojas.de\/#\/schema\/logo\/image\/"},"sameAs":["https:\/\/www.youtube.com\/watch?time_continue=2&amp;amp;amp;amp;v=UayAo5Fb_l0&amp;amp;amp;amp;feature=emb_logo"]}]}},"_links":{"self":[{"href":"https:\/\/ojas.de\/en\/wp-json\/wp\/v2\/pages\/1553"}],"collection":[{"href":"https:\/\/ojas.de\/en\/wp-json\/wp\/v2\/pages"}],"about":[{"href":"https:\/\/ojas.de\/en\/wp-json\/wp\/v2\/types\/page"}],"author":[{"embeddable":true,"href":"https:\/\/ojas.de\/en\/wp-json\/wp\/v2\/users\/1"}],"replies":[{"embeddable":true,"href":"https:\/\/ojas.de\/en\/wp-json\/wp\/v2\/comments?post=1553"}],"version-history":[{"count":37,"href":"https:\/\/ojas.de\/en\/wp-json\/wp\/v2\/pages\/1553\/revisions"}],"predecessor-version":[{"id":3509,"href":"https:\/\/ojas.de\/en\/wp-json\/wp\/v2\/pages\/1553\/revisions\/3509"}],"wp:attachment":[{"href":"https:\/\/ojas.de\/en\/wp-json\/wp\/v2\/media?parent=1553"}],"curies":[{"name":"wp","href":"https:\/\/api.w.org\/{rel}","templated":true}]}}