{"id":179,"date":"2020-04-10T17:34:12","date_gmt":"2020-04-10T17:34:12","guid":{"rendered":"https:\/\/goloka.de\/?page_id=179"},"modified":"2021-07-08T18:07:09","modified_gmt":"2021-07-08T18:07:09","slug":"impressum","status":"publish","type":"page","link":"https:\/\/ojas.de\/en\/impressum\/","title":{"rendered":"Imprint"},"content":{"rendered":"<div data-elementor-type=\"wp-page\" data-elementor-id=\"179\" class=\"elementor elementor-179\" data-elementor-post-type=\"page\">\n\t\t\t\t\t\t<section class=\"elementor-section elementor-top-section elementor-element elementor-element-1e13c84 elementor-section-boxed elementor-section-height-default elementor-section-height-default\" data-id=\"1e13c84\" data-element_type=\"section\">\n\t\t\t\t\t\t<div class=\"elementor-container elementor-column-gap-default\">\n\t\t\t\t\t<div class=\"elementor-column elementor-col-100 elementor-top-column elementor-element elementor-element-6468bde\" data-id=\"6468bde\" data-element_type=\"column\" data-settings=\"{&quot;background_background&quot;:&quot;none&quot;}\">\n\t\t\t<div class=\"elementor-widget-wrap elementor-element-populated\">\n\t\t\t\t\t\t<div class=\"elementor-element elementor-element-cc4831d elementor-widget elementor-widget-menu-anchor\" data-id=\"cc4831d\" data-element_type=\"widget\" data-widget_type=\"menu-anchor.default\">\n\t\t\t\t<div class=\"elementor-widget-container\">\n\t\t\t\t\t\t\t<div class=\"elementor-menu-anchor\" id=\"Impressum\"><\/div>\n\t\t\t\t\t\t<\/div>\n\t\t\t\t<\/div>\n\t\t\t\t<div class=\"elementor-element elementor-element-6d8cf0c elementor-widget elementor-widget-heading\" data-id=\"6d8cf0c\" data-element_type=\"widget\" data-widget_type=\"heading.default\">\n\t\t\t\t<div class=\"elementor-widget-container\">\n\t\t\t\t\t<h2 class=\"elementor-heading-title elementor-size-large\">Imprint<\/h2>\t\t\t\t<\/div>\n\t\t\t\t<\/div>\n\t\t\t\t<div class=\"elementor-element elementor-element-972c0da elementor-widget elementor-widget-text-editor\" data-id=\"972c0da\" data-element_type=\"widget\" data-widget_type=\"text-editor.default\">\n\t\t\t\t<div class=\"elementor-widget-container\">\n\t\t\t\t\t\t\t\t\t<p>Angaben gem\u00e4\u00df \u00a7 5 TMG:<\/p><p>S\u00e4mtliche Inhalte dieser Website unterliegen dem Urheberrecht von<\/p><div>Ojas Energie f\u00fcs Leben<\/div><div>Mahan Bachmann<br \/>Dienstleistungen<br \/>Am Eschenausteg 14<br \/>90768 F\u00fcrth<\/div><p><b>Kontakt:<\/b><\/p><table cellspacing=\"0\" cellpadding=\"0\"><tbody><tr><td valign=\"middle\"><p>Telefon:<\/p><\/td><td valign=\"middle\"><p>+49 (0) 911 720348<\/p><\/td><\/tr><tr><td valign=\"middle\"><p>E-Mail:<\/p><\/td><td valign=\"middle\"><p><a href=\"mailto:mb@ojas.de\">mb@ojas.de<\/a><\/p><\/td><\/tr><\/tbody><\/table><p><b>Umsatzsteuer-ID:<\/b><\/p><p>Umsatzsteuer-Identifikationsnummer gem\u00e4\u00df \u00a727 a Umsatzsteuergesetz:<br \/>DE132.659.858<\/p><p>\u00a0<\/p><p><b>Aufsichtsbeh\u00f6rde:<\/b><\/p><p>Stadt F\u00fcrth<\/p><p>Source: <a href=\"http:\/\/www.e-recht24.de\/impressum-generator.html\"><i>Impressum-Generator<\/i><\/a><i>, Rechtsanwalt f\u00fcr Internetrecht S\u00f6ren Siebert<\/i><\/p><p><b>Haftungsausschluss:<\/b><\/p><p><b>Haftung f\u00fcr Inhalte<\/b><\/p><p>Die Inhalte unserer Seiten wurden mit gr\u00f6\u00dfter Sorgfalt erstellt. F\u00fcr die Richtigkeit, Vollst\u00e4ndigkeit und Aktualit\u00e4t der Inhalte k\u00f6nnen wir jedoch keine Gew\u00e4hr \u00fcbernehmen. Als Diensteanbieter sind wir gem\u00e4\u00df \u00a7 7 Abs.1 TMG f\u00fcr eigene Inhalte auf diesen Seiten nach den allgemeinen Gesetzen verantwortlich. Nach \u00a7\u00a7 8 bis 10 TMG sind wir als Diensteanbieter jedoch nicht verpflichtet, \u00fcbermittelte oder gespeicherte fremde Informationen zu \u00fcberwachen oder nach Umst\u00e4nden zu forschen, die auf eine rechtswidrige T\u00e4tigkeit hinweisen. Verpflichtungen zur Entfernung oder Sperrung der Nutzung von Informationen nach den allgemeinen Gesetzen bleiben hiervon unber\u00fchrt. Eine diesbez\u00fcgliche Haftung ist jedoch erst ab dem Zeitpunkt der Kenntnis einer konkreten Rechtsverletzung m\u00f6glich. Bei Bekanntwerden von entsprechenden Rechtsverletzungen werden wir diese Inhalte umgehend entfernen.<\/p><p><b>Haftung f\u00fcr Links<\/b><\/p><p>Unser Angebot enth\u00e4lt Links zu externen Webseiten Dritter, auf deren Inhalte wir keinen Einfluss haben. Deshalb k\u00f6nnen wir f\u00fcr diese fremden Inhalte auch keine Gew\u00e4hr \u00fcbernehmen. F\u00fcr die Inhalte der verlinkten Seiten ist stets der jeweilige Anbieter oder Betreiber der Seiten verantwortlich. Die verlinkten Seiten wurden zum Zeitpunkt der Verlinkung auf m\u00f6gliche Rechtsverst\u00f6\u00dfe \u00fcberpr\u00fcft. Rechtswidrige Inhalte waren zum Zeitpunkt der Verlinkung nicht erkennbar. Eine permanente inhaltliche Kontrolle der verlinkten Seiten ist jedoch ohne konkrete Anhaltspunkte einer Rechtsverletzung nicht zumutbar. Bei Bekanntwerden von Rechtsverletzungen werden wir derartige Links umgehend entfernen.<\/p><p><b>Urheberrecht<\/b><\/p><p>Die durch die Seitenbetreiber erstellten Inhalte und Werke auf diesen Seiten unterliegen dem deutschen Urheberrecht. Die Vervielf\u00e4ltigung, Bearbeitung, Verbreitung und jede Art der Verwertung au\u00dferhalb der Grenzen des Urheberrechtes bed\u00fcrfen der schriftlichen Zustimmung des jeweiligen Autors bzw. Erstellers. Downloads und Kopien dieser Seite sind nur f\u00fcr den privaten, nicht kommerziellen Gebrauch gestattet. Soweit die Inhalte auf dieser Seite nicht vom Betreiber erstellt wurden, werden die Urheberrechte Dritter beachtet. Insbesondere werden Inhalte Dritter als solche gekennzeichnet. Sollten Sie trotzdem auf eine Urheberrechtsverletzung aufmerksam werden, bitten wir um einen entsprechenden Hinweis. Bei Bekanntwerden von Rechtsverletzungen werden wir derartige Inhalte umgehend entfernen.<\/p><p><b>Bilder<\/b><\/p><p>bei Fotolia (Surpasspro, Luna), Soyana CH, J\u00f6rg Schmitd, Mahan Bachmann<b><br \/><\/b><\/p>\t\t\t\t\t\t\t\t<\/div>\n\t\t\t\t<\/div>\n\t\t\t\t\t<\/div>\n\t\t<\/div>\n\t\t\t\t\t<\/div>\n\t\t<\/section>\n\t\t\t\t<\/div>","protected":false},"excerpt":{"rendered":"<p>Impressum Angaben gem\u00e4\u00df \u00a7 5 TMG: S\u00e4mtliche Inhalte dieser Website unterliegen dem Urheberrecht von Ojas Energie f\u00fcs LebenMahan BachmannDienstleistungenAm Eschenausteg 1490768 F\u00fcrth Kontakt: Telefon: +49 (0) 911 720348 E-Mail: mb@ojas.de Umsatzsteuer-ID: Umsatzsteuer-Identifikationsnummer gem\u00e4\u00df \u00a727 a Umsatzsteuergesetz:DE132.659.858 \u00a0 Aufsichtsbeh\u00f6rde: Stadt F\u00fcrth Quelle: Impressum-Generator, Rechtsanwalt f\u00fcr Internetrecht S\u00f6ren Siebert Haftungsausschluss: Haftung f\u00fcr Inhalte Die Inhalte unserer Seiten [&hellip;]<\/p>\n","protected":false},"author":1,"featured_media":0,"parent":0,"menu_order":0,"comment_status":"closed","ping_status":"closed","template":"","meta":{"footnotes":""},"yoast_head":"<!-- This site is optimized with the Yoast SEO plugin v24.5 - https:\/\/yoast.com\/wordpress\/plugins\/seo\/ -->\n<title>Impressum - Ojas Energie f\u00fcs Leben<\/title>\n<meta name=\"robots\" content=\"index, follow, max-snippet:-1, max-image-preview:large, max-video-preview:-1\" \/>\n<link rel=\"canonical\" href=\"https:\/\/ojas.de\/en\/impressum\/\" \/>\n<meta property=\"og:locale\" content=\"en_GB\" \/>\n<meta property=\"og:type\" content=\"article\" \/>\n<meta property=\"og:title\" content=\"Impressum - Ojas Energie f\u00fcs Leben\" \/>\n<meta property=\"og:description\" content=\"Impressum Angaben gem\u00e4\u00df \u00a7 5 TMG: S\u00e4mtliche Inhalte dieser Website unterliegen dem Urheberrecht von Ojas Energie f\u00fcs LebenMahan BachmannDienstleistungenAm Eschenausteg 1490768 F\u00fcrth Kontakt: Telefon: +49 (0) 911 720348 E-Mail: mb@ojas.de Umsatzsteuer-ID: Umsatzsteuer-Identifikationsnummer gem\u00e4\u00df \u00a727 a Umsatzsteuergesetz:DE132.659.858 \u00a0 Aufsichtsbeh\u00f6rde: Stadt F\u00fcrth Quelle: Impressum-Generator, Rechtsanwalt f\u00fcr Internetrecht S\u00f6ren Siebert Haftungsausschluss: Haftung f\u00fcr Inhalte Die Inhalte unserer Seiten [&hellip;]\" \/>\n<meta property=\"og:url\" content=\"https:\/\/ojas.de\/en\/impressum\/\" \/>\n<meta property=\"og:site_name\" content=\"Ojas Energie f\u00fcs Leben\" \/>\n<meta property=\"article:modified_time\" content=\"2021-07-08T18:07:09+00:00\" \/>\n<meta name=\"twitter:card\" content=\"summary_large_image\" \/>\n<meta name=\"twitter:label1\" content=\"Estimated reading time\" \/>\n\t<meta name=\"twitter:data1\" content=\"2 minutes\" \/>\n<script type=\"application\/ld+json\" class=\"yoast-schema-graph\">{\"@context\":\"https:\/\/schema.org\",\"@graph\":[{\"@type\":\"WebPage\",\"@id\":\"https:\/\/ojas.de\/impressum\/\",\"url\":\"https:\/\/ojas.de\/impressum\/\",\"name\":\"Impressum - Ojas Energie f\u00fcs Leben\",\"isPartOf\":{\"@id\":\"https:\/\/ojas.de\/#website\"},\"datePublished\":\"2020-04-10T17:34:12+00:00\",\"dateModified\":\"2021-07-08T18:07:09+00:00\",\"breadcrumb\":{\"@id\":\"https:\/\/ojas.de\/impressum\/#breadcrumb\"},\"inLanguage\":\"en-GB\",\"potentialAction\":[{\"@type\":\"ReadAction\",\"target\":[\"https:\/\/ojas.de\/impressum\/\"]}]},{\"@type\":\"BreadcrumbList\",\"@id\":\"https:\/\/ojas.de\/impressum\/#breadcrumb\",\"itemListElement\":[{\"@type\":\"ListItem\",\"position\":1,\"name\":\"Home\",\"item\":\"https:\/\/ojas.de\/\"},{\"@type\":\"ListItem\",\"position\":2,\"name\":\"Impressum\"}]},{\"@type\":\"WebSite\",\"@id\":\"https:\/\/ojas.de\/#website\",\"url\":\"https:\/\/ojas.de\/\",\"name\":\"Ojas Energie f\u00fcs Leben\",\"description\":\"Luftreinigung, Bipolare ionisierte, saubere und gesunde Luft, reinigen von Elektrosmog, Groundig, energetische Belebung des Wohnraumes.\",\"publisher\":{\"@id\":\"https:\/\/ojas.de\/#organization\"},\"potentialAction\":[{\"@type\":\"SearchAction\",\"target\":{\"@type\":\"EntryPoint\",\"urlTemplate\":\"https:\/\/ojas.de\/?s={search_term_string}\"},\"query-input\":{\"@type\":\"PropertyValueSpecification\",\"valueRequired\":true,\"valueName\":\"search_term_string\"}}],\"inLanguage\":\"en-GB\"},{\"@type\":\"Organization\",\"@id\":\"https:\/\/ojas.de\/#organization\",\"name\":\"Ojas\",\"url\":\"https:\/\/ojas.de\/\",\"logo\":{\"@type\":\"ImageObject\",\"inLanguage\":\"en-GB\",\"@id\":\"https:\/\/ojas.de\/#\/schema\/logo\/image\/\",\"url\":\"https:\/\/ojas.de\/wp-content\/uploads\/2020\/04\/Ojas-logo_2.png\",\"contentUrl\":\"https:\/\/ojas.de\/wp-content\/uploads\/2020\/04\/Ojas-logo_2.png\",\"width\":375,\"height\":227,\"caption\":\"Ojas\"},\"image\":{\"@id\":\"https:\/\/ojas.de\/#\/schema\/logo\/image\/\"},\"sameAs\":[\"https:\/\/www.youtube.com\/watch?time_continue=2&amp;amp;amp;amp;v=UayAo5Fb_l0&amp;amp;amp;amp;feature=emb_logo\"]}]}<\/script>\n<!-- \/ Yoast SEO plugin. -->","yoast_head_json":{"title":"Impressum - Ojas Energie f\u00fcs Leben","robots":{"index":"index","follow":"follow","max-snippet":"max-snippet:-1","max-image-preview":"max-image-preview:large","max-video-preview":"max-video-preview:-1"},"canonical":"https:\/\/ojas.de\/en\/impressum\/","og_locale":"en_GB","og_type":"article","og_title":"Impressum - Ojas Energie f\u00fcs Leben","og_description":"Impressum Angaben gem\u00e4\u00df \u00a7 5 TMG: S\u00e4mtliche Inhalte dieser Website unterliegen dem Urheberrecht von Ojas Energie f\u00fcs LebenMahan BachmannDienstleistungenAm Eschenausteg 1490768 F\u00fcrth Kontakt: Telefon: +49 (0) 911 720348 E-Mail: mb@ojas.de Umsatzsteuer-ID: Umsatzsteuer-Identifikationsnummer gem\u00e4\u00df \u00a727 a Umsatzsteuergesetz:DE132.659.858 \u00a0 Aufsichtsbeh\u00f6rde: Stadt F\u00fcrth Quelle: Impressum-Generator, Rechtsanwalt f\u00fcr Internetrecht S\u00f6ren Siebert Haftungsausschluss: Haftung f\u00fcr Inhalte Die Inhalte unserer Seiten [&hellip;]","og_url":"https:\/\/ojas.de\/en\/impressum\/","og_site_name":"Ojas Energie f\u00fcs Leben","article_modified_time":"2021-07-08T18:07:09+00:00","twitter_card":"summary_large_image","twitter_misc":{"Estimated reading time":"2 minutes"},"schema":{"@context":"https:\/\/schema.org","@graph":[{"@type":"WebPage","@id":"https:\/\/ojas.de\/impressum\/","url":"https:\/\/ojas.de\/impressum\/","name":"Impressum - Ojas Energie f\u00fcs Leben","isPartOf":{"@id":"https:\/\/ojas.de\/#website"},"datePublished":"2020-04-10T17:34:12+00:00","dateModified":"2021-07-08T18:07:09+00:00","breadcrumb":{"@id":"https:\/\/ojas.de\/impressum\/#breadcrumb"},"inLanguage":"en-GB","potentialAction":[{"@type":"ReadAction","target":["https:\/\/ojas.de\/impressum\/"]}]},{"@type":"BreadcrumbList","@id":"https:\/\/ojas.de\/impressum\/#breadcrumb","itemListElement":[{"@type":"ListItem","position":1,"name":"Home","item":"https:\/\/ojas.de\/"},{"@type":"ListItem","position":2,"name":"Impressum"}]},{"@type":"WebSite","@id":"https:\/\/ojas.de\/#website","url":"https:\/\/ojas.de\/","name":"Ojas Energie f\u00fcs Leben","description":"Luftreinigung, Bipolare ionisierte, saubere und gesunde Luft, reinigen von Elektrosmog, Groundig, energetische Belebung des Wohnraumes.","publisher":{"@id":"https:\/\/ojas.de\/#organization"},"potentialAction":[{"@type":"SearchAction","target":{"@type":"EntryPoint","urlTemplate":"https:\/\/ojas.de\/?s={search_term_string}"},"query-input":{"@type":"PropertyValueSpecification","valueRequired":true,"valueName":"search_term_string"}}],"inLanguage":"en-GB"},{"@type":"Organization","@id":"https:\/\/ojas.de\/#organization","name":"Ojas","url":"https:\/\/ojas.de\/","logo":{"@type":"ImageObject","inLanguage":"en-GB","@id":"https:\/\/ojas.de\/#\/schema\/logo\/image\/","url":"https:\/\/ojas.de\/wp-content\/uploads\/2020\/04\/Ojas-logo_2.png","contentUrl":"https:\/\/ojas.de\/wp-content\/uploads\/2020\/04\/Ojas-logo_2.png","width":375,"height":227,"caption":"Ojas"},"image":{"@id":"https:\/\/ojas.de\/#\/schema\/logo\/image\/"},"sameAs":["https:\/\/www.youtube.com\/watch?time_continue=2&amp;amp;amp;amp;v=UayAo5Fb_l0&amp;amp;amp;amp;feature=emb_logo"]}]}},"_links":{"self":[{"href":"https:\/\/ojas.de\/en\/wp-json\/wp\/v2\/pages\/179"}],"collection":[{"href":"https:\/\/ojas.de\/en\/wp-json\/wp\/v2\/pages"}],"about":[{"href":"https:\/\/ojas.de\/en\/wp-json\/wp\/v2\/types\/page"}],"author":[{"embeddable":true,"href":"https:\/\/ojas.de\/en\/wp-json\/wp\/v2\/users\/1"}],"replies":[{"embeddable":true,"href":"https:\/\/ojas.de\/en\/wp-json\/wp\/v2\/comments?post=179"}],"version-history":[{"count":6,"href":"https:\/\/ojas.de\/en\/wp-json\/wp\/v2\/pages\/179\/revisions"}],"predecessor-version":[{"id":3746,"href":"https:\/\/ojas.de\/en\/wp-json\/wp\/v2\/pages\/179\/revisions\/3746"}],"wp:attachment":[{"href":"https:\/\/ojas.de\/en\/wp-json\/wp\/v2\/media?parent=179"}],"curies":[{"name":"wp","href":"https:\/\/api.w.org\/{rel}","templated":true}]}}