{"id":2170,"date":"2020-07-16T21:54:47","date_gmt":"2020-07-16T21:54:47","guid":{"rendered":"https:\/\/ojas.de\/?page_id=2170"},"modified":"2021-07-08T18:06:44","modified_gmt":"2021-07-08T18:06:44","slug":"grounding_erdung","status":"publish","type":"page","link":"https:\/\/ojas.de\/en\/grounding_erdung\/","title":{"rendered":"Grounding, Erdung"},"content":{"rendered":"\t\t<div data-elementor-type=\"wp-page\" data-elementor-id=\"2170\" class=\"elementor elementor-2170\" data-elementor-post-type=\"page\">\n\t\t\t\t\t\t<section class=\"elementor-section elementor-top-section elementor-element elementor-element-7c8b085 elementor-section-height-min-height elementor-section-boxed elementor-section-height-default elementor-section-items-middle\" data-id=\"7c8b085\" data-element_type=\"section\" data-settings=\"{&quot;background_background&quot;:&quot;classic&quot;}\">\n\t\t\t\t\t\t<div class=\"elementor-container elementor-column-gap-default\">\n\t\t\t\t\t<div class=\"elementor-column elementor-col-100 elementor-top-column elementor-element elementor-element-b66e71d\" data-id=\"b66e71d\" data-element_type=\"column\">\n\t\t\t<div class=\"elementor-widget-wrap elementor-element-populated\">\n\t\t\t\t\t\t<div class=\"elementor-element elementor-element-212867f elementor-widget elementor-widget-heading\" data-id=\"212867f\" data-element_type=\"widget\" data-widget_type=\"heading.default\">\n\t\t\t\t<div class=\"elementor-widget-container\">\n\t\t\t\t\t<h1 class=\"elementor-heading-title elementor-size-default\">Grounding \/ Earthing - Erdung<\/h1>\t\t\t\t<\/div>\n\t\t\t\t<\/div>\n\t\t\t\t\t<\/div>\n\t\t<\/div>\n\t\t\t\t\t<\/div>\n\t\t<\/section>\n\t\t\t\t<section class=\"elementor-section elementor-top-section elementor-element elementor-element-8337c7c elementor-section-height-min-height elementor-section-boxed elementor-section-height-default elementor-section-items-middle\" data-id=\"8337c7c\" data-element_type=\"section\" data-settings=\"{&quot;background_background&quot;:&quot;classic&quot;}\">\n\t\t\t\t\t\t\t<div class=\"elementor-background-overlay\"><\/div>\n\t\t\t\t\t\t\t<div class=\"elementor-container elementor-column-gap-default\">\n\t\t\t\t\t<div class=\"elementor-column elementor-col-100 elementor-top-column elementor-element elementor-element-87d66ec\" data-id=\"87d66ec\" data-element_type=\"column\">\n\t\t\t<div class=\"elementor-widget-wrap elementor-element-populated\">\n\t\t\t\t\t\t<div class=\"elementor-element elementor-element-1d88392 elementor-widget elementor-widget-heading\" data-id=\"1d88392\" data-element_type=\"widget\" data-widget_type=\"heading.default\">\n\t\t\t\t<div class=\"elementor-widget-container\">\n\t\t\t\t\t<h2 class=\"elementor-heading-title elementor-size-default\">Was ist Grounding \/ Earthing - Erdung?<\/h2>\t\t\t\t<\/div>\n\t\t\t\t<\/div>\n\t\t\t\t<div class=\"elementor-element elementor-element-f0af4ea elementor-widget elementor-widget-text-editor\" data-id=\"f0af4ea\" data-element_type=\"widget\" data-widget_type=\"text-editor.default\">\n\t\t\t\t<div class=\"elementor-widget-container\">\n\t\t\t\t\t\t\t\t\t<p>Unter Grounding\/Earthing &#8211; Erdung, geht es um das Elektrische-Ladungsp<span class=\"ILfuVd\"><span class=\"e24Kjd\">otential<\/span><\/span> in der Luft ab zu leiten.<\/p><p>Je mehr Elektrik- Elektronik im Haus\/Wohnung oder im B\u00fcro ist, desto mehr l\u00e4dt sich die Luft mit Elektrische-Spannung auf. Wenn dann die B\u00f6den\/W\u00e4nde keine gute Erdung haben l\u00e4dt sich die Luft immer mehr auf.<\/p><p>Ich stelle immer h\u00e4ufiger eine schlechte Erdung in H\u00e4usern fest. Vor allem bei Neuen H\u00e4usern, hier scheind das Problem durch die D\u00e4mmung in den B\u00f6den zu endstehen.<\/p><p>In der Natur hat die Luft kein Elektrische-Ladungsp<span class=\"ILfuVd\"><span class=\"e24Kjd\">otential<\/span><\/span>. Das ist nur vorhanden beim Gewitter oder F\u00f6hn, wird aber \u00fcber die Erde wieder schnell entladen.<br \/>Sehr h\u00e4ufig messe ich in Wohnunge, B\u00fcro\u00a0 sehr hohe Werte. Diese sind oft 500-9.000 mV (mV=Millivolt, d.h. 0,5-9 Volt) oder sogar noch h\u00f6her.<\/p><p>Dies ist nat\u00fcrlich eine sehr gro\u00dfe Belastung f\u00fcr unseren K\u00f6rber und purer Stress f\u00fcr unsere Zellen.<\/p><p>Um dieses Problem zu l\u00f6sen, haben wir eine spezielle Erdungs-Plattee und Erdungs-Matte entwickelt.<\/p><p>In dem Moment, da man die Erdungs-Platte oder Erdungs-Matte ber\u00fchrt, wird das Elektrische-Ladungsp<span class=\"ILfuVd\"><span class=\"e24Kjd\">otential<\/span><\/span>, das an der Haut anliegt \u00fcber die Erdungs-Platte und Erdungs-Matte in das Erdungsnetz abgeleitet. \u2028Damit f\u00e4llt extrem viel Stress von unseren K\u00f6rperzellen ab. Die meisten merken dies sofort vor allen wenn die Belastung sehr hoch ist.<\/p>\t\t\t\t\t\t\t\t<\/div>\n\t\t\t\t<\/div>\n\t\t\t\t\t<\/div>\n\t\t<\/div>\n\t\t\t\t\t<\/div>\n\t\t<\/section>\n\t\t\t\t<section class=\"elementor-section elementor-top-section elementor-element elementor-element-bd0fe5b elementor-section-boxed elementor-section-height-default elementor-section-height-default\" data-id=\"bd0fe5b\" data-element_type=\"section\">\n\t\t\t\t\t\t<div class=\"elementor-container elementor-column-gap-default\">\n\t\t\t\t\t<div class=\"elementor-column elementor-col-50 elementor-top-column elementor-element elementor-element-38697df\" data-id=\"38697df\" data-element_type=\"column\">\n\t\t\t<div class=\"elementor-widget-wrap elementor-element-populated\">\n\t\t\t\t\t\t<div class=\"elementor-element elementor-element-749a8c2 elementor-widget elementor-widget-image\" data-id=\"749a8c2\" data-element_type=\"widget\" data-widget_type=\"image.default\">\n\t\t\t\t<div class=\"elementor-widget-container\">\n\t\t\t\t\t\t\t\t\t\t\t\t\t\t\t<img decoding=\"async\" width=\"150\" height=\"150\" src=\"https:\/\/ojas.de\/wp-content\/uploads\/2020\/05\/Erdung-ISO_7010_M005.svg-150x150.png\" class=\"attachment-thumbnail size-thumbnail wp-image-1636\" alt=\"\" srcset=\"https:\/\/ojas.de\/wp-content\/uploads\/2020\/05\/Erdung-ISO_7010_M005.svg-150x150.png 150w, https:\/\/ojas.de\/wp-content\/uploads\/2020\/05\/Erdung-ISO_7010_M005.svg-300x300.png 300w, https:\/\/ojas.de\/wp-content\/uploads\/2020\/05\/Erdung-ISO_7010_M005.svg-1024x1024.png 1024w, https:\/\/ojas.de\/wp-content\/uploads\/2020\/05\/Erdung-ISO_7010_M005.svg-768x768.png 768w, https:\/\/ojas.de\/wp-content\/uploads\/2020\/05\/Erdung-ISO_7010_M005.svg-1536x1536.png 1536w, https:\/\/ojas.de\/wp-content\/uploads\/2020\/05\/Erdung-ISO_7010_M005.svg.png 1920w\" sizes=\"(max-width: 150px) 100vw, 150px\" \/>\t\t\t\t\t\t\t\t\t\t\t\t\t\t\t<\/div>\n\t\t\t\t<\/div>\n\t\t\t\t\t<\/div>\n\t\t<\/div>\n\t\t\t\t<div class=\"elementor-column elementor-col-50 elementor-top-column elementor-element elementor-element-5637258\" data-id=\"5637258\" data-element_type=\"column\">\n\t\t\t<div class=\"elementor-widget-wrap elementor-element-populated\">\n\t\t\t\t\t\t<div class=\"elementor-element elementor-element-4fe763a elementor-widget elementor-widget-text-editor\" data-id=\"4fe763a\" data-element_type=\"widget\" data-widget_type=\"text-editor.default\">\n\t\t\t\t<div class=\"elementor-widget-container\">\n\t\t\t\t\t\t\t\t\t<p>Die <b>Erdung<\/b> ist die Gesamtheit aller Mittel und Ma\u00dfnahmen zum Erden<sup id=\"cite_ref-1\" class=\"reference\"><a href=\"https:\/\/de.wikipedia.org\/wiki\/Erdung#cite_note-1\">[1]<\/a><\/sup>, das hei\u00dft, zur Ableitung von elektrischen Str\u00f6men in den Erdboden bzw. das <a class=\"mw-redirect\" title=\"Erdreich\" href=\"https:\/\/de.wikipedia.org\/wiki\/Erdreich\">Erdreich<\/a>. Quelle: wikipedia<\/p>\t\t\t\t\t\t\t\t<\/div>\n\t\t\t\t<\/div>\n\t\t\t\t\t<\/div>\n\t\t<\/div>\n\t\t\t\t\t<\/div>\n\t\t<\/section>\n\t\t\t\t<section class=\"elementor-section elementor-top-section elementor-element elementor-element-7d513b2 elementor-section-boxed elementor-section-height-default elementor-section-height-default\" data-id=\"7d513b2\" data-element_type=\"section\">\n\t\t\t\t\t\t<div class=\"elementor-container elementor-column-gap-default\">\n\t\t\t\t\t<div class=\"elementor-column elementor-col-50 elementor-top-column elementor-element elementor-element-3cc0de3\" data-id=\"3cc0de3\" data-element_type=\"column\">\n\t\t\t<div class=\"elementor-widget-wrap elementor-element-populated\">\n\t\t\t\t\t\t<div class=\"elementor-element elementor-element-d5777d7 elementor-widget elementor-widget-text-editor\" data-id=\"d5777d7\" data-element_type=\"widget\" data-widget_type=\"text-editor.default\">\n\t\t\t\t<div class=\"elementor-widget-container\">\n\t\t\t\t\t\t\t\t\t<p><a href=\"https:\/\/ojas.de\/grounding-buero\/\"><strong>Grounding am Arbeitsplatz<\/strong><\/a><\/p>\t\t\t\t\t\t\t\t<\/div>\n\t\t\t\t<\/div>\n\t\t\t\t\t<\/div>\n\t\t<\/div>\n\t\t\t\t<div class=\"elementor-column elementor-col-50 elementor-top-column elementor-element elementor-element-33a1315\" data-id=\"33a1315\" data-element_type=\"column\">\n\t\t\t<div class=\"elementor-widget-wrap elementor-element-populated\">\n\t\t\t\t\t\t<div class=\"elementor-element elementor-element-36ef563 elementor-widget elementor-widget-text-editor\" data-id=\"36ef563\" data-element_type=\"widget\" data-widget_type=\"text-editor.default\">\n\t\t\t\t<div class=\"elementor-widget-container\">\n\t\t\t\t\t\t\t\t\t<p><strong><a href=\"https:\/\/ojas.de\/grounding-schlafplatz\/\">Grounding am Schlafplatz<\/a><\/strong><\/p>\t\t\t\t\t\t\t\t<\/div>\n\t\t\t\t<\/div>\n\t\t\t\t\t<\/div>\n\t\t<\/div>\n\t\t\t\t\t<\/div>\n\t\t<\/section>\n\t\t\t\t<\/div>\n\t\t","protected":false},"excerpt":{"rendered":"<p>Grounding \/ Earthing &#8211; Erdung Was ist Grounding \/ Earthing &#8211; Erdung? Unter Grounding\/Earthing &#8211; Erdung, geht es um das Elektrische-Ladungspotential in der Luft ab zu leiten. Je mehr Elektrik- Elektronik im Haus\/Wohnung oder im B\u00fcro ist, desto mehr l\u00e4dt sich die Luft mit Elektrische-Spannung auf. Wenn dann die B\u00f6den\/W\u00e4nde keine gute Erdung haben l\u00e4dt [&hellip;]<\/p>\n","protected":false},"author":1,"featured_media":0,"parent":0,"menu_order":0,"comment_status":"closed","ping_status":"closed","template":"","meta":{"footnotes":""},"yoast_head":"<!-- This site is optimized with the Yoast SEO plugin v24.5 - https:\/\/yoast.com\/wordpress\/plugins\/seo\/ -->\n<title>Grounding, Erdung - Ojas Energie f\u00fcs Leben<\/title>\n<meta name=\"robots\" content=\"index, follow, max-snippet:-1, max-image-preview:large, max-video-preview:-1\" \/>\n<link rel=\"canonical\" href=\"https:\/\/ojas.de\/en\/grounding_erdung\/\" \/>\n<meta property=\"og:locale\" content=\"en_GB\" \/>\n<meta property=\"og:type\" content=\"article\" \/>\n<meta property=\"og:title\" content=\"Grounding, Erdung - Ojas Energie f\u00fcs Leben\" \/>\n<meta property=\"og:description\" content=\"Grounding \/ Earthing &#8211; Erdung Was ist Grounding \/ Earthing &#8211; Erdung? Unter Grounding\/Earthing &#8211; Erdung, geht es um das Elektrische-Ladungspotential in der Luft ab zu leiten. Je mehr Elektrik- Elektronik im Haus\/Wohnung oder im B\u00fcro ist, desto mehr l\u00e4dt sich die Luft mit Elektrische-Spannung auf. Wenn dann die B\u00f6den\/W\u00e4nde keine gute Erdung haben l\u00e4dt [&hellip;]\" \/>\n<meta property=\"og:url\" content=\"https:\/\/ojas.de\/en\/grounding_erdung\/\" \/>\n<meta property=\"og:site_name\" content=\"Ojas Energie f\u00fcs Leben\" \/>\n<meta property=\"article:modified_time\" content=\"2021-07-08T18:06:44+00:00\" \/>\n<meta property=\"og:image\" content=\"https:\/\/ojas.de\/wp-content\/uploads\/2020\/05\/Erdung-ISO_7010_M005.svg-150x150.png\" \/>\n<meta name=\"twitter:card\" content=\"summary_large_image\" \/>\n<meta name=\"twitter:label1\" content=\"Estimated reading time\" \/>\n\t<meta name=\"twitter:data1\" content=\"2 minutes\" \/>\n<script type=\"application\/ld+json\" class=\"yoast-schema-graph\">{\"@context\":\"https:\/\/schema.org\",\"@graph\":[{\"@type\":\"WebPage\",\"@id\":\"https:\/\/ojas.de\/grounding_erdung\/\",\"url\":\"https:\/\/ojas.de\/grounding_erdung\/\",\"name\":\"Grounding, Erdung - Ojas Energie f\u00fcs Leben\",\"isPartOf\":{\"@id\":\"https:\/\/ojas.de\/#website\"},\"primaryImageOfPage\":{\"@id\":\"https:\/\/ojas.de\/grounding_erdung\/#primaryimage\"},\"image\":{\"@id\":\"https:\/\/ojas.de\/grounding_erdung\/#primaryimage\"},\"thumbnailUrl\":\"https:\/\/ojas.de\/wp-content\/uploads\/2020\/05\/Erdung-ISO_7010_M005.svg-150x150.png\",\"datePublished\":\"2020-07-16T21:54:47+00:00\",\"dateModified\":\"2021-07-08T18:06:44+00:00\",\"breadcrumb\":{\"@id\":\"https:\/\/ojas.de\/grounding_erdung\/#breadcrumb\"},\"inLanguage\":\"en-GB\",\"potentialAction\":[{\"@type\":\"ReadAction\",\"target\":[\"https:\/\/ojas.de\/grounding_erdung\/\"]}]},{\"@type\":\"ImageObject\",\"inLanguage\":\"en-GB\",\"@id\":\"https:\/\/ojas.de\/grounding_erdung\/#primaryimage\",\"url\":\"https:\/\/ojas.de\/wp-content\/uploads\/2020\/05\/Erdung-ISO_7010_M005.svg-150x150.png\",\"contentUrl\":\"https:\/\/ojas.de\/wp-content\/uploads\/2020\/05\/Erdung-ISO_7010_M005.svg-150x150.png\"},{\"@type\":\"BreadcrumbList\",\"@id\":\"https:\/\/ojas.de\/grounding_erdung\/#breadcrumb\",\"itemListElement\":[{\"@type\":\"ListItem\",\"position\":1,\"name\":\"Home\",\"item\":\"https:\/\/ojas.de\/\"},{\"@type\":\"ListItem\",\"position\":2,\"name\":\"Grounding, Erdung\"}]},{\"@type\":\"WebSite\",\"@id\":\"https:\/\/ojas.de\/#website\",\"url\":\"https:\/\/ojas.de\/\",\"name\":\"Ojas Energie f\u00fcs Leben\",\"description\":\"Luftreinigung, Bipolare ionisierte, saubere und gesunde Luft, reinigen von Elektrosmog, Groundig, energetische Belebung des Wohnraumes.\",\"publisher\":{\"@id\":\"https:\/\/ojas.de\/#organization\"},\"potentialAction\":[{\"@type\":\"SearchAction\",\"target\":{\"@type\":\"EntryPoint\",\"urlTemplate\":\"https:\/\/ojas.de\/?s={search_term_string}\"},\"query-input\":{\"@type\":\"PropertyValueSpecification\",\"valueRequired\":true,\"valueName\":\"search_term_string\"}}],\"inLanguage\":\"en-GB\"},{\"@type\":\"Organization\",\"@id\":\"https:\/\/ojas.de\/#organization\",\"name\":\"Ojas\",\"url\":\"https:\/\/ojas.de\/\",\"logo\":{\"@type\":\"ImageObject\",\"inLanguage\":\"en-GB\",\"@id\":\"https:\/\/ojas.de\/#\/schema\/logo\/image\/\",\"url\":\"https:\/\/ojas.de\/wp-content\/uploads\/2020\/04\/Ojas-logo_2.png\",\"contentUrl\":\"https:\/\/ojas.de\/wp-content\/uploads\/2020\/04\/Ojas-logo_2.png\",\"width\":375,\"height\":227,\"caption\":\"Ojas\"},\"image\":{\"@id\":\"https:\/\/ojas.de\/#\/schema\/logo\/image\/\"},\"sameAs\":[\"https:\/\/www.youtube.com\/watch?time_continue=2&amp;amp;amp;amp;v=UayAo5Fb_l0&amp;amp;amp;amp;feature=emb_logo\"]}]}<\/script>\n<!-- \/ Yoast SEO plugin. -->","yoast_head_json":{"title":"Grounding, Erdung - Ojas Energie f\u00fcs Leben","robots":{"index":"index","follow":"follow","max-snippet":"max-snippet:-1","max-image-preview":"max-image-preview:large","max-video-preview":"max-video-preview:-1"},"canonical":"https:\/\/ojas.de\/en\/grounding_erdung\/","og_locale":"en_GB","og_type":"article","og_title":"Grounding, Erdung - Ojas Energie f\u00fcs Leben","og_description":"Grounding \/ Earthing &#8211; Erdung Was ist Grounding \/ Earthing &#8211; Erdung? Unter Grounding\/Earthing &#8211; Erdung, geht es um das Elektrische-Ladungspotential in der Luft ab zu leiten. Je mehr Elektrik- Elektronik im Haus\/Wohnung oder im B\u00fcro ist, desto mehr l\u00e4dt sich die Luft mit Elektrische-Spannung auf. Wenn dann die B\u00f6den\/W\u00e4nde keine gute Erdung haben l\u00e4dt [&hellip;]","og_url":"https:\/\/ojas.de\/en\/grounding_erdung\/","og_site_name":"Ojas Energie f\u00fcs Leben","article_modified_time":"2021-07-08T18:06:44+00:00","og_image":[{"url":"https:\/\/ojas.de\/wp-content\/uploads\/2020\/05\/Erdung-ISO_7010_M005.svg-150x150.png","type":"","width":"","height":""}],"twitter_card":"summary_large_image","twitter_misc":{"Estimated reading time":"2 minutes"},"schema":{"@context":"https:\/\/schema.org","@graph":[{"@type":"WebPage","@id":"https:\/\/ojas.de\/grounding_erdung\/","url":"https:\/\/ojas.de\/grounding_erdung\/","name":"Grounding, Erdung - Ojas Energie f\u00fcs Leben","isPartOf":{"@id":"https:\/\/ojas.de\/#website"},"primaryImageOfPage":{"@id":"https:\/\/ojas.de\/grounding_erdung\/#primaryimage"},"image":{"@id":"https:\/\/ojas.de\/grounding_erdung\/#primaryimage"},"thumbnailUrl":"https:\/\/ojas.de\/wp-content\/uploads\/2020\/05\/Erdung-ISO_7010_M005.svg-150x150.png","datePublished":"2020-07-16T21:54:47+00:00","dateModified":"2021-07-08T18:06:44+00:00","breadcrumb":{"@id":"https:\/\/ojas.de\/grounding_erdung\/#breadcrumb"},"inLanguage":"en-GB","potentialAction":[{"@type":"ReadAction","target":["https:\/\/ojas.de\/grounding_erdung\/"]}]},{"@type":"ImageObject","inLanguage":"en-GB","@id":"https:\/\/ojas.de\/grounding_erdung\/#primaryimage","url":"https:\/\/ojas.de\/wp-content\/uploads\/2020\/05\/Erdung-ISO_7010_M005.svg-150x150.png","contentUrl":"https:\/\/ojas.de\/wp-content\/uploads\/2020\/05\/Erdung-ISO_7010_M005.svg-150x150.png"},{"@type":"BreadcrumbList","@id":"https:\/\/ojas.de\/grounding_erdung\/#breadcrumb","itemListElement":[{"@type":"ListItem","position":1,"name":"Home","item":"https:\/\/ojas.de\/"},{"@type":"ListItem","position":2,"name":"Grounding, Erdung"}]},{"@type":"WebSite","@id":"https:\/\/ojas.de\/#website","url":"https:\/\/ojas.de\/","name":"Ojas Energie f\u00fcs Leben","description":"Luftreinigung, Bipolare ionisierte, saubere und gesunde Luft, reinigen von Elektrosmog, Groundig, energetische Belebung des Wohnraumes.","publisher":{"@id":"https:\/\/ojas.de\/#organization"},"potentialAction":[{"@type":"SearchAction","target":{"@type":"EntryPoint","urlTemplate":"https:\/\/ojas.de\/?s={search_term_string}"},"query-input":{"@type":"PropertyValueSpecification","valueRequired":true,"valueName":"search_term_string"}}],"inLanguage":"en-GB"},{"@type":"Organization","@id":"https:\/\/ojas.de\/#organization","name":"Ojas","url":"https:\/\/ojas.de\/","logo":{"@type":"ImageObject","inLanguage":"en-GB","@id":"https:\/\/ojas.de\/#\/schema\/logo\/image\/","url":"https:\/\/ojas.de\/wp-content\/uploads\/2020\/04\/Ojas-logo_2.png","contentUrl":"https:\/\/ojas.de\/wp-content\/uploads\/2020\/04\/Ojas-logo_2.png","width":375,"height":227,"caption":"Ojas"},"image":{"@id":"https:\/\/ojas.de\/#\/schema\/logo\/image\/"},"sameAs":["https:\/\/www.youtube.com\/watch?time_continue=2&amp;amp;amp;amp;v=UayAo5Fb_l0&amp;amp;amp;amp;feature=emb_logo"]}]}},"_links":{"self":[{"href":"https:\/\/ojas.de\/en\/wp-json\/wp\/v2\/pages\/2170"}],"collection":[{"href":"https:\/\/ojas.de\/en\/wp-json\/wp\/v2\/pages"}],"about":[{"href":"https:\/\/ojas.de\/en\/wp-json\/wp\/v2\/types\/page"}],"author":[{"embeddable":true,"href":"https:\/\/ojas.de\/en\/wp-json\/wp\/v2\/users\/1"}],"replies":[{"embeddable":true,"href":"https:\/\/ojas.de\/en\/wp-json\/wp\/v2\/comments?post=2170"}],"version-history":[{"count":8,"href":"https:\/\/ojas.de\/en\/wp-json\/wp\/v2\/pages\/2170\/revisions"}],"predecessor-version":[{"id":3743,"href":"https:\/\/ojas.de\/en\/wp-json\/wp\/v2\/pages\/2170\/revisions\/3743"}],"wp:attachment":[{"href":"https:\/\/ojas.de\/en\/wp-json\/wp\/v2\/media?parent=2170"}],"curies":[{"name":"wp","href":"https:\/\/api.w.org\/{rel}","templated":true}]}}