{"id":2171,"date":"2020-06-25T19:12:17","date_gmt":"2020-06-25T19:12:17","guid":{"rendered":"https:\/\/ojas.de\/?page_id=2171"},"modified":"2022-11-14T10:58:25","modified_gmt":"2022-11-14T10:58:25","slug":"grounding-schlafplatz-elektrische-ladungspotential","status":"publish","type":"page","link":"https:\/\/ojas.de\/en\/grounding-schlafplatz-elektrische-ladungspotential\/","title":{"rendered":"Grounding of Sleeping Area"},"content":{"rendered":"<div data-elementor-type=\"wp-page\" data-elementor-id=\"2171\" class=\"elementor elementor-2171\" data-elementor-post-type=\"page\">\n\t\t\t\t\t\t<section class=\"elementor-section elementor-top-section elementor-element elementor-element-2c74576 elementor-section-full_width elementor-section-content-bottom elementor-section-height-default elementor-section-height-default\" data-id=\"2c74576\" data-element_type=\"section\" data-settings=\"{&quot;background_background&quot;:&quot;classic&quot;}\">\n\t\t\t\t\t\t<div class=\"elementor-container elementor-column-gap-default\">\n\t\t\t\t\t<div class=\"elementor-column elementor-col-100 elementor-top-column elementor-element elementor-element-d76bdef\" data-id=\"d76bdef\" data-element_type=\"column\">\n\t\t\t<div class=\"elementor-widget-wrap elementor-element-populated\">\n\t\t\t\t\t\t<div class=\"elementor-element elementor-element-e488ca0 elementor-widget elementor-widget-heading\" data-id=\"e488ca0\" data-element_type=\"widget\" data-widget_type=\"heading.default\">\n\t\t\t\t<div class=\"elementor-widget-container\">\n\t\t\t\t\t<h2 class=\"elementor-heading-title elementor-size-default\">Grounding\/Earthing - Erden am Schlafplatz<\/h2>\t\t\t\t<\/div>\n\t\t\t\t<\/div>\n\t\t\t\t\t<\/div>\n\t\t<\/div>\n\t\t\t\t\t<\/div>\n\t\t<\/section>\n\t\t\t\t<section class=\"elementor-section elementor-top-section elementor-element elementor-element-7a653aa elementor-section-height-min-height elementor-section-boxed elementor-section-height-default elementor-section-items-middle\" data-id=\"7a653aa\" data-element_type=\"section\" data-settings=\"{&quot;background_background&quot;:&quot;classic&quot;}\">\n\t\t\t\t\t\t\t<div class=\"elementor-background-overlay\"><\/div>\n\t\t\t\t\t\t\t<div class=\"elementor-container elementor-column-gap-default\">\n\t\t\t\t\t<div class=\"elementor-column elementor-col-100 elementor-top-column elementor-element elementor-element-b90ef2a\" data-id=\"b90ef2a\" data-element_type=\"column\">\n\t\t\t<div class=\"elementor-widget-wrap elementor-element-populated\">\n\t\t\t\t\t\t<div class=\"elementor-element elementor-element-ca02a34 elementor-widget elementor-widget-video\" data-id=\"ca02a34\" data-element_type=\"widget\" data-settings=\"{&quot;youtube_url&quot;:&quot;https:\\\/\\\/www.youtube.com\\\/watch?v=ksraRpYbyyY&amp;t=5s&quot;,&quot;video_type&quot;:&quot;youtube&quot;,&quot;controls&quot;:&quot;yes&quot;}\" data-widget_type=\"video.default\">\n\t\t\t\t<div class=\"elementor-widget-container\">\n\t\t\t\t\t\t\t<div class=\"elementor-wrapper elementor-open-inline\">\n\t\t\t<div class=\"elementor-video\"><\/div>\t\t<\/div>\n\t\t\t\t\t\t<\/div>\n\t\t\t\t<\/div>\n\t\t\t\t\t<\/div>\n\t\t<\/div>\n\t\t\t\t\t<\/div>\n\t\t<\/section>\n\t\t\t\t<section class=\"elementor-section elementor-top-section elementor-element elementor-element-5245bd4 elementor-section-height-min-height elementor-section-boxed elementor-section-height-default elementor-section-items-middle\" data-id=\"5245bd4\" data-element_type=\"section\" data-settings=\"{&quot;background_background&quot;:&quot;classic&quot;}\">\n\t\t\t\t\t\t\t<div class=\"elementor-background-overlay\"><\/div>\n\t\t\t\t\t\t\t<div class=\"elementor-container elementor-column-gap-default\">\n\t\t\t\t\t<div class=\"elementor-column elementor-col-100 elementor-top-column elementor-element elementor-element-166e22f\" data-id=\"166e22f\" data-element_type=\"column\">\n\t\t\t<div class=\"elementor-widget-wrap elementor-element-populated\">\n\t\t\t\t\t\t<div class=\"elementor-element elementor-element-2c0e059 elementor-widget elementor-widget-heading\" data-id=\"2c0e059\" data-element_type=\"widget\" data-widget_type=\"heading.default\">\n\t\t\t\t<div class=\"elementor-widget-container\">\n\t\t\t\t\t<h2 class=\"elementor-heading-title elementor-size-default\">Grounding - Erdung vom Schlafplatz<\/h2>\t\t\t\t<\/div>\n\t\t\t\t<\/div>\n\t\t\t\t<div class=\"elementor-element elementor-element-8fe8cde elementor-widget elementor-widget-text-editor\" data-id=\"8fe8cde\" data-element_type=\"widget\" data-widget_type=\"text-editor.default\">\n\t\t\t\t<div class=\"elementor-widget-container\">\n\t\t\t\t\t\t\t\t\t<p>Beim Grounding \u2013 der Erdung &#8211; geht es darum, das elektrische Ladungspotential aus der Luft in die Erde abzuleiten.<br>Das elektrische Ladungspotential ist die elektrische Spannung (Volt) in der Luft.<\/p>\n<p>Je mehr Elektrik- Elektronik im Haus\/Wohnung oder im B\u00fcro vorhanden ist, desto mehr l\u00e4dt sich die Luft mit elektrischer Spannung auf. Wenn die B\u00f6den\/W\u00e4nde dann keine gute Erdung haben, l\u00e4dt sich die Luft immer mehr auf.<\/p>\n<p>Ich stelle immer h\u00e4ufiger eine schlechte Erdung in H\u00e4usern fest. Dies gilt vor allem bei Neubauten. Hier scheint das Problem durch die Art der D\u00e4mmung in den B\u00f6den zu entstehen.<\/p>\n<p>In der Natur weist die Luft kein elektrisches Ladungsp<span class=\"ILfuVd\"><span class=\"e24Kjd\">otential<\/span><\/span>. Ein solches Ladungsp<span class=\"ILfuVd\"><span class=\"e24Kjd\">otential<\/span><\/span> ist nur vorhanden bei Gewitter oder F\u00f6hn, wird aber \u00fcber die Erde schnell wieder entladen.<br>Sehr h\u00e4ufig messe ich in Wohnungen und B\u00fcros sehr hohe Werte. Diese liegen oft bei 500-9.000 mV (Millivolt) oder sogar noch h\u00f6her.<\/p>\n<p>Dies ist nat\u00fcrlich eine sehr gro\u00dfe Belastung f\u00fcr unseren K\u00f6rper und ist purer Stress f\u00fcr unsere Zellen.<\/p>\n<p>Um dieses Problem zu l\u00f6sen, haben wir eine spezielle Ojas Erdungs-Matte entwickelt.<\/p>\n<p>In dem Moment, in dem man die Ojas Erdungs-Matte ber\u00fchrt, wird das elektrische Ladungsp<span class=\"ILfuVd\"><span class=\"e24Kjd\">otential<\/span><\/span>, das an der Haut anliegt, \u00fcber die Ojas Erdungs-Matte in das Erdungsnetz abgeleitet. \u2028<br>Damit f\u00e4llt extrem viel Stress von unseren K\u00f6rperzellen ab. Die meisten merken dies sofort, vor allem wenn die Belastung sehr hoch ist.<\/p>\n<p>Dies ist nat\u00fcrlich besonders wichtiger f\u00fcr unseren Schlafbereich, da es ansonsten zu massiven Schlafst\u00f6rungen kommen kann.\u2028 Wenn ich bei meinen Kunden mehr als ca. 250mV messe, rate ich entsprechende&nbsp; Vorkehrungen zu treffen.<\/p>\n<p>\u2028Hier gibt es drei M\u00f6glichkeiten:<\/p>\n<ul>\n<li><strong>\u2028Unsere Ojas Erdungs-Matte unter das Bettlagen legen.<\/strong> Dies muss dann nur noch mit dem Erdungs-Pol verbunden werden. \u2028Diese ist die einfachste und g\u00fcnstigtste L\u00f6sung.<\/li>\n<li><strong>Das Schlafzimmer stromlos schalten.<\/strong> d.h. die Sicherung in der Nacht heraus nehmen, oder eine Netz-Freischaltung einbauen lassen.<\/li>\n<li><strong>Erdungs-Bettw\u00e4sche,<\/strong> diese wird auch mit dem Erdungspol verbunden, wirkt aber aus folgenden Gr\u00fcnden nicht so gut wie unsere Ojas Erdungsmatte.<\/li>\n<li>In die Bettw\u00e4sche sind Silberf\u00e4den eingewoben, diese sorgen daf\u00fcr, dass das Ladungspotenzial abgeleitet wird. Hierbei ergeben sich aber beim Waschen Einschr\u00e4nkungen.\u2028<\/li>\n<\/ul>\n<ul>\n<li>Im Laufe der Zeit brechen diese Silberf\u00e4den, was einen Einfluss auf die Ableitung des Ladungsp<span class=\"ILfuVd\"><span class=\"e24Kjd\">otential<\/span><\/span>s hat.<\/li>\n<li>Es bedarf eines K\u00f6rperkontaktes, hierbei kann Schlafkleidung sehr hinderlich sein.\u2028<\/li>\n<li>Allergiker haben oft ein Problem mit Silver.<\/li>\n<\/ul>\t\t\t\t\t\t\t\t<\/div>\n\t\t\t\t<\/div>\n\t\t\t\t<div class=\"elementor-element elementor-element-c433c75 elementor-align-left elementor-widget elementor-widget-global elementor-global-3580 elementor-widget-button\" data-id=\"c433c75\" data-element_type=\"widget\" data-widget_type=\"button.default\">\n\t\t\t\t<div class=\"elementor-widget-container\">\n\t\t\t\t\t\t\t\t\t<div class=\"elementor-button-wrapper\">\n\t\t\t\t\t<a class=\"elementor-button elementor-button-link elementor-size-sm\" href=\"https:\/\/ojas.de\/en\/saubere_elektrizitaet\/\" target=\"_blank\">\n\t\t\t\t\t\t<span class=\"elementor-button-content-wrapper\">\n\t\t\t\t\t\t\t\t\t<span class=\"elementor-button-text\">Mehr Information<\/span>\n\t\t\t\t\t<\/span>\n\t\t\t\t\t<\/a>\n\t\t\t\t<\/div>\n\t\t\t\t\t\t\t\t<\/div>\n\t\t\t\t<\/div>\n\t\t\t\t\t<\/div>\n\t\t<\/div>\n\t\t\t\t\t<\/div>\n\t\t<\/section>\n\t\t\t\t<section class=\"elementor-section elementor-top-section elementor-element elementor-element-2e5e5ea elementor-section-boxed elementor-section-height-default elementor-section-height-default\" data-id=\"2e5e5ea\" data-element_type=\"section\">\n\t\t\t\t\t\t<div class=\"elementor-container elementor-column-gap-default\">\n\t\t\t\t\t<div class=\"elementor-column elementor-col-25 elementor-top-column elementor-element elementor-element-be01025\" data-id=\"be01025\" data-element_type=\"column\">\n\t\t\t<div class=\"elementor-widget-wrap elementor-element-populated\">\n\t\t\t\t\t\t<div class=\"elementor-element elementor-element-5fb3570 elementor-widget elementor-widget-image\" data-id=\"5fb3570\" data-element_type=\"widget\" data-widget_type=\"image.default\">\n\t\t\t\t<div class=\"elementor-widget-container\">\n\t\t\t\t\t\t\t\t\t\t\t\t\t\t\t<img decoding=\"async\" width=\"300\" height=\"125\" src=\"https:\/\/ojas.de\/wp-content\/uploads\/2020\/05\/Corbon-Erdungsmate_Schlafplatz-300x125.jpg\" class=\"attachment-medium size-medium wp-image-1659\" alt=\"\" srcset=\"https:\/\/ojas.de\/wp-content\/uploads\/2020\/05\/Corbon-Erdungsmate_Schlafplatz-300x125.jpg 300w, https:\/\/ojas.de\/wp-content\/uploads\/2020\/05\/Corbon-Erdungsmate_Schlafplatz-1024x428.jpg 1024w, https:\/\/ojas.de\/wp-content\/uploads\/2020\/05\/Corbon-Erdungsmate_Schlafplatz-768x321.jpg 768w, https:\/\/ojas.de\/wp-content\/uploads\/2020\/05\/Corbon-Erdungsmate_Schlafplatz.jpg 1100w\" sizes=\"(max-width: 300px) 100vw, 300px\" \/>\t\t\t\t\t\t\t\t\t\t\t\t\t\t\t<\/div>\n\t\t\t\t<\/div>\n\t\t\t\t\t<\/div>\n\t\t<\/div>\n\t\t\t\t<div class=\"elementor-column elementor-col-25 elementor-top-column elementor-element elementor-element-9be327c\" data-id=\"9be327c\" data-element_type=\"column\">\n\t\t\t<div class=\"elementor-widget-wrap elementor-element-populated\">\n\t\t\t\t\t\t<div class=\"elementor-element elementor-element-7c60859 elementor-widget elementor-widget-text-editor\" data-id=\"7c60859\" data-element_type=\"widget\" data-widget_type=\"text-editor.default\">\n\t\t\t\t<div class=\"elementor-widget-container\">\n\t\t\t\t\t\t\t\t\t<p><a href=\"http:\/\/www.ojas.de\/datentransfer\/Ojas_Erdungsmatte_Benutzerhandbuch.pdf\" target=\"_blank\" rel=\"noopener\"><strong>Handbuch-Bedinungsanleitung<\/strong><\/a><\/p>\t\t\t\t\t\t\t\t<\/div>\n\t\t\t\t<\/div>\n\t\t\t\t\t<\/div>\n\t\t<\/div>\n\t\t\t\t<div class=\"elementor-column elementor-col-25 elementor-top-column elementor-element elementor-element-091abee\" data-id=\"091abee\" data-element_type=\"column\">\n\t\t\t<div class=\"elementor-widget-wrap elementor-element-populated\">\n\t\t\t\t\t\t<div class=\"elementor-element elementor-element-2bd8c53 elementor-widget elementor-widget-text-editor\" data-id=\"2bd8c53\" data-element_type=\"widget\" data-widget_type=\"text-editor.default\">\n\t\t\t\t<div class=\"elementor-widget-container\">\n\t\t\t\t\t\t\t\t\t<p>Ojas Grounding mat ca.62cm x 38,3 cm  x ca 3 mm <br \/>incl. 3 m cable and grounding plug<\/p>\t\t\t\t\t\t\t\t<\/div>\n\t\t\t\t<\/div>\n\t\t\t\t\t<\/div>\n\t\t<\/div>\n\t\t\t\t<div class=\"elementor-column elementor-col-25 elementor-top-column elementor-element elementor-element-5771dd8\" data-id=\"5771dd8\" data-element_type=\"column\">\n\t\t\t<div class=\"elementor-widget-wrap elementor-element-populated\">\n\t\t\t\t\t\t<div class=\"elementor-element elementor-element-9f56191 elementor-widget elementor-widget-text-editor\" data-id=\"9f56191\" data-element_type=\"widget\" data-widget_type=\"text-editor.default\">\n\t\t\t\t<div class=\"elementor-widget-container\">\n\t\t\t\t\t\t\t\t\t<p style=\"text-align: right;\">Preis: \u20ac 118,-<\/p>\t\t\t\t\t\t\t\t<\/div>\n\t\t\t\t<\/div>\n\t\t\t\t<div class=\"elementor-element elementor-element-0430d86 elementor-widget elementor-widget-text-editor\" data-id=\"0430d86\" data-element_type=\"widget\" data-widget_type=\"text-editor.default\">\n\t\t\t\t<div class=\"elementor-widget-container\">\n\t\t\t\t\t\t\t\t\t<p>incl. 19% MwSt<\/p>\t\t\t\t\t\t\t\t<\/div>\n\t\t\t\t<\/div>\n\t\t\t\t<div class=\"elementor-element elementor-element-7bdd545 elementor-align-right elementor-widget elementor-widget-button\" data-id=\"7bdd545\" data-element_type=\"widget\" data-widget_type=\"button.default\">\n\t\t\t\t<div class=\"elementor-widget-container\">\n\t\t\t\t\t\t\t\t\t<div class=\"elementor-button-wrapper\">\n\t\t\t\t\t<a class=\"elementor-button elementor-button-link elementor-size-sm\" href=\"http:\/\/\/en\/shop.ojas.de\/\" target=\"_blank\">\n\t\t\t\t\t\t<span class=\"elementor-button-content-wrapper\">\n\t\t\t\t\t\t\t\t\t<span class=\"elementor-button-text\">Shop<\/span>\n\t\t\t\t\t<\/span>\n\t\t\t\t\t<\/a>\n\t\t\t\t<\/div>\n\t\t\t\t\t\t\t\t<\/div>\n\t\t\t\t<\/div>\n\t\t\t\t\t<\/div>\n\t\t<\/div>\n\t\t\t\t\t<\/div>\n\t\t<\/section>\n\t\t\t\t<\/div>","protected":false},"excerpt":{"rendered":"<p>Grounding\/Earthing &#8211; Erden am Schlafplatz Grounding &#8211; Erdung vom Schlafplatz Beim Grounding \u2013 der Erdung &#8211; geht es darum, das elektrische Ladungspotential aus der Luft in die Erde abzuleiten.Das elektrische Ladungspotential ist die elektrische Spannung (Volt) in der Luft. Je mehr Elektrik- Elektronik im Haus\/Wohnung oder im B\u00fcro vorhanden ist, desto mehr l\u00e4dt sich die [&hellip;]<\/p>\n","protected":false},"author":1,"featured_media":0,"parent":0,"menu_order":0,"comment_status":"closed","ping_status":"closed","template":"","meta":{"footnotes":""},"yoast_head":"<!-- This site is optimized with the Yoast SEO plugin v24.5 - https:\/\/yoast.com\/wordpress\/plugins\/seo\/ -->\n<title>Grounding Schlafplatz - Ojas Energie f\u00fcs Leben<\/title>\n<meta name=\"description\" content=\"Grounding\/Earthing - elektrische-Ladungspotential in der Luft ab zu leiten. Hohes ... kann zu Schlafst\u00f6rungen oder gesundheitlichen Problemen\" \/>\n<meta name=\"robots\" content=\"index, follow, max-snippet:-1, max-image-preview:large, max-video-preview:-1\" \/>\n<link rel=\"canonical\" href=\"https:\/\/ojas.de\/en\/grounding-schlafplatz-elektrische-ladungspotential\/\" \/>\n<meta property=\"og:locale\" content=\"en_GB\" \/>\n<meta property=\"og:type\" content=\"article\" \/>\n<meta property=\"og:title\" content=\"Grounding Schlafplatz - Ojas Energie f\u00fcs Leben\" \/>\n<meta property=\"og:description\" content=\"Grounding\/Earthing - elektrische-Ladungspotential in der Luft ab zu leiten. Hohes ... kann zu Schlafst\u00f6rungen oder gesundheitlichen Problemen\" \/>\n<meta property=\"og:url\" content=\"https:\/\/ojas.de\/en\/grounding-schlafplatz-elektrische-ladungspotential\/\" \/>\n<meta property=\"og:site_name\" content=\"Ojas Energie f\u00fcs Leben\" \/>\n<meta property=\"article:modified_time\" content=\"2022-11-14T10:58:25+00:00\" \/>\n<meta property=\"og:image\" content=\"https:\/\/ojas.de\/wp-content\/uploads\/2020\/05\/Corbon-Erdungsmate_Schlafplatz-300x125.jpg\" \/>\n<meta name=\"twitter:card\" content=\"summary_large_image\" \/>\n<meta name=\"twitter:label1\" content=\"Estimated reading time\" \/>\n\t<meta name=\"twitter:data1\" content=\"3 minutes\" \/>\n<script type=\"application\/ld+json\" class=\"yoast-schema-graph\">{\"@context\":\"https:\/\/schema.org\",\"@graph\":[{\"@type\":\"WebPage\",\"@id\":\"https:\/\/ojas.de\/grounding-schlafplatz-elektrische-ladungspotential\/\",\"url\":\"https:\/\/ojas.de\/grounding-schlafplatz-elektrische-ladungspotential\/\",\"name\":\"Grounding Schlafplatz - Ojas Energie f\u00fcs Leben\",\"isPartOf\":{\"@id\":\"https:\/\/ojas.de\/#website\"},\"primaryImageOfPage\":{\"@id\":\"https:\/\/ojas.de\/grounding-schlafplatz-elektrische-ladungspotential\/#primaryimage\"},\"image\":{\"@id\":\"https:\/\/ojas.de\/grounding-schlafplatz-elektrische-ladungspotential\/#primaryimage\"},\"thumbnailUrl\":\"https:\/\/ojas.de\/wp-content\/uploads\/2020\/05\/Corbon-Erdungsmate_Schlafplatz-300x125.jpg\",\"datePublished\":\"2020-06-25T19:12:17+00:00\",\"dateModified\":\"2022-11-14T10:58:25+00:00\",\"description\":\"Grounding\/Earthing - elektrische-Ladungspotential in der Luft ab zu leiten. Hohes ... kann zu Schlafst\u00f6rungen oder gesundheitlichen Problemen\",\"breadcrumb\":{\"@id\":\"https:\/\/ojas.de\/grounding-schlafplatz-elektrische-ladungspotential\/#breadcrumb\"},\"inLanguage\":\"en-GB\",\"potentialAction\":[{\"@type\":\"ReadAction\",\"target\":[\"https:\/\/ojas.de\/grounding-schlafplatz-elektrische-ladungspotential\/\"]}]},{\"@type\":\"ImageObject\",\"inLanguage\":\"en-GB\",\"@id\":\"https:\/\/ojas.de\/grounding-schlafplatz-elektrische-ladungspotential\/#primaryimage\",\"url\":\"https:\/\/ojas.de\/wp-content\/uploads\/2020\/05\/Corbon-Erdungsmate_Schlafplatz-300x125.jpg\",\"contentUrl\":\"https:\/\/ojas.de\/wp-content\/uploads\/2020\/05\/Corbon-Erdungsmate_Schlafplatz-300x125.jpg\"},{\"@type\":\"BreadcrumbList\",\"@id\":\"https:\/\/ojas.de\/grounding-schlafplatz-elektrische-ladungspotential\/#breadcrumb\",\"itemListElement\":[{\"@type\":\"ListItem\",\"position\":1,\"name\":\"Home\",\"item\":\"https:\/\/ojas.de\/\"},{\"@type\":\"ListItem\",\"position\":2,\"name\":\"Grounding Schlafplatz\"}]},{\"@type\":\"WebSite\",\"@id\":\"https:\/\/ojas.de\/#website\",\"url\":\"https:\/\/ojas.de\/\",\"name\":\"Ojas Energie f\u00fcs Leben\",\"description\":\"Luftreinigung, Bipolare ionisierte, saubere und gesunde Luft, reinigen von Elektrosmog, Groundig, energetische Belebung des Wohnraumes.\",\"publisher\":{\"@id\":\"https:\/\/ojas.de\/#organization\"},\"potentialAction\":[{\"@type\":\"SearchAction\",\"target\":{\"@type\":\"EntryPoint\",\"urlTemplate\":\"https:\/\/ojas.de\/?s={search_term_string}\"},\"query-input\":{\"@type\":\"PropertyValueSpecification\",\"valueRequired\":true,\"valueName\":\"search_term_string\"}}],\"inLanguage\":\"en-GB\"},{\"@type\":\"Organization\",\"@id\":\"https:\/\/ojas.de\/#organization\",\"name\":\"Ojas\",\"url\":\"https:\/\/ojas.de\/\",\"logo\":{\"@type\":\"ImageObject\",\"inLanguage\":\"en-GB\",\"@id\":\"https:\/\/ojas.de\/#\/schema\/logo\/image\/\",\"url\":\"https:\/\/ojas.de\/wp-content\/uploads\/2020\/04\/Ojas-logo_2.png\",\"contentUrl\":\"https:\/\/ojas.de\/wp-content\/uploads\/2020\/04\/Ojas-logo_2.png\",\"width\":375,\"height\":227,\"caption\":\"Ojas\"},\"image\":{\"@id\":\"https:\/\/ojas.de\/#\/schema\/logo\/image\/\"},\"sameAs\":[\"https:\/\/www.youtube.com\/watch?time_continue=2&amp;amp;amp;amp;v=UayAo5Fb_l0&amp;amp;amp;amp;feature=emb_logo\"]}]}<\/script>\n<!-- \/ Yoast SEO plugin. -->","yoast_head_json":{"title":"Grounding Schlafplatz - Ojas Energie f\u00fcs Leben","description":"Grounding\/Earthing - elektrische-Ladungspotential in der Luft ab zu leiten. Hohes ... kann zu Schlafst\u00f6rungen oder gesundheitlichen Problemen","robots":{"index":"index","follow":"follow","max-snippet":"max-snippet:-1","max-image-preview":"max-image-preview:large","max-video-preview":"max-video-preview:-1"},"canonical":"https:\/\/ojas.de\/en\/grounding-schlafplatz-elektrische-ladungspotential\/","og_locale":"en_GB","og_type":"article","og_title":"Grounding Schlafplatz - Ojas Energie f\u00fcs Leben","og_description":"Grounding\/Earthing - elektrische-Ladungspotential in der Luft ab zu leiten. Hohes ... kann zu Schlafst\u00f6rungen oder gesundheitlichen Problemen","og_url":"https:\/\/ojas.de\/en\/grounding-schlafplatz-elektrische-ladungspotential\/","og_site_name":"Ojas Energie f\u00fcs Leben","article_modified_time":"2022-11-14T10:58:25+00:00","og_image":[{"url":"https:\/\/ojas.de\/wp-content\/uploads\/2020\/05\/Corbon-Erdungsmate_Schlafplatz-300x125.jpg","type":"","width":"","height":""}],"twitter_card":"summary_large_image","twitter_misc":{"Estimated reading time":"3 minutes"},"schema":{"@context":"https:\/\/schema.org","@graph":[{"@type":"WebPage","@id":"https:\/\/ojas.de\/grounding-schlafplatz-elektrische-ladungspotential\/","url":"https:\/\/ojas.de\/grounding-schlafplatz-elektrische-ladungspotential\/","name":"Grounding Schlafplatz - Ojas Energie f\u00fcs Leben","isPartOf":{"@id":"https:\/\/ojas.de\/#website"},"primaryImageOfPage":{"@id":"https:\/\/ojas.de\/grounding-schlafplatz-elektrische-ladungspotential\/#primaryimage"},"image":{"@id":"https:\/\/ojas.de\/grounding-schlafplatz-elektrische-ladungspotential\/#primaryimage"},"thumbnailUrl":"https:\/\/ojas.de\/wp-content\/uploads\/2020\/05\/Corbon-Erdungsmate_Schlafplatz-300x125.jpg","datePublished":"2020-06-25T19:12:17+00:00","dateModified":"2022-11-14T10:58:25+00:00","description":"Grounding\/Earthing - elektrische-Ladungspotential in der Luft ab zu leiten. Hohes ... kann zu Schlafst\u00f6rungen oder gesundheitlichen Problemen","breadcrumb":{"@id":"https:\/\/ojas.de\/grounding-schlafplatz-elektrische-ladungspotential\/#breadcrumb"},"inLanguage":"en-GB","potentialAction":[{"@type":"ReadAction","target":["https:\/\/ojas.de\/grounding-schlafplatz-elektrische-ladungspotential\/"]}]},{"@type":"ImageObject","inLanguage":"en-GB","@id":"https:\/\/ojas.de\/grounding-schlafplatz-elektrische-ladungspotential\/#primaryimage","url":"https:\/\/ojas.de\/wp-content\/uploads\/2020\/05\/Corbon-Erdungsmate_Schlafplatz-300x125.jpg","contentUrl":"https:\/\/ojas.de\/wp-content\/uploads\/2020\/05\/Corbon-Erdungsmate_Schlafplatz-300x125.jpg"},{"@type":"BreadcrumbList","@id":"https:\/\/ojas.de\/grounding-schlafplatz-elektrische-ladungspotential\/#breadcrumb","itemListElement":[{"@type":"ListItem","position":1,"name":"Home","item":"https:\/\/ojas.de\/"},{"@type":"ListItem","position":2,"name":"Grounding Schlafplatz"}]},{"@type":"WebSite","@id":"https:\/\/ojas.de\/#website","url":"https:\/\/ojas.de\/","name":"Ojas Energie f\u00fcs Leben","description":"Luftreinigung, Bipolare ionisierte, saubere und gesunde Luft, reinigen von Elektrosmog, Groundig, energetische Belebung des Wohnraumes.","publisher":{"@id":"https:\/\/ojas.de\/#organization"},"potentialAction":[{"@type":"SearchAction","target":{"@type":"EntryPoint","urlTemplate":"https:\/\/ojas.de\/?s={search_term_string}"},"query-input":{"@type":"PropertyValueSpecification","valueRequired":true,"valueName":"search_term_string"}}],"inLanguage":"en-GB"},{"@type":"Organization","@id":"https:\/\/ojas.de\/#organization","name":"Ojas","url":"https:\/\/ojas.de\/","logo":{"@type":"ImageObject","inLanguage":"en-GB","@id":"https:\/\/ojas.de\/#\/schema\/logo\/image\/","url":"https:\/\/ojas.de\/wp-content\/uploads\/2020\/04\/Ojas-logo_2.png","contentUrl":"https:\/\/ojas.de\/wp-content\/uploads\/2020\/04\/Ojas-logo_2.png","width":375,"height":227,"caption":"Ojas"},"image":{"@id":"https:\/\/ojas.de\/#\/schema\/logo\/image\/"},"sameAs":["https:\/\/www.youtube.com\/watch?time_continue=2&amp;amp;amp;amp;v=UayAo5Fb_l0&amp;amp;amp;amp;feature=emb_logo"]}]}},"_links":{"self":[{"href":"https:\/\/ojas.de\/en\/wp-json\/wp\/v2\/pages\/2171"}],"collection":[{"href":"https:\/\/ojas.de\/en\/wp-json\/wp\/v2\/pages"}],"about":[{"href":"https:\/\/ojas.de\/en\/wp-json\/wp\/v2\/types\/page"}],"author":[{"embeddable":true,"href":"https:\/\/ojas.de\/en\/wp-json\/wp\/v2\/users\/1"}],"replies":[{"embeddable":true,"href":"https:\/\/ojas.de\/en\/wp-json\/wp\/v2\/comments?post=2171"}],"version-history":[{"count":54,"href":"https:\/\/ojas.de\/en\/wp-json\/wp\/v2\/pages\/2171\/revisions"}],"predecessor-version":[{"id":5551,"href":"https:\/\/ojas.de\/en\/wp-json\/wp\/v2\/pages\/2171\/revisions\/5551"}],"wp:attachment":[{"href":"https:\/\/ojas.de\/en\/wp-json\/wp\/v2\/media?parent=2171"}],"curies":[{"name":"wp","href":"https:\/\/api.w.org\/{rel}","templated":true}]}}