{"id":3128,"date":"2021-07-07T10:58:29","date_gmt":"2021-07-07T10:58:29","guid":{"rendered":"https:\/\/ojas.de\/?page_id=3128"},"modified":"2021-07-30T16:08:06","modified_gmt":"2021-07-30T16:08:06","slug":"info-broschuere","status":"publish","type":"page","link":"https:\/\/ojas.de\/en\/info-broschuere\/","title":{"rendered":"Info-Brosch\u00fcre"},"content":{"rendered":"<div data-elementor-type=\"wp-page\" data-elementor-id=\"3128\" class=\"elementor elementor-3128\" data-elementor-post-type=\"page\">\n\t\t\t\t\t\t<section class=\"elementor-section elementor-top-section elementor-element elementor-element-035023d elementor-section-boxed elementor-section-height-default elementor-section-height-default\" data-id=\"035023d\" data-element_type=\"section\">\n\t\t\t\t\t\t<div class=\"elementor-container elementor-column-gap-default\">\n\t\t\t\t\t<div class=\"elementor-column elementor-col-100 elementor-top-column elementor-element elementor-element-3e1aceb\" data-id=\"3e1aceb\" data-element_type=\"column\">\n\t\t\t<div class=\"elementor-widget-wrap elementor-element-populated\">\n\t\t\t\t\t\t<div class=\"elementor-element elementor-element-2c6a0fe elementor-widget-divider--view-line elementor-widget elementor-widget-divider\" data-id=\"2c6a0fe\" data-element_type=\"widget\" data-widget_type=\"divider.default\">\n\t\t\t\t<div class=\"elementor-widget-container\">\n\t\t\t\t\t\t\t<div class=\"elementor-divider\">\n\t\t\t<span class=\"elementor-divider-separator\">\n\t\t\t\t\t\t<\/span>\n\t\t<\/div>\n\t\t\t\t\t\t<\/div>\n\t\t\t\t<\/div>\n\t\t\t\t<div class=\"elementor-element elementor-element-529e02e elementor-widget elementor-widget-heading\" data-id=\"529e02e\" data-element_type=\"widget\" data-widget_type=\"heading.default\">\n\t\t\t\t<div class=\"elementor-widget-container\">\n\t\t\t\t\t<h1 class=\"elementor-heading-title elementor-size-default\">Info-Brosch\u00fcre<\/h1>\t\t\t\t<\/div>\n\t\t\t\t<\/div>\n\t\t\t\t<div class=\"elementor-element elementor-element-e96a298 elementor-widget elementor-widget-heading\" data-id=\"e96a298\" data-element_type=\"widget\" data-widget_type=\"heading.default\">\n\t\t\t\t<div class=\"elementor-widget-container\">\n\t\t\t\t\t<h2 class=\"elementor-heading-title elementor-size-default\">Bestellen Sie gleich Ihre kostenlose Info-Brosch\u00fcre<\/h2>\t\t\t\t<\/div>\n\t\t\t\t<\/div>\n\t\t\t\t<div class=\"elementor-element elementor-element-757cc4d elementor-widget elementor-widget-spacer\" data-id=\"757cc4d\" data-element_type=\"widget\" data-widget_type=\"spacer.default\">\n\t\t\t\t<div class=\"elementor-widget-container\">\n\t\t\t\t\t\t\t<div class=\"elementor-spacer\">\n\t\t\t<div class=\"elementor-spacer-inner\"><\/div>\n\t\t<\/div>\n\t\t\t\t\t\t<\/div>\n\t\t\t\t<\/div>\n\t\t\t\t\t<\/div>\n\t\t<\/div>\n\t\t\t\t\t<\/div>\n\t\t<\/section>\n\t\t\t\t<section class=\"elementor-section elementor-top-section elementor-element elementor-element-4cffed5 elementor-section-boxed elementor-section-height-default elementor-section-height-default\" data-id=\"4cffed5\" data-element_type=\"section\">\n\t\t\t\t\t\t<div class=\"elementor-container elementor-column-gap-default\">\n\t\t\t\t\t<div class=\"elementor-column elementor-col-50 elementor-top-column elementor-element elementor-element-a113178\" data-id=\"a113178\" data-element_type=\"column\">\n\t\t\t<div class=\"elementor-widget-wrap elementor-element-populated\">\n\t\t\t\t\t\t<div class=\"elementor-element elementor-element-05a8d50 elementor-widget elementor-widget-spacer\" data-id=\"05a8d50\" data-element_type=\"widget\" data-widget_type=\"spacer.default\">\n\t\t\t\t<div class=\"elementor-widget-container\">\n\t\t\t\t\t\t\t<div class=\"elementor-spacer\">\n\t\t\t<div class=\"elementor-spacer-inner\"><\/div>\n\t\t<\/div>\n\t\t\t\t\t\t<\/div>\n\t\t\t\t<\/div>\n\t\t\t\t<div class=\"elementor-element elementor-element-c2990e3 elementor-widget elementor-widget-image\" data-id=\"c2990e3\" data-element_type=\"widget\" data-widget_type=\"image.default\">\n\t\t\t\t<div class=\"elementor-widget-container\">\n\t\t\t\t\t\t\t\t\t\t\t\t\t\t\t<img decoding=\"async\" src=\"https:\/\/ojas.de\/wp-content\/uploads\/elementor\/thumbs\/Info-Broschu\u0308re-v1-3D-p9rmathxycjhkdpznjg6v518cuqb638jfx2g6slytk.png\" title=\"Info-Broschu\u0308re-v1-3D\" alt=\"Info-Broschu\u0308re-v1-3D\" loading=\"lazy\" \/>\t\t\t\t\t\t\t\t\t\t\t\t\t\t\t<\/div>\n\t\t\t\t<\/div>\n\t\t\t\t\t<\/div>\n\t\t<\/div>\n\t\t\t\t<div class=\"elementor-column elementor-col-50 elementor-top-column elementor-element elementor-element-45e0d5c\" data-id=\"45e0d5c\" data-element_type=\"column\">\n\t\t\t<div class=\"elementor-widget-wrap elementor-element-populated\">\n\t\t\t\t\t\t<div class=\"elementor-element elementor-element-512e081 elementor-widget elementor-widget-text-editor\" data-id=\"512e081\" data-element_type=\"widget\" data-widget_type=\"text-editor.default\">\n\t\t\t\t<div class=\"elementor-widget-container\">\n\t\t\t\t\t\t\t\t\t<p>\n<div class=\"wpcf7 no-js\" id=\"wpcf7-f4503-o1\" lang=\"de-DE\" dir=\"ltr\">\n<div class=\"screen-reader-response\"><p role=\"status\" aria-live=\"polite\" aria-atomic=\"true\"><\/p> <ul><\/ul><\/div>\n<form action=\"\/en\/wp-json\/wp\/v2\/pages\/3128#wpcf7-f4503-o1\" method=\"post\" class=\"wpcf7-form init wpcf7-acceptance-as-validation\" aria-label=\"Kontaktformular\" novalidate=\"novalidate\" data-status=\"init\" data-trp-original-action=\"\/en\/wp-json\/wp\/v2\/pages\/3128#wpcf7-f4503-o1\">\n<div style=\"display: none;\">\n<input type=\"hidden\" name=\"_wpcf7\" value=\"4503\" \/>\n<input type=\"hidden\" name=\"_wpcf7_version\" value=\"5.9.8\" \/>\n<input type=\"hidden\" name=\"_wpcf7_locale\" value=\"de_DE\" \/>\n<input type=\"hidden\" name=\"_wpcf7_unit_tag\" value=\"wpcf7-f4503-o1\" \/>\n<input type=\"hidden\" name=\"_wpcf7_container_post\" value=\"0\" \/>\n<input type=\"hidden\" name=\"_wpcf7_posted_data_hash\" value=\"\" \/>\n<\/div>\n<p><span style=\"font-size: 24px;\">Bitte dieses Formular ausf\u00fcllen<\/span>\n<\/p>\n<p><span class=\"wpcf7-form-control-wrap\" data-name=\"firma\"><input size=\"40\" maxlength=\"400\" class=\"wpcf7-form-control wpcf7-text\" aria-invalid=\"false\" placeholder=\"Firma\" value=\"\" type=\"text\" name=\"firma\" \/><\/span>\n<\/p>\n<p><span class=\"wpcf7-form-control-wrap\" data-name=\"vornname\"><input size=\"40\" maxlength=\"400\" class=\"wpcf7-form-control wpcf7-text wpcf7-validates-as-required\" aria-required=\"true\" aria-invalid=\"false\" placeholder=\"Ihr Vorname (Pflichtfeld)\" value=\"\" type=\"text\" name=\"vornname\" \/><\/span>\n<\/p>\n<p><span class=\"wpcf7-form-control-wrap\" data-name=\"nachname\"><input size=\"40\" maxlength=\"400\" class=\"wpcf7-form-control wpcf7-text wpcf7-validates-as-required\" aria-required=\"true\" aria-invalid=\"false\" placeholder=\"Ihr Nachname (Pflichtfeld)\" value=\"\" type=\"text\" name=\"nachname\" \/><\/span>\n<\/p>\n<p><span class=\"wpcf7-form-control-wrap\" data-name=\"strasse-und-hausnr\"><input size=\"40\" maxlength=\"400\" class=\"wpcf7-form-control wpcf7-text wpcf7-validates-as-required\" aria-required=\"true\" aria-invalid=\"false\" placeholder=\"Ihre Strasse und Hausnr. (Pflichtfeld)\" value=\"\" type=\"text\" name=\"strasse-und-hausnr\" \/><\/span>\n<\/p>\n<p><span class=\"wpcf7-form-control-wrap\" data-name=\"plz\"><input size=\"40\" maxlength=\"400\" class=\"wpcf7-form-control wpcf7-text wpcf7-validates-as-required\" aria-required=\"true\" aria-invalid=\"false\" placeholder=\"Ihre PLZ (Pflichtfeld)\" value=\"\" type=\"text\" name=\"plz\" \/><\/span>\n<\/p>\n<p><span class=\"wpcf7-form-control-wrap\" data-name=\"ort\"><input size=\"40\" maxlength=\"400\" class=\"wpcf7-form-control wpcf7-text wpcf7-validates-as-required\" aria-required=\"true\" aria-invalid=\"false\" placeholder=\"Ihr Ort (Pflichtfeld)\" value=\"\" type=\"text\" name=\"ort\" \/><\/span>\n<\/p>\n<p><span class=\"wpcf7-form-control-wrap\" data-name=\"phone\"><input size=\"40\" maxlength=\"400\" class=\"wpcf7-form-control wpcf7-text\" aria-invalid=\"false\" placeholder=\"Ihre Telefonnummer mit Vorwahl\" value=\"\" type=\"text\" name=\"phone\" \/><\/span>\n<\/p>\n<p><span class=\"wpcf7-form-control-wrap\" data-name=\"your-email\"><input size=\"40\" maxlength=\"400\" class=\"wpcf7-form-control wpcf7-email wpcf7-validates-as-required wpcf7-text wpcf7-validates-as-email\" aria-required=\"true\" aria-invalid=\"false\" placeholder=\"Ihre E-mailadresse (Pflichtfeld)\" value=\"\" type=\"email\" name=\"your-email\" \/><\/span>\n<\/p>\n<p><span class=\"wpcf7-form-control-wrap\" data-name=\"your-choice\"><span class=\"wpcf7-form-control wpcf7-checkbox\"><span class=\"wpcf7-list-item first last\"><input type=\"checkbox\" name=\"your-choice[]\" value=\"Ich m\u00f6chte Ihre Info-Brosch\u00fcre gerne per Post.\" \/><span class=\"wpcf7-list-item-label\">Ich m\u00f6chte Ihre Info-Brosch\u00fcre gerne per Post.<\/span><\/span><\/span><\/span>\n<\/p>\n<p><span class=\"wpcf7-form-control-wrap\" data-name=\"your-choice\"><span class=\"wpcf7-form-control wpcf7-checkbox\"><span class=\"wpcf7-list-item first last\"><input type=\"checkbox\" name=\"your-choice[]\" value=\"Ich m\u00f6chte Ihre Info-Brosch\u00fcre gerne per E-mail.\" \/><span class=\"wpcf7-list-item-label\">Ich m\u00f6chte Ihre Info-Brosch\u00fcre gerne per E-mail.<\/span><\/span><\/span><\/span>\n<\/p>\n<p><span class=\"wpcf7-form-control-wrap\" data-name=\"your-choice2\"><span class=\"wpcf7-form-control wpcf7-checkbox\"><span class=\"wpcf7-list-item first last\"><input type=\"checkbox\" name=\"your-choice2[]\" value=\"Ich m\u00f6chte, dass sie mich anrufen.\" \/><span class=\"wpcf7-list-item-label\">Ich m\u00f6chte, dass sie mich anrufen.<\/span><\/span><\/span><\/span>\n<\/p>\n<p><span class=\"wpcf7-form-control-wrap\" data-name=\"your-choice3\"><span class=\"wpcf7-form-control wpcf7-checkbox\"><span class=\"wpcf7-list-item first last\"><input type=\"checkbox\" name=\"your-choice3[]\" value=\"Ich m\u00f6chte \u00fcber Neuigkeiten informiert werden.\" \/><span class=\"wpcf7-list-item-label\">Ich m\u00f6chte \u00fcber Neuigkeiten informiert werden.<\/span><\/span><\/span><\/span>\n<\/p>\n<p><span class=\"wpcf7-form-control-wrap\" data-name=\"your-message\"><textarea cols=\"40\" rows=\"10\" maxlength=\"2000\" class=\"wpcf7-form-control wpcf7-textarea\" aria-invalid=\"false\" placeholder=\"Bitte geben Sie hier Ihre Nachricht ein.\" name=\"your-message\"><\/textarea><\/span>\n<\/p>\n<p><span class=\"wpcf7-form-control-wrap\" data-name=\"zustimmung\"><span class=\"wpcf7-form-control wpcf7-acceptance\"><span class=\"wpcf7-list-item\"><label><input type=\"checkbox\" name=\"zustimmung\" value=\"1\" aria-invalid=\"false\" \/><span class=\"wpcf7-list-item-label\">Ich habe die <a href=\"\/en\/vorlagen\/\">Privacy Policy<\/a> zur Kenntnis genommen und akzeptiert.<\/span><\/label><\/span><\/span><\/span>\n<\/p>\n<p><input class=\"wpcf7-form-control wpcf7-submit has-spinner\" type=\"submit\" value=\"Senden\" \/>\n<\/p><div class=\"wpcf7-response-output\" aria-hidden=\"true\"><\/div>\n<input type=\"hidden\" name=\"trp-form-language\" value=\"en\"\/><\/form>\n<\/div>\n<\/p>\t\t\t\t\t\t\t\t<\/div>\n\t\t\t\t<\/div>\n\t\t\t\t\t<\/div>\n\t\t<\/div>\n\t\t\t\t\t<\/div>\n\t\t<\/section>\n\t\t\t\t<\/div>","protected":false},"excerpt":{"rendered":"<p>Info-Brosch\u00fcre Bestellen Sie gleich Ihre kostenlose Info-Brosch\u00fcre<\/p>","protected":false},"author":1,"featured_media":0,"parent":0,"menu_order":0,"comment_status":"closed","ping_status":"closed","template":"","meta":{"footnotes":""},"yoast_head":"<!-- This site is optimized with the Yoast SEO plugin v24.5 - https:\/\/yoast.com\/wordpress\/plugins\/seo\/ -->\n<title>Info-Brosch\u00fcre - Ojas Energie f\u00fcs Leben<\/title>\n<meta name=\"robots\" content=\"index, follow, max-snippet:-1, max-image-preview:large, max-video-preview:-1\" \/>\n<link rel=\"canonical\" href=\"https:\/\/ojas.de\/en\/info-broschuere\/\" \/>\n<meta property=\"og:locale\" content=\"en_GB\" \/>\n<meta property=\"og:type\" content=\"article\" \/>\n<meta property=\"og:title\" content=\"Info-Brosch\u00fcre - Ojas Energie f\u00fcs Leben\" \/>\n<meta property=\"og:description\" content=\"Info-Brosch\u00fcre Bestellen Sie gleich Ihre kostenlose Info-Brosch\u00fcre\" \/>\n<meta property=\"og:url\" content=\"https:\/\/ojas.de\/en\/info-broschuere\/\" \/>\n<meta property=\"og:site_name\" content=\"Ojas Energie f\u00fcs Leben\" \/>\n<meta property=\"article:modified_time\" content=\"2021-07-30T16:08:06+00:00\" \/>\n<meta property=\"og:image\" content=\"https:\/\/ojas.de\/wp-content\/uploads\/elementor\/thumbs\/Info-Broschu\u0308re-v1-3D-p9rmathxycjhkdpznjg6v518cuqb638jfx2g6slytk.png\" \/>\n<meta name=\"twitter:card\" content=\"summary_large_image\" \/>\n<meta name=\"twitter:label1\" content=\"Estimated reading time\" \/>\n\t<meta name=\"twitter:data1\" content=\"1 minute\" \/>\n<script type=\"application\/ld+json\" class=\"yoast-schema-graph\">{\"@context\":\"https:\/\/schema.org\",\"@graph\":[{\"@type\":\"WebPage\",\"@id\":\"https:\/\/ojas.de\/info-broschuere\/\",\"url\":\"https:\/\/ojas.de\/info-broschuere\/\",\"name\":\"Info-Brosch\u00fcre - Ojas Energie f\u00fcs Leben\",\"isPartOf\":{\"@id\":\"https:\/\/ojas.de\/#website\"},\"datePublished\":\"2021-07-07T10:58:29+00:00\",\"dateModified\":\"2021-07-30T16:08:06+00:00\",\"breadcrumb\":{\"@id\":\"https:\/\/ojas.de\/info-broschuere\/#breadcrumb\"},\"inLanguage\":\"en-GB\",\"potentialAction\":[{\"@type\":\"ReadAction\",\"target\":[\"https:\/\/ojas.de\/info-broschuere\/\"]}]},{\"@type\":\"BreadcrumbList\",\"@id\":\"https:\/\/ojas.de\/info-broschuere\/#breadcrumb\",\"itemListElement\":[{\"@type\":\"ListItem\",\"position\":1,\"name\":\"Home\",\"item\":\"https:\/\/ojas.de\/\"},{\"@type\":\"ListItem\",\"position\":2,\"name\":\"Info-Brosch\u00fcre\"}]},{\"@type\":\"WebSite\",\"@id\":\"https:\/\/ojas.de\/#website\",\"url\":\"https:\/\/ojas.de\/\",\"name\":\"Ojas Energie f\u00fcs Leben\",\"description\":\"Luftreinigung, Bipolare ionisierte, saubere und gesunde Luft, reinigen von Elektrosmog, Groundig, energetische Belebung des Wohnraumes.\",\"publisher\":{\"@id\":\"https:\/\/ojas.de\/#organization\"},\"potentialAction\":[{\"@type\":\"SearchAction\",\"target\":{\"@type\":\"EntryPoint\",\"urlTemplate\":\"https:\/\/ojas.de\/?s={search_term_string}\"},\"query-input\":{\"@type\":\"PropertyValueSpecification\",\"valueRequired\":true,\"valueName\":\"search_term_string\"}}],\"inLanguage\":\"en-GB\"},{\"@type\":\"Organization\",\"@id\":\"https:\/\/ojas.de\/#organization\",\"name\":\"Ojas\",\"url\":\"https:\/\/ojas.de\/\",\"logo\":{\"@type\":\"ImageObject\",\"inLanguage\":\"en-GB\",\"@id\":\"https:\/\/ojas.de\/#\/schema\/logo\/image\/\",\"url\":\"https:\/\/ojas.de\/wp-content\/uploads\/2020\/04\/Ojas-logo_2.png\",\"contentUrl\":\"https:\/\/ojas.de\/wp-content\/uploads\/2020\/04\/Ojas-logo_2.png\",\"width\":375,\"height\":227,\"caption\":\"Ojas\"},\"image\":{\"@id\":\"https:\/\/ojas.de\/#\/schema\/logo\/image\/\"},\"sameAs\":[\"https:\/\/www.youtube.com\/watch?time_continue=2&amp;amp;amp;amp;v=UayAo5Fb_l0&amp;amp;amp;amp;feature=emb_logo\"]}]}<\/script>\n<!-- \/ Yoast SEO plugin. -->","yoast_head_json":{"title":"Info-Brosch\u00fcre - Ojas Energie f\u00fcs Leben","robots":{"index":"index","follow":"follow","max-snippet":"max-snippet:-1","max-image-preview":"max-image-preview:large","max-video-preview":"max-video-preview:-1"},"canonical":"https:\/\/ojas.de\/en\/info-broschuere\/","og_locale":"en_GB","og_type":"article","og_title":"Info-Brosch\u00fcre - Ojas Energie f\u00fcs Leben","og_description":"Info-Brosch\u00fcre Bestellen Sie gleich Ihre kostenlose Info-Brosch\u00fcre","og_url":"https:\/\/ojas.de\/en\/info-broschuere\/","og_site_name":"Ojas Energie f\u00fcs Leben","article_modified_time":"2021-07-30T16:08:06+00:00","og_image":[{"url":"https:\/\/ojas.de\/wp-content\/uploads\/elementor\/thumbs\/Info-Broschu\u0308re-v1-3D-p9rmathxycjhkdpznjg6v518cuqb638jfx2g6slytk.png","type":"","width":"","height":""}],"twitter_card":"summary_large_image","twitter_misc":{"Estimated reading time":"1 minute"},"schema":{"@context":"https:\/\/schema.org","@graph":[{"@type":"WebPage","@id":"https:\/\/ojas.de\/info-broschuere\/","url":"https:\/\/ojas.de\/info-broschuere\/","name":"Info-Brosch\u00fcre - Ojas Energie f\u00fcs Leben","isPartOf":{"@id":"https:\/\/ojas.de\/#website"},"datePublished":"2021-07-07T10:58:29+00:00","dateModified":"2021-07-30T16:08:06+00:00","breadcrumb":{"@id":"https:\/\/ojas.de\/info-broschuere\/#breadcrumb"},"inLanguage":"en-GB","potentialAction":[{"@type":"ReadAction","target":["https:\/\/ojas.de\/info-broschuere\/"]}]},{"@type":"BreadcrumbList","@id":"https:\/\/ojas.de\/info-broschuere\/#breadcrumb","itemListElement":[{"@type":"ListItem","position":1,"name":"Home","item":"https:\/\/ojas.de\/"},{"@type":"ListItem","position":2,"name":"Info-Brosch\u00fcre"}]},{"@type":"WebSite","@id":"https:\/\/ojas.de\/#website","url":"https:\/\/ojas.de\/","name":"Ojas Energie f\u00fcs Leben","description":"Luftreinigung, Bipolare ionisierte, saubere und gesunde Luft, reinigen von Elektrosmog, Groundig, energetische Belebung des Wohnraumes.","publisher":{"@id":"https:\/\/ojas.de\/#organization"},"potentialAction":[{"@type":"SearchAction","target":{"@type":"EntryPoint","urlTemplate":"https:\/\/ojas.de\/?s={search_term_string}"},"query-input":{"@type":"PropertyValueSpecification","valueRequired":true,"valueName":"search_term_string"}}],"inLanguage":"en-GB"},{"@type":"Organization","@id":"https:\/\/ojas.de\/#organization","name":"Ojas","url":"https:\/\/ojas.de\/","logo":{"@type":"ImageObject","inLanguage":"en-GB","@id":"https:\/\/ojas.de\/#\/schema\/logo\/image\/","url":"https:\/\/ojas.de\/wp-content\/uploads\/2020\/04\/Ojas-logo_2.png","contentUrl":"https:\/\/ojas.de\/wp-content\/uploads\/2020\/04\/Ojas-logo_2.png","width":375,"height":227,"caption":"Ojas"},"image":{"@id":"https:\/\/ojas.de\/#\/schema\/logo\/image\/"},"sameAs":["https:\/\/www.youtube.com\/watch?time_continue=2&amp;amp;amp;amp;v=UayAo5Fb_l0&amp;amp;amp;amp;feature=emb_logo"]}]}},"_links":{"self":[{"href":"https:\/\/ojas.de\/en\/wp-json\/wp\/v2\/pages\/3128"}],"collection":[{"href":"https:\/\/ojas.de\/en\/wp-json\/wp\/v2\/pages"}],"about":[{"href":"https:\/\/ojas.de\/en\/wp-json\/wp\/v2\/types\/page"}],"author":[{"embeddable":true,"href":"https:\/\/ojas.de\/en\/wp-json\/wp\/v2\/users\/1"}],"replies":[{"embeddable":true,"href":"https:\/\/ojas.de\/en\/wp-json\/wp\/v2\/comments?post=3128"}],"version-history":[{"count":212,"href":"https:\/\/ojas.de\/en\/wp-json\/wp\/v2\/pages\/3128\/revisions"}],"predecessor-version":[{"id":4516,"href":"https:\/\/ojas.de\/en\/wp-json\/wp\/v2\/pages\/3128\/revisions\/4516"}],"wp:attachment":[{"href":"https:\/\/ojas.de\/en\/wp-json\/wp\/v2\/media?parent=3128"}],"curies":[{"name":"wp","href":"https:\/\/api.w.org\/{rel}","templated":true}]}}