{"id":4945,"date":"2021-08-21T00:42:04","date_gmt":"2021-08-21T00:42:04","guid":{"rendered":"https:\/\/ojas.de\/?page_id=4945"},"modified":"2021-08-23T06:41:02","modified_gmt":"2021-08-23T06:41:02","slug":"blog","status":"publish","type":"page","link":"https:\/\/ojas.de\/en\/blog\/","title":{"rendered":"Blog"},"content":{"rendered":"<div data-elementor-type=\"wp-page\" data-elementor-id=\"4945\" class=\"elementor elementor-4945\" data-elementor-post-type=\"page\">\n\t\t\t\t\t\t<section class=\"elementor-section elementor-top-section elementor-element elementor-element-4b9807e elementor-section-boxed elementor-section-height-default elementor-section-height-default\" data-id=\"4b9807e\" data-element_type=\"section\">\n\t\t\t\t\t\t<div class=\"elementor-container elementor-column-gap-default\">\n\t\t\t\t\t<div class=\"elementor-column elementor-col-100 elementor-top-column elementor-element elementor-element-b487508\" data-id=\"b487508\" data-element_type=\"column\">\n\t\t\t<div class=\"elementor-widget-wrap elementor-element-populated\">\n\t\t\t\t\t\t<div class=\"elementor-element elementor-element-7f226a4 elementor-grid-3 elementor-grid-tablet-2 elementor-grid-mobile-1 elementor-posts--thumbnail-top elementor-card-shadow-yes elementor-posts__hover-gradient elementor-widget elementor-widget-posts\" data-id=\"7f226a4\" data-element_type=\"widget\" data-settings=\"{&quot;pagination_type&quot;:&quot;numbers&quot;,&quot;cards_columns&quot;:&quot;3&quot;,&quot;cards_columns_tablet&quot;:&quot;2&quot;,&quot;cards_columns_mobile&quot;:&quot;1&quot;,&quot;cards_row_gap&quot;:{&quot;unit&quot;:&quot;px&quot;,&quot;size&quot;:35,&quot;sizes&quot;:[]},&quot;cards_row_gap_tablet&quot;:{&quot;unit&quot;:&quot;px&quot;,&quot;size&quot;:&quot;&quot;,&quot;sizes&quot;:[]},&quot;cards_row_gap_mobile&quot;:{&quot;unit&quot;:&quot;px&quot;,&quot;size&quot;:&quot;&quot;,&quot;sizes&quot;:[]}}\" data-widget_type=\"posts.cards\">\n\t\t\t\t<div class=\"elementor-widget-container\">\n\t\t\t\t\t\t\t<div class=\"elementor-posts-container elementor-posts elementor-posts--skin-cards elementor-grid\">\n\t\t\t\t<article class=\"elementor-post elementor-grid-item post-4985 post type-post status-publish format-standard has-post-thumbnail hentry category-lebensenergie tag-lebensenergie tag-ordnungskraft tag-subtile-bereiche tag-subtile-energie tag-subtiler-koerper tag-yin-und-yang\">\n\t\t\t<div class=\"elementor-post__card\">\n\t\t\t\t<a class=\"elementor-post__thumbnail__link\" href=\"https:\/\/ojas.de\/en\/subtile-energie\/\" tabindex=\"-1\" ><div class=\"elementor-post__thumbnail\"><img decoding=\"async\" width=\"300\" height=\"125\" src=\"https:\/\/ojas.de\/wp-content\/uploads\/subtile_energie_antasy-571956_1280-300x125.jpg\" class=\"attachment-medium size-medium wp-image-4822\" alt=\"Subtile Energie\" srcset=\"https:\/\/ojas.de\/wp-content\/uploads\/subtile_energie_antasy-571956_1280-300x125.jpg 300w, https:\/\/ojas.de\/wp-content\/uploads\/subtile_energie_antasy-571956_1280-1024x426.jpg 1024w, https:\/\/ojas.de\/wp-content\/uploads\/subtile_energie_antasy-571956_1280-768x320.jpg 768w, https:\/\/ojas.de\/wp-content\/uploads\/subtile_energie_antasy-571956_1280-1536x639.jpg 1536w, https:\/\/ojas.de\/wp-content\/uploads\/subtile_energie_antasy-571956_1280-18x7.jpg 18w, https:\/\/ojas.de\/wp-content\/uploads\/subtile_energie_antasy-571956_1280.jpg 1920w\" sizes=\"(max-width: 300px) 100vw, 300px\" \/><\/div><\/a>\n\t\t\t\t<div class=\"elementor-post__badge\">Lebensenergie<\/div>\n\t\t\t\t<div class=\"elementor-post__text\">\n\t\t\t\t<h3 class=\"elementor-post__title\">\n\t\t\t<a href=\"https:\/\/ojas.de\/en\/subtile-energie\/\" >\n\t\t\t\tSubtile Energie\t\t\t<\/a>\n\t\t<\/h3>\n\t\t\t\t<div class=\"elementor-post__excerpt\">\n\t\t\t<p>Subtile Energie Die klassischen wissenschaftlichen Studien der elektromagnetischen Felder begannen vor mehr als 160 Jahren als Maxwell zeigte, dass elektrische und magnetische Kr\u00e4fte zwei sich<\/p>\n\t\t<\/div>\n\t\t\n\t\t<a class=\"elementor-post__read-more\" href=\"https:\/\/ojas.de\/en\/subtile-energie\/\" aria-label=\"Read more about Subtile Energie\" tabindex=\"-1\" >\n\t\t\tWeiterlesen \u00bb\t\t<\/a>\n\n\t\t\t\t<\/div>\n\t\t\t\t<div class=\"elementor-post__meta-data\">\n\t\t\t\t\t<span class=\"elementor-post-date\">\n\t\t\tAugust 21, 2021\t\t<\/span>\n\t\t\t\t<\/div>\n\t\t\t\t\t<\/div>\n\t\t<\/article>\n\t\t\t\t<article class=\"elementor-post elementor-grid-item post-3813 post type-post status-publish format-standard has-post-thumbnail hentry category-luftreinigung-ionisierung tag-bipolare-ionisierung tag-gesunde-luft tag-luft-iionisirung tag-reinigung-von-viren tag-saubere-luft\">\n\t\t\t<div class=\"elementor-post__card\">\n\t\t\t\t<a class=\"elementor-post__thumbnail__link\" href=\"https:\/\/ojas.de\/en\/bei-plasma-bipolare-luftionisierung-wurde-eine-reduziert-viren-zu-99-nachgewiesen\/\" tabindex=\"-1\" ><div class=\"elementor-post__thumbnail\"><img fetchpriority=\"high\" decoding=\"async\" width=\"300\" height=\"169\" src=\"https:\/\/ojas.de\/wp-content\/uploads\/Plasma-Bipolare-Ionisierung-300x169.jpg\" class=\"attachment-medium size-medium wp-image-3969\" alt=\"Bipolare Ionisierung\" srcset=\"https:\/\/ojas.de\/wp-content\/uploads\/Plasma-Bipolare-Ionisierung-300x169.jpg 300w, https:\/\/ojas.de\/wp-content\/uploads\/Plasma-Bipolare-Ionisierung-1024x576.jpg 1024w, https:\/\/ojas.de\/wp-content\/uploads\/Plasma-Bipolare-Ionisierung-768x432.jpg 768w, https:\/\/ojas.de\/wp-content\/uploads\/Plasma-Bipolare-Ionisierung-16x9.jpg 16w, https:\/\/ojas.de\/wp-content\/uploads\/Plasma-Bipolare-Ionisierung.jpg 1280w\" sizes=\"(max-width: 300px) 100vw, 300px\" \/><\/div><\/a>\n\t\t\t\t<div class=\"elementor-post__badge\">Luftreinigung Ionisierung<\/div>\n\t\t\t\t<div class=\"elementor-post__text\">\n\t\t\t\t<h3 class=\"elementor-post__title\">\n\t\t\t<a href=\"https:\/\/ojas.de\/en\/bei-plasma-bipolare-luftionisierung-wurde-eine-reduziert-viren-zu-99-nachgewiesen\/\" >\n\t\t\t\tBipolare-Luftionisierung\t\t\t<\/a>\n\t\t<\/h3>\n\t\t\t\t<div class=\"elementor-post__excerpt\">\n\t\t\t<p>Bipolare-Luftionisierung Bipolare-Luftionisierung reduziert bei unabh\u00e4ngigen spanischen Tests nachweislich Coronavirus-Surrogat-Bakteriophagen MS2 um 99 % Erfolgreiche zertifizierte Tests, die in einer Geb\u00e4udeanlage durchgef\u00fchrt wurden, belegen die viruszerst\u00f6rende<\/p>\n\t\t<\/div>\n\t\t\n\t\t<a class=\"elementor-post__read-more\" href=\"https:\/\/ojas.de\/en\/bei-plasma-bipolare-luftionisierung-wurde-eine-reduziert-viren-zu-99-nachgewiesen\/\" aria-label=\"Read more about Bipolare-Luftionisierung\" tabindex=\"-1\" >\n\t\t\tWeiterlesen \u00bb\t\t<\/a>\n\n\t\t\t\t<\/div>\n\t\t\t\t<div class=\"elementor-post__meta-data\">\n\t\t\t\t\t<span class=\"elementor-post-date\">\n\t\t\tJuly 8, 2021\t\t<\/span>\n\t\t\t\t<\/div>\n\t\t\t\t\t<\/div>\n\t\t<\/article>\n\t\t\t\t<article class=\"elementor-post elementor-grid-item post-3235 post type-post status-publish format-standard has-post-thumbnail hentry category-ojas-belebung tag-belebtes-wasser-ist-lebensqualitaet tag-energetisches-wasser tag-gutes-wasser tag-wasserbelebung\">\n\t\t\t<div class=\"elementor-post__card\">\n\t\t\t\t<a class=\"elementor-post__thumbnail__link\" href=\"https:\/\/ojas.de\/en\/wasserbelebung-wie-man-wasser-beleben-kann-belebtes-wasser-ist-lebensqualitaet\/\" tabindex=\"-1\" ><div class=\"elementor-post__thumbnail\"><img decoding=\"async\" width=\"300\" height=\"169\" src=\"https:\/\/ojas.de\/wp-content\/uploads\/Wasserbelebung-300x169.jpg\" class=\"attachment-medium size-medium wp-image-3970\" alt=\"Belebtes Wasser\" srcset=\"https:\/\/ojas.de\/wp-content\/uploads\/Wasserbelebung-300x169.jpg 300w, https:\/\/ojas.de\/wp-content\/uploads\/Wasserbelebung-1024x576.jpg 1024w, https:\/\/ojas.de\/wp-content\/uploads\/Wasserbelebung-768x432.jpg 768w, https:\/\/ojas.de\/wp-content\/uploads\/Wasserbelebung-16x9.jpg 16w, https:\/\/ojas.de\/wp-content\/uploads\/Wasserbelebung.jpg 1280w\" sizes=\"(max-width: 300px) 100vw, 300px\" \/><\/div><\/a>\n\t\t\t\t<div class=\"elementor-post__badge\">Ojas energy<\/div>\n\t\t\t\t<div class=\"elementor-post__text\">\n\t\t\t\t<h3 class=\"elementor-post__title\">\n\t\t\t<a href=\"https:\/\/ojas.de\/en\/wasserbelebung-wie-man-wasser-beleben-kann-belebtes-wasser-ist-lebensqualitaet\/\" >\n\t\t\t\tWasserbelebung\t\t\t<\/a>\n\t\t<\/h3>\n\t\t\t\t<div class=\"elementor-post__excerpt\">\n\t\t\t<p>Die Ojas Wasserbelebung ist Teil der Ojas Haus &#8211; Raumsanierung. \u2028F\u00fcr eine optimale Wasserbelebung im Geb\u00e4ude sollten auch Elektrosmog, Erdstrahlung und die Struktur des Geb\u00e4udes<\/p>\n\t\t<\/div>\n\t\t\n\t\t<a class=\"elementor-post__read-more\" href=\"https:\/\/ojas.de\/en\/wasserbelebung-wie-man-wasser-beleben-kann-belebtes-wasser-ist-lebensqualitaet\/\" aria-label=\"Read more about Wasserbelebung\" tabindex=\"-1\" >\n\t\t\tWeiterlesen \u00bb\t\t<\/a>\n\n\t\t\t\t<\/div>\n\t\t\t\t<div class=\"elementor-post__meta-data\">\n\t\t\t\t\t<span class=\"elementor-post-date\">\n\t\t\tJuly 6, 2021\t\t<\/span>\n\t\t\t\t<\/div>\n\t\t\t\t\t<\/div>\n\t\t<\/article>\n\t\t\t\t<article class=\"elementor-post elementor-grid-item post-3078 post type-post status-publish format-standard has-post-thumbnail hentry category-ojas-belebung-lebensenergie tag-begriffserklaerung tag-lebensenergie tag-ordnungskraft tag-subtile-bereiche tag-subtile-energie tag-subtiler-koerper tag-yin-und-yang\">\n\t\t\t<div class=\"elementor-post__card\">\n\t\t\t\t<a class=\"elementor-post__thumbnail__link\" href=\"https:\/\/ojas.de\/en\/lebensenergie-teil-1-begriffserklaerung-subtile-bereiche-subtiler-koerper-subtile-energie-ordnungskraft-yin-yang\/\" tabindex=\"-1\" ><div class=\"elementor-post__thumbnail\"><img loading=\"lazy\" decoding=\"async\" width=\"300\" height=\"169\" src=\"https:\/\/ojas.de\/wp-content\/uploads\/Lebensenergie-JinYang-1-300x169.jpg\" class=\"attachment-medium size-medium wp-image-3991\" alt=\"JIN &amp; YANG\" srcset=\"https:\/\/ojas.de\/wp-content\/uploads\/Lebensenergie-JinYang-1-300x169.jpg 300w, https:\/\/ojas.de\/wp-content\/uploads\/Lebensenergie-JinYang-1-1024x576.jpg 1024w, https:\/\/ojas.de\/wp-content\/uploads\/Lebensenergie-JinYang-1-768x432.jpg 768w, https:\/\/ojas.de\/wp-content\/uploads\/Lebensenergie-JinYang-1-16x9.jpg 16w, https:\/\/ojas.de\/wp-content\/uploads\/Lebensenergie-JinYang-1.jpg 1280w\" sizes=\"(max-width: 300px) 100vw, 300px\" \/><\/div><\/a>\n\t\t\t\t<div class=\"elementor-post__badge\">Ojas-Belebung, Lebensenergie<\/div>\n\t\t\t\t<div class=\"elementor-post__text\">\n\t\t\t\t<h3 class=\"elementor-post__title\">\n\t\t\t<a href=\"https:\/\/ojas.de\/en\/lebensenergie-teil-1-begriffserklaerung-subtile-bereiche-subtiler-koerper-subtile-energie-ordnungskraft-yin-yang\/\" >\n\t\t\t\tLebensenergie Teil 1, Begriffserkl\u00e4rung\t\t\t<\/a>\n\t\t<\/h3>\n\t\t\t\t<div class=\"elementor-post__excerpt\">\n\t\t\t<p>Teil 11. Begriffserkl\u00e4rung2. Warum die Lebensenergie (LE) so extrem wichtig f\u00fcr uns ist. Bei der Lebensenergie LE geht es um \u2022YIN &amp; YANG\u2022subtile Bereiche\/K\u00f6rper\u2022subtile Energie\u2022OrdnungskraftEs<\/p>\n\t\t<\/div>\n\t\t\n\t\t<a class=\"elementor-post__read-more\" href=\"https:\/\/ojas.de\/en\/lebensenergie-teil-1-begriffserklaerung-subtile-bereiche-subtiler-koerper-subtile-energie-ordnungskraft-yin-yang\/\" aria-label=\"Read more about Lebensenergie Teil 1, Begriffserkl\u00e4rung\" tabindex=\"-1\" >\n\t\t\tWeiterlesen \u00bb\t\t<\/a>\n\n\t\t\t\t<\/div>\n\t\t\t\t<div class=\"elementor-post__meta-data\">\n\t\t\t\t\t<span class=\"elementor-post-date\">\n\t\t\tMarch 26, 2021\t\t<\/span>\n\t\t\t\t<\/div>\n\t\t\t\t\t<\/div>\n\t\t<\/article>\n\t\t\t\t<article class=\"elementor-post elementor-grid-item post-3024 post type-post status-publish format-standard has-post-thumbnail hentry category-ojas-belebung-lebensenergie tag-beleben tag-funktion tag-lebensenergie\">\n\t\t\t<div class=\"elementor-post__card\">\n\t\t\t\t<a class=\"elementor-post__thumbnail__link\" href=\"https:\/\/ojas.de\/en\/wie-funktioniert-die-ojas-belebung\/\" tabindex=\"-1\" ><div class=\"elementor-post__thumbnail\"><img loading=\"lazy\" decoding=\"async\" width=\"300\" height=\"200\" src=\"https:\/\/ojas.de\/wp-content\/uploads\/2020\/04\/Wasserfall_1-300x200.jpg\" class=\"attachment-medium size-medium wp-image-255\" alt=\"\" srcset=\"https:\/\/ojas.de\/wp-content\/uploads\/2020\/04\/Wasserfall_1-300x200.jpg 300w, https:\/\/ojas.de\/wp-content\/uploads\/2020\/04\/Wasserfall_1-1024x684.jpg 1024w, https:\/\/ojas.de\/wp-content\/uploads\/2020\/04\/Wasserfall_1-768x513.jpg 768w, https:\/\/ojas.de\/wp-content\/uploads\/2020\/04\/Wasserfall_1.jpg 1200w\" sizes=\"(max-width: 300px) 100vw, 300px\" \/><\/div><\/a>\n\t\t\t\t<div class=\"elementor-post__badge\">Ojas-Belebung, Lebensenergie<\/div>\n\t\t\t\t<div class=\"elementor-post__text\">\n\t\t\t\t<h3 class=\"elementor-post__title\">\n\t\t\t<a href=\"https:\/\/ojas.de\/en\/wie-funktioniert-die-ojas-belebung\/\" >\n\t\t\t\tWie funktioniert die Ojas Belebung\t\t\t<\/a>\n\t\t<\/h3>\n\t\t\t\t<div class=\"elementor-post__excerpt\">\n\t\t\t<p>Wie funktioniert die Ojas.Belebung? Dies l\u00e4sst sich am einfachsten am Beispiel von einem Glas mit hei\u00dfem Wasser erkl\u00e4ren. Heise Wasser Zeit X Zimmertemperatur Was ist<\/p>\n\t\t<\/div>\n\t\t\n\t\t<a class=\"elementor-post__read-more\" href=\"https:\/\/ojas.de\/en\/wie-funktioniert-die-ojas-belebung\/\" aria-label=\"Read more about Wie funktioniert die Ojas Belebung\" tabindex=\"-1\" >\n\t\t\tWeiterlesen \u00bb\t\t<\/a>\n\n\t\t\t\t<\/div>\n\t\t\t\t<div class=\"elementor-post__meta-data\">\n\t\t\t\t\t<span class=\"elementor-post-date\">\n\t\t\tMarch 11, 2021\t\t<\/span>\n\t\t\t\t<\/div>\n\t\t\t\t\t<\/div>\n\t\t<\/article>\n\t\t\t\t<article class=\"elementor-post elementor-grid-item post-2888 post type-post status-publish format-standard has-post-thumbnail hentry category-elektrosmog tag-elektrosmog tag-lebtop tag-smartphone tag-tablet\">\n\t\t\t<div class=\"elementor-post__card\">\n\t\t\t\t<a class=\"elementor-post__thumbnail__link\" href=\"https:\/\/ojas.de\/en\/warum-man-mit-dem-laptop-nicht-arbeiten-sollte-wenn-der-akku-geladen-wird\/\" tabindex=\"-1\" ><div class=\"elementor-post__thumbnail\"><img loading=\"lazy\" decoding=\"async\" width=\"300\" height=\"162\" src=\"https:\/\/ojas.de\/wp-content\/uploads\/Akku-laden-300x162.jpg\" class=\"attachment-medium size-medium wp-image-2866\" alt=\"im Ladezustand\" srcset=\"https:\/\/ojas.de\/wp-content\/uploads\/Akku-laden-300x162.jpg 300w, https:\/\/ojas.de\/wp-content\/uploads\/Akku-laden-768x415.jpg 768w, https:\/\/ojas.de\/wp-content\/uploads\/Akku-laden-16x9.jpg 16w, https:\/\/ojas.de\/wp-content\/uploads\/Akku-laden.jpg 925w\" sizes=\"(max-width: 300px) 100vw, 300px\" \/><\/div><\/a>\n\t\t\t\t<div class=\"elementor-post__badge\">Electric Smog<\/div>\n\t\t\t\t<div class=\"elementor-post__text\">\n\t\t\t\t<h3 class=\"elementor-post__title\">\n\t\t\t<a href=\"https:\/\/ojas.de\/en\/warum-man-mit-dem-laptop-nicht-arbeiten-sollte-wenn-der-akku-geladen-wird\/\" >\n\t\t\t\tWarum man mit dem Laptop nicht arbeiten sollte, wenn der Akku geladen wird.\t\t\t<\/a>\n\t\t<\/h3>\n\t\t\t\t<div class=\"elementor-post__excerpt\">\n\t\t\t<p>Warum man mit dem Laptop nicht arbeiten sollte, wenn der Akku geladen wird. Was Sie in diesem Video sen, gilt nat\u00fcrlich auch f\u00fcr Tablet oder<\/p>\n\t\t<\/div>\n\t\t\n\t\t<a class=\"elementor-post__read-more\" href=\"https:\/\/ojas.de\/en\/warum-man-mit-dem-laptop-nicht-arbeiten-sollte-wenn-der-akku-geladen-wird\/\" aria-label=\"Read more about Warum man mit dem Laptop nicht arbeiten sollte, wenn der Akku geladen wird.\" tabindex=\"-1\" >\n\t\t\tWeiterlesen \u00bb\t\t<\/a>\n\n\t\t\t\t<\/div>\n\t\t\t\t<div class=\"elementor-post__meta-data\">\n\t\t\t\t\t<span class=\"elementor-post-date\">\n\t\t\tFebruary 10, 2021\t\t<\/span>\n\t\t\t\t<\/div>\n\t\t\t\t\t<\/div>\n\t\t<\/article>\n\t\t\t\t<\/div>\n\t\t\n\t\t\t\t<div class=\"e-load-more-anchor\" data-page=\"1\" data-max-page=\"2\" data-next-page=\"https:\/\/ojas.de\/en\/wp-json\/wp\/v2\/pages\/4945\/page\/2\/\"><\/div>\n\t\t\t\t<nav class=\"elementor-pagination\" aria-label=\"Pagination\">\n\t\t\t<span aria-current=\"page\" class=\"page-numbers current\"><span class=\"elementor-screen-only\">Page<\/span>1<\/span>\n<a class=\"page-numbers\" href=\"https:\/\/ojas.de\/en\/wp-json\/wp\/v2\/pages\/4945\/page\/2\/\"><span class=\"elementor-screen-only\">Page<\/span>2<\/a>\t\t<\/nav>\n\t\t\t\t\t\t<\/div>\n\t\t\t\t<\/div>\n\t\t\t\t\t<\/div>\n\t\t<\/div>\n\t\t\t\t\t<\/div>\n\t\t<\/section>\n\t\t\t\t<\/div>","protected":false},"excerpt":{"rendered":"","protected":false},"author":1,"featured_media":0,"parent":0,"menu_order":0,"comment_status":"closed","ping_status":"closed","template":"","meta":{"footnotes":""},"yoast_head":"<!-- This site is optimized with the Yoast SEO plugin v24.5 - https:\/\/yoast.com\/wordpress\/plugins\/seo\/ -->\n<title>Blog - Ojas Energie f\u00fcs Leben<\/title>\n<meta name=\"robots\" content=\"index, follow, max-snippet:-1, max-image-preview:large, max-video-preview:-1\" \/>\n<link rel=\"canonical\" href=\"https:\/\/ojas.de\/en\/blog\/\" \/>\n<meta property=\"og:locale\" content=\"en_GB\" \/>\n<meta property=\"og:type\" content=\"article\" \/>\n<meta property=\"og:title\" content=\"Blog - Ojas Energie f\u00fcs Leben\" \/>\n<meta property=\"og:url\" content=\"https:\/\/ojas.de\/en\/blog\/\" \/>\n<meta property=\"og:site_name\" content=\"Ojas Energie f\u00fcs Leben\" \/>\n<meta property=\"article:modified_time\" content=\"2021-08-23T06:41:02+00:00\" \/>\n<meta name=\"twitter:card\" content=\"summary_large_image\" \/>\n<meta name=\"twitter:label1\" content=\"Estimated reading time\" \/>\n\t<meta name=\"twitter:data1\" content=\"3 minutes\" \/>\n<script type=\"application\/ld+json\" class=\"yoast-schema-graph\">{\"@context\":\"https:\/\/schema.org\",\"@graph\":[{\"@type\":\"WebPage\",\"@id\":\"https:\/\/ojas.de\/en\/blog\/\",\"url\":\"https:\/\/ojas.de\/en\/blog\/\",\"name\":\"Blog - Ojas Energie f\u00fcs Leben\",\"isPartOf\":{\"@id\":\"https:\/\/ojas.de\/#website\"},\"datePublished\":\"2021-08-21T00:42:04+00:00\",\"dateModified\":\"2021-08-23T06:41:02+00:00\",\"breadcrumb\":{\"@id\":\"https:\/\/ojas.de\/en\/blog\/#breadcrumb\"},\"inLanguage\":\"en-GB\",\"potentialAction\":[{\"@type\":\"ReadAction\",\"target\":[\"https:\/\/ojas.de\/en\/blog\/\"]}]},{\"@type\":\"BreadcrumbList\",\"@id\":\"https:\/\/ojas.de\/en\/blog\/#breadcrumb\",\"itemListElement\":[{\"@type\":\"ListItem\",\"position\":1,\"name\":\"Home\",\"item\":\"https:\/\/ojas.de\/\"},{\"@type\":\"ListItem\",\"position\":2,\"name\":\"Blog\"}]},{\"@type\":\"WebSite\",\"@id\":\"https:\/\/ojas.de\/#website\",\"url\":\"https:\/\/ojas.de\/\",\"name\":\"Ojas Energie f\u00fcs Leben\",\"description\":\"Luftreinigung, Bipolare ionisierte, saubere und gesunde Luft, reinigen von Elektrosmog, Groundig, energetische Belebung des Wohnraumes.\",\"publisher\":{\"@id\":\"https:\/\/ojas.de\/#organization\"},\"potentialAction\":[{\"@type\":\"SearchAction\",\"target\":{\"@type\":\"EntryPoint\",\"urlTemplate\":\"https:\/\/ojas.de\/?s={search_term_string}\"},\"query-input\":{\"@type\":\"PropertyValueSpecification\",\"valueRequired\":true,\"valueName\":\"search_term_string\"}}],\"inLanguage\":\"en-GB\"},{\"@type\":\"Organization\",\"@id\":\"https:\/\/ojas.de\/#organization\",\"name\":\"Ojas\",\"url\":\"https:\/\/ojas.de\/\",\"logo\":{\"@type\":\"ImageObject\",\"inLanguage\":\"en-GB\",\"@id\":\"https:\/\/ojas.de\/#\/schema\/logo\/image\/\",\"url\":\"https:\/\/ojas.de\/wp-content\/uploads\/2020\/04\/Ojas-logo_2.png\",\"contentUrl\":\"https:\/\/ojas.de\/wp-content\/uploads\/2020\/04\/Ojas-logo_2.png\",\"width\":375,\"height\":227,\"caption\":\"Ojas\"},\"image\":{\"@id\":\"https:\/\/ojas.de\/#\/schema\/logo\/image\/\"},\"sameAs\":[\"https:\/\/www.youtube.com\/watch?time_continue=2&amp;amp;amp;amp;v=UayAo5Fb_l0&amp;amp;amp;amp;feature=emb_logo\"]}]}<\/script>\n<!-- \/ Yoast SEO plugin. -->","yoast_head_json":{"title":"Blog - Ojas Energie f\u00fcs Leben","robots":{"index":"index","follow":"follow","max-snippet":"max-snippet:-1","max-image-preview":"max-image-preview:large","max-video-preview":"max-video-preview:-1"},"canonical":"https:\/\/ojas.de\/en\/blog\/","og_locale":"en_GB","og_type":"article","og_title":"Blog - Ojas Energie f\u00fcs Leben","og_url":"https:\/\/ojas.de\/en\/blog\/","og_site_name":"Ojas Energie f\u00fcs Leben","article_modified_time":"2021-08-23T06:41:02+00:00","twitter_card":"summary_large_image","twitter_misc":{"Estimated reading time":"3 minutes"},"schema":{"@context":"https:\/\/schema.org","@graph":[{"@type":"WebPage","@id":"https:\/\/ojas.de\/en\/blog\/","url":"https:\/\/ojas.de\/en\/blog\/","name":"Blog - Ojas Energie f\u00fcs Leben","isPartOf":{"@id":"https:\/\/ojas.de\/#website"},"datePublished":"2021-08-21T00:42:04+00:00","dateModified":"2021-08-23T06:41:02+00:00","breadcrumb":{"@id":"https:\/\/ojas.de\/en\/blog\/#breadcrumb"},"inLanguage":"en-GB","potentialAction":[{"@type":"ReadAction","target":["https:\/\/ojas.de\/en\/blog\/"]}]},{"@type":"BreadcrumbList","@id":"https:\/\/ojas.de\/en\/blog\/#breadcrumb","itemListElement":[{"@type":"ListItem","position":1,"name":"Home","item":"https:\/\/ojas.de\/"},{"@type":"ListItem","position":2,"name":"Blog"}]},{"@type":"WebSite","@id":"https:\/\/ojas.de\/#website","url":"https:\/\/ojas.de\/","name":"Ojas Energie f\u00fcs Leben","description":"Luftreinigung, Bipolare ionisierte, saubere und gesunde Luft, reinigen von Elektrosmog, Groundig, energetische Belebung des Wohnraumes.","publisher":{"@id":"https:\/\/ojas.de\/#organization"},"potentialAction":[{"@type":"SearchAction","target":{"@type":"EntryPoint","urlTemplate":"https:\/\/ojas.de\/?s={search_term_string}"},"query-input":{"@type":"PropertyValueSpecification","valueRequired":true,"valueName":"search_term_string"}}],"inLanguage":"en-GB"},{"@type":"Organization","@id":"https:\/\/ojas.de\/#organization","name":"Ojas","url":"https:\/\/ojas.de\/","logo":{"@type":"ImageObject","inLanguage":"en-GB","@id":"https:\/\/ojas.de\/#\/schema\/logo\/image\/","url":"https:\/\/ojas.de\/wp-content\/uploads\/2020\/04\/Ojas-logo_2.png","contentUrl":"https:\/\/ojas.de\/wp-content\/uploads\/2020\/04\/Ojas-logo_2.png","width":375,"height":227,"caption":"Ojas"},"image":{"@id":"https:\/\/ojas.de\/#\/schema\/logo\/image\/"},"sameAs":["https:\/\/www.youtube.com\/watch?time_continue=2&amp;amp;amp;amp;v=UayAo5Fb_l0&amp;amp;amp;amp;feature=emb_logo"]}]}},"_links":{"self":[{"href":"https:\/\/ojas.de\/en\/wp-json\/wp\/v2\/pages\/4945"}],"collection":[{"href":"https:\/\/ojas.de\/en\/wp-json\/wp\/v2\/pages"}],"about":[{"href":"https:\/\/ojas.de\/en\/wp-json\/wp\/v2\/types\/page"}],"author":[{"embeddable":true,"href":"https:\/\/ojas.de\/en\/wp-json\/wp\/v2\/users\/1"}],"replies":[{"embeddable":true,"href":"https:\/\/ojas.de\/en\/wp-json\/wp\/v2\/comments?post=4945"}],"version-history":[{"count":13,"href":"https:\/\/ojas.de\/en\/wp-json\/wp\/v2\/pages\/4945\/revisions"}],"predecessor-version":[{"id":5018,"href":"https:\/\/ojas.de\/en\/wp-json\/wp\/v2\/pages\/4945\/revisions\/5018"}],"wp:attachment":[{"href":"https:\/\/ojas.de\/en\/wp-json\/wp\/v2\/media?parent=4945"}],"curies":[{"name":"wp","href":"https:\/\/api.w.org\/{rel}","templated":true}]}}