{"id":551,"date":"2020-04-13T22:28:16","date_gmt":"2020-04-13T22:28:16","guid":{"rendered":"https:\/\/goloka.de\/?page_id=551"},"modified":"2021-07-08T16:23:37","modified_gmt":"2021-07-08T16:23:37","slug":"domus-clearlux","status":"publish","type":"page","link":"https:\/\/ojas.de\/en\/domus-clearlux\/","title":{"rendered":"Domus &#038; Clearlux"},"content":{"rendered":"<div data-elementor-type=\"wp-page\" data-elementor-id=\"551\" class=\"elementor elementor-551\" data-elementor-post-type=\"page\">\n\t\t\t\t\t\t<section class=\"elementor-section elementor-top-section elementor-element elementor-element-2f47ac3 elementor-section-height-min-height elementor-section-boxed elementor-section-height-default elementor-section-items-middle\" data-id=\"2f47ac3\" data-element_type=\"section\" data-settings=\"{&quot;background_background&quot;:&quot;classic&quot;}\">\n\t\t\t\t\t\t<div class=\"elementor-container elementor-column-gap-default\">\n\t\t\t\t\t<div class=\"elementor-column elementor-col-100 elementor-top-column elementor-element elementor-element-e6b6413\" data-id=\"e6b6413\" data-element_type=\"column\">\n\t\t\t<div class=\"elementor-widget-wrap elementor-element-populated\">\n\t\t\t\t\t\t<div class=\"elementor-element elementor-element-214b1c5 elementor-widget elementor-widget-image\" data-id=\"214b1c5\" data-element_type=\"widget\" data-widget_type=\"image.default\">\n\t\t\t\t<div class=\"elementor-widget-container\">\n\t\t\t\t\t\t\t\t\t\t\t\t\t\t\t<img fetchpriority=\"high\" decoding=\"async\" width=\"768\" height=\"461\" src=\"https:\/\/ojas.de\/wp-content\/uploads\/2020\/04\/Domus-u-Clearlux-e1592828490686-768x461.jpg\" class=\"attachment-medium_large size-medium_large wp-image-46\" alt=\"\" srcset=\"https:\/\/ojas.de\/wp-content\/uploads\/2020\/04\/Domus-u-Clearlux-e1592828490686-768x461.jpg 768w, https:\/\/ojas.de\/wp-content\/uploads\/2020\/04\/Domus-u-Clearlux-e1592828490686-300x180.jpg 300w, https:\/\/ojas.de\/wp-content\/uploads\/2020\/04\/Domus-u-Clearlux-e1592828490686.jpg 850w\" sizes=\"(max-width: 768px) 100vw, 768px\" \/>\t\t\t\t\t\t\t\t\t\t\t\t\t\t\t<\/div>\n\t\t\t\t<\/div>\n\t\t\t\t<div class=\"elementor-element elementor-element-623d527 elementor-widget elementor-widget-heading\" data-id=\"623d527\" data-element_type=\"widget\" data-widget_type=\"heading.default\">\n\t\t\t\t<div class=\"elementor-widget-container\">\n\t\t\t\t\t<h2 class=\"elementor-heading-title elementor-size-default\">Domus &amp; Clearlux<\/h2>\t\t\t\t<\/div>\n\t\t\t\t<\/div>\n\t\t\t\t\t<\/div>\n\t\t<\/div>\n\t\t\t\t\t<\/div>\n\t\t<\/section>\n\t\t\t\t<section class=\"elementor-section elementor-top-section elementor-element elementor-element-ec395ef elementor-section-boxed elementor-section-height-default elementor-section-height-default\" data-id=\"ec395ef\" data-element_type=\"section\">\n\t\t\t\t\t\t<div class=\"elementor-container elementor-column-gap-default\">\n\t\t\t\t\t<div class=\"elementor-column elementor-col-100 elementor-top-column elementor-element elementor-element-89be70f\" data-id=\"89be70f\" data-element_type=\"column\">\n\t\t\t<div class=\"elementor-widget-wrap elementor-element-populated\">\n\t\t\t\t\t\t<div class=\"elementor-element elementor-element-0e5fa4a elementor-widget elementor-widget-heading\" data-id=\"0e5fa4a\" data-element_type=\"widget\" data-widget_type=\"heading.default\">\n\t\t\t\t<div class=\"elementor-widget-container\">\n\t\t\t\t\t<h1 class=\"elementor-heading-title elementor-size-default\">Domus and Clearlux, harmonize disturbances from the energetic earth fields and the electromagnetic fields<\/h1>\t\t\t\t<\/div>\n\t\t\t\t<\/div>\n\t\t\t\t<div class=\"elementor-element elementor-element-7604d08 elementor-widget elementor-widget-text-editor\" data-id=\"7604d08\" data-element_type=\"widget\" data-widget_type=\"text-editor.default\">\n\t\t\t\t<div class=\"elementor-widget-container\">\n\t\t\t\t\t\t\t\t\t<p>Domus und Clearlux <strong>ben\u00f6tigen keinen Strom<\/strong>, sie benutzen beide das <strong>Erdungsnetz<\/strong> im Haus oder in der Wohnung.<\/p>\t\t\t\t\t\t\t\t<\/div>\n\t\t\t\t<\/div>\n\t\t\t\t<section class=\"elementor-section elementor-inner-section elementor-element elementor-element-efbadc6 elementor-section-boxed elementor-section-height-default elementor-section-height-default\" data-id=\"efbadc6\" data-element_type=\"section\">\n\t\t\t\t\t\t<div class=\"elementor-container elementor-column-gap-default\">\n\t\t\t\t\t<div class=\"elementor-column elementor-col-50 elementor-inner-column elementor-element elementor-element-16bdbe6\" data-id=\"16bdbe6\" data-element_type=\"column\">\n\t\t\t<div class=\"elementor-widget-wrap elementor-element-populated\">\n\t\t\t\t\t\t<div class=\"elementor-element elementor-element-37f2207 elementor-widget elementor-widget-image\" data-id=\"37f2207\" data-element_type=\"widget\" data-widget_type=\"image.default\">\n\t\t\t\t<div class=\"elementor-widget-container\">\n\t\t\t\t\t\t\t\t\t\t\t\t\t\t\t<img decoding=\"async\" width=\"800\" height=\"675\" src=\"https:\/\/ojas.de\/wp-content\/uploads\/2020\/06\/Domus2-1024x864.jpg\" class=\"attachment-large size-large wp-image-2139\" alt=\"\" srcset=\"https:\/\/ojas.de\/wp-content\/uploads\/2020\/06\/Domus2-1024x864.jpg 1024w, https:\/\/ojas.de\/wp-content\/uploads\/2020\/06\/Domus2-300x253.jpg 300w, https:\/\/ojas.de\/wp-content\/uploads\/2020\/06\/Domus2-768x648.jpg 768w, https:\/\/ojas.de\/wp-content\/uploads\/2020\/06\/Domus2.jpg 1200w\" sizes=\"(max-width: 800px) 100vw, 800px\" \/>\t\t\t\t\t\t\t\t\t\t\t\t\t\t\t<\/div>\n\t\t\t\t<\/div>\n\t\t\t\t\t<\/div>\n\t\t<\/div>\n\t\t\t\t<div class=\"elementor-column elementor-col-50 elementor-inner-column elementor-element elementor-element-35b7c37\" data-id=\"35b7c37\" data-element_type=\"column\">\n\t\t\t<div class=\"elementor-widget-wrap elementor-element-populated\">\n\t\t\t\t\t\t<div class=\"elementor-element elementor-element-763f665 elementor-widget elementor-widget-heading\" data-id=\"763f665\" data-element_type=\"widget\" data-widget_type=\"heading.default\">\n\t\t\t\t<div class=\"elementor-widget-container\">\n\t\t\t\t\t<h2 class=\"elementor-heading-title elementor-size-default\">Domus<\/h2>\t\t\t\t<\/div>\n\t\t\t\t<\/div>\n\t\t\t\t<div class=\"elementor-element elementor-element-ea0d842 elementor-widget elementor-widget-text-editor\" data-id=\"ea0d842\" data-element_type=\"widget\" data-widget_type=\"text-editor.default\">\n\t\t\t\t<div class=\"elementor-widget-container\">\n\t\t\t\t\t\t\t\t\t<p>The <strong>Domus<\/strong> ist eine digitale Resonanz- und Kondensationskammer zur Verkabelung mit der elektrischen Erdungsnetz im Haus. Es ist ein Instrument, das sich speziell der Verdichtung von Interferenzen mit tellurischem Ursprung widmet.<\/p><p>Wired to the mains line, following precise geometries and technical surveys, the Clearlux is able to reach any room in the surrounding environment with an extremely low power loss and an extremely high work load.<\/p>\t\t\t\t\t\t\t\t<\/div>\n\t\t\t\t<\/div>\n\t\t\t\t\t<\/div>\n\t\t<\/div>\n\t\t\t\t\t<\/div>\n\t\t<\/section>\n\t\t\t\t<div class=\"elementor-element elementor-element-4d92e55 elementor-widget elementor-widget-spacer\" data-id=\"4d92e55\" data-element_type=\"widget\" data-widget_type=\"spacer.default\">\n\t\t\t\t<div class=\"elementor-widget-container\">\n\t\t\t\t\t\t\t<div class=\"elementor-spacer\">\n\t\t\t<div class=\"elementor-spacer-inner\"><\/div>\n\t\t<\/div>\n\t\t\t\t\t\t<\/div>\n\t\t\t\t<\/div>\n\t\t\t\t\t<\/div>\n\t\t<\/div>\n\t\t\t\t\t<\/div>\n\t\t<\/section>\n\t\t\t\t<section class=\"elementor-section elementor-top-section elementor-element elementor-element-fac448e elementor-section-boxed elementor-section-height-default elementor-section-height-default\" data-id=\"fac448e\" data-element_type=\"section\">\n\t\t\t\t\t\t<div class=\"elementor-container elementor-column-gap-default\">\n\t\t\t\t\t<div class=\"elementor-column elementor-col-50 elementor-top-column elementor-element elementor-element-035d12b\" data-id=\"035d12b\" data-element_type=\"column\">\n\t\t\t<div class=\"elementor-widget-wrap elementor-element-populated\">\n\t\t\t\t\t\t<div class=\"elementor-element elementor-element-6f033ed elementor-widget elementor-widget-spacer\" data-id=\"6f033ed\" data-element_type=\"widget\" data-widget_type=\"spacer.default\">\n\t\t\t\t<div class=\"elementor-widget-container\">\n\t\t\t\t\t\t\t<div class=\"elementor-spacer\">\n\t\t\t<div class=\"elementor-spacer-inner\"><\/div>\n\t\t<\/div>\n\t\t\t\t\t\t<\/div>\n\t\t\t\t<\/div>\n\t\t\t\t<div class=\"elementor-element elementor-element-75c625e elementor-widget elementor-widget-image\" data-id=\"75c625e\" data-element_type=\"widget\" data-widget_type=\"image.default\">\n\t\t\t\t<div class=\"elementor-widget-container\">\n\t\t\t\t\t\t\t\t\t\t\t\t\t\t\t<img decoding=\"async\" width=\"800\" height=\"762\" src=\"https:\/\/ojas.de\/wp-content\/uploads\/2020\/06\/Clearlux2-1024x975.jpg\" class=\"attachment-large size-large wp-image-2138\" alt=\"\" srcset=\"https:\/\/ojas.de\/wp-content\/uploads\/2020\/06\/Clearlux2-1024x975.jpg 1024w, https:\/\/ojas.de\/wp-content\/uploads\/2020\/06\/Clearlux2-300x286.jpg 300w, https:\/\/ojas.de\/wp-content\/uploads\/2020\/06\/Clearlux2-768x732.jpg 768w, https:\/\/ojas.de\/wp-content\/uploads\/2020\/06\/Clearlux2.jpg 1200w\" sizes=\"(max-width: 800px) 100vw, 800px\" \/>\t\t\t\t\t\t\t\t\t\t\t\t\t\t\t<\/div>\n\t\t\t\t<\/div>\n\t\t\t\t\t<\/div>\n\t\t<\/div>\n\t\t\t\t<div class=\"elementor-column elementor-col-50 elementor-top-column elementor-element elementor-element-8ff0723\" data-id=\"8ff0723\" data-element_type=\"column\">\n\t\t\t<div class=\"elementor-widget-wrap elementor-element-populated\">\n\t\t\t\t\t\t<div class=\"elementor-element elementor-element-4c82931 elementor-widget elementor-widget-heading\" data-id=\"4c82931\" data-element_type=\"widget\" data-widget_type=\"heading.default\">\n\t\t\t\t<div class=\"elementor-widget-container\">\n\t\t\t\t\t<h2 class=\"elementor-heading-title elementor-size-default\">Clearlux<\/h2>\t\t\t\t<\/div>\n\t\t\t\t<\/div>\n\t\t\t\t<div class=\"elementor-element elementor-element-ba39803 elementor-widget elementor-widget-text-editor\" data-id=\"ba39803\" data-element_type=\"widget\" data-widget_type=\"text-editor.default\">\n\t\t\t\t<div class=\"elementor-widget-container\">\n\t\t\t\t\t\t\t\t\t<p><strong>Clearlux<\/strong> ist ein Instrument, das speziell zur Homogenisierung und Kondensieren des \u00fcberreizten elektromagnetischen \u00c4thers entwickelt wurde. Seine Wirkung reinigt sowohl die blockierte Elemente entlang der elektrischen Leitung und wirkt auch auf alle subtilen Formen von elektromagnetischer \u00dcberlastung, die die Wohnumgebung angreifen. (Aber nicht Hochfrequenz )<\/p><p>The Clearlux has been developed after precise geometries and technical studies. Connected to the ground network, it can reach any room in the environment with an extremely high workload.<\/p><p>Both are effective even during a temporary power failure, as the information is transmitted via the electrical grounding network.<\/p><p>Alternatively, both can be wired to the inner frame of the building to make good use of the high conductivity of the metal structure.<\/p><p>Wired to the mains line, following precise geometries and technical surveys, the Clearlux is able to reach any room in the surrounding environment with an extremely low power loss and an extremely high work load.<\/p>\t\t\t\t\t\t\t\t<\/div>\n\t\t\t\t<\/div>\n\t\t\t\t\t<\/div>\n\t\t<\/div>\n\t\t\t\t\t<\/div>\n\t\t<\/section>\n\t\t\t\t<section class=\"elementor-section elementor-top-section elementor-element elementor-element-7e26fc8 elementor-section-boxed elementor-section-height-default elementor-section-height-default\" data-id=\"7e26fc8\" data-element_type=\"section\">\n\t\t\t\t\t\t<div class=\"elementor-container elementor-column-gap-default\">\n\t\t\t\t\t<div class=\"elementor-column elementor-col-100 elementor-top-column elementor-element elementor-element-264f34d\" data-id=\"264f34d\" data-element_type=\"column\">\n\t\t\t<div class=\"elementor-widget-wrap elementor-element-populated\">\n\t\t\t\t\t\t<div class=\"elementor-element elementor-element-cbb131c elementor-widget elementor-widget-text-editor\" data-id=\"cbb131c\" data-element_type=\"widget\" data-widget_type=\"text-editor.default\">\n\t\t\t\t<div class=\"elementor-widget-container\">\n\t\t\t\t\t\t\t\t\t<p style=\"text-align: right;\">Preis f\u00fcr das Set: \u20ac 1850,-<\/p>\t\t\t\t\t\t\t\t<\/div>\n\t\t\t\t<\/div>\n\t\t\t\t<div class=\"elementor-element elementor-element-1dfde52 elementor-widget elementor-widget-text-editor\" data-id=\"1dfde52\" data-element_type=\"widget\" data-widget_type=\"text-editor.default\">\n\t\t\t\t<div class=\"elementor-widget-container\">\n\t\t\t\t\t\t\t\t\t<p>incl. 19% MwSt<\/p>\t\t\t\t\t\t\t\t<\/div>\n\t\t\t\t<\/div>\n\t\t\t\t<div class=\"elementor-element elementor-element-31ceabc elementor-align-right elementor-widget elementor-widget-button\" data-id=\"31ceabc\" data-element_type=\"widget\" data-widget_type=\"button.default\">\n\t\t\t\t<div class=\"elementor-widget-container\">\n\t\t\t\t\t\t\t\t\t<div class=\"elementor-button-wrapper\">\n\t\t\t\t\t<a class=\"elementor-button elementor-button-link elementor-size-sm\" href=\"https:\/\/shop.ojas.de\/de\/ojas-umwelttechnik\/domus-clearlux\" target=\"_blank\">\n\t\t\t\t\t\t<span class=\"elementor-button-content-wrapper\">\n\t\t\t\t\t\t\t\t\t<span class=\"elementor-button-text\">Shop<\/span>\n\t\t\t\t\t<\/span>\n\t\t\t\t\t<\/a>\n\t\t\t\t<\/div>\n\t\t\t\t\t\t\t\t<\/div>\n\t\t\t\t<\/div>\n\t\t\t\t\t<\/div>\n\t\t<\/div>\n\t\t\t\t\t<\/div>\n\t\t<\/section>\n\t\t\t\t<\/div>","protected":false},"excerpt":{"rendered":"<p>Domus &#038; Clearlux Domus und Clearlux, harmonisieren St\u00f6rungen aus den energetischen Erdefelder und den Elektromagnetischefelder Domus und Clearlux ben\u00f6tigen keinen Strom, sie benutzen beide das Erdungsnetz im Haus oder in der Wohnung. Domus Der Domus ist eine digitale Resonanz- und Kondensationskammer zur Verkabelung mit der elektrischen Erdungsnetz im Haus. Es ist ein Instrument, das sich [&hellip;]<\/p>\n","protected":false},"author":1,"featured_media":0,"parent":0,"menu_order":0,"comment_status":"closed","ping_status":"closed","template":"","meta":{"footnotes":""},"yoast_head":"<!-- This site is optimized with the Yoast SEO plugin v24.5 - https:\/\/yoast.com\/wordpress\/plugins\/seo\/ -->\n<title>Domus &amp; Clearlux - Ojas Energie f\u00fcs Leben Ojas Energie f\u00fcs Leben<\/title>\n<meta name=\"description\" content=\"Ojas Energie f\u00fcs Leben Domus &amp; Clearlux Elektrosmogfilter, Harmonisierung von energetischen St\u00f6rfelder\" \/>\n<meta name=\"robots\" content=\"index, follow, max-snippet:-1, max-image-preview:large, max-video-preview:-1\" \/>\n<link rel=\"canonical\" href=\"https:\/\/ojas.de\/en\/domus-clearlux\/\" \/>\n<meta property=\"og:locale\" content=\"en_GB\" \/>\n<meta property=\"og:type\" content=\"article\" \/>\n<meta property=\"og:title\" content=\"Domus &amp; Clearlux - Ojas Energie f\u00fcs Leben Ojas Energie f\u00fcs Leben\" \/>\n<meta property=\"og:description\" content=\"Ojas Energie f\u00fcs Leben Domus &amp; Clearlux Elektrosmogfilter, Harmonisierung von energetischen St\u00f6rfelder\" \/>\n<meta property=\"og:url\" content=\"https:\/\/ojas.de\/en\/domus-clearlux\/\" \/>\n<meta property=\"og:site_name\" content=\"Ojas Energie f\u00fcs Leben\" \/>\n<meta property=\"article:modified_time\" content=\"2021-07-08T16:23:37+00:00\" \/>\n<meta property=\"og:image\" content=\"https:\/\/ojas.de\/wp-content\/uploads\/2020\/04\/Domus-u-Clearlux-e1592828490686-768x461.jpg\" \/>\n<meta name=\"twitter:card\" content=\"summary_large_image\" \/>\n<meta name=\"twitter:label1\" content=\"Estimated reading time\" \/>\n\t<meta name=\"twitter:data1\" content=\"2 minutes\" \/>\n<script type=\"application\/ld+json\" class=\"yoast-schema-graph\">{\"@context\":\"https:\/\/schema.org\",\"@graph\":[{\"@type\":\"WebPage\",\"@id\":\"https:\/\/ojas.de\/domus-clearlux\/\",\"url\":\"https:\/\/ojas.de\/domus-clearlux\/\",\"name\":\"Domus & Clearlux - Ojas Energie f\u00fcs Leben Ojas Energie f\u00fcs Leben\",\"isPartOf\":{\"@id\":\"https:\/\/ojas.de\/#website\"},\"primaryImageOfPage\":{\"@id\":\"https:\/\/ojas.de\/domus-clearlux\/#primaryimage\"},\"image\":{\"@id\":\"https:\/\/ojas.de\/domus-clearlux\/#primaryimage\"},\"thumbnailUrl\":\"https:\/\/ojas.de\/wp-content\/uploads\/2020\/04\/Domus-u-Clearlux-e1592828490686-768x461.jpg\",\"datePublished\":\"2020-04-13T22:28:16+00:00\",\"dateModified\":\"2021-07-08T16:23:37+00:00\",\"description\":\"Ojas Energie f\u00fcs Leben Domus & Clearlux Elektrosmogfilter, Harmonisierung von energetischen St\u00f6rfelder\",\"breadcrumb\":{\"@id\":\"https:\/\/ojas.de\/domus-clearlux\/#breadcrumb\"},\"inLanguage\":\"en-GB\",\"potentialAction\":[{\"@type\":\"ReadAction\",\"target\":[\"https:\/\/ojas.de\/domus-clearlux\/\"]}]},{\"@type\":\"ImageObject\",\"inLanguage\":\"en-GB\",\"@id\":\"https:\/\/ojas.de\/domus-clearlux\/#primaryimage\",\"url\":\"https:\/\/ojas.de\/wp-content\/uploads\/2020\/04\/Domus-u-Clearlux-e1592828490686-768x461.jpg\",\"contentUrl\":\"https:\/\/ojas.de\/wp-content\/uploads\/2020\/04\/Domus-u-Clearlux-e1592828490686-768x461.jpg\"},{\"@type\":\"BreadcrumbList\",\"@id\":\"https:\/\/ojas.de\/domus-clearlux\/#breadcrumb\",\"itemListElement\":[{\"@type\":\"ListItem\",\"position\":1,\"name\":\"Home\",\"item\":\"https:\/\/ojas.de\/\"},{\"@type\":\"ListItem\",\"position\":2,\"name\":\"Domus &#038; Clearlux\"}]},{\"@type\":\"WebSite\",\"@id\":\"https:\/\/ojas.de\/#website\",\"url\":\"https:\/\/ojas.de\/\",\"name\":\"Ojas Energie f\u00fcs Leben\",\"description\":\"Luftreinigung, Bipolare ionisierte, saubere und gesunde Luft, reinigen von Elektrosmog, Groundig, energetische Belebung des Wohnraumes.\",\"publisher\":{\"@id\":\"https:\/\/ojas.de\/#organization\"},\"potentialAction\":[{\"@type\":\"SearchAction\",\"target\":{\"@type\":\"EntryPoint\",\"urlTemplate\":\"https:\/\/ojas.de\/?s={search_term_string}\"},\"query-input\":{\"@type\":\"PropertyValueSpecification\",\"valueRequired\":true,\"valueName\":\"search_term_string\"}}],\"inLanguage\":\"en-GB\"},{\"@type\":\"Organization\",\"@id\":\"https:\/\/ojas.de\/#organization\",\"name\":\"Ojas\",\"url\":\"https:\/\/ojas.de\/\",\"logo\":{\"@type\":\"ImageObject\",\"inLanguage\":\"en-GB\",\"@id\":\"https:\/\/ojas.de\/#\/schema\/logo\/image\/\",\"url\":\"https:\/\/ojas.de\/wp-content\/uploads\/2020\/04\/Ojas-logo_2.png\",\"contentUrl\":\"https:\/\/ojas.de\/wp-content\/uploads\/2020\/04\/Ojas-logo_2.png\",\"width\":375,\"height\":227,\"caption\":\"Ojas\"},\"image\":{\"@id\":\"https:\/\/ojas.de\/#\/schema\/logo\/image\/\"},\"sameAs\":[\"https:\/\/www.youtube.com\/watch?time_continue=2&amp;amp;amp;amp;v=UayAo5Fb_l0&amp;amp;amp;amp;feature=emb_logo\"]}]}<\/script>\n<!-- \/ Yoast SEO plugin. -->","yoast_head_json":{"title":"Domus & Clearlux - Ojas Energie f\u00fcs Leben Ojas Energie f\u00fcs Leben","description":"Ojas Energie f\u00fcs Leben Domus & Clearlux Elektrosmogfilter, Harmonisierung von energetischen St\u00f6rfelder","robots":{"index":"index","follow":"follow","max-snippet":"max-snippet:-1","max-image-preview":"max-image-preview:large","max-video-preview":"max-video-preview:-1"},"canonical":"https:\/\/ojas.de\/en\/domus-clearlux\/","og_locale":"en_GB","og_type":"article","og_title":"Domus & Clearlux - Ojas Energie f\u00fcs Leben Ojas Energie f\u00fcs Leben","og_description":"Ojas Energie f\u00fcs Leben Domus & Clearlux Elektrosmogfilter, Harmonisierung von energetischen St\u00f6rfelder","og_url":"https:\/\/ojas.de\/en\/domus-clearlux\/","og_site_name":"Ojas Energie f\u00fcs Leben","article_modified_time":"2021-07-08T16:23:37+00:00","og_image":[{"url":"https:\/\/ojas.de\/wp-content\/uploads\/2020\/04\/Domus-u-Clearlux-e1592828490686-768x461.jpg","type":"","width":"","height":""}],"twitter_card":"summary_large_image","twitter_misc":{"Estimated reading time":"2 minutes"},"schema":{"@context":"https:\/\/schema.org","@graph":[{"@type":"WebPage","@id":"https:\/\/ojas.de\/domus-clearlux\/","url":"https:\/\/ojas.de\/domus-clearlux\/","name":"Domus & Clearlux - Ojas Energie f\u00fcs Leben Ojas Energie f\u00fcs Leben","isPartOf":{"@id":"https:\/\/ojas.de\/#website"},"primaryImageOfPage":{"@id":"https:\/\/ojas.de\/domus-clearlux\/#primaryimage"},"image":{"@id":"https:\/\/ojas.de\/domus-clearlux\/#primaryimage"},"thumbnailUrl":"https:\/\/ojas.de\/wp-content\/uploads\/2020\/04\/Domus-u-Clearlux-e1592828490686-768x461.jpg","datePublished":"2020-04-13T22:28:16+00:00","dateModified":"2021-07-08T16:23:37+00:00","description":"Ojas Energie f\u00fcs Leben Domus & Clearlux Elektrosmogfilter, Harmonisierung von energetischen St\u00f6rfelder","breadcrumb":{"@id":"https:\/\/ojas.de\/domus-clearlux\/#breadcrumb"},"inLanguage":"en-GB","potentialAction":[{"@type":"ReadAction","target":["https:\/\/ojas.de\/domus-clearlux\/"]}]},{"@type":"ImageObject","inLanguage":"en-GB","@id":"https:\/\/ojas.de\/domus-clearlux\/#primaryimage","url":"https:\/\/ojas.de\/wp-content\/uploads\/2020\/04\/Domus-u-Clearlux-e1592828490686-768x461.jpg","contentUrl":"https:\/\/ojas.de\/wp-content\/uploads\/2020\/04\/Domus-u-Clearlux-e1592828490686-768x461.jpg"},{"@type":"BreadcrumbList","@id":"https:\/\/ojas.de\/domus-clearlux\/#breadcrumb","itemListElement":[{"@type":"ListItem","position":1,"name":"Home","item":"https:\/\/ojas.de\/"},{"@type":"ListItem","position":2,"name":"Domus &#038; Clearlux"}]},{"@type":"WebSite","@id":"https:\/\/ojas.de\/#website","url":"https:\/\/ojas.de\/","name":"Ojas Energie f\u00fcs Leben","description":"Luftreinigung, Bipolare ionisierte, saubere und gesunde Luft, reinigen von Elektrosmog, Groundig, energetische Belebung des Wohnraumes.","publisher":{"@id":"https:\/\/ojas.de\/#organization"},"potentialAction":[{"@type":"SearchAction","target":{"@type":"EntryPoint","urlTemplate":"https:\/\/ojas.de\/?s={search_term_string}"},"query-input":{"@type":"PropertyValueSpecification","valueRequired":true,"valueName":"search_term_string"}}],"inLanguage":"en-GB"},{"@type":"Organization","@id":"https:\/\/ojas.de\/#organization","name":"Ojas","url":"https:\/\/ojas.de\/","logo":{"@type":"ImageObject","inLanguage":"en-GB","@id":"https:\/\/ojas.de\/#\/schema\/logo\/image\/","url":"https:\/\/ojas.de\/wp-content\/uploads\/2020\/04\/Ojas-logo_2.png","contentUrl":"https:\/\/ojas.de\/wp-content\/uploads\/2020\/04\/Ojas-logo_2.png","width":375,"height":227,"caption":"Ojas"},"image":{"@id":"https:\/\/ojas.de\/#\/schema\/logo\/image\/"},"sameAs":["https:\/\/www.youtube.com\/watch?time_continue=2&amp;amp;amp;amp;v=UayAo5Fb_l0&amp;amp;amp;amp;feature=emb_logo"]}]}},"_links":{"self":[{"href":"https:\/\/ojas.de\/en\/wp-json\/wp\/v2\/pages\/551"}],"collection":[{"href":"https:\/\/ojas.de\/en\/wp-json\/wp\/v2\/pages"}],"about":[{"href":"https:\/\/ojas.de\/en\/wp-json\/wp\/v2\/types\/page"}],"author":[{"embeddable":true,"href":"https:\/\/ojas.de\/en\/wp-json\/wp\/v2\/users\/1"}],"replies":[{"embeddable":true,"href":"https:\/\/ojas.de\/en\/wp-json\/wp\/v2\/comments?post=551"}],"version-history":[{"count":39,"href":"https:\/\/ojas.de\/en\/wp-json\/wp\/v2\/pages\/551\/revisions"}],"predecessor-version":[{"id":3667,"href":"https:\/\/ojas.de\/en\/wp-json\/wp\/v2\/pages\/551\/revisions\/3667"}],"wp:attachment":[{"href":"https:\/\/ojas.de\/en\/wp-json\/wp\/v2\/media?parent=551"}],"curies":[{"name":"wp","href":"https:\/\/api.w.org\/{rel}","templated":true}]}}