{"id":555,"date":"2020-04-13T22:36:59","date_gmt":"2020-04-13T22:36:59","guid":{"rendered":"https:\/\/goloka.de\/?page_id=555"},"modified":"2021-07-08T17:45:49","modified_gmt":"2021-07-08T17:45:49","slug":"feinstaub","status":"publish","type":"page","link":"https:\/\/ojas.de\/en\/feinstaub\/","title":{"rendered":"Particulate matter:"},"content":{"rendered":"<div data-elementor-type=\"wp-page\" data-elementor-id=\"555\" class=\"elementor elementor-555\" data-elementor-post-type=\"page\">\n\t\t\t\t\t\t<section class=\"elementor-section elementor-top-section elementor-element elementor-element-3209b23 elementor-section-height-min-height elementor-section-full_width elementor-section-height-default elementor-section-items-middle\" data-id=\"3209b23\" data-element_type=\"section\" data-settings=\"{&quot;background_background&quot;:&quot;classic&quot;}\">\n\t\t\t\t\t\t<div class=\"elementor-container elementor-column-gap-default\">\n\t\t\t\t\t<div class=\"elementor-column elementor-col-100 elementor-top-column elementor-element elementor-element-147a7ee\" data-id=\"147a7ee\" data-element_type=\"column\">\n\t\t\t<div class=\"elementor-widget-wrap elementor-element-populated\">\n\t\t\t\t\t\t<div class=\"elementor-element elementor-element-bc228e5 elementor-widget elementor-widget-heading\" data-id=\"bc228e5\" data-element_type=\"widget\" data-widget_type=\"heading.default\">\n\t\t\t\t<div class=\"elementor-widget-container\">\n\t\t\t\t\t<h2 class=\"elementor-heading-title elementor-size-default\">Particulate matter:<\/h2>\t\t\t\t<\/div>\n\t\t\t\t<\/div>\n\t\t\t\t\t<\/div>\n\t\t<\/div>\n\t\t\t\t\t<\/div>\n\t\t<\/section>\n\t\t\t\t<section class=\"elementor-section elementor-top-section elementor-element elementor-element-1c15c50 elementor-section-boxed elementor-section-height-default elementor-section-height-default\" data-id=\"1c15c50\" data-element_type=\"section\">\n\t\t\t\t\t\t<div class=\"elementor-container elementor-column-gap-default\">\n\t\t\t\t\t<div class=\"elementor-column elementor-col-100 elementor-top-column elementor-element elementor-element-07f599e\" data-id=\"07f599e\" data-element_type=\"column\">\n\t\t\t<div class=\"elementor-widget-wrap elementor-element-populated\">\n\t\t\t\t\t\t<div class=\"elementor-element elementor-element-d66d024 elementor-widget elementor-widget-heading\" data-id=\"d66d024\" data-element_type=\"widget\" data-widget_type=\"heading.default\">\n\t\t\t\t<div class=\"elementor-widget-container\">\n\t\t\t\t\t<h1 class=\"elementor-heading-title elementor-size-default\">Particulate matter:<\/h1>\t\t\t\t<\/div>\n\t\t\t\t<\/div>\n\t\t\t\t<div class=\"elementor-element elementor-element-6745791 elementor-widget elementor-widget-text-editor\" data-id=\"6745791\" data-element_type=\"widget\" data-widget_type=\"text-editor.default\">\n\t\t\t\t<div class=\"elementor-widget-container\">\n\t\t\t\t\t\t\t\t\t<p>Die Gr\u00f6\u00dfeneinheit f\u00fcr Feinstab ist <strong>PM<\/strong> (particulate matter) in \u00b5m (0,001mm)<\/p><p>Feinstaub besteht aus einem komplexen Gemisch fester und fl\u00fcssiger Partikel und wird abh\u00e4ngig von deren Gr\u00f6\u00dfe in unterschiedliche Fraktionen eingeteilt. Unterschieden werden PM10 (PM, particulate matter) mit einem maximalen Durchmesser von 10 Mikrometer (\u00b5m)= (0,010mm), PM2,5 und ultrafeine Partikel mit einem Durchmesser von weniger als 0,1 \u00b5m.<\/p>\t\t\t\t\t\t\t\t<\/div>\n\t\t\t\t<\/div>\n\t\t\t\t<div class=\"elementor-element elementor-element-320bcbf elementor-widget elementor-widget-text-editor\" data-id=\"320bcbf\" data-element_type=\"widget\" data-widget_type=\"text-editor.default\">\n\t\t\t\t<div class=\"elementor-widget-container\">\n\t\t\t\t\t\t\t\t\t<p>Quelle: Umweltbundesamt.de<\/p>\t\t\t\t\t\t\t\t<\/div>\n\t\t\t\t<\/div>\n\t\t\t\t<div class=\"elementor-element elementor-element-d4c57fd elementor-widget elementor-widget-image\" data-id=\"d4c57fd\" data-element_type=\"widget\" data-widget_type=\"image.default\">\n\t\t\t\t<div class=\"elementor-widget-container\">\n\t\t\t\t\t\t\t\t\t\t\t\t\t\t\t<img fetchpriority=\"high\" decoding=\"async\" width=\"800\" height=\"484\" src=\"https:\/\/ojas.de\/wp-content\/uploads\/2020\/04\/Feinstaub-Partikekeldurchmesser-1024x620.jpg\" class=\"attachment-large size-large wp-image-228\" alt=\"Feinstaub\" srcset=\"https:\/\/ojas.de\/wp-content\/uploads\/2020\/04\/Feinstaub-Partikekeldurchmesser-1024x620.jpg 1024w, https:\/\/ojas.de\/wp-content\/uploads\/2020\/04\/Feinstaub-Partikekeldurchmesser-300x182.jpg 300w, https:\/\/ojas.de\/wp-content\/uploads\/2020\/04\/Feinstaub-Partikekeldurchmesser-768x465.jpg 768w, https:\/\/ojas.de\/wp-content\/uploads\/2020\/04\/Feinstaub-Partikekeldurchmesser-1536x930.jpg 1536w, https:\/\/ojas.de\/wp-content\/uploads\/2020\/04\/Feinstaub-Partikekeldurchmesser.jpg 1800w\" sizes=\"(max-width: 800px) 100vw, 800px\" \/>\t\t\t\t\t\t\t\t\t\t\t\t\t\t\t<\/div>\n\t\t\t\t<\/div>\n\t\t\t\t<div class=\"elementor-element elementor-element-38351bb elementor-widget elementor-widget-text-editor\" data-id=\"38351bb\" data-element_type=\"widget\" data-widget_type=\"text-editor.default\">\n\t\t\t\t<div class=\"elementor-widget-container\">\n\t\t\t\t\t\t\t\t\t<p>Quelle: Umwelt und Gesundheitsschutz Stadt Z\u00fcrich<\/p>\t\t\t\t\t\t\t\t<\/div>\n\t\t\t\t<\/div>\n\t\t\t\t<div class=\"elementor-element elementor-element-b41b495 elementor-widget elementor-widget-text-editor\" data-id=\"b41b495\" data-element_type=\"widget\" data-widget_type=\"text-editor.default\">\n\t\t\t\t<div class=\"elementor-widget-container\">\n\t\t\t\t\t\t\t\t\t<p>Ein Menschliches-Haar hat in der Regel 60-80\u00b5m.<\/p><div>Partikel mit der Gr\u00f6\u00dfe PM10 ist also ca. 6-8 mal kleiner als ein Menschliches-Haar.<\/div><div>Diese Gr\u00f6\u00dfe kann unser K\u00f6rber noch herausfiltern.<\/div><p><strong>Je kleiner die Partikel desto sch\u00e4dlicher sind diese f\u00fcr unseren Menschen!<\/strong><br \/>Ultrafeinstaub PM1,\u00a0 Feinstaub dieser Gr\u00f6\u00dfe kann nicht mehr von unserem K\u00f6rper herausgefiltert werden. Dieser kann direkt ins Blut bzw. Organe gelangen.\u00a0\u00a0\u00a0\u00a0 \u00a0<br \/>Superultrafeinstaub PM0,1, Feinstau dieser Gr\u00f6\u00dfe durch dringt selbst die Gehirnschranke.<br \/>Fl\u00fcchtige organische Verbindungen VOCs sind Ausgasungen (bakterieller oder chemischer Umwandlung) aus Stoffen, Farben, Materialien, Baumaterialien usw. dies ist auch Feinstaub, diese haben meist eine Gr\u00f6\u00dfe ab PM2,5 oder kleiner. In Verbindung mit Elektrischgeladenem PM10 kann es zu Elektrochemischen-Reaktionen kommen, von diesen vermutet man, das sie verantwortlich sind f\u00fcr eine Vielzahl von Neuen Allergien. \u00a0<\/p><p>Die WHO sagt: 96% aller R\u00e4ume haben mindestens einen ernsthaften Luftverunreiniger.<\/p><p>Meine Messungen beim Kunden haben ergeben, dass die Feinstaubbelastung in der Wohnung meist immer gr\u00f6\u00dfer war als au\u00dfen vor dem Fenster. Das h\u00e4ngt mit den VOCs (Ausgasungen) zusammen, die es im Freien kaum gibt. Auch ist der Feinstaub in den Wohnungen meist immer kleiner als au\u00dfen. Wobei es au\u00dfen meist PM10 und etwas PM 2,5 hatte.<\/p>\t\t\t\t\t\t\t\t<\/div>\n\t\t\t\t<\/div>\n\t\t\t\t<div class=\"elementor-element elementor-element-2db17b3 elementor-widget elementor-widget-heading\" data-id=\"2db17b3\" data-element_type=\"widget\" data-widget_type=\"heading.default\">\n\t\t\t\t<div class=\"elementor-widget-container\">\n\t\t\t\t\t<h2 class=\"elementor-heading-title elementor-size-default\">Deswegen ist der Ojas EcoBionizer so wichtig, er reinigt die Luft auf PM 0,1 (0,0001mm)<\/h2>\t\t\t\t<\/div>\n\t\t\t\t<\/div>\n\t\t\t\t\t<\/div>\n\t\t<\/div>\n\t\t\t\t\t<\/div>\n\t\t<\/section>\n\t\t\t\t<section class=\"elementor-section elementor-top-section elementor-element elementor-element-bd20c90 elementor-section-boxed elementor-section-height-default elementor-section-height-default\" data-id=\"bd20c90\" data-element_type=\"section\">\n\t\t\t\t\t\t<div class=\"elementor-container elementor-column-gap-default\">\n\t\t\t\t\t<div class=\"elementor-column elementor-col-100 elementor-top-column elementor-element elementor-element-ffb96d9\" data-id=\"ffb96d9\" data-element_type=\"column\">\n\t\t\t<div class=\"elementor-widget-wrap elementor-element-populated\">\n\t\t\t\t\t\t<div class=\"elementor-element elementor-element-83592e3 elementor-widget elementor-widget-image\" data-id=\"83592e3\" data-element_type=\"widget\" data-widget_type=\"image.default\">\n\t\t\t\t<div class=\"elementor-widget-container\">\n\t\t\t\t\t\t\t\t\t\t\t\t\t\t\t<img decoding=\"async\" width=\"300\" height=\"267\" src=\"https:\/\/ojas.de\/wp-content\/uploads\/2020\/04\/Wir-verbingen-92-300x267.jpg\" class=\"attachment-medium size-medium wp-image-975\" alt=\"\" srcset=\"https:\/\/ojas.de\/wp-content\/uploads\/2020\/04\/Wir-verbingen-92-300x267.jpg 300w, https:\/\/ojas.de\/wp-content\/uploads\/2020\/04\/Wir-verbingen-92-768x683.jpg 768w, https:\/\/ojas.de\/wp-content\/uploads\/2020\/04\/Wir-verbingen-92.jpg 794w\" sizes=\"(max-width: 300px) 100vw, 300px\" \/>\t\t\t\t\t\t\t\t\t\t\t\t\t\t\t<\/div>\n\t\t\t\t<\/div>\n\t\t\t\t<div class=\"elementor-element elementor-element-723d61d elementor-widget elementor-widget-text-editor\" data-id=\"723d61d\" data-element_type=\"widget\" data-widget_type=\"text-editor.default\">\n\t\t\t\t<div class=\"elementor-widget-container\">\n\t\t\t\t\t\t\t\t\t<p>Quelle: Journal of Exposure Analysis and Envionmental Epidemiology (2001)<b><br \/><\/b><\/p>\t\t\t\t\t\t\t\t<\/div>\n\t\t\t\t<\/div>\n\t\t\t\t\t<\/div>\n\t\t<\/div>\n\t\t\t\t<div class=\"elementor-column elementor-col-100 elementor-top-column elementor-element elementor-element-08840ba\" data-id=\"08840ba\" data-element_type=\"column\">\n\t\t\t<div class=\"elementor-widget-wrap elementor-element-populated\">\n\t\t\t\t\t\t<div class=\"elementor-element elementor-element-1c6024b elementor-widget elementor-widget-spacer\" data-id=\"1c6024b\" data-element_type=\"widget\" data-widget_type=\"spacer.default\">\n\t\t\t\t<div class=\"elementor-widget-container\">\n\t\t\t\t\t\t\t<div class=\"elementor-spacer\">\n\t\t\t<div class=\"elementor-spacer-inner\"><\/div>\n\t\t<\/div>\n\t\t\t\t\t\t<\/div>\n\t\t\t\t<\/div>\n\t\t\t\t<div class=\"elementor-element elementor-element-473f3e9 elementor-widget elementor-widget-text-editor\" data-id=\"473f3e9\" data-element_type=\"widget\" data-widget_type=\"text-editor.default\">\n\t\t\t\t<div class=\"elementor-widget-container\">\n\t\t\t\t\t\t\t\t\t<p><b>Sind Ihre R\u00e4ume f\u00fcr Ihr Wohlbefinden <\/b><b>optimi<\/b><b>ert<\/b><b>?<\/b><\/p>\t\t\t\t\t\t\t\t<\/div>\n\t\t\t\t<\/div>\n\t\t\t\t\t<\/div>\n\t\t<\/div>\n\t\t\t\t\t<\/div>\n\t\t<\/section>\n\t\t\t\t<\/div>","protected":false},"excerpt":{"rendered":"<p>Feinstaub Feinstaub Die Gr\u00f6\u00dfeneinheit f\u00fcr Feinstab ist PM (particulate matter) in \u00b5m (0,001mm) Feinstaub besteht aus einem komplexen Gemisch fester und fl\u00fcssiger Partikel und wird abh\u00e4ngig von deren Gr\u00f6\u00dfe in unterschiedliche Fraktionen eingeteilt. Unterschieden werden PM10 (PM, particulate matter) mit einem maximalen Durchmesser von 10 Mikrometer (\u00b5m)= (0,010mm), PM2,5 und ultrafeine Partikel mit einem Durchmesser [&hellip;]<\/p>\n","protected":false},"author":1,"featured_media":0,"parent":0,"menu_order":0,"comment_status":"closed","ping_status":"closed","template":"","meta":{"footnotes":""},"yoast_head":"<!-- This site is optimized with the Yoast SEO plugin v24.5 - https:\/\/yoast.com\/wordpress\/plugins\/seo\/ -->\n<title>Feinstaub - Ojas Energie f\u00fcs Leben<\/title>\n<meta name=\"robots\" content=\"index, follow, max-snippet:-1, max-image-preview:large, max-video-preview:-1\" \/>\n<link rel=\"canonical\" href=\"https:\/\/ojas.de\/en\/feinstaub\/\" \/>\n<meta property=\"og:locale\" content=\"en_GB\" \/>\n<meta property=\"og:type\" content=\"article\" \/>\n<meta property=\"og:title\" content=\"Feinstaub - Ojas Energie f\u00fcs Leben\" \/>\n<meta property=\"og:description\" content=\"Feinstaub Feinstaub Die Gr\u00f6\u00dfeneinheit f\u00fcr Feinstab ist PM (particulate matter) in \u00b5m (0,001mm) Feinstaub besteht aus einem komplexen Gemisch fester und fl\u00fcssiger Partikel und wird abh\u00e4ngig von deren Gr\u00f6\u00dfe in unterschiedliche Fraktionen eingeteilt. Unterschieden werden PM10 (PM, particulate matter) mit einem maximalen Durchmesser von 10 Mikrometer (\u00b5m)= (0,010mm), PM2,5 und ultrafeine Partikel mit einem Durchmesser [&hellip;]\" \/>\n<meta property=\"og:url\" content=\"https:\/\/ojas.de\/en\/feinstaub\/\" \/>\n<meta property=\"og:site_name\" content=\"Ojas Energie f\u00fcs Leben\" \/>\n<meta property=\"article:modified_time\" content=\"2021-07-08T17:45:49+00:00\" \/>\n<meta property=\"og:image\" content=\"https:\/\/ojas.de\/wp-content\/uploads\/2020\/04\/Feinstaub-Partikekeldurchmesser-1024x620.jpg\" \/>\n<meta name=\"twitter:card\" content=\"summary_large_image\" \/>\n<meta name=\"twitter:label1\" content=\"Estimated reading time\" \/>\n\t<meta name=\"twitter:data1\" content=\"2 minutes\" \/>\n<script type=\"application\/ld+json\" class=\"yoast-schema-graph\">{\"@context\":\"https:\/\/schema.org\",\"@graph\":[{\"@type\":\"WebPage\",\"@id\":\"https:\/\/ojas.de\/feinstaub\/\",\"url\":\"https:\/\/ojas.de\/feinstaub\/\",\"name\":\"Feinstaub - Ojas Energie f\u00fcs Leben\",\"isPartOf\":{\"@id\":\"https:\/\/ojas.de\/#website\"},\"primaryImageOfPage\":{\"@id\":\"https:\/\/ojas.de\/feinstaub\/#primaryimage\"},\"image\":{\"@id\":\"https:\/\/ojas.de\/feinstaub\/#primaryimage\"},\"thumbnailUrl\":\"https:\/\/ojas.de\/wp-content\/uploads\/2020\/04\/Feinstaub-Partikekeldurchmesser-1024x620.jpg\",\"datePublished\":\"2020-04-13T22:36:59+00:00\",\"dateModified\":\"2021-07-08T17:45:49+00:00\",\"breadcrumb\":{\"@id\":\"https:\/\/ojas.de\/feinstaub\/#breadcrumb\"},\"inLanguage\":\"en-GB\",\"potentialAction\":[{\"@type\":\"ReadAction\",\"target\":[\"https:\/\/ojas.de\/feinstaub\/\"]}]},{\"@type\":\"ImageObject\",\"inLanguage\":\"en-GB\",\"@id\":\"https:\/\/ojas.de\/feinstaub\/#primaryimage\",\"url\":\"https:\/\/ojas.de\/wp-content\/uploads\/2020\/04\/Feinstaub-Partikekeldurchmesser-1024x620.jpg\",\"contentUrl\":\"https:\/\/ojas.de\/wp-content\/uploads\/2020\/04\/Feinstaub-Partikekeldurchmesser-1024x620.jpg\"},{\"@type\":\"BreadcrumbList\",\"@id\":\"https:\/\/ojas.de\/feinstaub\/#breadcrumb\",\"itemListElement\":[{\"@type\":\"ListItem\",\"position\":1,\"name\":\"Home\",\"item\":\"https:\/\/ojas.de\/\"},{\"@type\":\"ListItem\",\"position\":2,\"name\":\"Feinstaub\"}]},{\"@type\":\"WebSite\",\"@id\":\"https:\/\/ojas.de\/#website\",\"url\":\"https:\/\/ojas.de\/\",\"name\":\"Ojas Energie f\u00fcs Leben\",\"description\":\"Luftreinigung, Bipolare ionisierte, saubere und gesunde Luft, reinigen von Elektrosmog, Groundig, energetische Belebung des Wohnraumes.\",\"publisher\":{\"@id\":\"https:\/\/ojas.de\/#organization\"},\"potentialAction\":[{\"@type\":\"SearchAction\",\"target\":{\"@type\":\"EntryPoint\",\"urlTemplate\":\"https:\/\/ojas.de\/?s={search_term_string}\"},\"query-input\":{\"@type\":\"PropertyValueSpecification\",\"valueRequired\":true,\"valueName\":\"search_term_string\"}}],\"inLanguage\":\"en-GB\"},{\"@type\":\"Organization\",\"@id\":\"https:\/\/ojas.de\/#organization\",\"name\":\"Ojas\",\"url\":\"https:\/\/ojas.de\/\",\"logo\":{\"@type\":\"ImageObject\",\"inLanguage\":\"en-GB\",\"@id\":\"https:\/\/ojas.de\/#\/schema\/logo\/image\/\",\"url\":\"https:\/\/ojas.de\/wp-content\/uploads\/2020\/04\/Ojas-logo_2.png\",\"contentUrl\":\"https:\/\/ojas.de\/wp-content\/uploads\/2020\/04\/Ojas-logo_2.png\",\"width\":375,\"height\":227,\"caption\":\"Ojas\"},\"image\":{\"@id\":\"https:\/\/ojas.de\/#\/schema\/logo\/image\/\"},\"sameAs\":[\"https:\/\/www.youtube.com\/watch?time_continue=2&amp;amp;amp;amp;v=UayAo5Fb_l0&amp;amp;amp;amp;feature=emb_logo\"]}]}<\/script>\n<!-- \/ Yoast SEO plugin. -->","yoast_head_json":{"title":"Feinstaub - Ojas Energie f\u00fcs Leben","robots":{"index":"index","follow":"follow","max-snippet":"max-snippet:-1","max-image-preview":"max-image-preview:large","max-video-preview":"max-video-preview:-1"},"canonical":"https:\/\/ojas.de\/en\/feinstaub\/","og_locale":"en_GB","og_type":"article","og_title":"Feinstaub - Ojas Energie f\u00fcs Leben","og_description":"Feinstaub Feinstaub Die Gr\u00f6\u00dfeneinheit f\u00fcr Feinstab ist PM (particulate matter) in \u00b5m (0,001mm) Feinstaub besteht aus einem komplexen Gemisch fester und fl\u00fcssiger Partikel und wird abh\u00e4ngig von deren Gr\u00f6\u00dfe in unterschiedliche Fraktionen eingeteilt. Unterschieden werden PM10 (PM, particulate matter) mit einem maximalen Durchmesser von 10 Mikrometer (\u00b5m)= (0,010mm), PM2,5 und ultrafeine Partikel mit einem Durchmesser [&hellip;]","og_url":"https:\/\/ojas.de\/en\/feinstaub\/","og_site_name":"Ojas Energie f\u00fcs Leben","article_modified_time":"2021-07-08T17:45:49+00:00","og_image":[{"url":"https:\/\/ojas.de\/wp-content\/uploads\/2020\/04\/Feinstaub-Partikekeldurchmesser-1024x620.jpg","type":"","width":"","height":""}],"twitter_card":"summary_large_image","twitter_misc":{"Estimated reading time":"2 minutes"},"schema":{"@context":"https:\/\/schema.org","@graph":[{"@type":"WebPage","@id":"https:\/\/ojas.de\/feinstaub\/","url":"https:\/\/ojas.de\/feinstaub\/","name":"Feinstaub - Ojas Energie f\u00fcs Leben","isPartOf":{"@id":"https:\/\/ojas.de\/#website"},"primaryImageOfPage":{"@id":"https:\/\/ojas.de\/feinstaub\/#primaryimage"},"image":{"@id":"https:\/\/ojas.de\/feinstaub\/#primaryimage"},"thumbnailUrl":"https:\/\/ojas.de\/wp-content\/uploads\/2020\/04\/Feinstaub-Partikekeldurchmesser-1024x620.jpg","datePublished":"2020-04-13T22:36:59+00:00","dateModified":"2021-07-08T17:45:49+00:00","breadcrumb":{"@id":"https:\/\/ojas.de\/feinstaub\/#breadcrumb"},"inLanguage":"en-GB","potentialAction":[{"@type":"ReadAction","target":["https:\/\/ojas.de\/feinstaub\/"]}]},{"@type":"ImageObject","inLanguage":"en-GB","@id":"https:\/\/ojas.de\/feinstaub\/#primaryimage","url":"https:\/\/ojas.de\/wp-content\/uploads\/2020\/04\/Feinstaub-Partikekeldurchmesser-1024x620.jpg","contentUrl":"https:\/\/ojas.de\/wp-content\/uploads\/2020\/04\/Feinstaub-Partikekeldurchmesser-1024x620.jpg"},{"@type":"BreadcrumbList","@id":"https:\/\/ojas.de\/feinstaub\/#breadcrumb","itemListElement":[{"@type":"ListItem","position":1,"name":"Home","item":"https:\/\/ojas.de\/"},{"@type":"ListItem","position":2,"name":"Feinstaub"}]},{"@type":"WebSite","@id":"https:\/\/ojas.de\/#website","url":"https:\/\/ojas.de\/","name":"Ojas Energie f\u00fcs Leben","description":"Luftreinigung, Bipolare ionisierte, saubere und gesunde Luft, reinigen von Elektrosmog, Groundig, energetische Belebung des Wohnraumes.","publisher":{"@id":"https:\/\/ojas.de\/#organization"},"potentialAction":[{"@type":"SearchAction","target":{"@type":"EntryPoint","urlTemplate":"https:\/\/ojas.de\/?s={search_term_string}"},"query-input":{"@type":"PropertyValueSpecification","valueRequired":true,"valueName":"search_term_string"}}],"inLanguage":"en-GB"},{"@type":"Organization","@id":"https:\/\/ojas.de\/#organization","name":"Ojas","url":"https:\/\/ojas.de\/","logo":{"@type":"ImageObject","inLanguage":"en-GB","@id":"https:\/\/ojas.de\/#\/schema\/logo\/image\/","url":"https:\/\/ojas.de\/wp-content\/uploads\/2020\/04\/Ojas-logo_2.png","contentUrl":"https:\/\/ojas.de\/wp-content\/uploads\/2020\/04\/Ojas-logo_2.png","width":375,"height":227,"caption":"Ojas"},"image":{"@id":"https:\/\/ojas.de\/#\/schema\/logo\/image\/"},"sameAs":["https:\/\/www.youtube.com\/watch?time_continue=2&amp;amp;amp;amp;v=UayAo5Fb_l0&amp;amp;amp;amp;feature=emb_logo"]}]}},"_links":{"self":[{"href":"https:\/\/ojas.de\/en\/wp-json\/wp\/v2\/pages\/555"}],"collection":[{"href":"https:\/\/ojas.de\/en\/wp-json\/wp\/v2\/pages"}],"about":[{"href":"https:\/\/ojas.de\/en\/wp-json\/wp\/v2\/types\/page"}],"author":[{"embeddable":true,"href":"https:\/\/ojas.de\/en\/wp-json\/wp\/v2\/users\/1"}],"replies":[{"embeddable":true,"href":"https:\/\/ojas.de\/en\/wp-json\/wp\/v2\/comments?post=555"}],"version-history":[{"count":27,"href":"https:\/\/ojas.de\/en\/wp-json\/wp\/v2\/pages\/555\/revisions"}],"predecessor-version":[{"id":3706,"href":"https:\/\/ojas.de\/en\/wp-json\/wp\/v2\/pages\/555\/revisions\/3706"}],"wp:attachment":[{"href":"https:\/\/ojas.de\/en\/wp-json\/wp\/v2\/media?parent=555"}],"curies":[{"name":"wp","href":"https:\/\/api.w.org\/{rel}","templated":true}]}}