{"id":76,"date":"2020-04-09T15:43:47","date_gmt":"2020-04-09T15:43:47","guid":{"rendered":"https:\/\/goloka.de\/?page_id=76"},"modified":"2024-05-15T15:46:52","modified_gmt":"2024-05-15T15:46:52","slug":"emi-messgeraet","status":"publish","type":"page","link":"https:\/\/ojas.de\/en\/emi-messgeraet\/","title":{"rendered":"EMI Messger\u00e4t"},"content":{"rendered":"<div data-elementor-type=\"wp-page\" data-elementor-id=\"76\" class=\"elementor elementor-76\" data-elementor-post-type=\"page\">\n\t\t\t\t\t\t<section class=\"elementor-section elementor-top-section elementor-element elementor-element-233d006 elementor-section-boxed elementor-section-height-default elementor-section-height-default\" data-id=\"233d006\" data-element_type=\"section\">\n\t\t\t\t\t\t<div class=\"elementor-container elementor-column-gap-default\">\n\t\t\t\t\t<div class=\"elementor-column elementor-col-100 elementor-top-column elementor-element elementor-element-6e1675f\" data-id=\"6e1675f\" data-element_type=\"column\">\n\t\t\t<div class=\"elementor-widget-wrap elementor-element-populated\">\n\t\t\t\t\t\t<div class=\"elementor-element elementor-element-41e19ea elementor-widget elementor-widget-heading\" data-id=\"41e19ea\" data-element_type=\"widget\" data-widget_type=\"heading.default\">\n\t\t\t\t<div class=\"elementor-widget-container\">\n\t\t\t\t\t<h1 class=\"elementor-heading-title elementor-size-default\">EMI Messger\u00e4t<\/h1>\t\t\t\t<\/div>\n\t\t\t\t<\/div>\n\t\t\t\t<div class=\"elementor-element elementor-element-26a29f8 elementor-widget elementor-widget-text-editor\" data-id=\"26a29f8\" data-element_type=\"widget\" data-widget_type=\"text-editor.default\">\n\t\t\t\t<div class=\"elementor-widget-container\">\n\t\t\t\t\t\t\t\t\t<p>Messung der Wirksamkeit von Elektrosmog-Filter mit unserem EMI Messger\u00e4t.<\/p>\t\t\t\t\t\t\t\t<\/div>\n\t\t\t\t<\/div>\n\t\t\t\t<section class=\"elementor-section elementor-inner-section elementor-element elementor-element-a7a457f elementor-section-boxed elementor-section-height-default elementor-section-height-default\" data-id=\"a7a457f\" data-element_type=\"section\">\n\t\t\t\t\t\t<div class=\"elementor-container elementor-column-gap-default\">\n\t\t\t\t\t<div class=\"elementor-column elementor-col-50 elementor-inner-column elementor-element elementor-element-4c56c99\" data-id=\"4c56c99\" data-element_type=\"column\">\n\t\t\t<div class=\"elementor-widget-wrap elementor-element-populated\">\n\t\t\t\t\t\t<div class=\"elementor-element elementor-element-f42db19 elementor-widget elementor-widget-image\" data-id=\"f42db19\" data-element_type=\"widget\" data-widget_type=\"image.default\">\n\t\t\t\t<div class=\"elementor-widget-container\">\n\t\t\t\t\t\t\t\t\t\t\t\t\t\t\t<img fetchpriority=\"high\" decoding=\"async\" width=\"239\" height=\"300\" src=\"https:\/\/ojas.de\/wp-content\/uploads\/2020\/04\/Greenwave-EMI-Messgert-239x300.jpg\" class=\"attachment-medium size-medium wp-image-544\" alt=\"\" srcset=\"https:\/\/ojas.de\/wp-content\/uploads\/2020\/04\/Greenwave-EMI-Messgert-239x300.jpg 239w, https:\/\/ojas.de\/wp-content\/uploads\/2020\/04\/Greenwave-EMI-Messgert.jpg 411w\" sizes=\"(max-width: 239px) 100vw, 239px\" \/>\t\t\t\t\t\t\t\t\t\t\t\t\t\t\t<\/div>\n\t\t\t\t<\/div>\n\t\t\t\t\t<\/div>\n\t\t<\/div>\n\t\t\t\t<div class=\"elementor-column elementor-col-50 elementor-inner-column elementor-element elementor-element-e59c551\" data-id=\"e59c551\" data-element_type=\"column\">\n\t\t\t<div class=\"elementor-widget-wrap elementor-element-populated\">\n\t\t\t\t\t\t<div class=\"elementor-element elementor-element-4b7dd35 elementor-widget elementor-widget-text-editor\" data-id=\"4b7dd35\" data-element_type=\"widget\" data-widget_type=\"text-editor.default\">\n\t\t\t\t<div class=\"elementor-widget-container\">\n\t\t\t\t\t\t\t\t\t<p>Many people want to know just how much dirty electricity Greenwave filters remove from the wiring in their homes and other places. This is easy to measure with a plug-in dirty electricity meter, such as the Greenwave Broadband EMI Meter shown here.<br \/>Greenwave\u2019s meter is easy to use. Simply plug it into electrical outlets to find out how much dirty electricity is present on nearby wiring. The meter can show \u201cBEFORE filter\u201d and \u201cAFTER filter\u201d measurements on the same screen simultaneously, making comparisons easy.<\/p>\t\t\t\t\t\t\t\t<\/div>\n\t\t\t\t<\/div>\n\t\t\t\t\t<\/div>\n\t\t<\/div>\n\t\t\t\t\t<\/div>\n\t\t<\/section>\n\t\t\t\t<div class=\"elementor-element elementor-element-5052150 elementor-widget elementor-widget-text-editor\" data-id=\"5052150\" data-element_type=\"widget\" data-widget_type=\"text-editor.default\">\n\t\t\t\t<div class=\"elementor-widget-container\">\n\t\t\t\t\t\t\t\t\t<p>The meter is also an excellent tool for guiding the installation of Greenwave filters. It can help you identify significant sources of dirty electricity in your environment and determine the best number of filters to install in each room for optimal results.<\/p>\t\t\t\t\t\t\t\t<\/div>\n\t\t\t\t<\/div>\n\t\t\t\t<div class=\"elementor-element elementor-element-a416299 elementor-widget elementor-widget-heading\" data-id=\"a416299\" data-element_type=\"widget\" data-widget_type=\"heading.default\">\n\t\t\t\t<div class=\"elementor-widget-container\">\n\t\t\t\t\t<h2 class=\"elementor-heading-title elementor-size-default\">Getting the Most from Greenwave Filters<\/h2>\t\t\t\t<\/div>\n\t\t\t\t<\/div>\n\t\t\t\t<div class=\"elementor-element elementor-element-7f65845 elementor-widget elementor-widget-text-editor\" data-id=\"7f65845\" data-element_type=\"widget\" data-widget_type=\"text-editor.default\">\n\t\t\t\t<div class=\"elementor-widget-container\">\n\t\t\t\t\t\t\t\t\t<p>To achieve the full benefit of Greenwave filters, it is best to install them throughout your environment.<\/p>\t\t\t\t\t\t\t\t<\/div>\n\t\t\t\t<\/div>\n\t\t\t\t<div class=\"elementor-element elementor-element-a96d7ec elementor-widget elementor-widget-heading\" data-id=\"a96d7ec\" data-element_type=\"widget\" data-widget_type=\"heading.default\">\n\t\t\t\t<div class=\"elementor-widget-container\">\n\t\t\t\t\t<h2 class=\"elementor-heading-title elementor-size-default\">A value of about 75 mV or less should be reached.<\/h2>\t\t\t\t<\/div>\n\t\t\t\t<\/div>\n\t\t\t\t<div class=\"elementor-element elementor-element-5babe09 elementor-widget elementor-widget-text-editor\" data-id=\"5babe09\" data-element_type=\"widget\" data-widget_type=\"text-editor.default\">\n\t\t\t\t<div class=\"elementor-widget-container\">\n\t\t\t\t\t\t\t\t\t<p>The number of filters required does not depend on the size of the premises in which you want to set them (e.g. number of rooms, the degree of concentration of electronics, appliances, energy saving lamps and other electrical equipment in each room). You should also take into account the amount of dirty electricity entering your environment from outside lines.\u2028<\/p><p>According to my experience one needs 3-5 filters for a 2-3 room apartment, for a single-family house 4-7 filters - under normal load. \u2028If photovoltaic electricity is involved, there may be more.<\/p>\t\t\t\t\t\t\t\t<\/div>\n\t\t\t\t<\/div>\n\t\t\t\t<div class=\"elementor-element elementor-element-502d89a elementor-widget elementor-widget-text-editor\" data-id=\"502d89a\" data-element_type=\"widget\" data-widget_type=\"text-editor.default\">\n\t\t\t\t<div class=\"elementor-widget-container\">\n\t\t\t\t\t\t\t\t\t<p><strong>SPEZIFIKATIONEN: Greenwave Broadband EMI Meter<\/strong> \u2028<\/p><p>Electricity Supply: 220- 240V 50\/60Hz.<\/p><p>Rated current: 16A Frequency: 50\/60 Hertz<\/p><p>Line noise: 1-1999 mV (differential)<\/p><p>Line noise tolerance: +\/- 5% 1MHZ; +5% to -50% 10 KHz to 10MHz.\u2028<\/p><p>Operating temperatur: -25 bis 50\u00b0 C<\/p>\t\t\t\t\t\t\t\t<\/div>\n\t\t\t\t<\/div>\n\t\t\t\t\t<\/div>\n\t\t<\/div>\n\t\t\t\t\t<\/div>\n\t\t<\/section>\n\t\t\t\t<section class=\"elementor-section elementor-top-section elementor-element elementor-element-b6e09be elementor-section-boxed elementor-section-height-default elementor-section-height-default\" data-id=\"b6e09be\" data-element_type=\"section\" data-settings=\"{&quot;background_background&quot;:&quot;classic&quot;}\">\n\t\t\t\t\t\t<div class=\"elementor-container elementor-column-gap-default\">\n\t\t\t\t\t<div class=\"elementor-column elementor-col-100 elementor-top-column elementor-element elementor-element-f08a2e0\" data-id=\"f08a2e0\" data-element_type=\"column\">\n\t\t\t<div class=\"elementor-widget-wrap elementor-element-populated\">\n\t\t\t\t\t\t<div class=\"elementor-element elementor-element-48401b1 elementor-widget elementor-widget-text-editor\" data-id=\"48401b1\" data-element_type=\"widget\" data-widget_type=\"text-editor.default\">\n\t\t\t\t<div class=\"elementor-widget-container\">\n\t\t\t\t\t\t\t\t\t<p style=\"text-align: right;\">Preis: \u20ac 217,-<\/p>\t\t\t\t\t\t\t\t<\/div>\n\t\t\t\t<\/div>\n\t\t\t\t<div class=\"elementor-element elementor-element-c214979 elementor-widget elementor-widget-text-editor\" data-id=\"c214979\" data-element_type=\"widget\" data-widget_type=\"text-editor.default\">\n\t\t\t\t<div class=\"elementor-widget-container\">\n\t\t\t\t\t\t\t\t\t<p>incl. 19% MwSt<\/p>\t\t\t\t\t\t\t\t<\/div>\n\t\t\t\t<\/div>\n\t\t\t\t<div class=\"elementor-element elementor-element-e0e747f elementor-align-right elementor-widget elementor-widget-button\" data-id=\"e0e747f\" data-element_type=\"widget\" data-widget_type=\"button.default\">\n\t\t\t\t<div class=\"elementor-widget-container\">\n\t\t\t\t\t\t\t\t\t<div class=\"elementor-button-wrapper\">\n\t\t\t\t\t<a class=\"elementor-button elementor-button-link elementor-size-sm\" href=\"https:\/\/shop.ojas.de\/de\/ojas-umwelttechnik\/greenwave-breitband-emi-messgeraet\" target=\"_blank\">\n\t\t\t\t\t\t<span class=\"elementor-button-content-wrapper\">\n\t\t\t\t\t\t\t\t\t<span class=\"elementor-button-text\">Shop<\/span>\n\t\t\t\t\t<\/span>\n\t\t\t\t\t<\/a>\n\t\t\t\t<\/div>\n\t\t\t\t\t\t\t\t<\/div>\n\t\t\t\t<\/div>\n\t\t\t\t\t<\/div>\n\t\t<\/div>\n\t\t\t\t\t<\/div>\n\t\t<\/section>\n\t\t\t\t<section class=\"elementor-section elementor-top-section elementor-element elementor-element-3c84920 elementor-section-boxed elementor-section-height-default elementor-section-height-default\" data-id=\"3c84920\" data-element_type=\"section\">\n\t\t\t\t\t\t<div class=\"elementor-container elementor-column-gap-default\">\n\t\t\t\t\t<div class=\"elementor-column elementor-col-100 elementor-top-column elementor-element elementor-element-0dc9be0\" data-id=\"0dc9be0\" data-element_type=\"column\">\n\t\t\t<div class=\"elementor-widget-wrap elementor-element-populated\">\n\t\t\t\t\t\t<div class=\"elementor-element elementor-element-61cf9c9 elementor-widget elementor-widget-text-editor\" data-id=\"61cf9c9\" data-element_type=\"widget\" data-widget_type=\"text-editor.default\">\n\t\t\t\t<div class=\"elementor-widget-container\">\n\t\t\t\t\t\t\t\t\t<p style=\"text-align: center;\"><span style=\"color: #003300;\"><strong><a style=\"color: #003300;\" href=\"https:\/\/ojas.de\/en\/grounding-schlafplatz\/\" target=\"_blank\" rel=\"noopener\"><span style=\"text-decoration: underline;\">Auch das k\u00f6nnte f\u00fcr Sie wichtig sein, Grounding, Erdung am Schlafplatz.<\/span><\/a><\/strong><\/span><\/p>\t\t\t\t\t\t\t\t<\/div>\n\t\t\t\t<\/div>\n\t\t\t\t\t<\/div>\n\t\t<\/div>\n\t\t\t\t\t<\/div>\n\t\t<\/section>\n\t\t\t\t<\/div>","protected":false},"excerpt":{"rendered":"<p>EMI Messger\u00e4t Messung der Wirksamkeit von Elektrosmog-Filter mit unserem EMI Messger\u00e4t. Viele Menschen wollen wissen, wieviel schmutzige Elektrizit\u00e4t die Elektrosmog-Filter tats\u00e4chlich aus den Leitungen ihrer Wohnr\u00e4ume und Geb\u00e4ude entfernen. Das kann man leicht mit unserem einsteckbaren Elektrosmog-Messger\u00e4t messen, wie dem hier abgebildeten Greenwave Broadband EMI Messger\u00e4t.Das Greenwave-Messger\u00e4t ist einfach anzuwenden. Sie brauchen es nur in [&hellip;]<\/p>\n","protected":false},"author":1,"featured_media":0,"parent":0,"menu_order":0,"comment_status":"closed","ping_status":"closed","template":"","meta":{"footnotes":""},"yoast_head":"<!-- This site is optimized with the Yoast SEO plugin v24.5 - https:\/\/yoast.com\/wordpress\/plugins\/seo\/ -->\n<title>EMI Messger\u00e4t - Ojas Energie f\u00fcs Leben Schutz vor Elektrosmog<\/title>\n<meta name=\"description\" content=\"\u261eSchutz vor Elektrosmog, hier sieht man dirty-elektrosmog-filter, Elektrosmog Filter, \u2713die reinigen die 50Hz Welle Ojas Energie f\u00fcs Leben\" \/>\n<meta name=\"robots\" content=\"index, follow, max-snippet:-1, max-image-preview:large, max-video-preview:-1\" \/>\n<link rel=\"canonical\" href=\"https:\/\/ojas.de\/en\/emi-messgeraet\/\" \/>\n<meta property=\"og:locale\" content=\"en_GB\" \/>\n<meta property=\"og:type\" content=\"article\" \/>\n<meta property=\"og:title\" content=\"EMI Messger\u00e4t - Ojas Energie f\u00fcs Leben Schutz vor Elektrosmog\" \/>\n<meta property=\"og:description\" content=\"\u261eSchutz vor Elektrosmog, hier sieht man dirty-elektrosmog-filter, Elektrosmog Filter, \u2713die reinigen die 50Hz Welle Ojas Energie f\u00fcs Leben\" \/>\n<meta property=\"og:url\" content=\"https:\/\/ojas.de\/en\/emi-messgeraet\/\" \/>\n<meta property=\"og:site_name\" content=\"Ojas Energie f\u00fcs Leben\" \/>\n<meta property=\"article:modified_time\" content=\"2024-05-15T15:46:52+00:00\" \/>\n<meta property=\"og:image\" content=\"https:\/\/ojas.de\/wp-content\/uploads\/2020\/04\/Greenwave-EMI-Messgert-239x300.jpg\" \/>\n<meta name=\"twitter:card\" content=\"summary_large_image\" \/>\n<meta name=\"twitter:label1\" content=\"Estimated reading time\" \/>\n\t<meta name=\"twitter:data1\" content=\"2 minutes\" \/>\n<script type=\"application\/ld+json\" class=\"yoast-schema-graph\">{\"@context\":\"https:\/\/schema.org\",\"@graph\":[{\"@type\":\"WebPage\",\"@id\":\"https:\/\/ojas.de\/emi-messgeraet\/\",\"url\":\"https:\/\/ojas.de\/emi-messgeraet\/\",\"name\":\"EMI Messger\u00e4t - Ojas Energie f\u00fcs Leben Schutz vor Elektrosmog\",\"isPartOf\":{\"@id\":\"https:\/\/ojas.de\/#website\"},\"primaryImageOfPage\":{\"@id\":\"https:\/\/ojas.de\/emi-messgeraet\/#primaryimage\"},\"image\":{\"@id\":\"https:\/\/ojas.de\/emi-messgeraet\/#primaryimage\"},\"thumbnailUrl\":\"https:\/\/ojas.de\/wp-content\/uploads\/2020\/04\/Greenwave-EMI-Messgert-239x300.jpg\",\"datePublished\":\"2020-04-09T15:43:47+00:00\",\"dateModified\":\"2024-05-15T15:46:52+00:00\",\"description\":\"\u261eSchutz vor Elektrosmog, hier sieht man dirty-elektrosmog-filter, Elektrosmog Filter, \u2713die reinigen die 50Hz Welle Ojas Energie f\u00fcs Leben\",\"breadcrumb\":{\"@id\":\"https:\/\/ojas.de\/emi-messgeraet\/#breadcrumb\"},\"inLanguage\":\"en-GB\",\"potentialAction\":[{\"@type\":\"ReadAction\",\"target\":[\"https:\/\/ojas.de\/emi-messgeraet\/\"]}]},{\"@type\":\"ImageObject\",\"inLanguage\":\"en-GB\",\"@id\":\"https:\/\/ojas.de\/emi-messgeraet\/#primaryimage\",\"url\":\"https:\/\/ojas.de\/wp-content\/uploads\/2020\/04\/Greenwave-EMI-Messgert-239x300.jpg\",\"contentUrl\":\"https:\/\/ojas.de\/wp-content\/uploads\/2020\/04\/Greenwave-EMI-Messgert-239x300.jpg\"},{\"@type\":\"BreadcrumbList\",\"@id\":\"https:\/\/ojas.de\/emi-messgeraet\/#breadcrumb\",\"itemListElement\":[{\"@type\":\"ListItem\",\"position\":1,\"name\":\"Home\",\"item\":\"https:\/\/ojas.de\/\"},{\"@type\":\"ListItem\",\"position\":2,\"name\":\"EMI Messger\u00e4t\"}]},{\"@type\":\"WebSite\",\"@id\":\"https:\/\/ojas.de\/#website\",\"url\":\"https:\/\/ojas.de\/\",\"name\":\"Ojas Energie f\u00fcs Leben\",\"description\":\"Luftreinigung, Bipolare ionisierte, saubere und gesunde Luft, reinigen von Elektrosmog, Groundig, energetische Belebung des Wohnraumes.\",\"publisher\":{\"@id\":\"https:\/\/ojas.de\/#organization\"},\"potentialAction\":[{\"@type\":\"SearchAction\",\"target\":{\"@type\":\"EntryPoint\",\"urlTemplate\":\"https:\/\/ojas.de\/?s={search_term_string}\"},\"query-input\":{\"@type\":\"PropertyValueSpecification\",\"valueRequired\":true,\"valueName\":\"search_term_string\"}}],\"inLanguage\":\"en-GB\"},{\"@type\":\"Organization\",\"@id\":\"https:\/\/ojas.de\/#organization\",\"name\":\"Ojas\",\"url\":\"https:\/\/ojas.de\/\",\"logo\":{\"@type\":\"ImageObject\",\"inLanguage\":\"en-GB\",\"@id\":\"https:\/\/ojas.de\/#\/schema\/logo\/image\/\",\"url\":\"https:\/\/ojas.de\/wp-content\/uploads\/2020\/04\/Ojas-logo_2.png\",\"contentUrl\":\"https:\/\/ojas.de\/wp-content\/uploads\/2020\/04\/Ojas-logo_2.png\",\"width\":375,\"height\":227,\"caption\":\"Ojas\"},\"image\":{\"@id\":\"https:\/\/ojas.de\/#\/schema\/logo\/image\/\"},\"sameAs\":[\"https:\/\/www.youtube.com\/watch?time_continue=2&amp;amp;amp;amp;v=UayAo5Fb_l0&amp;amp;amp;amp;feature=emb_logo\"]}]}<\/script>\n<!-- \/ Yoast SEO plugin. -->","yoast_head_json":{"title":"EMI Messger\u00e4t - Ojas Energie f\u00fcs Leben Schutz vor Elektrosmog","description":"\u261eSchutz vor Elektrosmog, hier sieht man dirty-elektrosmog-filter, Elektrosmog Filter, \u2713die reinigen die 50Hz Welle Ojas Energie f\u00fcs Leben","robots":{"index":"index","follow":"follow","max-snippet":"max-snippet:-1","max-image-preview":"max-image-preview:large","max-video-preview":"max-video-preview:-1"},"canonical":"https:\/\/ojas.de\/en\/emi-messgeraet\/","og_locale":"en_GB","og_type":"article","og_title":"EMI Messger\u00e4t - Ojas Energie f\u00fcs Leben Schutz vor Elektrosmog","og_description":"\u261eSchutz vor Elektrosmog, hier sieht man dirty-elektrosmog-filter, Elektrosmog Filter, \u2713die reinigen die 50Hz Welle Ojas Energie f\u00fcs Leben","og_url":"https:\/\/ojas.de\/en\/emi-messgeraet\/","og_site_name":"Ojas Energie f\u00fcs Leben","article_modified_time":"2024-05-15T15:46:52+00:00","og_image":[{"url":"https:\/\/ojas.de\/wp-content\/uploads\/2020\/04\/Greenwave-EMI-Messgert-239x300.jpg","type":"","width":"","height":""}],"twitter_card":"summary_large_image","twitter_misc":{"Estimated reading time":"2 minutes"},"schema":{"@context":"https:\/\/schema.org","@graph":[{"@type":"WebPage","@id":"https:\/\/ojas.de\/emi-messgeraet\/","url":"https:\/\/ojas.de\/emi-messgeraet\/","name":"EMI Messger\u00e4t - Ojas Energie f\u00fcs Leben Schutz vor Elektrosmog","isPartOf":{"@id":"https:\/\/ojas.de\/#website"},"primaryImageOfPage":{"@id":"https:\/\/ojas.de\/emi-messgeraet\/#primaryimage"},"image":{"@id":"https:\/\/ojas.de\/emi-messgeraet\/#primaryimage"},"thumbnailUrl":"https:\/\/ojas.de\/wp-content\/uploads\/2020\/04\/Greenwave-EMI-Messgert-239x300.jpg","datePublished":"2020-04-09T15:43:47+00:00","dateModified":"2024-05-15T15:46:52+00:00","description":"\u261eSchutz vor Elektrosmog, hier sieht man dirty-elektrosmog-filter, Elektrosmog Filter, \u2713die reinigen die 50Hz Welle Ojas Energie f\u00fcs Leben","breadcrumb":{"@id":"https:\/\/ojas.de\/emi-messgeraet\/#breadcrumb"},"inLanguage":"en-GB","potentialAction":[{"@type":"ReadAction","target":["https:\/\/ojas.de\/emi-messgeraet\/"]}]},{"@type":"ImageObject","inLanguage":"en-GB","@id":"https:\/\/ojas.de\/emi-messgeraet\/#primaryimage","url":"https:\/\/ojas.de\/wp-content\/uploads\/2020\/04\/Greenwave-EMI-Messgert-239x300.jpg","contentUrl":"https:\/\/ojas.de\/wp-content\/uploads\/2020\/04\/Greenwave-EMI-Messgert-239x300.jpg"},{"@type":"BreadcrumbList","@id":"https:\/\/ojas.de\/emi-messgeraet\/#breadcrumb","itemListElement":[{"@type":"ListItem","position":1,"name":"Home","item":"https:\/\/ojas.de\/"},{"@type":"ListItem","position":2,"name":"EMI Messger\u00e4t"}]},{"@type":"WebSite","@id":"https:\/\/ojas.de\/#website","url":"https:\/\/ojas.de\/","name":"Ojas Energie f\u00fcs Leben","description":"Luftreinigung, Bipolare ionisierte, saubere und gesunde Luft, reinigen von Elektrosmog, Groundig, energetische Belebung des Wohnraumes.","publisher":{"@id":"https:\/\/ojas.de\/#organization"},"potentialAction":[{"@type":"SearchAction","target":{"@type":"EntryPoint","urlTemplate":"https:\/\/ojas.de\/?s={search_term_string}"},"query-input":{"@type":"PropertyValueSpecification","valueRequired":true,"valueName":"search_term_string"}}],"inLanguage":"en-GB"},{"@type":"Organization","@id":"https:\/\/ojas.de\/#organization","name":"Ojas","url":"https:\/\/ojas.de\/","logo":{"@type":"ImageObject","inLanguage":"en-GB","@id":"https:\/\/ojas.de\/#\/schema\/logo\/image\/","url":"https:\/\/ojas.de\/wp-content\/uploads\/2020\/04\/Ojas-logo_2.png","contentUrl":"https:\/\/ojas.de\/wp-content\/uploads\/2020\/04\/Ojas-logo_2.png","width":375,"height":227,"caption":"Ojas"},"image":{"@id":"https:\/\/ojas.de\/#\/schema\/logo\/image\/"},"sameAs":["https:\/\/www.youtube.com\/watch?time_continue=2&amp;amp;amp;amp;v=UayAo5Fb_l0&amp;amp;amp;amp;feature=emb_logo"]}]}},"_links":{"self":[{"href":"https:\/\/ojas.de\/en\/wp-json\/wp\/v2\/pages\/76"}],"collection":[{"href":"https:\/\/ojas.de\/en\/wp-json\/wp\/v2\/pages"}],"about":[{"href":"https:\/\/ojas.de\/en\/wp-json\/wp\/v2\/types\/page"}],"author":[{"embeddable":true,"href":"https:\/\/ojas.de\/en\/wp-json\/wp\/v2\/users\/1"}],"replies":[{"embeddable":true,"href":"https:\/\/ojas.de\/en\/wp-json\/wp\/v2\/comments?post=76"}],"version-history":[{"count":156,"href":"https:\/\/ojas.de\/en\/wp-json\/wp\/v2\/pages\/76\/revisions"}],"predecessor-version":[{"id":5841,"href":"https:\/\/ojas.de\/en\/wp-json\/wp\/v2\/pages\/76\/revisions\/5841"}],"wp:attachment":[{"href":"https:\/\/ojas.de\/en\/wp-json\/wp\/v2\/media?parent=76"}],"curies":[{"name":"wp","href":"https:\/\/api.w.org\/{rel}","templated":true}]}}