{"id":82,"date":"2020-04-09T15:45:39","date_gmt":"2020-04-09T15:45:39","guid":{"rendered":"https:\/\/goloka.de\/?page_id=82"},"modified":"2021-07-08T20:51:27","modified_gmt":"2021-07-08T20:51:27","slug":"ojas-autobelebung","status":"publish","type":"page","link":"https:\/\/ojas.de\/en\/ojas-autobelebung\/","title":{"rendered":"Car revival"},"content":{"rendered":"<div data-elementor-type=\"wp-page\" data-elementor-id=\"82\" class=\"elementor elementor-82\" data-elementor-post-type=\"page\">\n\t\t\t\t\t\t<section class=\"elementor-section elementor-top-section elementor-element elementor-element-2b31234 elementor-section-height-min-height elementor-section-boxed elementor-section-height-default elementor-section-items-middle\" data-id=\"2b31234\" data-element_type=\"section\" data-settings=\"{&quot;background_background&quot;:&quot;classic&quot;}\">\n\t\t\t\t\t\t<div class=\"elementor-container elementor-column-gap-default\">\n\t\t\t\t\t<div class=\"elementor-column elementor-col-100 elementor-top-column elementor-element elementor-element-2481e3f\" data-id=\"2481e3f\" data-element_type=\"column\">\n\t\t\t<div class=\"elementor-widget-wrap elementor-element-populated\">\n\t\t\t\t\t\t<div class=\"elementor-element elementor-element-8f3053e elementor-widget elementor-widget-image\" data-id=\"8f3053e\" data-element_type=\"widget\" data-widget_type=\"image.default\">\n\t\t\t\t<div class=\"elementor-widget-container\">\n\t\t\t\t\t\t\t\t\t\t\t\t\t\t\t<img fetchpriority=\"high\" decoding=\"async\" width=\"768\" height=\"587\" src=\"https:\/\/ojas.de\/wp-content\/uploads\/2020\/04\/C_200-e1592848105495-768x587.jpg\" class=\"attachment-medium_large size-medium_large wp-image-44\" alt=\"\" srcset=\"https:\/\/ojas.de\/wp-content\/uploads\/2020\/04\/C_200-e1592848105495-768x587.jpg 768w, https:\/\/ojas.de\/wp-content\/uploads\/2020\/04\/C_200-e1592848105495-300x229.jpg 300w, https:\/\/ojas.de\/wp-content\/uploads\/2020\/04\/C_200-e1592848105495.jpg 850w\" sizes=\"(max-width: 768px) 100vw, 768px\" \/>\t\t\t\t\t\t\t\t\t\t\t\t\t\t\t<\/div>\n\t\t\t\t<\/div>\n\t\t\t\t<div class=\"elementor-element elementor-element-9e2d949 elementor-widget elementor-widget-heading\" data-id=\"9e2d949\" data-element_type=\"widget\" data-widget_type=\"heading.default\">\n\t\t\t\t<div class=\"elementor-widget-container\">\n\t\t\t\t\t<h2 class=\"elementor-heading-title elementor-size-default\">Car revival<\/h2>\t\t\t\t<\/div>\n\t\t\t\t<\/div>\n\t\t\t\t<div class=\"elementor-element elementor-element-d68856f elementor-widget elementor-widget-heading\" data-id=\"d68856f\" data-element_type=\"widget\" data-widget_type=\"heading.default\">\n\t\t\t\t<div class=\"elementor-widget-container\">\n\t\t\t\t\t<h2 class=\"elementor-heading-title elementor-size-default\">die energetischer Reinigerung \nund Energie-Aktivierung<\/h2>\t\t\t\t<\/div>\n\t\t\t\t<\/div>\n\t\t\t\t\t<\/div>\n\t\t<\/div>\n\t\t\t\t\t<\/div>\n\t\t<\/section>\n\t\t\t\t<section class=\"elementor-section elementor-top-section elementor-element elementor-element-5f29a22 elementor-section-boxed elementor-section-height-default elementor-section-height-default\" data-id=\"5f29a22\" data-element_type=\"section\" data-settings=\"{&quot;background_background&quot;:&quot;classic&quot;}\">\n\t\t\t\t\t\t\t<div class=\"elementor-background-overlay\"><\/div>\n\t\t\t\t\t\t\t<div class=\"elementor-container elementor-column-gap-default\">\n\t\t\t\t\t<div class=\"elementor-column elementor-col-100 elementor-top-column elementor-element elementor-element-ef6cb05\" data-id=\"ef6cb05\" data-element_type=\"column\">\n\t\t\t<div class=\"elementor-widget-wrap elementor-element-populated\">\n\t\t\t\t\t\t<div class=\"elementor-element elementor-element-9e0db7e elementor-widget elementor-widget-heading\" data-id=\"9e0db7e\" data-element_type=\"widget\" data-widget_type=\"heading.default\">\n\t\t\t\t<div class=\"elementor-widget-container\">\n\t\t\t\t\t<h1 class=\"elementor-heading-title elementor-size-default\">Car revival<\/h1>\t\t\t\t<\/div>\n\t\t\t\t<\/div>\n\t\t\t\t\t<\/div>\n\t\t<\/div>\n\t\t\t\t\t<\/div>\n\t\t<\/section>\n\t\t\t\t<section class=\"elementor-section elementor-top-section elementor-element elementor-element-f4f96e7 elementor-section-boxed elementor-section-height-default elementor-section-height-default\" data-id=\"f4f96e7\" data-element_type=\"section\" data-settings=\"{&quot;background_background&quot;:&quot;classic&quot;}\">\n\t\t\t\t\t\t<div class=\"elementor-container elementor-column-gap-default\">\n\t\t\t\t\t<div class=\"elementor-column elementor-col-50 elementor-top-column elementor-element elementor-element-9a7597c\" data-id=\"9a7597c\" data-element_type=\"column\">\n\t\t\t<div class=\"elementor-widget-wrap elementor-element-populated\">\n\t\t\t\t\t\t<div class=\"elementor-element elementor-element-f829ddf elementor-widget elementor-widget-image\" data-id=\"f829ddf\" data-element_type=\"widget\" data-widget_type=\"image.default\">\n\t\t\t\t<div class=\"elementor-widget-container\">\n\t\t\t\t\t\t\t\t\t\t\t\t\t\t\t<img decoding=\"async\" width=\"225\" height=\"300\" src=\"https:\/\/ojas.de\/wp-content\/uploads\/2020\/04\/OjasC200-Auto-225x300.jpg\" class=\"attachment-medium size-medium wp-image-650\" alt=\"Ojas Auto Belebung\" srcset=\"https:\/\/ojas.de\/wp-content\/uploads\/2020\/04\/OjasC200-Auto-225x300.jpg 225w, https:\/\/ojas.de\/wp-content\/uploads\/2020\/04\/OjasC200-Auto-768x1024.jpg 768w, https:\/\/ojas.de\/wp-content\/uploads\/2020\/04\/OjasC200-Auto.jpg 886w\" sizes=\"(max-width: 225px) 100vw, 225px\" \/>\t\t\t\t\t\t\t\t\t\t\t\t\t\t\t<\/div>\n\t\t\t\t<\/div>\n\t\t\t\t\t<\/div>\n\t\t<\/div>\n\t\t\t\t<div class=\"elementor-column elementor-col-50 elementor-top-column elementor-element elementor-element-d9949bd\" data-id=\"d9949bd\" data-element_type=\"column\">\n\t\t\t<div class=\"elementor-widget-wrap elementor-element-populated\">\n\t\t\t\t\t\t<div class=\"elementor-element elementor-element-ba763ac elementor-widget elementor-widget-text-editor\" data-id=\"ba763ac\" data-element_type=\"widget\" data-widget_type=\"text-editor.default\">\n\t\t\t\t<div class=\"elementor-widget-container\">\n\t\t\t\t\t\t\t\t\t<ul><li>harmonizes the car<\/li><li>energetic revival of the passenger compartment<\/li><li>durch die Harmonisierung der Elektromanetischen-Feldern wird sehr viel Stre\u00df von den K\u00f6rperzellen genommen.<\/li><\/ul>\t\t\t\t\t\t\t\t<\/div>\n\t\t\t\t<\/div>\n\t\t\t\t\t<\/div>\n\t\t<\/div>\n\t\t\t\t\t<\/div>\n\t\t<\/section>\n\t\t\t\t<section class=\"elementor-section elementor-top-section elementor-element elementor-element-61e16b1 elementor-section-boxed elementor-section-height-default elementor-section-height-default\" data-id=\"61e16b1\" data-element_type=\"section\">\n\t\t\t\t\t\t<div class=\"elementor-container elementor-column-gap-default\">\n\t\t\t\t\t<div class=\"elementor-column elementor-col-100 elementor-top-column elementor-element elementor-element-7601ce1\" data-id=\"7601ce1\" data-element_type=\"column\">\n\t\t\t<div class=\"elementor-widget-wrap elementor-element-populated\">\n\t\t\t\t\t\t<div class=\"elementor-element elementor-element-a520497 elementor-widget elementor-widget-text-editor\" data-id=\"a520497\" data-element_type=\"widget\" data-widget_type=\"text-editor.default\">\n\t\t\t\t<div class=\"elementor-widget-container\">\n\t\t\t\t\t\t\t\t\t<p>Anwendung: Der \u201eOjas Acti C200\u201c wird ganz einfach unter dem Fahrersitz platziert.\u00a0<\/p>\t\t\t\t\t\t\t\t<\/div>\n\t\t\t\t<\/div>\n\t\t\t\t<div class=\"elementor-element elementor-element-0334bc9 elementor-widget elementor-widget-text-editor\" data-id=\"0334bc9\" data-element_type=\"widget\" data-widget_type=\"text-editor.default\">\n\t\t\t\t<div class=\"elementor-widget-container\">\n\t\t\t\t\t\t\t\t\t<p><strong>Energetische St\u00f6rfelder im Auto werden harmonisiert und gereinigt.<\/strong><br \/>In den heutigen PKWs werden durch die Board-Elektronik st\u00f6rende elektromagnetische Felder im Fahrgastraum generiert. Doch auch GPS, Bluetooth und Mobilfunk tragen ihren Teil dazu bei, dass wir diesen Feldern ungesch\u00fctzt ausgesetzt sind. Des weiteren tragen zu einem gewissen Teil auch die zum Bau verwendeten Materialien Schuld an den St\u00f6rungen. <br \/>Der \u201eOjas Acti C200\u201c ist in der Lage, diese Felder bestm\u00f6glich zu harmonisieren und die Lebensenergie zu aktivieren.\u00a0<br \/>Durch die Reinigung der St\u00f6rfelder schaffen wir eine stressfreiere Umgebung f\u00fcr unseren K\u00f6rper. Dadurch erh\u00f6ht sich unser k\u00f6rperliches Wohlbefinden und die Harmonie unseres Nervensystems. Der Stress und die Anspannung in unserem System werden deutlich weniger, was uns dabei unterst\u00fctzt, konzentrierter zu fahren und nicht so schnell zu erm\u00fcden.<\/p>\t\t\t\t\t\t\t\t<\/div>\n\t\t\t\t<\/div>\n\t\t\t\t\t<\/div>\n\t\t<\/div>\n\t\t\t\t\t<\/div>\n\t\t<\/section>\n\t\t\t\t<section class=\"elementor-section elementor-top-section elementor-element elementor-element-06da4e2 elementor-section-boxed elementor-section-height-default elementor-section-height-default\" data-id=\"06da4e2\" data-element_type=\"section\">\n\t\t\t\t\t\t<div class=\"elementor-container elementor-column-gap-default\">\n\t\t\t\t\t<div class=\"elementor-column elementor-col-33 elementor-top-column elementor-element elementor-element-baa1ede\" data-id=\"baa1ede\" data-element_type=\"column\">\n\t\t\t<div class=\"elementor-widget-wrap elementor-element-populated\">\n\t\t\t\t\t\t<div class=\"elementor-element elementor-element-a4b784d elementor-widget elementor-widget-image\" data-id=\"a4b784d\" data-element_type=\"widget\" data-widget_type=\"image.default\">\n\t\t\t\t<div class=\"elementor-widget-container\">\n\t\t\t\t\t\t\t\t\t\t\t\t\t\t\t<img decoding=\"async\" width=\"300\" height=\"300\" src=\"https:\/\/ojas.de\/wp-content\/uploads\/2020\/06\/Acti-C200-300x300.jpg\" class=\"attachment-medium size-medium wp-image-1998\" alt=\"\" srcset=\"https:\/\/ojas.de\/wp-content\/uploads\/2020\/06\/Acti-C200-300x300.jpg 300w, https:\/\/ojas.de\/wp-content\/uploads\/2020\/06\/Acti-C200-1024x1024.jpg 1024w, https:\/\/ojas.de\/wp-content\/uploads\/2020\/06\/Acti-C200-150x150.jpg 150w, https:\/\/ojas.de\/wp-content\/uploads\/2020\/06\/Acti-C200-768x768.jpg 768w, https:\/\/ojas.de\/wp-content\/uploads\/2020\/06\/Acti-C200.jpg 1200w\" sizes=\"(max-width: 300px) 100vw, 300px\" \/>\t\t\t\t\t\t\t\t\t\t\t\t\t\t\t<\/div>\n\t\t\t\t<\/div>\n\t\t\t\t\t<\/div>\n\t\t<\/div>\n\t\t\t\t<div class=\"elementor-column elementor-col-33 elementor-top-column elementor-element elementor-element-e21fa74\" data-id=\"e21fa74\" data-element_type=\"column\">\n\t\t\t<div class=\"elementor-widget-wrap elementor-element-populated\">\n\t\t\t\t\t\t<div class=\"elementor-element elementor-element-d1aba8e elementor-widget elementor-widget-image\" data-id=\"d1aba8e\" data-element_type=\"widget\" data-widget_type=\"image.default\">\n\t\t\t\t<div class=\"elementor-widget-container\">\n\t\t\t\t\t\t\t\t\t\t\t\t\t\t\t<img loading=\"lazy\" decoding=\"async\" width=\"300\" height=\"300\" src=\"https:\/\/ojas.de\/wp-content\/uploads\/2020\/06\/Acti-C200-unten-300x300.jpg\" class=\"attachment-medium size-medium wp-image-1997\" alt=\"\" srcset=\"https:\/\/ojas.de\/wp-content\/uploads\/2020\/06\/Acti-C200-unten-300x300.jpg 300w, https:\/\/ojas.de\/wp-content\/uploads\/2020\/06\/Acti-C200-unten-1024x1024.jpg 1024w, https:\/\/ojas.de\/wp-content\/uploads\/2020\/06\/Acti-C200-unten-150x150.jpg 150w, https:\/\/ojas.de\/wp-content\/uploads\/2020\/06\/Acti-C200-unten-768x767.jpg 768w, https:\/\/ojas.de\/wp-content\/uploads\/2020\/06\/Acti-C200-unten.jpg 1200w\" sizes=\"(max-width: 300px) 100vw, 300px\" \/>\t\t\t\t\t\t\t\t\t\t\t\t\t\t\t<\/div>\n\t\t\t\t<\/div>\n\t\t\t\t\t<\/div>\n\t\t<\/div>\n\t\t\t\t<div class=\"elementor-column elementor-col-33 elementor-top-column elementor-element elementor-element-ccf2feb\" data-id=\"ccf2feb\" data-element_type=\"column\">\n\t\t\t<div class=\"elementor-widget-wrap elementor-element-populated\">\n\t\t\t\t\t\t<div class=\"elementor-element elementor-element-b1c0d2c elementor-widget elementor-widget-image\" data-id=\"b1c0d2c\" data-element_type=\"widget\" data-widget_type=\"image.default\">\n\t\t\t\t<div class=\"elementor-widget-container\">\n\t\t\t\t\t\t\t\t\t\t\t\t\t\t\t<img loading=\"lazy\" decoding=\"async\" width=\"300\" height=\"181\" src=\"https:\/\/ojas.de\/wp-content\/uploads\/2020\/06\/Acti-C200-gekippt-300x181.jpg\" class=\"attachment-medium size-medium wp-image-1996\" alt=\"\" srcset=\"https:\/\/ojas.de\/wp-content\/uploads\/2020\/06\/Acti-C200-gekippt-300x181.jpg 300w, https:\/\/ojas.de\/wp-content\/uploads\/2020\/06\/Acti-C200-gekippt-1024x616.jpg 1024w, https:\/\/ojas.de\/wp-content\/uploads\/2020\/06\/Acti-C200-gekippt-768x462.jpg 768w, https:\/\/ojas.de\/wp-content\/uploads\/2020\/06\/Acti-C200-gekippt.jpg 1200w\" sizes=\"(max-width: 300px) 100vw, 300px\" \/>\t\t\t\t\t\t\t\t\t\t\t\t\t\t\t<\/div>\n\t\t\t\t<\/div>\n\t\t\t\t\t<\/div>\n\t\t<\/div>\n\t\t\t\t\t<\/div>\n\t\t<\/section>\n\t\t\t\t<section class=\"elementor-section elementor-top-section elementor-element elementor-element-4552410 elementor-section-boxed elementor-section-height-default elementor-section-height-default\" data-id=\"4552410\" data-element_type=\"section\" data-settings=\"{&quot;background_background&quot;:&quot;classic&quot;}\">\n\t\t\t\t\t\t<div class=\"elementor-container elementor-column-gap-default\">\n\t\t\t\t\t<div class=\"elementor-column elementor-col-100 elementor-top-column elementor-element elementor-element-a358573\" data-id=\"a358573\" data-element_type=\"column\">\n\t\t\t<div class=\"elementor-widget-wrap elementor-element-populated\">\n\t\t\t\t\t\t<div class=\"elementor-element elementor-element-dc354ed elementor-widget elementor-widget-text-editor\" data-id=\"dc354ed\" data-element_type=\"widget\" data-widget_type=\"text-editor.default\">\n\t\t\t\t<div class=\"elementor-widget-container\">\n\t\t\t\t\t\t\t\t\t<p style=\"text-align: right;\">Preis: \u20ac 340,-<\/p>\t\t\t\t\t\t\t\t<\/div>\n\t\t\t\t<\/div>\n\t\t\t\t<div class=\"elementor-element elementor-element-d31d143 elementor-widget elementor-widget-text-editor\" data-id=\"d31d143\" data-element_type=\"widget\" data-widget_type=\"text-editor.default\">\n\t\t\t\t<div class=\"elementor-widget-container\">\n\t\t\t\t\t\t\t\t\t<p>incl. 19% MwSt<\/p>\t\t\t\t\t\t\t\t<\/div>\n\t\t\t\t<\/div>\n\t\t\t\t<div class=\"elementor-element elementor-element-6efc067 elementor-align-right elementor-widget elementor-widget-button\" data-id=\"6efc067\" data-element_type=\"widget\" data-widget_type=\"button.default\">\n\t\t\t\t<div class=\"elementor-widget-container\">\n\t\t\t\t\t\t\t\t\t<div class=\"elementor-button-wrapper\">\n\t\t\t\t\t<a class=\"elementor-button elementor-button-link elementor-size-sm\" href=\"https:\/\/shop.ojas.de\/de\/ojas-umwelttechnik\/ojas-acti-c200\" target=\"_blank\">\n\t\t\t\t\t\t<span class=\"elementor-button-content-wrapper\">\n\t\t\t\t\t\t\t\t\t<span class=\"elementor-button-text\">Shop<\/span>\n\t\t\t\t\t<\/span>\n\t\t\t\t\t<\/a>\n\t\t\t\t<\/div>\n\t\t\t\t\t\t\t\t<\/div>\n\t\t\t\t<\/div>\n\t\t\t\t\t<\/div>\n\t\t<\/div>\n\t\t\t\t\t<\/div>\n\t\t<\/section>\n\t\t\t\t<\/div>","protected":false},"excerpt":{"rendered":"<p>Ojas Autobelebung die energetischer Reinigerung und Energie-Aktivierung Ojas Autobelebung harmonisiert das Auto energetische Belebung des Fahrgastraumes durch die Harmonisierung der Elektromanetischen-Feldern wird sehr viel Stre\u00df von den K\u00f6rperzellen genommen. Anwendung: Der \u201eOjas Acti C200\u201c wird ganz einfach unter dem Fahrersitz platziert.\u00a0 Energetische St\u00f6rfelder im Auto werden harmonisiert und gereinigt.In den heutigen PKWs werden durch die [&hellip;]<\/p>\n","protected":false},"author":1,"featured_media":0,"parent":0,"menu_order":0,"comment_status":"closed","ping_status":"closed","template":"","meta":{"footnotes":""},"yoast_head":"<!-- This site is optimized with the Yoast SEO plugin v24.5 - https:\/\/yoast.com\/wordpress\/plugins\/seo\/ -->\n<title>Ojas Autobelebung - Ojas Energie f\u00fcs Leben Ojas Energie f\u00fcs Leben<\/title>\n<meta name=\"description\" content=\"Ojas Energie f\u00fcs Leben Ojas Autobelebung Energetische St\u00f6rfelder im Auto werden harmonisiert und gereinigt. Wenniger Stre\u00df auf den K\u00f6rperzellen\" \/>\n<meta name=\"robots\" content=\"index, follow, max-snippet:-1, max-image-preview:large, max-video-preview:-1\" \/>\n<link rel=\"canonical\" href=\"https:\/\/ojas.de\/en\/ojas-autobelebung\/\" \/>\n<meta property=\"og:locale\" content=\"en_GB\" \/>\n<meta property=\"og:type\" content=\"article\" \/>\n<meta property=\"og:title\" content=\"Ojas Autobelebung - Ojas Energie f\u00fcs Leben Ojas Energie f\u00fcs Leben\" \/>\n<meta property=\"og:description\" content=\"Ojas Energie f\u00fcs Leben Ojas Autobelebung Energetische St\u00f6rfelder im Auto werden harmonisiert und gereinigt. Wenniger Stre\u00df auf den K\u00f6rperzellen\" \/>\n<meta property=\"og:url\" content=\"https:\/\/ojas.de\/en\/ojas-autobelebung\/\" \/>\n<meta property=\"og:site_name\" content=\"Ojas Energie f\u00fcs Leben\" \/>\n<meta property=\"article:modified_time\" content=\"2021-07-08T20:51:27+00:00\" \/>\n<meta property=\"og:image\" content=\"https:\/\/ojas.de\/wp-content\/uploads\/2020\/04\/C_200-e1592848105495-768x587.jpg\" \/>\n<meta name=\"twitter:card\" content=\"summary_large_image\" \/>\n<meta name=\"twitter:label1\" content=\"Estimated reading time\" \/>\n\t<meta name=\"twitter:data1\" content=\"2 minutes\" \/>\n<script type=\"application\/ld+json\" class=\"yoast-schema-graph\">{\"@context\":\"https:\/\/schema.org\",\"@graph\":[{\"@type\":\"WebPage\",\"@id\":\"https:\/\/ojas.de\/ojas-autobelebung\/\",\"url\":\"https:\/\/ojas.de\/ojas-autobelebung\/\",\"name\":\"Ojas Autobelebung - Ojas Energie f\u00fcs Leben Ojas Energie f\u00fcs Leben\",\"isPartOf\":{\"@id\":\"https:\/\/ojas.de\/#website\"},\"primaryImageOfPage\":{\"@id\":\"https:\/\/ojas.de\/ojas-autobelebung\/#primaryimage\"},\"image\":{\"@id\":\"https:\/\/ojas.de\/ojas-autobelebung\/#primaryimage\"},\"thumbnailUrl\":\"https:\/\/ojas.de\/wp-content\/uploads\/2020\/04\/C_200-e1592848105495-768x587.jpg\",\"datePublished\":\"2020-04-09T15:45:39+00:00\",\"dateModified\":\"2021-07-08T20:51:27+00:00\",\"description\":\"Ojas Energie f\u00fcs Leben Ojas Autobelebung Energetische St\u00f6rfelder im Auto werden harmonisiert und gereinigt. Wenniger Stre\u00df auf den K\u00f6rperzellen\",\"breadcrumb\":{\"@id\":\"https:\/\/ojas.de\/ojas-autobelebung\/#breadcrumb\"},\"inLanguage\":\"en-GB\",\"potentialAction\":[{\"@type\":\"ReadAction\",\"target\":[\"https:\/\/ojas.de\/ojas-autobelebung\/\"]}]},{\"@type\":\"ImageObject\",\"inLanguage\":\"en-GB\",\"@id\":\"https:\/\/ojas.de\/ojas-autobelebung\/#primaryimage\",\"url\":\"https:\/\/ojas.de\/wp-content\/uploads\/2020\/04\/C_200-e1592848105495-768x587.jpg\",\"contentUrl\":\"https:\/\/ojas.de\/wp-content\/uploads\/2020\/04\/C_200-e1592848105495-768x587.jpg\"},{\"@type\":\"BreadcrumbList\",\"@id\":\"https:\/\/ojas.de\/ojas-autobelebung\/#breadcrumb\",\"itemListElement\":[{\"@type\":\"ListItem\",\"position\":1,\"name\":\"Home\",\"item\":\"https:\/\/ojas.de\/\"},{\"@type\":\"ListItem\",\"position\":2,\"name\":\"Ojas Autobelebung\"}]},{\"@type\":\"WebSite\",\"@id\":\"https:\/\/ojas.de\/#website\",\"url\":\"https:\/\/ojas.de\/\",\"name\":\"Ojas Energie f\u00fcs Leben\",\"description\":\"Luftreinigung, Bipolare ionisierte, saubere und gesunde Luft, reinigen von Elektrosmog, Groundig, energetische Belebung des Wohnraumes.\",\"publisher\":{\"@id\":\"https:\/\/ojas.de\/#organization\"},\"potentialAction\":[{\"@type\":\"SearchAction\",\"target\":{\"@type\":\"EntryPoint\",\"urlTemplate\":\"https:\/\/ojas.de\/?s={search_term_string}\"},\"query-input\":{\"@type\":\"PropertyValueSpecification\",\"valueRequired\":true,\"valueName\":\"search_term_string\"}}],\"inLanguage\":\"en-GB\"},{\"@type\":\"Organization\",\"@id\":\"https:\/\/ojas.de\/#organization\",\"name\":\"Ojas\",\"url\":\"https:\/\/ojas.de\/\",\"logo\":{\"@type\":\"ImageObject\",\"inLanguage\":\"en-GB\",\"@id\":\"https:\/\/ojas.de\/#\/schema\/logo\/image\/\",\"url\":\"https:\/\/ojas.de\/wp-content\/uploads\/2020\/04\/Ojas-logo_2.png\",\"contentUrl\":\"https:\/\/ojas.de\/wp-content\/uploads\/2020\/04\/Ojas-logo_2.png\",\"width\":375,\"height\":227,\"caption\":\"Ojas\"},\"image\":{\"@id\":\"https:\/\/ojas.de\/#\/schema\/logo\/image\/\"},\"sameAs\":[\"https:\/\/www.youtube.com\/watch?time_continue=2&amp;amp;amp;amp;v=UayAo5Fb_l0&amp;amp;amp;amp;feature=emb_logo\"]}]}<\/script>\n<!-- \/ Yoast SEO plugin. -->","yoast_head_json":{"title":"Ojas Autobelebung - Ojas Energie f\u00fcs Leben Ojas Energie f\u00fcs Leben","description":"Ojas Energie f\u00fcs Leben Ojas Autobelebung Energetische St\u00f6rfelder im Auto werden harmonisiert und gereinigt. Wenniger Stre\u00df auf den K\u00f6rperzellen","robots":{"index":"index","follow":"follow","max-snippet":"max-snippet:-1","max-image-preview":"max-image-preview:large","max-video-preview":"max-video-preview:-1"},"canonical":"https:\/\/ojas.de\/en\/ojas-autobelebung\/","og_locale":"en_GB","og_type":"article","og_title":"Ojas Autobelebung - Ojas Energie f\u00fcs Leben Ojas Energie f\u00fcs Leben","og_description":"Ojas Energie f\u00fcs Leben Ojas Autobelebung Energetische St\u00f6rfelder im Auto werden harmonisiert und gereinigt. Wenniger Stre\u00df auf den K\u00f6rperzellen","og_url":"https:\/\/ojas.de\/en\/ojas-autobelebung\/","og_site_name":"Ojas Energie f\u00fcs Leben","article_modified_time":"2021-07-08T20:51:27+00:00","og_image":[{"url":"https:\/\/ojas.de\/wp-content\/uploads\/2020\/04\/C_200-e1592848105495-768x587.jpg","type":"","width":"","height":""}],"twitter_card":"summary_large_image","twitter_misc":{"Estimated reading time":"2 minutes"},"schema":{"@context":"https:\/\/schema.org","@graph":[{"@type":"WebPage","@id":"https:\/\/ojas.de\/ojas-autobelebung\/","url":"https:\/\/ojas.de\/ojas-autobelebung\/","name":"Ojas Autobelebung - Ojas Energie f\u00fcs Leben Ojas Energie f\u00fcs Leben","isPartOf":{"@id":"https:\/\/ojas.de\/#website"},"primaryImageOfPage":{"@id":"https:\/\/ojas.de\/ojas-autobelebung\/#primaryimage"},"image":{"@id":"https:\/\/ojas.de\/ojas-autobelebung\/#primaryimage"},"thumbnailUrl":"https:\/\/ojas.de\/wp-content\/uploads\/2020\/04\/C_200-e1592848105495-768x587.jpg","datePublished":"2020-04-09T15:45:39+00:00","dateModified":"2021-07-08T20:51:27+00:00","description":"Ojas Energie f\u00fcs Leben Ojas Autobelebung Energetische St\u00f6rfelder im Auto werden harmonisiert und gereinigt. Wenniger Stre\u00df auf den K\u00f6rperzellen","breadcrumb":{"@id":"https:\/\/ojas.de\/ojas-autobelebung\/#breadcrumb"},"inLanguage":"en-GB","potentialAction":[{"@type":"ReadAction","target":["https:\/\/ojas.de\/ojas-autobelebung\/"]}]},{"@type":"ImageObject","inLanguage":"en-GB","@id":"https:\/\/ojas.de\/ojas-autobelebung\/#primaryimage","url":"https:\/\/ojas.de\/wp-content\/uploads\/2020\/04\/C_200-e1592848105495-768x587.jpg","contentUrl":"https:\/\/ojas.de\/wp-content\/uploads\/2020\/04\/C_200-e1592848105495-768x587.jpg"},{"@type":"BreadcrumbList","@id":"https:\/\/ojas.de\/ojas-autobelebung\/#breadcrumb","itemListElement":[{"@type":"ListItem","position":1,"name":"Home","item":"https:\/\/ojas.de\/"},{"@type":"ListItem","position":2,"name":"Ojas Autobelebung"}]},{"@type":"WebSite","@id":"https:\/\/ojas.de\/#website","url":"https:\/\/ojas.de\/","name":"Ojas Energie f\u00fcs Leben","description":"Luftreinigung, Bipolare ionisierte, saubere und gesunde Luft, reinigen von Elektrosmog, Groundig, energetische Belebung des Wohnraumes.","publisher":{"@id":"https:\/\/ojas.de\/#organization"},"potentialAction":[{"@type":"SearchAction","target":{"@type":"EntryPoint","urlTemplate":"https:\/\/ojas.de\/?s={search_term_string}"},"query-input":{"@type":"PropertyValueSpecification","valueRequired":true,"valueName":"search_term_string"}}],"inLanguage":"en-GB"},{"@type":"Organization","@id":"https:\/\/ojas.de\/#organization","name":"Ojas","url":"https:\/\/ojas.de\/","logo":{"@type":"ImageObject","inLanguage":"en-GB","@id":"https:\/\/ojas.de\/#\/schema\/logo\/image\/","url":"https:\/\/ojas.de\/wp-content\/uploads\/2020\/04\/Ojas-logo_2.png","contentUrl":"https:\/\/ojas.de\/wp-content\/uploads\/2020\/04\/Ojas-logo_2.png","width":375,"height":227,"caption":"Ojas"},"image":{"@id":"https:\/\/ojas.de\/#\/schema\/logo\/image\/"},"sameAs":["https:\/\/www.youtube.com\/watch?time_continue=2&amp;amp;amp;amp;v=UayAo5Fb_l0&amp;amp;amp;amp;feature=emb_logo"]}]}},"_links":{"self":[{"href":"https:\/\/ojas.de\/en\/wp-json\/wp\/v2\/pages\/82"}],"collection":[{"href":"https:\/\/ojas.de\/en\/wp-json\/wp\/v2\/pages"}],"about":[{"href":"https:\/\/ojas.de\/en\/wp-json\/wp\/v2\/types\/page"}],"author":[{"embeddable":true,"href":"https:\/\/ojas.de\/en\/wp-json\/wp\/v2\/users\/1"}],"replies":[{"embeddable":true,"href":"https:\/\/ojas.de\/en\/wp-json\/wp\/v2\/comments?post=82"}],"version-history":[{"count":44,"href":"https:\/\/ojas.de\/en\/wp-json\/wp\/v2\/pages\/82\/revisions"}],"predecessor-version":[{"id":3762,"href":"https:\/\/ojas.de\/en\/wp-json\/wp\/v2\/pages\/82\/revisions\/3762"}],"wp:attachment":[{"href":"https:\/\/ojas.de\/en\/wp-json\/wp\/v2\/media?parent=82"}],"curies":[{"name":"wp","href":"https:\/\/api.w.org\/{rel}","templated":true}]}}