{"id":898,"date":"2020-04-17T13:17:29","date_gmt":"2020-04-17T13:17:29","guid":{"rendered":"https:\/\/goloka.de\/?page_id=898"},"modified":"2022-12-16T18:48:30","modified_gmt":"2022-12-16T18:48:30","slug":"ojas-wohnbelebung","status":"publish","type":"page","link":"https:\/\/ojas.de\/en\/ojas-wohnbelebung\/","title":{"rendered":"Ojas Wohnbelebung\u200b"},"content":{"rendered":"<div data-elementor-type=\"wp-page\" data-elementor-id=\"898\" class=\"elementor elementor-898\" data-elementor-post-type=\"page\">\n\t\t\t\t\t\t<section class=\"elementor-section elementor-top-section elementor-element elementor-element-5936047 elementor-section-height-min-height elementor-section-boxed elementor-section-height-default elementor-section-items-middle\" data-id=\"5936047\" data-element_type=\"section\" data-settings=\"{&quot;background_background&quot;:&quot;classic&quot;}\">\n\t\t\t\t\t\t\t<div class=\"elementor-background-overlay\"><\/div>\n\t\t\t\t\t\t\t<div class=\"elementor-container elementor-column-gap-default\">\n\t\t\t\t\t<div class=\"elementor-column elementor-col-100 elementor-top-column elementor-element elementor-element-84b4499\" data-id=\"84b4499\" data-element_type=\"column\">\n\t\t\t<div class=\"elementor-widget-wrap elementor-element-populated\">\n\t\t\t\t\t\t<div class=\"elementor-element elementor-element-297e086 elementor-widget elementor-widget-heading\" data-id=\"297e086\" data-element_type=\"widget\" data-widget_type=\"heading.default\">\n\t\t\t\t<div class=\"elementor-widget-container\">\n\t\t\t\t\t<h2 class=\"elementor-heading-title elementor-size-default\">Ojas Wohnbelebung\u200b<\/h2>\t\t\t\t<\/div>\n\t\t\t\t<\/div>\n\t\t\t\t\t<\/div>\n\t\t<\/div>\n\t\t\t\t\t<\/div>\n\t\t<\/section>\n\t\t\t\t<section class=\"elementor-section elementor-top-section elementor-element elementor-element-6513367 elementor-section-height-min-height elementor-section-content-middle elementor-section-boxed elementor-section-height-default elementor-section-items-middle\" data-id=\"6513367\" data-element_type=\"section\" data-settings=\"{&quot;background_background&quot;:&quot;classic&quot;}\">\n\t\t\t\t\t\t<div class=\"elementor-container elementor-column-gap-default\">\n\t\t\t\t\t<div class=\"elementor-column elementor-col-50 elementor-top-column elementor-element elementor-element-6d8b025\" data-id=\"6d8b025\" data-element_type=\"column\">\n\t\t\t<div class=\"elementor-widget-wrap elementor-element-populated\">\n\t\t\t\t\t\t<div class=\"elementor-element elementor-element-c3a275e elementor-widget elementor-widget-image\" data-id=\"c3a275e\" data-element_type=\"widget\" data-widget_type=\"image.default\">\n\t\t\t\t<div class=\"elementor-widget-container\">\n\t\t\t\t\t\t\t\t\t\t\t\t\t\t\t<img fetchpriority=\"high\" decoding=\"async\" width=\"850\" height=\"850\" src=\"https:\/\/ojas.de\/wp-content\/uploads\/2020\/04\/Ojas-Standartbelebung.jpg\" class=\"attachment-full size-full wp-image-49\" alt=\"\" srcset=\"https:\/\/ojas.de\/wp-content\/uploads\/2020\/04\/Ojas-Standartbelebung.jpg 850w, https:\/\/ojas.de\/wp-content\/uploads\/2020\/04\/Ojas-Standartbelebung-300x300.jpg 300w, https:\/\/ojas.de\/wp-content\/uploads\/2020\/04\/Ojas-Standartbelebung-150x150.jpg 150w, https:\/\/ojas.de\/wp-content\/uploads\/2020\/04\/Ojas-Standartbelebung-768x768.jpg 768w\" sizes=\"(max-width: 850px) 100vw, 850px\" \/>\t\t\t\t\t\t\t\t\t\t\t\t\t\t\t<\/div>\n\t\t\t\t<\/div>\n\t\t\t\t\t<\/div>\n\t\t<\/div>\n\t\t\t\t<div class=\"elementor-column elementor-col-50 elementor-top-column elementor-element elementor-element-18c171b\" data-id=\"18c171b\" data-element_type=\"column\">\n\t\t\t<div class=\"elementor-widget-wrap elementor-element-populated\">\n\t\t\t\t\t\t<div class=\"elementor-element elementor-element-5f5d04a elementor-widget elementor-widget-heading\" data-id=\"5f5d04a\" data-element_type=\"widget\" data-widget_type=\"heading.default\">\n\t\t\t\t<div class=\"elementor-widget-container\">\n\t\t\t\t\t<h2 class=\"elementor-heading-title elementor-size-large\">Ojas Home Revitalisation<\/h2>\t\t\t\t<\/div>\n\t\t\t\t<\/div>\n\t\t\t\t<div class=\"elementor-element elementor-element-2580311 elementor-widget elementor-widget-heading\" data-id=\"2580311\" data-element_type=\"widget\" data-widget_type=\"heading.default\">\n\t\t\t\t<div class=\"elementor-widget-container\">\n\t\t\t\t\t<h1 class=\"elementor-heading-title elementor-size-large\">living energy like in nature<\/h1>\t\t\t\t<\/div>\n\t\t\t\t<\/div>\n\t\t\t\t<div class=\"elementor-element elementor-element-36a36f5 elementor-widget elementor-widget-text-editor\" data-id=\"36a36f5\" data-element_type=\"widget\" data-widget_type=\"text-editor.default\">\n\t\t\t\t<div class=\"elementor-widget-container\">\n\t\t\t\t\t\t\t\t\t<ul>\n<li>harmonizes earth-magnetic interference fields<\/li>\n<li>harmonizes cosmic-electric interference fields<\/li>\n<li>activates the natural life energy (Yin &amp; Yang)<\/li>\n<\/ul>\t\t\t\t\t\t\t\t<\/div>\n\t\t\t\t<\/div>\n\t\t\t\t<div class=\"elementor-element elementor-element-923176a elementor-widget elementor-widget-spacer\" data-id=\"923176a\" data-element_type=\"widget\" data-widget_type=\"spacer.default\">\n\t\t\t\t<div class=\"elementor-widget-container\">\n\t\t\t\t\t\t\t<div class=\"elementor-spacer\">\n\t\t\t<div class=\"elementor-spacer-inner\"><\/div>\n\t\t<\/div>\n\t\t\t\t\t\t<\/div>\n\t\t\t\t<\/div>\n\t\t\t\t\t<\/div>\n\t\t<\/div>\n\t\t\t\t\t<\/div>\n\t\t<\/section>\n\t\t\t\t<section class=\"elementor-section elementor-top-section elementor-element elementor-element-bd4ffa4 elementor-section-boxed elementor-section-height-default elementor-section-height-default\" data-id=\"bd4ffa4\" data-element_type=\"section\" data-settings=\"{&quot;background_background&quot;:&quot;classic&quot;}\">\n\t\t\t\t\t\t<div class=\"elementor-container elementor-column-gap-default\">\n\t\t\t\t\t<div class=\"elementor-column elementor-col-100 elementor-top-column elementor-element elementor-element-294063d\" data-id=\"294063d\" data-element_type=\"column\">\n\t\t\t<div class=\"elementor-widget-wrap elementor-element-populated\">\n\t\t\t\t\t\t<div class=\"elementor-element elementor-element-cc20c3f elementor-widget elementor-widget-text-editor\" data-id=\"cc20c3f\" data-element_type=\"widget\" data-widget_type=\"text-editor.default\">\n\t\t\t\t<div class=\"elementor-widget-container\">\n\t\t\t\t\t\t\t\t\t<p>Diese Sets harmonisieren einen Gro\u00dfteil der St\u00f6rfelder aus der Erde und der elektromagnetischen Felder und aktiviert anschliesend die nat\u00fcrliche Lebensenergie (Yin &amp;Yang). Dadurch bekommen Sie nat\u00fcrlich <a href=\"https:\/\/ojas.de\/en\/wasserbelebung\/\"><span style=\"text-decoration: underline;\">belebtes Wasser<\/span><\/a> und zwar aus jedem Wasserhahn.<\/p><p><strong>kurzes ABC der Geomantik<\/strong><br \/>Damit die Lebensenergie fliesen kann, braucht es immer zwei Pole.<br \/>Im Westen sagt man: erd-magnetisch und kosmisch-elektrische oder wie im Osten Yin &amp; Yang. Diese werden uns durch so genannte Gitternetze (Hartmann und CurryGitternetze, diese sind im Subtilk\u00f6rber der Erde) zu Verf\u00fcgung gestellt. Die Gitternetze reagieren aber \u00e4hnlich wie wir Menschen. Wenn auf uns etwas einwirkt was nicht gut ist, sch\u00fctzen wir uns und blockieren. Wenn wir dann diesen Ort verlassen haben und die st\u00f6rende Energie wieder weg ist, machen wir wieder auf. Die Gitternetze machen genau das Gleiche. Allerdings haben die Gitternetze das Problem, dass all die St\u00f6rfelder (wie Haushaltsger\u00e4te, Funkkommunikation, Stromversorgung, Erdst\u00f6rungen usw.) an Ort and Stelle bleiben. Das sorgt daf\u00fcr, dass uns die Gitternetze immer mehr zu machen und deshalb weniger\u00a0 Lebensenergie durch die zwei Polen (Yin &amp; Yang) zur Verf\u00fcgung stellen. Durch die extreme Zunahme der k\u00fcnstlich erzeugten Elektrische-magnetisch-Feldern haben die Gitternetze fast \u00fcber zu gemacht.\u00a0 Dies hat zur Folge, dass es kaum mehr Orte gibt wo es eine Gute uns zur Verf\u00fcgung stehente Lebensenergie gibt.<\/p><p>Diese Sets wird ausschlie\u00dflich vom Ojas Fachmann installiert. Unser wichtigstes Ziel ist, dass es an Ort und Stelle funktioniert und dieses kann nur durch den Ojas Fachmann sicher gestellt werden.<\/p><p>PS. zuvor wird immer der Strom gereinigt mit den <a href=\"https:\/\/ojas.de\/en\/dirty-elektrosmog-filter\/\"><span style=\"text-decoration: underline;\">Dirty electrosmog filter<\/span><\/a><\/p>\t\t\t\t\t\t\t\t<\/div>\n\t\t\t\t<\/div>\n\t\t\t\t<div class=\"elementor-element elementor-element-e27b32c elementor-widget elementor-widget-text-editor\" data-id=\"e27b32c\" data-element_type=\"widget\" data-widget_type=\"text-editor.default\">\n\t\t\t\t<div class=\"elementor-widget-container\">\n\t\t\t\t\t\t\t\t\t<p style=\"text-align: right;\">Preis: Set Wohnungsbelebung \u20ac 1540,-<\/p><p style=\"text-align: right;\">Preis: Set Einfamilienhaus \u20ac 1840,-<\/p>\t\t\t\t\t\t\t\t<\/div>\n\t\t\t\t<\/div>\n\t\t\t\t<div class=\"elementor-element elementor-element-7541c14 elementor-widget elementor-widget-text-editor\" data-id=\"7541c14\" data-element_type=\"widget\" data-widget_type=\"text-editor.default\">\n\t\t\t\t<div class=\"elementor-widget-container\">\n\t\t\t\t\t\t\t\t\t<p>incl. 19% MwSt<\/p>\t\t\t\t\t\t\t\t<\/div>\n\t\t\t\t<\/div>\n\t\t\t\t<div class=\"elementor-element elementor-element-d654d84 elementor-align-right elementor-widget elementor-widget-button\" data-id=\"d654d84\" data-element_type=\"widget\" data-widget_type=\"button.default\">\n\t\t\t\t<div class=\"elementor-widget-container\">\n\t\t\t\t\t\t\t\t\t<div class=\"elementor-button-wrapper\">\n\t\t\t\t\t<a class=\"elementor-button elementor-button-link elementor-size-sm\" href=\"http:\/\/\/en\/shop.ojas.de\/\" target=\"_blank\">\n\t\t\t\t\t\t<span class=\"elementor-button-content-wrapper\">\n\t\t\t\t\t\t\t\t\t<span class=\"elementor-button-text\">Shop<\/span>\n\t\t\t\t\t<\/span>\n\t\t\t\t\t<\/a>\n\t\t\t\t<\/div>\n\t\t\t\t\t\t\t\t<\/div>\n\t\t\t\t<\/div>\n\t\t\t\t\t<\/div>\n\t\t<\/div>\n\t\t\t\t\t<\/div>\n\t\t<\/section>\n\t\t\t\t<section class=\"elementor-section elementor-top-section elementor-element elementor-element-c67e71e elementor-section-boxed elementor-section-height-default elementor-section-height-default\" data-id=\"c67e71e\" data-element_type=\"section\">\n\t\t\t\t\t\t<div class=\"elementor-container elementor-column-gap-default\">\n\t\t\t\t\t<div class=\"elementor-column elementor-col-100 elementor-top-column elementor-element elementor-element-f0b2914\" data-id=\"f0b2914\" data-element_type=\"column\">\n\t\t\t<div class=\"elementor-widget-wrap elementor-element-populated\">\n\t\t\t\t\t\t<div class=\"elementor-element elementor-element-412a0f7 elementor-widget elementor-widget-text-editor\" data-id=\"412a0f7\" data-element_type=\"widget\" data-widget_type=\"text-editor.default\">\n\t\t\t\t<div class=\"elementor-widget-container\">\n\t\t\t\t\t\t\t\t\t<p><a href=\"https:\/\/ojas.de\/en\/grounding-schlafplatz\/\"><span style=\"text-decoration: underline;\">Auch das k\u00f6nnte Sie interessieren. Grounding-Erdung vom Schlafplatz<\/span><\/a><\/p>\t\t\t\t\t\t\t\t<\/div>\n\t\t\t\t<\/div>\n\t\t\t\t<div class=\"elementor-element elementor-element-f36627c elementor-widget elementor-widget-text-editor\" data-id=\"f36627c\" data-element_type=\"widget\" data-widget_type=\"text-editor.default\">\n\t\t\t\t<div class=\"elementor-widget-container\">\n\t\t\t\t\t\t\t\t\t<p><span style=\"text-decoration: underline;\"><a href=\"https:\/\/ojas.de\/en\/ojas-kuechenset\/\" target=\"_blank\" rel=\"noopener\">Auch<\/a><a href=\"https:\/\/ojas.de\/en\/ojas-kuechenset\/\" target=\"_blank\" rel=\"noopener\"> das k\u00f6nnte Sie interessieren. Wasser und K\u00fcchenbelebung<\/a><\/span><\/p>\t\t\t\t\t\t\t\t<\/div>\n\t\t\t\t<\/div>\n\t\t\t\t<div class=\"elementor-element elementor-element-e32d6da elementor-widget elementor-widget-text-editor\" data-id=\"e32d6da\" data-element_type=\"widget\" data-widget_type=\"text-editor.default\">\n\t\t\t\t<div class=\"elementor-widget-container\">\n\t\t\t\t\t\t\t\t\t<p><span style=\"text-decoration: underline;\"><a href=\"https:\/\/ojas.de\/en\/ojas-autobelebung\/\" target=\"_blank\" rel=\"noopener\">Auch das k\u00f6nnte Sie interessieren. Auto Harmonisierung &#8211; Belebung<\/a><\/span><\/p>\t\t\t\t\t\t\t\t<\/div>\n\t\t\t\t<\/div>\n\t\t\t\t\t<\/div>\n\t\t<\/div>\n\t\t\t\t\t<\/div>\n\t\t<\/section>\n\t\t\t\t<\/div>","protected":false},"excerpt":{"rendered":"<p>Ojas Wohnbelebung\u200b Ojas Wohnbelebung lebendige Energie wie in der Natur harmonisiert erd-magnetische St\u00f6rfelder harmonisiert kosmisch-elektrische St\u00f6rfelder aktiviert die nat\u00fcrliche Lebensenergie (Yin &amp;Yang) Diese Sets harmonisieren einen Gro\u00dfteil der St\u00f6rfelder aus der Erde und der elektromagnetischen Felder und aktiviert anschliesend die nat\u00fcrliche Lebensenergie (Yin &amp;Yang). Dadurch bekommen Sie nat\u00fcrlich belebtes Wasser und zwar aus jedem Wasserhahn. [&hellip;]<\/p>\n","protected":false},"author":1,"featured_media":0,"parent":0,"menu_order":0,"comment_status":"closed","ping_status":"closed","template":"","meta":{"footnotes":""},"yoast_head":"<!-- This site is optimized with the Yoast SEO plugin v24.5 - https:\/\/yoast.com\/wordpress\/plugins\/seo\/ -->\n<title>Ojas Wohnbelebung\u200b - Ojas Energie f\u00fcs Leben<\/title>\n<meta name=\"robots\" content=\"index, follow, max-snippet:-1, max-image-preview:large, max-video-preview:-1\" \/>\n<link rel=\"canonical\" href=\"https:\/\/ojas.de\/en\/ojas-wohnbelebung\/\" \/>\n<meta property=\"og:locale\" content=\"en_GB\" \/>\n<meta property=\"og:type\" content=\"article\" \/>\n<meta property=\"og:title\" content=\"Ojas Wohnbelebung\u200b - Ojas Energie f\u00fcs Leben\" \/>\n<meta property=\"og:description\" content=\"Ojas Wohnbelebung\u200b Ojas Wohnbelebung lebendige Energie wie in der Natur harmonisiert erd-magnetische St\u00f6rfelder harmonisiert kosmisch-elektrische St\u00f6rfelder aktiviert die nat\u00fcrliche Lebensenergie (Yin &amp;Yang) Diese Sets harmonisieren einen Gro\u00dfteil der St\u00f6rfelder aus der Erde und der elektromagnetischen Felder und aktiviert anschliesend die nat\u00fcrliche Lebensenergie (Yin &amp;Yang). Dadurch bekommen Sie nat\u00fcrlich belebtes Wasser und zwar aus jedem Wasserhahn. [&hellip;]\" \/>\n<meta property=\"og:url\" content=\"https:\/\/ojas.de\/en\/ojas-wohnbelebung\/\" \/>\n<meta property=\"og:site_name\" content=\"Ojas Energie f\u00fcs Leben\" \/>\n<meta property=\"article:modified_time\" content=\"2022-12-16T18:48:30+00:00\" \/>\n<meta property=\"og:image\" content=\"https:\/\/ojas.de\/wp-content\/uploads\/2020\/04\/Ojas-Standartbelebung.jpg\" \/>\n<meta name=\"twitter:card\" content=\"summary_large_image\" \/>\n<meta name=\"twitter:label1\" content=\"Estimated reading time\" \/>\n\t<meta name=\"twitter:data1\" content=\"2 minutes\" \/>\n<script type=\"application\/ld+json\" class=\"yoast-schema-graph\">{\"@context\":\"https:\/\/schema.org\",\"@graph\":[{\"@type\":\"WebPage\",\"@id\":\"https:\/\/ojas.de\/ojas-wohnbelebung\/\",\"url\":\"https:\/\/ojas.de\/ojas-wohnbelebung\/\",\"name\":\"Ojas Wohnbelebung\u200b - Ojas Energie f\u00fcs Leben\",\"isPartOf\":{\"@id\":\"https:\/\/ojas.de\/#website\"},\"primaryImageOfPage\":{\"@id\":\"https:\/\/ojas.de\/ojas-wohnbelebung\/#primaryimage\"},\"image\":{\"@id\":\"https:\/\/ojas.de\/ojas-wohnbelebung\/#primaryimage\"},\"thumbnailUrl\":\"https:\/\/ojas.de\/wp-content\/uploads\/2020\/04\/Ojas-Standartbelebung.jpg\",\"datePublished\":\"2020-04-17T13:17:29+00:00\",\"dateModified\":\"2022-12-16T18:48:30+00:00\",\"breadcrumb\":{\"@id\":\"https:\/\/ojas.de\/ojas-wohnbelebung\/#breadcrumb\"},\"inLanguage\":\"en-GB\",\"potentialAction\":[{\"@type\":\"ReadAction\",\"target\":[\"https:\/\/ojas.de\/ojas-wohnbelebung\/\"]}]},{\"@type\":\"ImageObject\",\"inLanguage\":\"en-GB\",\"@id\":\"https:\/\/ojas.de\/ojas-wohnbelebung\/#primaryimage\",\"url\":\"https:\/\/ojas.de\/wp-content\/uploads\/2020\/04\/Ojas-Standartbelebung.jpg\",\"contentUrl\":\"https:\/\/ojas.de\/wp-content\/uploads\/2020\/04\/Ojas-Standartbelebung.jpg\"},{\"@type\":\"BreadcrumbList\",\"@id\":\"https:\/\/ojas.de\/ojas-wohnbelebung\/#breadcrumb\",\"itemListElement\":[{\"@type\":\"ListItem\",\"position\":1,\"name\":\"Home\",\"item\":\"https:\/\/ojas.de\/\"},{\"@type\":\"ListItem\",\"position\":2,\"name\":\"Ojas Wohnbelebung\u200b\"}]},{\"@type\":\"WebSite\",\"@id\":\"https:\/\/ojas.de\/#website\",\"url\":\"https:\/\/ojas.de\/\",\"name\":\"Ojas Energie f\u00fcs Leben\",\"description\":\"Luftreinigung, Bipolare ionisierte, saubere und gesunde Luft, reinigen von Elektrosmog, Groundig, energetische Belebung des Wohnraumes.\",\"publisher\":{\"@id\":\"https:\/\/ojas.de\/#organization\"},\"potentialAction\":[{\"@type\":\"SearchAction\",\"target\":{\"@type\":\"EntryPoint\",\"urlTemplate\":\"https:\/\/ojas.de\/?s={search_term_string}\"},\"query-input\":{\"@type\":\"PropertyValueSpecification\",\"valueRequired\":true,\"valueName\":\"search_term_string\"}}],\"inLanguage\":\"en-GB\"},{\"@type\":\"Organization\",\"@id\":\"https:\/\/ojas.de\/#organization\",\"name\":\"Ojas\",\"url\":\"https:\/\/ojas.de\/\",\"logo\":{\"@type\":\"ImageObject\",\"inLanguage\":\"en-GB\",\"@id\":\"https:\/\/ojas.de\/#\/schema\/logo\/image\/\",\"url\":\"https:\/\/ojas.de\/wp-content\/uploads\/2020\/04\/Ojas-logo_2.png\",\"contentUrl\":\"https:\/\/ojas.de\/wp-content\/uploads\/2020\/04\/Ojas-logo_2.png\",\"width\":375,\"height\":227,\"caption\":\"Ojas\"},\"image\":{\"@id\":\"https:\/\/ojas.de\/#\/schema\/logo\/image\/\"},\"sameAs\":[\"https:\/\/www.youtube.com\/watch?time_continue=2&amp;amp;amp;amp;v=UayAo5Fb_l0&amp;amp;amp;amp;feature=emb_logo\"]}]}<\/script>\n<!-- \/ Yoast SEO plugin. -->","yoast_head_json":{"title":"Ojas Wohnbelebung\u200b - Ojas Energie f\u00fcs Leben","robots":{"index":"index","follow":"follow","max-snippet":"max-snippet:-1","max-image-preview":"max-image-preview:large","max-video-preview":"max-video-preview:-1"},"canonical":"https:\/\/ojas.de\/en\/ojas-wohnbelebung\/","og_locale":"en_GB","og_type":"article","og_title":"Ojas Wohnbelebung\u200b - Ojas Energie f\u00fcs Leben","og_description":"Ojas Wohnbelebung\u200b Ojas Wohnbelebung lebendige Energie wie in der Natur harmonisiert erd-magnetische St\u00f6rfelder harmonisiert kosmisch-elektrische St\u00f6rfelder aktiviert die nat\u00fcrliche Lebensenergie (Yin &amp;Yang) Diese Sets harmonisieren einen Gro\u00dfteil der St\u00f6rfelder aus der Erde und der elektromagnetischen Felder und aktiviert anschliesend die nat\u00fcrliche Lebensenergie (Yin &amp;Yang). Dadurch bekommen Sie nat\u00fcrlich belebtes Wasser und zwar aus jedem Wasserhahn. [&hellip;]","og_url":"https:\/\/ojas.de\/en\/ojas-wohnbelebung\/","og_site_name":"Ojas Energie f\u00fcs Leben","article_modified_time":"2022-12-16T18:48:30+00:00","og_image":[{"url":"https:\/\/ojas.de\/wp-content\/uploads\/2020\/04\/Ojas-Standartbelebung.jpg","type":"","width":"","height":""}],"twitter_card":"summary_large_image","twitter_misc":{"Estimated reading time":"2 minutes"},"schema":{"@context":"https:\/\/schema.org","@graph":[{"@type":"WebPage","@id":"https:\/\/ojas.de\/ojas-wohnbelebung\/","url":"https:\/\/ojas.de\/ojas-wohnbelebung\/","name":"Ojas Wohnbelebung\u200b - Ojas Energie f\u00fcs Leben","isPartOf":{"@id":"https:\/\/ojas.de\/#website"},"primaryImageOfPage":{"@id":"https:\/\/ojas.de\/ojas-wohnbelebung\/#primaryimage"},"image":{"@id":"https:\/\/ojas.de\/ojas-wohnbelebung\/#primaryimage"},"thumbnailUrl":"https:\/\/ojas.de\/wp-content\/uploads\/2020\/04\/Ojas-Standartbelebung.jpg","datePublished":"2020-04-17T13:17:29+00:00","dateModified":"2022-12-16T18:48:30+00:00","breadcrumb":{"@id":"https:\/\/ojas.de\/ojas-wohnbelebung\/#breadcrumb"},"inLanguage":"en-GB","potentialAction":[{"@type":"ReadAction","target":["https:\/\/ojas.de\/ojas-wohnbelebung\/"]}]},{"@type":"ImageObject","inLanguage":"en-GB","@id":"https:\/\/ojas.de\/ojas-wohnbelebung\/#primaryimage","url":"https:\/\/ojas.de\/wp-content\/uploads\/2020\/04\/Ojas-Standartbelebung.jpg","contentUrl":"https:\/\/ojas.de\/wp-content\/uploads\/2020\/04\/Ojas-Standartbelebung.jpg"},{"@type":"BreadcrumbList","@id":"https:\/\/ojas.de\/ojas-wohnbelebung\/#breadcrumb","itemListElement":[{"@type":"ListItem","position":1,"name":"Home","item":"https:\/\/ojas.de\/"},{"@type":"ListItem","position":2,"name":"Ojas Wohnbelebung\u200b"}]},{"@type":"WebSite","@id":"https:\/\/ojas.de\/#website","url":"https:\/\/ojas.de\/","name":"Ojas Energie f\u00fcs Leben","description":"Luftreinigung, Bipolare ionisierte, saubere und gesunde Luft, reinigen von Elektrosmog, Groundig, energetische Belebung des Wohnraumes.","publisher":{"@id":"https:\/\/ojas.de\/#organization"},"potentialAction":[{"@type":"SearchAction","target":{"@type":"EntryPoint","urlTemplate":"https:\/\/ojas.de\/?s={search_term_string}"},"query-input":{"@type":"PropertyValueSpecification","valueRequired":true,"valueName":"search_term_string"}}],"inLanguage":"en-GB"},{"@type":"Organization","@id":"https:\/\/ojas.de\/#organization","name":"Ojas","url":"https:\/\/ojas.de\/","logo":{"@type":"ImageObject","inLanguage":"en-GB","@id":"https:\/\/ojas.de\/#\/schema\/logo\/image\/","url":"https:\/\/ojas.de\/wp-content\/uploads\/2020\/04\/Ojas-logo_2.png","contentUrl":"https:\/\/ojas.de\/wp-content\/uploads\/2020\/04\/Ojas-logo_2.png","width":375,"height":227,"caption":"Ojas"},"image":{"@id":"https:\/\/ojas.de\/#\/schema\/logo\/image\/"},"sameAs":["https:\/\/www.youtube.com\/watch?time_continue=2&amp;amp;amp;amp;v=UayAo5Fb_l0&amp;amp;amp;amp;feature=emb_logo"]}]}},"_links":{"self":[{"href":"https:\/\/ojas.de\/en\/wp-json\/wp\/v2\/pages\/898"}],"collection":[{"href":"https:\/\/ojas.de\/en\/wp-json\/wp\/v2\/pages"}],"about":[{"href":"https:\/\/ojas.de\/en\/wp-json\/wp\/v2\/types\/page"}],"author":[{"embeddable":true,"href":"https:\/\/ojas.de\/en\/wp-json\/wp\/v2\/users\/1"}],"replies":[{"embeddable":true,"href":"https:\/\/ojas.de\/en\/wp-json\/wp\/v2\/comments?post=898"}],"version-history":[{"count":40,"href":"https:\/\/ojas.de\/en\/wp-json\/wp\/v2\/pages\/898\/revisions"}],"predecessor-version":[{"id":5765,"href":"https:\/\/ojas.de\/en\/wp-json\/wp\/v2\/pages\/898\/revisions\/5765"}],"wp:attachment":[{"href":"https:\/\/ojas.de\/en\/wp-json\/wp\/v2\/media?parent=898"}],"curies":[{"name":"wp","href":"https:\/\/api.w.org\/{rel}","templated":true}]}}