{"id":990,"date":"2020-04-20T12:20:31","date_gmt":"2020-04-20T12:20:31","guid":{"rendered":"https:\/\/goloka.de\/?page_id=990"},"modified":"2021-07-25T12:34:21","modified_gmt":"2021-07-25T12:34:21","slug":"ionisierung","status":"publish","type":"page","link":"https:\/\/ojas.de\/en\/ionisierung\/","title":{"rendered":"About ionization"},"content":{"rendered":"<div data-elementor-type=\"wp-page\" data-elementor-id=\"990\" class=\"elementor elementor-990\" data-elementor-post-type=\"page\">\n\t\t\t\t\t\t<section class=\"elementor-section elementor-top-section elementor-element elementor-element-7ef5319 elementor-section-full_width elementor-section-height-min-height elementor-section-height-default elementor-section-items-middle\" data-id=\"7ef5319\" data-element_type=\"section\" data-settings=\"{&quot;background_background&quot;:&quot;classic&quot;}\">\n\t\t\t\t\t\t<div class=\"elementor-container elementor-column-gap-default\">\n\t\t\t\t\t<div class=\"elementor-column elementor-col-100 elementor-top-column elementor-element elementor-element-ee8547a\" data-id=\"ee8547a\" data-element_type=\"column\">\n\t\t\t<div class=\"elementor-widget-wrap elementor-element-populated\">\n\t\t\t\t\t\t<div class=\"elementor-element elementor-element-212b765 elementor-widget elementor-widget-heading\" data-id=\"212b765\" data-element_type=\"widget\" data-widget_type=\"heading.default\">\n\t\t\t\t<div class=\"elementor-widget-container\">\n\t\t\t\t\t<h2 class=\"elementor-heading-title elementor-size-default\">Bipolare Ionisierung die Grundlage f\u00fcr jedes Leben<\/h2>\t\t\t\t<\/div>\n\t\t\t\t<\/div>\n\t\t\t\t\t<\/div>\n\t\t<\/div>\n\t\t\t\t\t<\/div>\n\t\t<\/section>\n\t\t\t\t<section class=\"elementor-section elementor-top-section elementor-element elementor-element-43c8584 elementor-section-boxed elementor-section-height-default elementor-section-height-default\" data-id=\"43c8584\" data-element_type=\"section\">\n\t\t\t\t\t\t<div class=\"elementor-container elementor-column-gap-default\">\n\t\t\t\t\t<div class=\"elementor-column elementor-col-100 elementor-top-column elementor-element elementor-element-892cce8\" data-id=\"892cce8\" data-element_type=\"column\">\n\t\t\t<div class=\"elementor-widget-wrap elementor-element-populated\">\n\t\t\t\t\t\t<div class=\"elementor-element elementor-element-34c9ce6 elementor-widget elementor-widget-heading\" data-id=\"34c9ce6\" data-element_type=\"widget\" data-widget_type=\"heading.default\">\n\t\t\t\t<div class=\"elementor-widget-container\">\n\t\t\t\t\t<h1 class=\"elementor-heading-title elementor-size-default\">Bipolare Ionisation<\/h1>\t\t\t\t<\/div>\n\t\t\t\t<\/div>\n\t\t\t\t<div class=\"elementor-element elementor-element-1fb8980 elementor-widget elementor-widget-text-editor\" data-id=\"1fb8980\" data-element_type=\"widget\" data-widget_type=\"text-editor.default\">\n\t\t\t\t<div class=\"elementor-widget-container\">\n\t\t\t\t\t\t\t\t\t<p>Es gibt im gesamten Universum nichts was ohne Elektrizit\u00e4t-Strom funktioniert.<br \/>Dies geschieht \u00fcber die bipolare Ionisation. Zwei Molek\u00fcle kommen sich nahe, dann klaut das Eine dem Anderen ein Elektro aus der \u00e4u\u00dferen Schale. Somit ist eines positiv und das andere negativ geladen. <br \/>Auch der Mensch ist ein elektrisches Wesen. Unser K\u00f6rper brauch um gut zu funktionieren ca. 0,7 Volt, diesen mu\u00df er produzieren. <br \/>Fr\u00fcher war der Mensch die meiste Zeit im Freien wo er bipolare Ionisierte-Luft eingeatmet und bipolare Ionisierte-Luft \u00fcber die Haut in den K\u00f6rper bekommen. Dies hat Ihm extrem bei seine Stromerzeugung geholfen hat. Man mu\u00df wiesen das es bipolare Ionisierte-Luft (mit positiv und negativ Ionen) nur im Freien gibt. Im Haus-Wohnung gibt es meist nur positiv <strong>or<\/strong> negativ Ionen das ist abh\u00e4ngig von den Baumaterialien. In Steinh\u00e4user hat man meist nur negative Ionen den die positivenIonen werden durch den Stein gebunden. In Holzh\u00e4usern hat man meist nur positive Ionen den die negativen Ionen werden durch das Holz gebunden.<br \/>Auch spielen scheinbar Mobilfunkmasten hier eine Rolle, den direkt beim Mobilfunkmast gibt es auch im Freien keine Ionen, erst wenn man sich entfernt bekommt die Luft wieder eine gewisse S\u00e4ttigung mit Ionen.<\/p><p><strong>Meine eigenen Messungen haben folgendes ergeben:<\/strong><br \/>Die Ionisierung im Freien ist sehr stark vom Wetter abh\u00e4ngig.<br \/>Bei mir im <strong>Garten<\/strong> direkt am Waldrand habe ich je nach Wetterlage zwischen 350-700 positive und negative Ionen gemessen.<br \/>Mitten im <strong>Wald<\/strong> je nach Wetter zwischen 600-900 positive und negative Ionen gemessen.<br \/>Im <strong>Gebirge<\/strong> auf rund 1200m H\u00f6he habe ich rund 1300 positive und negative Ionen gemessen.<br \/>Am <strong>Meer<\/strong> zwischen 1000-1500 positive und negative Ionen gemessen, es ist aber ein unterschied ob Flut oder Ebbe<br \/>Auf Bali im <strong>Regenwald<\/strong> habe bis zu 10.000 positive und negative Ionen.<\/p><p><strong>Der Ojas EcoBionizer Blue:<\/strong> Mein Wohnzimmer mit indigriedem B\u00fcro und offener K\u00fcche hat ca. 65 m2. Der Ojas EcoBionizer Blue f\u00fcllt nach 3 Std. bei voller Leistung den Raum mit ca 1200 positive und negative Ionen<\/p>\t\t\t\t\t\t\t\t<\/div>\n\t\t\t\t<\/div>\n\t\t\t\t<div class=\"elementor-element elementor-element-94fad12 elementor-widget elementor-widget-image\" data-id=\"94fad12\" data-element_type=\"widget\" data-widget_type=\"image.default\">\n\t\t\t\t<div class=\"elementor-widget-container\">\n\t\t\t\t\t\t\t\t\t\t\t\t\t\t\t<img fetchpriority=\"high\" decoding=\"async\" width=\"720\" height=\"405\" src=\"https:\/\/ojas.de\/wp-content\/uploads\/2020\/04\/Regenwalt-Ionisation.jpg\" class=\"attachment-large size-large wp-image-998\" alt=\"\" srcset=\"https:\/\/ojas.de\/wp-content\/uploads\/2020\/04\/Regenwalt-Ionisation.jpg 720w, https:\/\/ojas.de\/wp-content\/uploads\/2020\/04\/Regenwalt-Ionisation-300x169.jpg 300w\" sizes=\"(max-width: 720px) 100vw, 720px\" \/>\t\t\t\t\t\t\t\t\t\t\t\t\t\t\t<\/div>\n\t\t\t\t<\/div>\n\t\t\t\t\t<\/div>\n\t\t<\/div>\n\t\t\t\t\t<\/div>\n\t\t<\/section>\n\t\t\t\t<\/div>","protected":false},"excerpt":{"rendered":"<p>Bipolare Ionisierung die Grundlage f\u00fcr jedes Leben Bipolare Ionisation Es gibt im gesamten Universum nichts was ohne Elektrizit\u00e4t-Strom funktioniert.Dies geschieht \u00fcber die bipolare Ionisation. Zwei Molek\u00fcle kommen sich nahe, dann klaut das Eine dem Anderen ein Elektro aus der \u00e4u\u00dferen Schale. Somit ist eines positiv und das andere negativ geladen. Auch der Mensch ist ein [&hellip;]<\/p>\n","protected":false},"author":1,"featured_media":0,"parent":0,"menu_order":0,"comment_status":"closed","ping_status":"closed","template":"","meta":{"footnotes":""},"yoast_head":"<!-- This site is optimized with the Yoast SEO plugin v24.5 - https:\/\/yoast.com\/wordpress\/plugins\/seo\/ -->\n<title>Ionisierung - Ojas Energie f\u00fcs Leben<\/title>\n<meta name=\"robots\" content=\"index, follow, max-snippet:-1, max-image-preview:large, max-video-preview:-1\" \/>\n<link rel=\"canonical\" href=\"https:\/\/ojas.de\/en\/ionisierung\/\" \/>\n<meta property=\"og:locale\" content=\"en_GB\" \/>\n<meta property=\"og:type\" content=\"article\" \/>\n<meta property=\"og:title\" content=\"Ionisierung - Ojas Energie f\u00fcs Leben\" \/>\n<meta property=\"og:description\" content=\"Bipolare Ionisierung die Grundlage f\u00fcr jedes Leben Bipolare Ionisation Es gibt im gesamten Universum nichts was ohne Elektrizit\u00e4t-Strom funktioniert.Dies geschieht \u00fcber die bipolare Ionisation. Zwei Molek\u00fcle kommen sich nahe, dann klaut das Eine dem Anderen ein Elektro aus der \u00e4u\u00dferen Schale. Somit ist eines positiv und das andere negativ geladen. Auch der Mensch ist ein [&hellip;]\" \/>\n<meta property=\"og:url\" content=\"https:\/\/ojas.de\/en\/ionisierung\/\" \/>\n<meta property=\"og:site_name\" content=\"Ojas Energie f\u00fcs Leben\" \/>\n<meta property=\"article:modified_time\" content=\"2021-07-25T12:34:21+00:00\" \/>\n<meta property=\"og:image\" content=\"https:\/\/ojas.de\/wp-content\/uploads\/2020\/04\/Regenwalt-Ionisation.jpg\" \/>\n<meta name=\"twitter:card\" content=\"summary_large_image\" \/>\n<meta name=\"twitter:label1\" content=\"Estimated reading time\" \/>\n\t<meta name=\"twitter:data1\" content=\"2 minutes\" \/>\n<script type=\"application\/ld+json\" class=\"yoast-schema-graph\">{\"@context\":\"https:\/\/schema.org\",\"@graph\":[{\"@type\":\"WebPage\",\"@id\":\"https:\/\/ojas.de\/ionisierung\/\",\"url\":\"https:\/\/ojas.de\/ionisierung\/\",\"name\":\"Ionisierung - Ojas Energie f\u00fcs Leben\",\"isPartOf\":{\"@id\":\"https:\/\/ojas.de\/#website\"},\"primaryImageOfPage\":{\"@id\":\"https:\/\/ojas.de\/ionisierung\/#primaryimage\"},\"image\":{\"@id\":\"https:\/\/ojas.de\/ionisierung\/#primaryimage\"},\"thumbnailUrl\":\"https:\/\/ojas.de\/wp-content\/uploads\/2020\/04\/Regenwalt-Ionisation.jpg\",\"datePublished\":\"2020-04-20T12:20:31+00:00\",\"dateModified\":\"2021-07-25T12:34:21+00:00\",\"breadcrumb\":{\"@id\":\"https:\/\/ojas.de\/ionisierung\/#breadcrumb\"},\"inLanguage\":\"en-GB\",\"potentialAction\":[{\"@type\":\"ReadAction\",\"target\":[\"https:\/\/ojas.de\/ionisierung\/\"]}]},{\"@type\":\"ImageObject\",\"inLanguage\":\"en-GB\",\"@id\":\"https:\/\/ojas.de\/ionisierung\/#primaryimage\",\"url\":\"https:\/\/ojas.de\/wp-content\/uploads\/2020\/04\/Regenwalt-Ionisation.jpg\",\"contentUrl\":\"https:\/\/ojas.de\/wp-content\/uploads\/2020\/04\/Regenwalt-Ionisation.jpg\"},{\"@type\":\"BreadcrumbList\",\"@id\":\"https:\/\/ojas.de\/ionisierung\/#breadcrumb\",\"itemListElement\":[{\"@type\":\"ListItem\",\"position\":1,\"name\":\"Home\",\"item\":\"https:\/\/ojas.de\/\"},{\"@type\":\"ListItem\",\"position\":2,\"name\":\"Ionisierung\"}]},{\"@type\":\"WebSite\",\"@id\":\"https:\/\/ojas.de\/#website\",\"url\":\"https:\/\/ojas.de\/\",\"name\":\"Ojas Energie f\u00fcs Leben\",\"description\":\"Luftreinigung, Bipolare ionisierte, saubere und gesunde Luft, reinigen von Elektrosmog, Groundig, energetische Belebung des Wohnraumes.\",\"publisher\":{\"@id\":\"https:\/\/ojas.de\/#organization\"},\"potentialAction\":[{\"@type\":\"SearchAction\",\"target\":{\"@type\":\"EntryPoint\",\"urlTemplate\":\"https:\/\/ojas.de\/?s={search_term_string}\"},\"query-input\":{\"@type\":\"PropertyValueSpecification\",\"valueRequired\":true,\"valueName\":\"search_term_string\"}}],\"inLanguage\":\"en-GB\"},{\"@type\":\"Organization\",\"@id\":\"https:\/\/ojas.de\/#organization\",\"name\":\"Ojas\",\"url\":\"https:\/\/ojas.de\/\",\"logo\":{\"@type\":\"ImageObject\",\"inLanguage\":\"en-GB\",\"@id\":\"https:\/\/ojas.de\/#\/schema\/logo\/image\/\",\"url\":\"https:\/\/ojas.de\/wp-content\/uploads\/2020\/04\/Ojas-logo_2.png\",\"contentUrl\":\"https:\/\/ojas.de\/wp-content\/uploads\/2020\/04\/Ojas-logo_2.png\",\"width\":375,\"height\":227,\"caption\":\"Ojas\"},\"image\":{\"@id\":\"https:\/\/ojas.de\/#\/schema\/logo\/image\/\"},\"sameAs\":[\"https:\/\/www.youtube.com\/watch?time_continue=2&amp;amp;amp;amp;v=UayAo5Fb_l0&amp;amp;amp;amp;feature=emb_logo\"]}]}<\/script>\n<!-- \/ Yoast SEO plugin. -->","yoast_head_json":{"title":"Ionisierung - Ojas Energie f\u00fcs Leben","robots":{"index":"index","follow":"follow","max-snippet":"max-snippet:-1","max-image-preview":"max-image-preview:large","max-video-preview":"max-video-preview:-1"},"canonical":"https:\/\/ojas.de\/en\/ionisierung\/","og_locale":"en_GB","og_type":"article","og_title":"Ionisierung - Ojas Energie f\u00fcs Leben","og_description":"Bipolare Ionisierung die Grundlage f\u00fcr jedes Leben Bipolare Ionisation Es gibt im gesamten Universum nichts was ohne Elektrizit\u00e4t-Strom funktioniert.Dies geschieht \u00fcber die bipolare Ionisation. Zwei Molek\u00fcle kommen sich nahe, dann klaut das Eine dem Anderen ein Elektro aus der \u00e4u\u00dferen Schale. Somit ist eines positiv und das andere negativ geladen. Auch der Mensch ist ein [&hellip;]","og_url":"https:\/\/ojas.de\/en\/ionisierung\/","og_site_name":"Ojas Energie f\u00fcs Leben","article_modified_time":"2021-07-25T12:34:21+00:00","og_image":[{"url":"https:\/\/ojas.de\/wp-content\/uploads\/2020\/04\/Regenwalt-Ionisation.jpg","type":"","width":"","height":""}],"twitter_card":"summary_large_image","twitter_misc":{"Estimated reading time":"2 minutes"},"schema":{"@context":"https:\/\/schema.org","@graph":[{"@type":"WebPage","@id":"https:\/\/ojas.de\/ionisierung\/","url":"https:\/\/ojas.de\/ionisierung\/","name":"Ionisierung - Ojas Energie f\u00fcs Leben","isPartOf":{"@id":"https:\/\/ojas.de\/#website"},"primaryImageOfPage":{"@id":"https:\/\/ojas.de\/ionisierung\/#primaryimage"},"image":{"@id":"https:\/\/ojas.de\/ionisierung\/#primaryimage"},"thumbnailUrl":"https:\/\/ojas.de\/wp-content\/uploads\/2020\/04\/Regenwalt-Ionisation.jpg","datePublished":"2020-04-20T12:20:31+00:00","dateModified":"2021-07-25T12:34:21+00:00","breadcrumb":{"@id":"https:\/\/ojas.de\/ionisierung\/#breadcrumb"},"inLanguage":"en-GB","potentialAction":[{"@type":"ReadAction","target":["https:\/\/ojas.de\/ionisierung\/"]}]},{"@type":"ImageObject","inLanguage":"en-GB","@id":"https:\/\/ojas.de\/ionisierung\/#primaryimage","url":"https:\/\/ojas.de\/wp-content\/uploads\/2020\/04\/Regenwalt-Ionisation.jpg","contentUrl":"https:\/\/ojas.de\/wp-content\/uploads\/2020\/04\/Regenwalt-Ionisation.jpg"},{"@type":"BreadcrumbList","@id":"https:\/\/ojas.de\/ionisierung\/#breadcrumb","itemListElement":[{"@type":"ListItem","position":1,"name":"Home","item":"https:\/\/ojas.de\/"},{"@type":"ListItem","position":2,"name":"Ionisierung"}]},{"@type":"WebSite","@id":"https:\/\/ojas.de\/#website","url":"https:\/\/ojas.de\/","name":"Ojas Energie f\u00fcs Leben","description":"Luftreinigung, Bipolare ionisierte, saubere und gesunde Luft, reinigen von Elektrosmog, Groundig, energetische Belebung des Wohnraumes.","publisher":{"@id":"https:\/\/ojas.de\/#organization"},"potentialAction":[{"@type":"SearchAction","target":{"@type":"EntryPoint","urlTemplate":"https:\/\/ojas.de\/?s={search_term_string}"},"query-input":{"@type":"PropertyValueSpecification","valueRequired":true,"valueName":"search_term_string"}}],"inLanguage":"en-GB"},{"@type":"Organization","@id":"https:\/\/ojas.de\/#organization","name":"Ojas","url":"https:\/\/ojas.de\/","logo":{"@type":"ImageObject","inLanguage":"en-GB","@id":"https:\/\/ojas.de\/#\/schema\/logo\/image\/","url":"https:\/\/ojas.de\/wp-content\/uploads\/2020\/04\/Ojas-logo_2.png","contentUrl":"https:\/\/ojas.de\/wp-content\/uploads\/2020\/04\/Ojas-logo_2.png","width":375,"height":227,"caption":"Ojas"},"image":{"@id":"https:\/\/ojas.de\/#\/schema\/logo\/image\/"},"sameAs":["https:\/\/www.youtube.com\/watch?time_continue=2&amp;amp;amp;amp;v=UayAo5Fb_l0&amp;amp;amp;amp;feature=emb_logo"]}]}},"_links":{"self":[{"href":"https:\/\/ojas.de\/en\/wp-json\/wp\/v2\/pages\/990"}],"collection":[{"href":"https:\/\/ojas.de\/en\/wp-json\/wp\/v2\/pages"}],"about":[{"href":"https:\/\/ojas.de\/en\/wp-json\/wp\/v2\/types\/page"}],"author":[{"embeddable":true,"href":"https:\/\/ojas.de\/en\/wp-json\/wp\/v2\/users\/1"}],"replies":[{"embeddable":true,"href":"https:\/\/ojas.de\/en\/wp-json\/wp\/v2\/comments?post=990"}],"version-history":[{"count":23,"href":"https:\/\/ojas.de\/en\/wp-json\/wp\/v2\/pages\/990\/revisions"}],"predecessor-version":[{"id":4464,"href":"https:\/\/ojas.de\/en\/wp-json\/wp\/v2\/pages\/990\/revisions\/4464"}],"wp:attachment":[{"href":"https:\/\/ojas.de\/en\/wp-json\/wp\/v2\/media?parent=990"}],"curies":[{"name":"wp","href":"https:\/\/api.w.org\/{rel}","templated":true}]}}